{"id":37331,"date":"2022-08-02T13:26:44","date_gmt":"2022-08-02T11:26:44","guid":{"rendered":"https:\/\/www.mesvendanges.com\/shop\/non%20class\u00e9\/pedra-de-guix-en-magnum\/"},"modified":"2023-12-06T06:13:54","modified_gmt":"2023-12-06T05:13:54","slug":"pedra-de-guix-en-magnum-terroir-al-limit-2011-150cl","status":"publish","type":"product","link":"https:\/\/www.mesvendanges.com\/fr\/boutique\/vins\/pedra-de-guix-en-magnum-terroir-al-limit-2011-150cl\/","title":{"rendered":"PEDRA DE GUIX en Magnum"},"content":{"rendered":"<div style=\"font-size: 10.9090909957886px;\"><span style=\"font-size: 10.9090909957886px;\">1\/3 pedro Ximenez, 1\/3 grenache blanc, 1\/3 macabeu &#8211;&nbsp;<\/span><b style=\"font-size: 10.9090909957886px;\">93\/100RP&nbsp;<\/b><b style=\"font-size: 10.9090909957886px;\">93\/100 Falstaff<\/b><\/div>\n<div style=\"font-size: 10.9090909957886px;\"><b><br \/><\/b><\/div>\n<div style=\"font-size: 10.9090909957886px;\">Grand blanc d&#8217;assemblage, remarquable d&#8217;\u00e9quilibre. Une superbe texture longue, fine sur laquelle s&#8217;exprime une tr\u00e8s belle complexit\u00e9 aromatique. Un grand blanc du Sud qui contredira tous les sceptiques aux blancs m\u00e9ridionaux.<\/div>\n<div style=\"font-size: 10.9090909957886px;\"><\/div>\n<div style=\"font-size: 10.9090909957886px;\">production 4 000 bouteilles par an<\/div>\n<div style=\"font-size: 10.9090909957886px;\">Les vins sont vinifi\u00e9s en grappes enti\u00e8res, entonn\u00e9s puis mis \u00e0 infuser et fermentent sur levures indig\u00e8nes, pas de pigeage ni de remontage. Au bout de quelques jours, le jus est d\u00e9cuv\u00e9 et les grappes press\u00e9es, une deuxi\u00e8me fermentation aura alors lieu en foudres. Les vins sont ensuite \u00e9lev\u00e9s en foudre et mis en bouteilles. Il est recommand\u00e9 de carafer les vins du domaine au moins une heure avant d\u00e9gustation.<\/div>\n","protected":false},"excerpt":{"rendered":"<p>1\/3 pedro Ximenez, 1\/3 grenache blanc, 1\/3 macabeu &#8211;&nbsp;93\/100RP&nbsp;93\/100 Falstaff Grand blanc d&#8217;assemblage, remarquable d&#8217;\u00e9quilibre. Une superbe texture longue, fine sur laquelle s&#8217;exprime une tr\u00e8s belle complexit\u00e9 aromatique. Un grand blanc du Sud qui contredira tous les sceptiques aux blancs m\u00e9ridionaux. production 4 000 bouteilles par an Les vins sont vinifi\u00e9s en grappes enti\u00e8res, entonn\u00e9s [&hellip;]<\/p>\n","protected":false},"featured_media":0,"template":"","meta":[],"product_cat":[3736],"product_tag":[],"acf":[],"yoast_head":"<!-- This site is optimized with the Yoast SEO plugin v19.3 - https:\/\/yoast.com\/wordpress\/plugins\/seo\/ -->\n<title>PEDRA DE GUIX en Magnum - Mes Vendanges<\/title>\n<meta name=\"robots\" content=\"index, follow, max-snippet:-1, max-image-preview:large, max-video-preview:-1\" \/>\n<link rel=\"canonical\" href=\"https:\/\/www.mesvendanges.com\/fr\/boutique\/vins\/pedra-de-guix-en-magnum-terroir-al-limit-2011-150cl\/\" \/>\n<meta property=\"og:locale\" content=\"fr_FR\" \/>\n<meta property=\"og:type\" content=\"article\" \/>\n<meta property=\"og:title\" content=\"PEDRA DE GUIX en Magnum - Mes Vendanges\" \/>\n<meta property=\"og:description\" content=\"1\/3 pedro Ximenez, 1\/3 grenache blanc, 1\/3 macabeu &#8211;&nbsp;93\/100RP&nbsp;93\/100 Falstaff Grand blanc d&#8217;assemblage, remarquable d&#8217;\u00e9quilibre. Une superbe texture longue, fine sur laquelle s&#8217;exprime une tr\u00e8s belle complexit\u00e9 aromatique. Un grand blanc du Sud qui contredira tous les sceptiques aux blancs m\u00e9ridionaux. production 4 000 bouteilles par an Les vins sont vinifi\u00e9s en grappes enti\u00e8res, entonn\u00e9s [&hellip;]\" \/>\n<meta property=\"og:url\" content=\"https:\/\/www.mesvendanges.com\/fr\/boutique\/vins\/pedra-de-guix-en-magnum-terroir-al-limit-2011-150cl\/\" \/>\n<meta property=\"og:site_name\" content=\"Mes Vendanges\" \/>\n<meta property=\"article:modified_time\" content=\"2023-12-06T05:13:54+00:00\" \/>\n<meta name=\"twitter:card\" content=\"summary_large_image\" \/>\n<meta name=\"twitter:label1\" content=\"Dur\u00e9e de lecture estim\u00e9e\" \/>\n\t<meta name=\"twitter:data1\" content=\"1 minute\" \/>\n<script type=\"application\/ld+json\" class=\"yoast-schema-graph\">{\"@context\":\"https:\/\/schema.org\",\"@graph\":[{\"@type\":\"Organization\",\"@id\":\"https:\/\/www.mesvendanges.com\/en\/#organization\",\"name\":\"Mes Vendanges\",\"url\":\"https:\/\/www.mesvendanges.com\/en\/\",\"sameAs\":[],\"logo\":{\"@type\":\"ImageObject\",\"inLanguage\":\"fr-FR\",\"@id\":\"https:\/\/www.mesvendanges.com\/en\/#\/schema\/logo\/image\/\",\"url\":\"https:\/\/www.mesvendanges.com\/wp-content\/uploads\/2022\/02\/logo-mesvendanges.jpg\",\"contentUrl\":\"https:\/\/www.mesvendanges.com\/wp-content\/uploads\/2022\/02\/logo-mesvendanges.jpg\",\"width\":851,\"height\":260,\"caption\":\"Mes Vendanges\"},\"image\":{\"@id\":\"https:\/\/www.mesvendanges.com\/en\/#\/schema\/logo\/image\/\"}},{\"@type\":\"WebSite\",\"@id\":\"https:\/\/www.mesvendanges.com\/en\/#website\",\"url\":\"https:\/\/www.mesvendanges.com\/en\/\",\"name\":\"Mes Vendanges\",\"description\":\"Des journ\u00e9es enti\u00e8res dans les vignes\",\"publisher\":{\"@id\":\"https:\/\/www.mesvendanges.com\/en\/#organization\"},\"potentialAction\":[{\"@type\":\"SearchAction\",\"target\":{\"@type\":\"EntryPoint\",\"urlTemplate\":\"https:\/\/www.mesvendanges.com\/en\/?s={search_term_string}\"},\"query-input\":\"required name=search_term_string\"}],\"inLanguage\":\"fr-FR\"},{\"@type\":\"WebPage\",\"@id\":\"https:\/\/www.mesvendanges.com\/fr\/boutique\/vins\/pedra-de-guix-en-magnum-terroir-al-limit-2011-150cl\/\",\"url\":\"https:\/\/www.mesvendanges.com\/fr\/boutique\/vins\/pedra-de-guix-en-magnum-terroir-al-limit-2011-150cl\/\",\"name\":\"PEDRA DE GUIX en Magnum - Mes Vendanges\",\"isPartOf\":{\"@id\":\"https:\/\/www.mesvendanges.com\/en\/#website\"},\"datePublished\":\"2022-08-02T11:26:44+00:00\",\"dateModified\":\"2023-12-06T05:13:54+00:00\",\"breadcrumb\":{\"@id\":\"https:\/\/www.mesvendanges.com\/fr\/boutique\/vins\/pedra-de-guix-en-magnum-terroir-al-limit-2011-150cl\/#breadcrumb\"},\"inLanguage\":\"fr-FR\",\"potentialAction\":[{\"@type\":\"ReadAction\",\"target\":[\"https:\/\/www.mesvendanges.com\/fr\/boutique\/vins\/pedra-de-guix-en-magnum-terroir-al-limit-2011-150cl\/\"]}]},{\"@type\":\"BreadcrumbList\",\"@id\":\"https:\/\/www.mesvendanges.com\/fr\/boutique\/vins\/pedra-de-guix-en-magnum-terroir-al-limit-2011-150cl\/#breadcrumb\",\"itemListElement\":[{\"@type\":\"ListItem\",\"position\":1,\"name\":\"Accueil\",\"item\":\"https:\/\/www.mesvendanges.com\/fr\/\"},{\"@type\":\"ListItem\",\"position\":2,\"name\":\"Boutique\",\"item\":\"https:\/\/www.mesvendanges.com\/fr\/boutique\/\"},{\"@type\":\"ListItem\",\"position\":3,\"name\":\"PEDRA DE GUIX en Magnum\"}]}]}<\/script>\n<!-- \/ Yoast SEO plugin. -->","yoast_head_json":{"title":"PEDRA DE GUIX en Magnum - Mes Vendanges","robots":{"index":"index","follow":"follow","max-snippet":"max-snippet:-1","max-image-preview":"max-image-preview:large","max-video-preview":"max-video-preview:-1"},"canonical":"https:\/\/www.mesvendanges.com\/fr\/boutique\/vins\/pedra-de-guix-en-magnum-terroir-al-limit-2011-150cl\/","og_locale":"fr_FR","og_type":"article","og_title":"PEDRA DE GUIX en Magnum - Mes Vendanges","og_description":"1\/3 pedro Ximenez, 1\/3 grenache blanc, 1\/3 macabeu &#8211;&nbsp;93\/100RP&nbsp;93\/100 Falstaff Grand blanc d&#8217;assemblage, remarquable d&#8217;\u00e9quilibre. Une superbe texture longue, fine sur laquelle s&#8217;exprime une tr\u00e8s belle complexit\u00e9 aromatique. Un grand blanc du Sud qui contredira tous les sceptiques aux blancs m\u00e9ridionaux. production 4 000 bouteilles par an Les vins sont vinifi\u00e9s en grappes enti\u00e8res, entonn\u00e9s [&hellip;]","og_url":"https:\/\/www.mesvendanges.com\/fr\/boutique\/vins\/pedra-de-guix-en-magnum-terroir-al-limit-2011-150cl\/","og_site_name":"Mes Vendanges","article_modified_time":"2023-12-06T05:13:54+00:00","twitter_card":"summary_large_image","twitter_misc":{"Dur\u00e9e de lecture estim\u00e9e":"1 minute"},"schema":{"@context":"https:\/\/schema.org","@graph":[{"@type":"Organization","@id":"https:\/\/www.mesvendanges.com\/en\/#organization","name":"Mes Vendanges","url":"https:\/\/www.mesvendanges.com\/en\/","sameAs":[],"logo":{"@type":"ImageObject","inLanguage":"fr-FR","@id":"https:\/\/www.mesvendanges.com\/en\/#\/schema\/logo\/image\/","url":"https:\/\/www.mesvendanges.com\/wp-content\/uploads\/2022\/02\/logo-mesvendanges.jpg","contentUrl":"https:\/\/www.mesvendanges.com\/wp-content\/uploads\/2022\/02\/logo-mesvendanges.jpg","width":851,"height":260,"caption":"Mes Vendanges"},"image":{"@id":"https:\/\/www.mesvendanges.com\/en\/#\/schema\/logo\/image\/"}},{"@type":"WebSite","@id":"https:\/\/www.mesvendanges.com\/en\/#website","url":"https:\/\/www.mesvendanges.com\/en\/","name":"Mes Vendanges","description":"Des journ\u00e9es enti\u00e8res dans les vignes","publisher":{"@id":"https:\/\/www.mesvendanges.com\/en\/#organization"},"potentialAction":[{"@type":"SearchAction","target":{"@type":"EntryPoint","urlTemplate":"https:\/\/www.mesvendanges.com\/en\/?s={search_term_string}"},"query-input":"required name=search_term_string"}],"inLanguage":"fr-FR"},{"@type":"WebPage","@id":"https:\/\/www.mesvendanges.com\/fr\/boutique\/vins\/pedra-de-guix-en-magnum-terroir-al-limit-2011-150cl\/","url":"https:\/\/www.mesvendanges.com\/fr\/boutique\/vins\/pedra-de-guix-en-magnum-terroir-al-limit-2011-150cl\/","name":"PEDRA DE GUIX en Magnum - Mes Vendanges","isPartOf":{"@id":"https:\/\/www.mesvendanges.com\/en\/#website"},"datePublished":"2022-08-02T11:26:44+00:00","dateModified":"2023-12-06T05:13:54+00:00","breadcrumb":{"@id":"https:\/\/www.mesvendanges.com\/fr\/boutique\/vins\/pedra-de-guix-en-magnum-terroir-al-limit-2011-150cl\/#breadcrumb"},"inLanguage":"fr-FR","potentialAction":[{"@type":"ReadAction","target":["https:\/\/www.mesvendanges.com\/fr\/boutique\/vins\/pedra-de-guix-en-magnum-terroir-al-limit-2011-150cl\/"]}]},{"@type":"BreadcrumbList","@id":"https:\/\/www.mesvendanges.com\/fr\/boutique\/vins\/pedra-de-guix-en-magnum-terroir-al-limit-2011-150cl\/#breadcrumb","itemListElement":[{"@type":"ListItem","position":1,"name":"Accueil","item":"https:\/\/www.mesvendanges.com\/fr\/"},{"@type":"ListItem","position":2,"name":"Boutique","item":"https:\/\/www.mesvendanges.com\/fr\/boutique\/"},{"@type":"ListItem","position":3,"name":"PEDRA DE GUIX en Magnum"}]}]}},"_links":{"self":[{"href":"https:\/\/www.mesvendanges.com\/fr\/wp-json\/wp\/v2\/product\/37331"}],"collection":[{"href":"https:\/\/www.mesvendanges.com\/fr\/wp-json\/wp\/v2\/product"}],"about":[{"href":"https:\/\/www.mesvendanges.com\/fr\/wp-json\/wp\/v2\/types\/product"}],"wp:attachment":[{"href":"https:\/\/www.mesvendanges.com\/fr\/wp-json\/wp\/v2\/media?parent=37331"}],"wp:term":[{"taxonomy":"product_cat","embeddable":true,"href":"https:\/\/www.mesvendanges.com\/fr\/wp-json\/wp\/v2\/product_cat?post=37331"},{"taxonomy":"product_tag","embeddable":true,"href":"https:\/\/www.mesvendanges.com\/fr\/wp-json\/wp\/v2\/product_tag?post=37331"}],"curies":[{"name":"wp","href":"https:\/\/api.w.org\/{rel}","templated":true}]}}