{"id":37337,"date":"2022-08-02T13:26:55","date_gmt":"2022-08-02T11:26:55","guid":{"rendered":"https:\/\/www.mesvendanges.com\/shop\/non%20class\u00e9\/les-moriers-2011\/"},"modified":"2023-12-05T15:24:53","modified_gmt":"2023-12-05T14:24:53","slug":"les-moriers-2011-desjourneys-dne-jules-2011-75cl","status":"publish","type":"product","link":"https:\/\/www.mesvendanges.com\/fr\/boutique\/vins\/les-moriers-2011-desjourneys-dne-jules-2011-75cl\/","title":{"rendered":"LES MORIERS 2011"},"content":{"rendered":"<p>Les vins de Fabien Duperray sont uniques en Beaujolais. Apr\u00e8s 20 ans \u00e0 sillonner la C\u00f4te de Nuits et la C\u00f4te de Beaune Fabien Duperray a fait le pas d&#8217;acheter des vignes et le pari de montrer que sur les grands terroirs du Beaujolais on peut faire des vins d&#8217;un niveau comparable aux plus crus bourguignons ou rhodaniens. La s\u00e9lection des parcelles fut intransigeante, le travail de la vigne mis au premier plan avec une culture en biodynamie, de tous petits rendements (inf\u00e9rieurs \u00e0 30hl\/ha) sur de tr\u00e8s vieilles vignes. Une vendange optimale, non \u00e9rafl\u00e9e, des fermentations toute en douceur sur levures indig\u00e8nes, puis un \u00e9levage long de 2 ans. Au final des vins marqu\u00e9s par le caillou, le granit, des vins sans aucun des ar\u00f4mes fermentaires du Beaujolais, mais sur une cerise, une griotte magnifique.&nbsp;<\/p>\n<div><\/div>\n<div>commentaire Bettane et Desseauve :<\/div>\n<div><span class=\"bd-vintage-text\" style=\"display: inline-block; width: 638px; padding: 5px; vertical-align: top; text-align: justify; color: rgb(43, 43, 33); font-family: 'Lucida Grande', 'Lucida Sans Unicode', Arial, Helvetica, sans-serif; font-size: 13px;\">Une s\u00e8ve et une salinit\u00e9 exceptionnelles, la bouche reste tonique et \u00e9tir\u00e9e, le tannin frais et \u00e9lanc\u00e9.<\/span><span style=\"color: rgb(43, 43, 33); font-family: 'Lucida Grande', 'Lucida Sans Unicode', Arial, Helvetica, sans-serif; font-size: 13px;\"><\/span><span class=\"bd-vintage-detail\" style=\"display: inline-block; vertical-align: top; padding: 5px; color: rgb(43, 43, 33); font-family: 'Lucida Grande', 'Lucida Sans Unicode', Arial, Helvetica, sans-serif; font-size: 13px;\"><b>Note: 18.5&nbsp;<\/b><br \/>Apog\u00e9e: de 2013 \u00e0 2027<\/span><\/div>\n","protected":false},"excerpt":{"rendered":"<p>Les vins de Fabien Duperray sont uniques en Beaujolais. Apr\u00e8s 20 ans \u00e0 sillonner la C\u00f4te de Nuits et la C\u00f4te de Beaune Fabien Duperray a fait le pas d&#8217;acheter des vignes et le pari de montrer que sur les grands terroirs du Beaujolais on peut faire des vins d&#8217;un niveau comparable aux plus crus [&hellip;]<\/p>\n","protected":false},"featured_media":0,"template":"","meta":[],"product_cat":[3736],"product_tag":[],"acf":[],"yoast_head":"<!-- This site is optimized with the Yoast SEO plugin v19.3 - https:\/\/yoast.com\/wordpress\/plugins\/seo\/ -->\n<title>LES MORIERS 2011 - Mes Vendanges<\/title>\n<meta name=\"robots\" content=\"index, follow, max-snippet:-1, max-image-preview:large, max-video-preview:-1\" \/>\n<link rel=\"canonical\" href=\"https:\/\/www.mesvendanges.com\/fr\/boutique\/vins\/les-moriers-2011-desjourneys-dne-jules-2011-75cl\/\" \/>\n<meta property=\"og:locale\" content=\"fr_FR\" \/>\n<meta property=\"og:type\" content=\"article\" \/>\n<meta property=\"og:title\" content=\"LES MORIERS 2011 - Mes Vendanges\" \/>\n<meta property=\"og:description\" content=\"Les vins de Fabien Duperray sont uniques en Beaujolais. Apr\u00e8s 20 ans \u00e0 sillonner la C\u00f4te de Nuits et la C\u00f4te de Beaune Fabien Duperray a fait le pas d&#8217;acheter des vignes et le pari de montrer que sur les grands terroirs du Beaujolais on peut faire des vins d&#8217;un niveau comparable aux plus crus [&hellip;]\" \/>\n<meta property=\"og:url\" content=\"https:\/\/www.mesvendanges.com\/fr\/boutique\/vins\/les-moriers-2011-desjourneys-dne-jules-2011-75cl\/\" \/>\n<meta property=\"og:site_name\" content=\"Mes Vendanges\" \/>\n<meta property=\"article:modified_time\" content=\"2023-12-05T14:24:53+00:00\" \/>\n<meta name=\"twitter:card\" content=\"summary_large_image\" \/>\n<meta name=\"twitter:label1\" content=\"Dur\u00e9e de lecture estim\u00e9e\" \/>\n\t<meta name=\"twitter:data1\" content=\"1 minute\" \/>\n<script type=\"application\/ld+json\" class=\"yoast-schema-graph\">{\"@context\":\"https:\/\/schema.org\",\"@graph\":[{\"@type\":\"Organization\",\"@id\":\"https:\/\/www.mesvendanges.com\/en\/#organization\",\"name\":\"Mes Vendanges\",\"url\":\"https:\/\/www.mesvendanges.com\/en\/\",\"sameAs\":[],\"logo\":{\"@type\":\"ImageObject\",\"inLanguage\":\"fr-FR\",\"@id\":\"https:\/\/www.mesvendanges.com\/en\/#\/schema\/logo\/image\/\",\"url\":\"https:\/\/www.mesvendanges.com\/wp-content\/uploads\/2022\/02\/logo-mesvendanges.jpg\",\"contentUrl\":\"https:\/\/www.mesvendanges.com\/wp-content\/uploads\/2022\/02\/logo-mesvendanges.jpg\",\"width\":851,\"height\":260,\"caption\":\"Mes Vendanges\"},\"image\":{\"@id\":\"https:\/\/www.mesvendanges.com\/en\/#\/schema\/logo\/image\/\"}},{\"@type\":\"WebSite\",\"@id\":\"https:\/\/www.mesvendanges.com\/en\/#website\",\"url\":\"https:\/\/www.mesvendanges.com\/en\/\",\"name\":\"Mes Vendanges\",\"description\":\"Des journ\u00e9es enti\u00e8res dans les vignes\",\"publisher\":{\"@id\":\"https:\/\/www.mesvendanges.com\/en\/#organization\"},\"potentialAction\":[{\"@type\":\"SearchAction\",\"target\":{\"@type\":\"EntryPoint\",\"urlTemplate\":\"https:\/\/www.mesvendanges.com\/en\/?s={search_term_string}\"},\"query-input\":\"required name=search_term_string\"}],\"inLanguage\":\"fr-FR\"},{\"@type\":\"WebPage\",\"@id\":\"https:\/\/www.mesvendanges.com\/fr\/boutique\/vins\/les-moriers-2011-desjourneys-dne-jules-2011-75cl\/\",\"url\":\"https:\/\/www.mesvendanges.com\/fr\/boutique\/vins\/les-moriers-2011-desjourneys-dne-jules-2011-75cl\/\",\"name\":\"LES MORIERS 2011 - Mes Vendanges\",\"isPartOf\":{\"@id\":\"https:\/\/www.mesvendanges.com\/en\/#website\"},\"datePublished\":\"2022-08-02T11:26:55+00:00\",\"dateModified\":\"2023-12-05T14:24:53+00:00\",\"breadcrumb\":{\"@id\":\"https:\/\/www.mesvendanges.com\/fr\/boutique\/vins\/les-moriers-2011-desjourneys-dne-jules-2011-75cl\/#breadcrumb\"},\"inLanguage\":\"fr-FR\",\"potentialAction\":[{\"@type\":\"ReadAction\",\"target\":[\"https:\/\/www.mesvendanges.com\/fr\/boutique\/vins\/les-moriers-2011-desjourneys-dne-jules-2011-75cl\/\"]}]},{\"@type\":\"BreadcrumbList\",\"@id\":\"https:\/\/www.mesvendanges.com\/fr\/boutique\/vins\/les-moriers-2011-desjourneys-dne-jules-2011-75cl\/#breadcrumb\",\"itemListElement\":[{\"@type\":\"ListItem\",\"position\":1,\"name\":\"Accueil\",\"item\":\"https:\/\/www.mesvendanges.com\/fr\/\"},{\"@type\":\"ListItem\",\"position\":2,\"name\":\"Boutique\",\"item\":\"https:\/\/www.mesvendanges.com\/fr\/boutique\/\"},{\"@type\":\"ListItem\",\"position\":3,\"name\":\"LES MORIERS 2011\"}]}]}<\/script>\n<!-- \/ Yoast SEO plugin. -->","yoast_head_json":{"title":"LES MORIERS 2011 - Mes Vendanges","robots":{"index":"index","follow":"follow","max-snippet":"max-snippet:-1","max-image-preview":"max-image-preview:large","max-video-preview":"max-video-preview:-1"},"canonical":"https:\/\/www.mesvendanges.com\/fr\/boutique\/vins\/les-moriers-2011-desjourneys-dne-jules-2011-75cl\/","og_locale":"fr_FR","og_type":"article","og_title":"LES MORIERS 2011 - Mes Vendanges","og_description":"Les vins de Fabien Duperray sont uniques en Beaujolais. Apr\u00e8s 20 ans \u00e0 sillonner la C\u00f4te de Nuits et la C\u00f4te de Beaune Fabien Duperray a fait le pas d&#8217;acheter des vignes et le pari de montrer que sur les grands terroirs du Beaujolais on peut faire des vins d&#8217;un niveau comparable aux plus crus [&hellip;]","og_url":"https:\/\/www.mesvendanges.com\/fr\/boutique\/vins\/les-moriers-2011-desjourneys-dne-jules-2011-75cl\/","og_site_name":"Mes Vendanges","article_modified_time":"2023-12-05T14:24:53+00:00","twitter_card":"summary_large_image","twitter_misc":{"Dur\u00e9e de lecture estim\u00e9e":"1 minute"},"schema":{"@context":"https:\/\/schema.org","@graph":[{"@type":"Organization","@id":"https:\/\/www.mesvendanges.com\/en\/#organization","name":"Mes Vendanges","url":"https:\/\/www.mesvendanges.com\/en\/","sameAs":[],"logo":{"@type":"ImageObject","inLanguage":"fr-FR","@id":"https:\/\/www.mesvendanges.com\/en\/#\/schema\/logo\/image\/","url":"https:\/\/www.mesvendanges.com\/wp-content\/uploads\/2022\/02\/logo-mesvendanges.jpg","contentUrl":"https:\/\/www.mesvendanges.com\/wp-content\/uploads\/2022\/02\/logo-mesvendanges.jpg","width":851,"height":260,"caption":"Mes Vendanges"},"image":{"@id":"https:\/\/www.mesvendanges.com\/en\/#\/schema\/logo\/image\/"}},{"@type":"WebSite","@id":"https:\/\/www.mesvendanges.com\/en\/#website","url":"https:\/\/www.mesvendanges.com\/en\/","name":"Mes Vendanges","description":"Des journ\u00e9es enti\u00e8res dans les vignes","publisher":{"@id":"https:\/\/www.mesvendanges.com\/en\/#organization"},"potentialAction":[{"@type":"SearchAction","target":{"@type":"EntryPoint","urlTemplate":"https:\/\/www.mesvendanges.com\/en\/?s={search_term_string}"},"query-input":"required name=search_term_string"}],"inLanguage":"fr-FR"},{"@type":"WebPage","@id":"https:\/\/www.mesvendanges.com\/fr\/boutique\/vins\/les-moriers-2011-desjourneys-dne-jules-2011-75cl\/","url":"https:\/\/www.mesvendanges.com\/fr\/boutique\/vins\/les-moriers-2011-desjourneys-dne-jules-2011-75cl\/","name":"LES MORIERS 2011 - Mes Vendanges","isPartOf":{"@id":"https:\/\/www.mesvendanges.com\/en\/#website"},"datePublished":"2022-08-02T11:26:55+00:00","dateModified":"2023-12-05T14:24:53+00:00","breadcrumb":{"@id":"https:\/\/www.mesvendanges.com\/fr\/boutique\/vins\/les-moriers-2011-desjourneys-dne-jules-2011-75cl\/#breadcrumb"},"inLanguage":"fr-FR","potentialAction":[{"@type":"ReadAction","target":["https:\/\/www.mesvendanges.com\/fr\/boutique\/vins\/les-moriers-2011-desjourneys-dne-jules-2011-75cl\/"]}]},{"@type":"BreadcrumbList","@id":"https:\/\/www.mesvendanges.com\/fr\/boutique\/vins\/les-moriers-2011-desjourneys-dne-jules-2011-75cl\/#breadcrumb","itemListElement":[{"@type":"ListItem","position":1,"name":"Accueil","item":"https:\/\/www.mesvendanges.com\/fr\/"},{"@type":"ListItem","position":2,"name":"Boutique","item":"https:\/\/www.mesvendanges.com\/fr\/boutique\/"},{"@type":"ListItem","position":3,"name":"LES MORIERS 2011"}]}]}},"_links":{"self":[{"href":"https:\/\/www.mesvendanges.com\/fr\/wp-json\/wp\/v2\/product\/37337"}],"collection":[{"href":"https:\/\/www.mesvendanges.com\/fr\/wp-json\/wp\/v2\/product"}],"about":[{"href":"https:\/\/www.mesvendanges.com\/fr\/wp-json\/wp\/v2\/types\/product"}],"wp:attachment":[{"href":"https:\/\/www.mesvendanges.com\/fr\/wp-json\/wp\/v2\/media?parent=37337"}],"wp:term":[{"taxonomy":"product_cat","embeddable":true,"href":"https:\/\/www.mesvendanges.com\/fr\/wp-json\/wp\/v2\/product_cat?post=37337"},{"taxonomy":"product_tag","embeddable":true,"href":"https:\/\/www.mesvendanges.com\/fr\/wp-json\/wp\/v2\/product_tag?post=37337"}],"curies":[{"name":"wp","href":"https:\/\/api.w.org\/{rel}","templated":true}]}}