{"id":38061,"date":"2022-08-02T13:46:20","date_gmt":"2022-08-02T11:46:20","guid":{"rendered":"https:\/\/www.mesvendanges.com\/shop\/non%20class\u00e9\/petite-arvine-la-louye-2\/"},"modified":"2025-04-03T16:00:05","modified_gmt":"2025-04-03T14:00:05","slug":"petite-arvine-la-louye-chappaz-marie-therese-2014-75cl","status":"publish","type":"product","link":"https:\/\/www.mesvendanges.com\/fr\/boutique\/vins\/petite-arvine-la-louye-chappaz-marie-therese-2014-75cl\/","title":{"rendered":"PETITE ARVINE LA LOUYE"},"content":{"rendered":"<p style=\"margin-bottom: 0cm\" align=\"JUSTIFY\">D\u2019abord assez discret, le nez s\u2019ouvre vite sur les fruits de la passion, l\u2019ananas, le litchi et une touche de fum\u00e9e froide. Bouche dense, vineuse, tonique, finement sal\u00e9e, parfaitement s\u00e8che qui se termine de mani\u00e8re soutenue. Une Petite Arvine arch\u00e9typique !&nbsp;<\/p>\n","protected":false},"excerpt":{"rendered":"<p>D\u2019abord assez discret, le nez s\u2019ouvre vite sur les fruits de la passion, l\u2019ananas, le litchi et une touche de fum\u00e9e froide. Bouche dense, vineuse, tonique, finement sal\u00e9e, parfaitement s\u00e8che qui se termine de mani\u00e8re soutenue. Une Petite Arvine arch\u00e9typique !&nbsp;<\/p>\n","protected":false},"featured_media":0,"template":"","meta":[],"product_cat":[3736],"product_tag":[],"acf":[],"yoast_head":"<!-- This site is optimized with the Yoast SEO plugin v19.3 - https:\/\/yoast.com\/wordpress\/plugins\/seo\/ -->\n<title>PETITE ARVINE LA LOUYE - Mes Vendanges<\/title>\n<meta name=\"robots\" content=\"index, follow, max-snippet:-1, max-image-preview:large, max-video-preview:-1\" \/>\n<link rel=\"canonical\" href=\"https:\/\/www.mesvendanges.com\/fr\/boutique\/vins\/petite-arvine-la-louye-chappaz-marie-therese-2014-75cl\/\" \/>\n<meta property=\"og:locale\" content=\"fr_FR\" \/>\n<meta property=\"og:type\" content=\"article\" \/>\n<meta property=\"og:title\" content=\"PETITE ARVINE LA LOUYE - Mes Vendanges\" \/>\n<meta property=\"og:description\" content=\"D\u2019abord assez discret, le nez s\u2019ouvre vite sur les fruits de la passion, l\u2019ananas, le litchi et une touche de fum\u00e9e froide. Bouche dense, vineuse, tonique, finement sal\u00e9e, parfaitement s\u00e8che qui se termine de mani\u00e8re soutenue. Une Petite Arvine arch\u00e9typique !&nbsp;\" \/>\n<meta property=\"og:url\" content=\"https:\/\/www.mesvendanges.com\/fr\/boutique\/vins\/petite-arvine-la-louye-chappaz-marie-therese-2014-75cl\/\" \/>\n<meta property=\"og:site_name\" content=\"Mes Vendanges\" \/>\n<meta property=\"article:modified_time\" content=\"2025-04-03T14:00:05+00:00\" \/>\n<meta name=\"twitter:card\" content=\"summary_large_image\" \/>\n<script type=\"application\/ld+json\" class=\"yoast-schema-graph\">{\"@context\":\"https:\/\/schema.org\",\"@graph\":[{\"@type\":\"Organization\",\"@id\":\"https:\/\/www.mesvendanges.com\/en\/#organization\",\"name\":\"Mes Vendanges\",\"url\":\"https:\/\/www.mesvendanges.com\/en\/\",\"sameAs\":[],\"logo\":{\"@type\":\"ImageObject\",\"inLanguage\":\"fr-FR\",\"@id\":\"https:\/\/www.mesvendanges.com\/en\/#\/schema\/logo\/image\/\",\"url\":\"https:\/\/www.mesvendanges.com\/wp-content\/uploads\/2022\/02\/logo-mesvendanges.jpg\",\"contentUrl\":\"https:\/\/www.mesvendanges.com\/wp-content\/uploads\/2022\/02\/logo-mesvendanges.jpg\",\"width\":851,\"height\":260,\"caption\":\"Mes Vendanges\"},\"image\":{\"@id\":\"https:\/\/www.mesvendanges.com\/en\/#\/schema\/logo\/image\/\"}},{\"@type\":\"WebSite\",\"@id\":\"https:\/\/www.mesvendanges.com\/en\/#website\",\"url\":\"https:\/\/www.mesvendanges.com\/en\/\",\"name\":\"Mes Vendanges\",\"description\":\"Des journ\u00e9es enti\u00e8res dans les vignes\",\"publisher\":{\"@id\":\"https:\/\/www.mesvendanges.com\/en\/#organization\"},\"potentialAction\":[{\"@type\":\"SearchAction\",\"target\":{\"@type\":\"EntryPoint\",\"urlTemplate\":\"https:\/\/www.mesvendanges.com\/en\/?s={search_term_string}\"},\"query-input\":\"required name=search_term_string\"}],\"inLanguage\":\"fr-FR\"},{\"@type\":\"WebPage\",\"@id\":\"https:\/\/www.mesvendanges.com\/fr\/boutique\/vins\/petite-arvine-la-louye-chappaz-marie-therese-2014-75cl\/\",\"url\":\"https:\/\/www.mesvendanges.com\/fr\/boutique\/vins\/petite-arvine-la-louye-chappaz-marie-therese-2014-75cl\/\",\"name\":\"PETITE ARVINE LA LOUYE - Mes Vendanges\",\"isPartOf\":{\"@id\":\"https:\/\/www.mesvendanges.com\/en\/#website\"},\"datePublished\":\"2022-08-02T11:46:20+00:00\",\"dateModified\":\"2025-04-03T14:00:05+00:00\",\"breadcrumb\":{\"@id\":\"https:\/\/www.mesvendanges.com\/fr\/boutique\/vins\/petite-arvine-la-louye-chappaz-marie-therese-2014-75cl\/#breadcrumb\"},\"inLanguage\":\"fr-FR\",\"potentialAction\":[{\"@type\":\"ReadAction\",\"target\":[\"https:\/\/www.mesvendanges.com\/fr\/boutique\/vins\/petite-arvine-la-louye-chappaz-marie-therese-2014-75cl\/\"]}]},{\"@type\":\"BreadcrumbList\",\"@id\":\"https:\/\/www.mesvendanges.com\/fr\/boutique\/vins\/petite-arvine-la-louye-chappaz-marie-therese-2014-75cl\/#breadcrumb\",\"itemListElement\":[{\"@type\":\"ListItem\",\"position\":1,\"name\":\"Accueil\",\"item\":\"https:\/\/www.mesvendanges.com\/fr\/\"},{\"@type\":\"ListItem\",\"position\":2,\"name\":\"Boutique\",\"item\":\"https:\/\/www.mesvendanges.com\/fr\/boutique\/\"},{\"@type\":\"ListItem\",\"position\":3,\"name\":\"PETITE ARVINE LA LOUYE\"}]}]}<\/script>\n<!-- \/ Yoast SEO plugin. -->","yoast_head_json":{"title":"PETITE ARVINE LA LOUYE - Mes Vendanges","robots":{"index":"index","follow":"follow","max-snippet":"max-snippet:-1","max-image-preview":"max-image-preview:large","max-video-preview":"max-video-preview:-1"},"canonical":"https:\/\/www.mesvendanges.com\/fr\/boutique\/vins\/petite-arvine-la-louye-chappaz-marie-therese-2014-75cl\/","og_locale":"fr_FR","og_type":"article","og_title":"PETITE ARVINE LA LOUYE - Mes Vendanges","og_description":"D\u2019abord assez discret, le nez s\u2019ouvre vite sur les fruits de la passion, l\u2019ananas, le litchi et une touche de fum\u00e9e froide. Bouche dense, vineuse, tonique, finement sal\u00e9e, parfaitement s\u00e8che qui se termine de mani\u00e8re soutenue. Une Petite Arvine arch\u00e9typique !&nbsp;","og_url":"https:\/\/www.mesvendanges.com\/fr\/boutique\/vins\/petite-arvine-la-louye-chappaz-marie-therese-2014-75cl\/","og_site_name":"Mes Vendanges","article_modified_time":"2025-04-03T14:00:05+00:00","twitter_card":"summary_large_image","schema":{"@context":"https:\/\/schema.org","@graph":[{"@type":"Organization","@id":"https:\/\/www.mesvendanges.com\/en\/#organization","name":"Mes Vendanges","url":"https:\/\/www.mesvendanges.com\/en\/","sameAs":[],"logo":{"@type":"ImageObject","inLanguage":"fr-FR","@id":"https:\/\/www.mesvendanges.com\/en\/#\/schema\/logo\/image\/","url":"https:\/\/www.mesvendanges.com\/wp-content\/uploads\/2022\/02\/logo-mesvendanges.jpg","contentUrl":"https:\/\/www.mesvendanges.com\/wp-content\/uploads\/2022\/02\/logo-mesvendanges.jpg","width":851,"height":260,"caption":"Mes Vendanges"},"image":{"@id":"https:\/\/www.mesvendanges.com\/en\/#\/schema\/logo\/image\/"}},{"@type":"WebSite","@id":"https:\/\/www.mesvendanges.com\/en\/#website","url":"https:\/\/www.mesvendanges.com\/en\/","name":"Mes Vendanges","description":"Des journ\u00e9es enti\u00e8res dans les vignes","publisher":{"@id":"https:\/\/www.mesvendanges.com\/en\/#organization"},"potentialAction":[{"@type":"SearchAction","target":{"@type":"EntryPoint","urlTemplate":"https:\/\/www.mesvendanges.com\/en\/?s={search_term_string}"},"query-input":"required name=search_term_string"}],"inLanguage":"fr-FR"},{"@type":"WebPage","@id":"https:\/\/www.mesvendanges.com\/fr\/boutique\/vins\/petite-arvine-la-louye-chappaz-marie-therese-2014-75cl\/","url":"https:\/\/www.mesvendanges.com\/fr\/boutique\/vins\/petite-arvine-la-louye-chappaz-marie-therese-2014-75cl\/","name":"PETITE ARVINE LA LOUYE - Mes Vendanges","isPartOf":{"@id":"https:\/\/www.mesvendanges.com\/en\/#website"},"datePublished":"2022-08-02T11:46:20+00:00","dateModified":"2025-04-03T14:00:05+00:00","breadcrumb":{"@id":"https:\/\/www.mesvendanges.com\/fr\/boutique\/vins\/petite-arvine-la-louye-chappaz-marie-therese-2014-75cl\/#breadcrumb"},"inLanguage":"fr-FR","potentialAction":[{"@type":"ReadAction","target":["https:\/\/www.mesvendanges.com\/fr\/boutique\/vins\/petite-arvine-la-louye-chappaz-marie-therese-2014-75cl\/"]}]},{"@type":"BreadcrumbList","@id":"https:\/\/www.mesvendanges.com\/fr\/boutique\/vins\/petite-arvine-la-louye-chappaz-marie-therese-2014-75cl\/#breadcrumb","itemListElement":[{"@type":"ListItem","position":1,"name":"Accueil","item":"https:\/\/www.mesvendanges.com\/fr\/"},{"@type":"ListItem","position":2,"name":"Boutique","item":"https:\/\/www.mesvendanges.com\/fr\/boutique\/"},{"@type":"ListItem","position":3,"name":"PETITE ARVINE LA LOUYE"}]}]}},"_links":{"self":[{"href":"https:\/\/www.mesvendanges.com\/fr\/wp-json\/wp\/v2\/product\/38061"}],"collection":[{"href":"https:\/\/www.mesvendanges.com\/fr\/wp-json\/wp\/v2\/product"}],"about":[{"href":"https:\/\/www.mesvendanges.com\/fr\/wp-json\/wp\/v2\/types\/product"}],"wp:attachment":[{"href":"https:\/\/www.mesvendanges.com\/fr\/wp-json\/wp\/v2\/media?parent=38061"}],"wp:term":[{"taxonomy":"product_cat","embeddable":true,"href":"https:\/\/www.mesvendanges.com\/fr\/wp-json\/wp\/v2\/product_cat?post=38061"},{"taxonomy":"product_tag","embeddable":true,"href":"https:\/\/www.mesvendanges.com\/fr\/wp-json\/wp\/v2\/product_tag?post=38061"}],"curies":[{"name":"wp","href":"https:\/\/api.w.org\/{rel}","templated":true}]}}