{"id":38331,"date":"2022-08-02T13:52:49","date_gmt":"2022-08-02T11:52:49","guid":{"rendered":"https:\/\/www.mesvendanges.com\/shop\/non%20class\u00e9\/aux-brulees-3\/"},"modified":"2023-12-05T13:07:02","modified_gmt":"2023-12-05T12:07:02","slug":"aux-brulees-clavelier-bruno-2013-75cl","status":"publish","type":"product","link":"https:\/\/www.mesvendanges.com\/fr\/boutique\/vins\/aux-brulees-clavelier-bruno-2013-75cl\/","title":{"rendered":"AUX BRULEES"},"content":{"rendered":"<p><span style=\"color: rgb(45, 45, 45); font-family: verdana, Arial, 'sans serif'; font-size: 12px; text-align: justify;\">La parcelle occupe 29,50 ares. C\u2019est une vigne de plus de 65 ans, situ\u00e9e dans la partie sup\u00e9rieure de la Combe-Brul\u00e9e. Le socle calcaire est compos\u00e9 de calcaire \u00e0 chailles (calcaire de Pr\u00e9meaux) aux puissants ar\u00f4mes de pierre \u00e0 fusil. La pr\u00e9sence de cailloutis (gr\u00e8zes lit\u00e9es) en surface permet un r\u00e9chauffement rapide. Conjugu\u00e9e \u00e0 une pente marqu\u00e9e, elle apporte \u00e9galement une bonne capacit\u00e9 de drainage qui permet \u00e0 la vigne de bien r\u00e9agir en ann\u00e9e humide.<\/span><br style=\"color: rgb(45, 45, 45); font-family: verdana, Arial, 'sans serif'; font-size: 12px; text-align: justify;\"><span style=\"color: rgb(45, 45, 45); font-family: verdana, Arial, 'sans serif'; font-size: 12px; text-align: justify;\">Cette parcelle b\u00e9n\u00e9ficie \u00e0 la fois de la chaleur de son exposition sud sud-est mais aussi de la fra\u00eecheur cr\u00e9\u00e9e par le courant d\u2019air descendu de la montagne jusque dans la combe. Cette situation d\u2019\u00e9quilibre, o\u00f9 les deux extr\u00eames cohabitent, donne un vin sensible d\u2019une grande sapidit\u00e9, \u00e0 la s\u00e9duction raffin\u00e9e, et \u00e0 l\u2019\u00e9l\u00e9gance a\u00e9rienne.<\/span><br style=\"color: rgb(45, 45, 45); font-family: verdana, Arial, 'sans serif'; font-size: 12px; text-align: justify;\"><strong style=\"color: rgb(45, 45, 45); font-family: verdana, Arial, 'sans serif'; font-size: 12px; text-align: justify;\">Le vosne-roman\u00e9e 1er cru Les Brul\u00e9es<\/strong><span style=\"color: rgb(45, 45, 45); font-family: verdana, Arial, 'sans serif'; font-size: 12px; text-align: justify;\">&nbsp;est souvent le 1er cru le plus subtil de la cave, capable d\u2019une expression m\u00ealant finesse (rose, pivoine) et min\u00e9ralit\u00e9 (graphite, fum\u00e9e, salinit\u00e9) dans un rayonnement \u00e0 part.<\/span><\/p>\n","protected":false},"excerpt":{"rendered":"<p>La parcelle occupe 29,50 ares. C\u2019est une vigne de plus de 65 ans, situ\u00e9e dans la partie sup\u00e9rieure de la Combe-Brul\u00e9e. Le socle calcaire est compos\u00e9 de calcaire \u00e0 chailles (calcaire de Pr\u00e9meaux) aux puissants ar\u00f4mes de pierre \u00e0 fusil. La pr\u00e9sence de cailloutis (gr\u00e8zes lit\u00e9es) en surface permet un r\u00e9chauffement rapide. Conjugu\u00e9e \u00e0 une [&hellip;]<\/p>\n","protected":false},"featured_media":0,"template":"","meta":[],"product_cat":[3736],"product_tag":[],"acf":[],"yoast_head":"<!-- This site is optimized with the Yoast SEO plugin v19.3 - https:\/\/yoast.com\/wordpress\/plugins\/seo\/ -->\n<title>AUX BRULEES - Mes Vendanges<\/title>\n<meta name=\"robots\" content=\"index, follow, max-snippet:-1, max-image-preview:large, max-video-preview:-1\" \/>\n<link rel=\"canonical\" href=\"https:\/\/www.mesvendanges.com\/fr\/boutique\/vins\/aux-brulees-clavelier-bruno-2013-75cl\/\" \/>\n<meta property=\"og:locale\" content=\"fr_FR\" \/>\n<meta property=\"og:type\" content=\"article\" \/>\n<meta property=\"og:title\" content=\"AUX BRULEES - Mes Vendanges\" \/>\n<meta property=\"og:description\" content=\"La parcelle occupe 29,50 ares. C\u2019est une vigne de plus de 65 ans, situ\u00e9e dans la partie sup\u00e9rieure de la Combe-Brul\u00e9e. Le socle calcaire est compos\u00e9 de calcaire \u00e0 chailles (calcaire de Pr\u00e9meaux) aux puissants ar\u00f4mes de pierre \u00e0 fusil. La pr\u00e9sence de cailloutis (gr\u00e8zes lit\u00e9es) en surface permet un r\u00e9chauffement rapide. Conjugu\u00e9e \u00e0 une [&hellip;]\" \/>\n<meta property=\"og:url\" content=\"https:\/\/www.mesvendanges.com\/fr\/boutique\/vins\/aux-brulees-clavelier-bruno-2013-75cl\/\" \/>\n<meta property=\"og:site_name\" content=\"Mes Vendanges\" \/>\n<meta property=\"article:modified_time\" content=\"2023-12-05T12:07:02+00:00\" \/>\n<meta name=\"twitter:card\" content=\"summary_large_image\" \/>\n<meta name=\"twitter:label1\" content=\"Dur\u00e9e de lecture estim\u00e9e\" \/>\n\t<meta name=\"twitter:data1\" content=\"1 minute\" \/>\n<script type=\"application\/ld+json\" class=\"yoast-schema-graph\">{\"@context\":\"https:\/\/schema.org\",\"@graph\":[{\"@type\":\"Organization\",\"@id\":\"https:\/\/www.mesvendanges.com\/en\/#organization\",\"name\":\"Mes Vendanges\",\"url\":\"https:\/\/www.mesvendanges.com\/en\/\",\"sameAs\":[],\"logo\":{\"@type\":\"ImageObject\",\"inLanguage\":\"fr-FR\",\"@id\":\"https:\/\/www.mesvendanges.com\/en\/#\/schema\/logo\/image\/\",\"url\":\"https:\/\/www.mesvendanges.com\/wp-content\/uploads\/2022\/02\/logo-mesvendanges.jpg\",\"contentUrl\":\"https:\/\/www.mesvendanges.com\/wp-content\/uploads\/2022\/02\/logo-mesvendanges.jpg\",\"width\":851,\"height\":260,\"caption\":\"Mes Vendanges\"},\"image\":{\"@id\":\"https:\/\/www.mesvendanges.com\/en\/#\/schema\/logo\/image\/\"}},{\"@type\":\"WebSite\",\"@id\":\"https:\/\/www.mesvendanges.com\/en\/#website\",\"url\":\"https:\/\/www.mesvendanges.com\/en\/\",\"name\":\"Mes Vendanges\",\"description\":\"Des journ\u00e9es enti\u00e8res dans les vignes\",\"publisher\":{\"@id\":\"https:\/\/www.mesvendanges.com\/en\/#organization\"},\"potentialAction\":[{\"@type\":\"SearchAction\",\"target\":{\"@type\":\"EntryPoint\",\"urlTemplate\":\"https:\/\/www.mesvendanges.com\/en\/?s={search_term_string}\"},\"query-input\":\"required name=search_term_string\"}],\"inLanguage\":\"fr-FR\"},{\"@type\":\"WebPage\",\"@id\":\"https:\/\/www.mesvendanges.com\/fr\/boutique\/vins\/aux-brulees-clavelier-bruno-2013-75cl\/\",\"url\":\"https:\/\/www.mesvendanges.com\/fr\/boutique\/vins\/aux-brulees-clavelier-bruno-2013-75cl\/\",\"name\":\"AUX BRULEES - Mes Vendanges\",\"isPartOf\":{\"@id\":\"https:\/\/www.mesvendanges.com\/en\/#website\"},\"datePublished\":\"2022-08-02T11:52:49+00:00\",\"dateModified\":\"2023-12-05T12:07:02+00:00\",\"breadcrumb\":{\"@id\":\"https:\/\/www.mesvendanges.com\/fr\/boutique\/vins\/aux-brulees-clavelier-bruno-2013-75cl\/#breadcrumb\"},\"inLanguage\":\"fr-FR\",\"potentialAction\":[{\"@type\":\"ReadAction\",\"target\":[\"https:\/\/www.mesvendanges.com\/fr\/boutique\/vins\/aux-brulees-clavelier-bruno-2013-75cl\/\"]}]},{\"@type\":\"BreadcrumbList\",\"@id\":\"https:\/\/www.mesvendanges.com\/fr\/boutique\/vins\/aux-brulees-clavelier-bruno-2013-75cl\/#breadcrumb\",\"itemListElement\":[{\"@type\":\"ListItem\",\"position\":1,\"name\":\"Accueil\",\"item\":\"https:\/\/www.mesvendanges.com\/fr\/\"},{\"@type\":\"ListItem\",\"position\":2,\"name\":\"Boutique\",\"item\":\"https:\/\/www.mesvendanges.com\/fr\/boutique\/\"},{\"@type\":\"ListItem\",\"position\":3,\"name\":\"AUX BRULEES\"}]}]}<\/script>\n<!-- \/ Yoast SEO plugin. -->","yoast_head_json":{"title":"AUX BRULEES - Mes Vendanges","robots":{"index":"index","follow":"follow","max-snippet":"max-snippet:-1","max-image-preview":"max-image-preview:large","max-video-preview":"max-video-preview:-1"},"canonical":"https:\/\/www.mesvendanges.com\/fr\/boutique\/vins\/aux-brulees-clavelier-bruno-2013-75cl\/","og_locale":"fr_FR","og_type":"article","og_title":"AUX BRULEES - Mes Vendanges","og_description":"La parcelle occupe 29,50 ares. C\u2019est une vigne de plus de 65 ans, situ\u00e9e dans la partie sup\u00e9rieure de la Combe-Brul\u00e9e. Le socle calcaire est compos\u00e9 de calcaire \u00e0 chailles (calcaire de Pr\u00e9meaux) aux puissants ar\u00f4mes de pierre \u00e0 fusil. La pr\u00e9sence de cailloutis (gr\u00e8zes lit\u00e9es) en surface permet un r\u00e9chauffement rapide. Conjugu\u00e9e \u00e0 une [&hellip;]","og_url":"https:\/\/www.mesvendanges.com\/fr\/boutique\/vins\/aux-brulees-clavelier-bruno-2013-75cl\/","og_site_name":"Mes Vendanges","article_modified_time":"2023-12-05T12:07:02+00:00","twitter_card":"summary_large_image","twitter_misc":{"Dur\u00e9e de lecture estim\u00e9e":"1 minute"},"schema":{"@context":"https:\/\/schema.org","@graph":[{"@type":"Organization","@id":"https:\/\/www.mesvendanges.com\/en\/#organization","name":"Mes Vendanges","url":"https:\/\/www.mesvendanges.com\/en\/","sameAs":[],"logo":{"@type":"ImageObject","inLanguage":"fr-FR","@id":"https:\/\/www.mesvendanges.com\/en\/#\/schema\/logo\/image\/","url":"https:\/\/www.mesvendanges.com\/wp-content\/uploads\/2022\/02\/logo-mesvendanges.jpg","contentUrl":"https:\/\/www.mesvendanges.com\/wp-content\/uploads\/2022\/02\/logo-mesvendanges.jpg","width":851,"height":260,"caption":"Mes Vendanges"},"image":{"@id":"https:\/\/www.mesvendanges.com\/en\/#\/schema\/logo\/image\/"}},{"@type":"WebSite","@id":"https:\/\/www.mesvendanges.com\/en\/#website","url":"https:\/\/www.mesvendanges.com\/en\/","name":"Mes Vendanges","description":"Des journ\u00e9es enti\u00e8res dans les vignes","publisher":{"@id":"https:\/\/www.mesvendanges.com\/en\/#organization"},"potentialAction":[{"@type":"SearchAction","target":{"@type":"EntryPoint","urlTemplate":"https:\/\/www.mesvendanges.com\/en\/?s={search_term_string}"},"query-input":"required name=search_term_string"}],"inLanguage":"fr-FR"},{"@type":"WebPage","@id":"https:\/\/www.mesvendanges.com\/fr\/boutique\/vins\/aux-brulees-clavelier-bruno-2013-75cl\/","url":"https:\/\/www.mesvendanges.com\/fr\/boutique\/vins\/aux-brulees-clavelier-bruno-2013-75cl\/","name":"AUX BRULEES - Mes Vendanges","isPartOf":{"@id":"https:\/\/www.mesvendanges.com\/en\/#website"},"datePublished":"2022-08-02T11:52:49+00:00","dateModified":"2023-12-05T12:07:02+00:00","breadcrumb":{"@id":"https:\/\/www.mesvendanges.com\/fr\/boutique\/vins\/aux-brulees-clavelier-bruno-2013-75cl\/#breadcrumb"},"inLanguage":"fr-FR","potentialAction":[{"@type":"ReadAction","target":["https:\/\/www.mesvendanges.com\/fr\/boutique\/vins\/aux-brulees-clavelier-bruno-2013-75cl\/"]}]},{"@type":"BreadcrumbList","@id":"https:\/\/www.mesvendanges.com\/fr\/boutique\/vins\/aux-brulees-clavelier-bruno-2013-75cl\/#breadcrumb","itemListElement":[{"@type":"ListItem","position":1,"name":"Accueil","item":"https:\/\/www.mesvendanges.com\/fr\/"},{"@type":"ListItem","position":2,"name":"Boutique","item":"https:\/\/www.mesvendanges.com\/fr\/boutique\/"},{"@type":"ListItem","position":3,"name":"AUX BRULEES"}]}]}},"_links":{"self":[{"href":"https:\/\/www.mesvendanges.com\/fr\/wp-json\/wp\/v2\/product\/38331"}],"collection":[{"href":"https:\/\/www.mesvendanges.com\/fr\/wp-json\/wp\/v2\/product"}],"about":[{"href":"https:\/\/www.mesvendanges.com\/fr\/wp-json\/wp\/v2\/types\/product"}],"wp:attachment":[{"href":"https:\/\/www.mesvendanges.com\/fr\/wp-json\/wp\/v2\/media?parent=38331"}],"wp:term":[{"taxonomy":"product_cat","embeddable":true,"href":"https:\/\/www.mesvendanges.com\/fr\/wp-json\/wp\/v2\/product_cat?post=38331"},{"taxonomy":"product_tag","embeddable":true,"href":"https:\/\/www.mesvendanges.com\/fr\/wp-json\/wp\/v2\/product_tag?post=38331"}],"curies":[{"name":"wp","href":"https:\/\/api.w.org\/{rel}","templated":true}]}}