{"id":38335,"date":"2022-08-02T13:52:55","date_gmt":"2022-08-02T11:52:55","guid":{"rendered":"https:\/\/www.mesvendanges.com\/shop\/non%20class\u00e9\/la-combe-dorveau-4\/"},"modified":"2023-12-05T13:09:42","modified_gmt":"2023-12-05T12:09:42","slug":"la-combe-dorveau-clavelier-bruno-2013-75cl","status":"publish","type":"product","link":"https:\/\/www.mesvendanges.com\/fr\/boutique\/vins\/la-combe-dorveau-clavelier-bruno-2013-75cl\/","title":{"rendered":"LA COMBE D&#8217;ORVEAU"},"content":{"rendered":"<p><span style=\"color: rgb(45, 45, 45); font-family: verdana, Arial, 'sans serif'; font-size: 12px; text-align: justify;\">Parcelle de 81,55 ares de vignes \u00e2g\u00e9es de plus de 75 ans pour moiti\u00e9 auxquelles s\u2019ajoutent 1\/4 de vignes de 20 ans. Le reste de la parcelle a \u00e9t\u00e9 r\u00e9cemment replant\u00e9 (2010) et n\u2019entrera pas dans la cuv\u00e9e avant plusieurs ann\u00e9es. La situation est id\u00e9ale, plein est, prot\u00e9g\u00e9e des vents froids qui descendent de la montagne. Le sol est complexe, compos\u00e9 de calcaires oolithiques (oolithes blanches) et de calcaires quartziques.<\/span><br style=\"color: rgb(45, 45, 45); font-family: verdana, Arial, 'sans serif'; font-size: 12px; text-align: justify;\"><span style=\"color: rgb(45, 45, 45); font-family: verdana, Arial, 'sans serif'; font-size: 12px; text-align: justify;\">La parcelle est contig\u00fce aux Petits-Musigny (parcelle class\u00e9e en AOC grand cru Musigny) et \u00e9tait class\u00e9e en T\u00eate de cru avant la crise phyllox\u00e9rique. Elle aurait du \u00eatre class\u00e9e grand-cru aujourd\u2019hui si les d\u00e9marches administratives n\u00e9cessaires \u00e0 l\u2019\u00e9poque avaient \u00e9t\u00e9 effectu\u00e9es. Le vin a toujours une dimension suppl\u00e9mentaire, certains consid\u00e8rent que c\u2019est la t\u00eate de cuv\u00e9e de la cave. Le&nbsp;<\/span><strong style=\"color: rgb(45, 45, 45); font-family: verdana, Arial, 'sans serif'; font-size: 12px; text-align: justify;\">chambolle-musigny 1er cru La Combe d\u2019Orveau<\/strong><span style=\"color: rgb(45, 45, 45); font-family: verdana, Arial, 'sans serif'; font-size: 12px; text-align: justify;\">&nbsp;offre un profil altier m\u00ealant une grande finesse d\u2019expression et une profondeur min\u00e9rale, tout en verticalit\u00e9, dans l\u2019esprit martial du Musigny voisin. Il n\u00e9cessite un long temps d\u2019ouverture pour livrer son caract\u00e8re envo\u00fbtant, sa large palette aromatique (grenade, \u00e9pice, agrumes, fleurs \u2026) et sa dynamique de texture.<\/span><\/p>\n","protected":false},"excerpt":{"rendered":"<p>Parcelle de 81,55 ares de vignes \u00e2g\u00e9es de plus de 75 ans pour moiti\u00e9 auxquelles s\u2019ajoutent 1\/4 de vignes de 20 ans. Le reste de la parcelle a \u00e9t\u00e9 r\u00e9cemment replant\u00e9 (2010) et n\u2019entrera pas dans la cuv\u00e9e avant plusieurs ann\u00e9es. La situation est id\u00e9ale, plein est, prot\u00e9g\u00e9e des vents froids qui descendent de la [&hellip;]<\/p>\n","protected":false},"featured_media":0,"template":"","meta":[],"product_cat":[3736],"product_tag":[],"acf":[],"yoast_head":"<!-- This site is optimized with the Yoast SEO plugin v19.3 - https:\/\/yoast.com\/wordpress\/plugins\/seo\/ -->\n<title>LA COMBE D&#039;ORVEAU - Mes Vendanges<\/title>\n<meta name=\"robots\" content=\"index, follow, max-snippet:-1, max-image-preview:large, max-video-preview:-1\" \/>\n<link rel=\"canonical\" href=\"https:\/\/www.mesvendanges.com\/fr\/boutique\/vins\/la-combe-dorveau-clavelier-bruno-2013-75cl\/\" \/>\n<meta property=\"og:locale\" content=\"fr_FR\" \/>\n<meta property=\"og:type\" content=\"article\" \/>\n<meta property=\"og:title\" content=\"LA COMBE D&#039;ORVEAU - Mes Vendanges\" \/>\n<meta property=\"og:description\" content=\"Parcelle de 81,55 ares de vignes \u00e2g\u00e9es de plus de 75 ans pour moiti\u00e9 auxquelles s\u2019ajoutent 1\/4 de vignes de 20 ans. Le reste de la parcelle a \u00e9t\u00e9 r\u00e9cemment replant\u00e9 (2010) et n\u2019entrera pas dans la cuv\u00e9e avant plusieurs ann\u00e9es. La situation est id\u00e9ale, plein est, prot\u00e9g\u00e9e des vents froids qui descendent de la [&hellip;]\" \/>\n<meta property=\"og:url\" content=\"https:\/\/www.mesvendanges.com\/fr\/boutique\/vins\/la-combe-dorveau-clavelier-bruno-2013-75cl\/\" \/>\n<meta property=\"og:site_name\" content=\"Mes Vendanges\" \/>\n<meta property=\"article:modified_time\" content=\"2023-12-05T12:09:42+00:00\" \/>\n<meta name=\"twitter:card\" content=\"summary_large_image\" \/>\n<meta name=\"twitter:label1\" content=\"Dur\u00e9e de lecture estim\u00e9e\" \/>\n\t<meta name=\"twitter:data1\" content=\"1 minute\" \/>\n<script type=\"application\/ld+json\" class=\"yoast-schema-graph\">{\"@context\":\"https:\/\/schema.org\",\"@graph\":[{\"@type\":\"Organization\",\"@id\":\"https:\/\/www.mesvendanges.com\/en\/#organization\",\"name\":\"Mes Vendanges\",\"url\":\"https:\/\/www.mesvendanges.com\/en\/\",\"sameAs\":[],\"logo\":{\"@type\":\"ImageObject\",\"inLanguage\":\"fr-FR\",\"@id\":\"https:\/\/www.mesvendanges.com\/en\/#\/schema\/logo\/image\/\",\"url\":\"https:\/\/www.mesvendanges.com\/wp-content\/uploads\/2022\/02\/logo-mesvendanges.jpg\",\"contentUrl\":\"https:\/\/www.mesvendanges.com\/wp-content\/uploads\/2022\/02\/logo-mesvendanges.jpg\",\"width\":851,\"height\":260,\"caption\":\"Mes Vendanges\"},\"image\":{\"@id\":\"https:\/\/www.mesvendanges.com\/en\/#\/schema\/logo\/image\/\"}},{\"@type\":\"WebSite\",\"@id\":\"https:\/\/www.mesvendanges.com\/en\/#website\",\"url\":\"https:\/\/www.mesvendanges.com\/en\/\",\"name\":\"Mes Vendanges\",\"description\":\"Des journ\u00e9es enti\u00e8res dans les vignes\",\"publisher\":{\"@id\":\"https:\/\/www.mesvendanges.com\/en\/#organization\"},\"potentialAction\":[{\"@type\":\"SearchAction\",\"target\":{\"@type\":\"EntryPoint\",\"urlTemplate\":\"https:\/\/www.mesvendanges.com\/en\/?s={search_term_string}\"},\"query-input\":\"required name=search_term_string\"}],\"inLanguage\":\"fr-FR\"},{\"@type\":\"WebPage\",\"@id\":\"https:\/\/www.mesvendanges.com\/fr\/boutique\/vins\/la-combe-dorveau-clavelier-bruno-2013-75cl\/\",\"url\":\"https:\/\/www.mesvendanges.com\/fr\/boutique\/vins\/la-combe-dorveau-clavelier-bruno-2013-75cl\/\",\"name\":\"LA COMBE D'ORVEAU - Mes Vendanges\",\"isPartOf\":{\"@id\":\"https:\/\/www.mesvendanges.com\/en\/#website\"},\"datePublished\":\"2022-08-02T11:52:55+00:00\",\"dateModified\":\"2023-12-05T12:09:42+00:00\",\"breadcrumb\":{\"@id\":\"https:\/\/www.mesvendanges.com\/fr\/boutique\/vins\/la-combe-dorveau-clavelier-bruno-2013-75cl\/#breadcrumb\"},\"inLanguage\":\"fr-FR\",\"potentialAction\":[{\"@type\":\"ReadAction\",\"target\":[\"https:\/\/www.mesvendanges.com\/fr\/boutique\/vins\/la-combe-dorveau-clavelier-bruno-2013-75cl\/\"]}]},{\"@type\":\"BreadcrumbList\",\"@id\":\"https:\/\/www.mesvendanges.com\/fr\/boutique\/vins\/la-combe-dorveau-clavelier-bruno-2013-75cl\/#breadcrumb\",\"itemListElement\":[{\"@type\":\"ListItem\",\"position\":1,\"name\":\"Accueil\",\"item\":\"https:\/\/www.mesvendanges.com\/fr\/\"},{\"@type\":\"ListItem\",\"position\":2,\"name\":\"Boutique\",\"item\":\"https:\/\/www.mesvendanges.com\/fr\/boutique\/\"},{\"@type\":\"ListItem\",\"position\":3,\"name\":\"LA COMBE D&#8217;ORVEAU\"}]}]}<\/script>\n<!-- \/ Yoast SEO plugin. -->","yoast_head_json":{"title":"LA COMBE D'ORVEAU - Mes Vendanges","robots":{"index":"index","follow":"follow","max-snippet":"max-snippet:-1","max-image-preview":"max-image-preview:large","max-video-preview":"max-video-preview:-1"},"canonical":"https:\/\/www.mesvendanges.com\/fr\/boutique\/vins\/la-combe-dorveau-clavelier-bruno-2013-75cl\/","og_locale":"fr_FR","og_type":"article","og_title":"LA COMBE D'ORVEAU - Mes Vendanges","og_description":"Parcelle de 81,55 ares de vignes \u00e2g\u00e9es de plus de 75 ans pour moiti\u00e9 auxquelles s\u2019ajoutent 1\/4 de vignes de 20 ans. Le reste de la parcelle a \u00e9t\u00e9 r\u00e9cemment replant\u00e9 (2010) et n\u2019entrera pas dans la cuv\u00e9e avant plusieurs ann\u00e9es. La situation est id\u00e9ale, plein est, prot\u00e9g\u00e9e des vents froids qui descendent de la [&hellip;]","og_url":"https:\/\/www.mesvendanges.com\/fr\/boutique\/vins\/la-combe-dorveau-clavelier-bruno-2013-75cl\/","og_site_name":"Mes Vendanges","article_modified_time":"2023-12-05T12:09:42+00:00","twitter_card":"summary_large_image","twitter_misc":{"Dur\u00e9e de lecture estim\u00e9e":"1 minute"},"schema":{"@context":"https:\/\/schema.org","@graph":[{"@type":"Organization","@id":"https:\/\/www.mesvendanges.com\/en\/#organization","name":"Mes Vendanges","url":"https:\/\/www.mesvendanges.com\/en\/","sameAs":[],"logo":{"@type":"ImageObject","inLanguage":"fr-FR","@id":"https:\/\/www.mesvendanges.com\/en\/#\/schema\/logo\/image\/","url":"https:\/\/www.mesvendanges.com\/wp-content\/uploads\/2022\/02\/logo-mesvendanges.jpg","contentUrl":"https:\/\/www.mesvendanges.com\/wp-content\/uploads\/2022\/02\/logo-mesvendanges.jpg","width":851,"height":260,"caption":"Mes Vendanges"},"image":{"@id":"https:\/\/www.mesvendanges.com\/en\/#\/schema\/logo\/image\/"}},{"@type":"WebSite","@id":"https:\/\/www.mesvendanges.com\/en\/#website","url":"https:\/\/www.mesvendanges.com\/en\/","name":"Mes Vendanges","description":"Des journ\u00e9es enti\u00e8res dans les vignes","publisher":{"@id":"https:\/\/www.mesvendanges.com\/en\/#organization"},"potentialAction":[{"@type":"SearchAction","target":{"@type":"EntryPoint","urlTemplate":"https:\/\/www.mesvendanges.com\/en\/?s={search_term_string}"},"query-input":"required name=search_term_string"}],"inLanguage":"fr-FR"},{"@type":"WebPage","@id":"https:\/\/www.mesvendanges.com\/fr\/boutique\/vins\/la-combe-dorveau-clavelier-bruno-2013-75cl\/","url":"https:\/\/www.mesvendanges.com\/fr\/boutique\/vins\/la-combe-dorveau-clavelier-bruno-2013-75cl\/","name":"LA COMBE D'ORVEAU - Mes Vendanges","isPartOf":{"@id":"https:\/\/www.mesvendanges.com\/en\/#website"},"datePublished":"2022-08-02T11:52:55+00:00","dateModified":"2023-12-05T12:09:42+00:00","breadcrumb":{"@id":"https:\/\/www.mesvendanges.com\/fr\/boutique\/vins\/la-combe-dorveau-clavelier-bruno-2013-75cl\/#breadcrumb"},"inLanguage":"fr-FR","potentialAction":[{"@type":"ReadAction","target":["https:\/\/www.mesvendanges.com\/fr\/boutique\/vins\/la-combe-dorveau-clavelier-bruno-2013-75cl\/"]}]},{"@type":"BreadcrumbList","@id":"https:\/\/www.mesvendanges.com\/fr\/boutique\/vins\/la-combe-dorveau-clavelier-bruno-2013-75cl\/#breadcrumb","itemListElement":[{"@type":"ListItem","position":1,"name":"Accueil","item":"https:\/\/www.mesvendanges.com\/fr\/"},{"@type":"ListItem","position":2,"name":"Boutique","item":"https:\/\/www.mesvendanges.com\/fr\/boutique\/"},{"@type":"ListItem","position":3,"name":"LA COMBE D&#8217;ORVEAU"}]}]}},"_links":{"self":[{"href":"https:\/\/www.mesvendanges.com\/fr\/wp-json\/wp\/v2\/product\/38335"}],"collection":[{"href":"https:\/\/www.mesvendanges.com\/fr\/wp-json\/wp\/v2\/product"}],"about":[{"href":"https:\/\/www.mesvendanges.com\/fr\/wp-json\/wp\/v2\/types\/product"}],"wp:attachment":[{"href":"https:\/\/www.mesvendanges.com\/fr\/wp-json\/wp\/v2\/media?parent=38335"}],"wp:term":[{"taxonomy":"product_cat","embeddable":true,"href":"https:\/\/www.mesvendanges.com\/fr\/wp-json\/wp\/v2\/product_cat?post=38335"},{"taxonomy":"product_tag","embeddable":true,"href":"https:\/\/www.mesvendanges.com\/fr\/wp-json\/wp\/v2\/product_tag?post=38335"}],"curies":[{"name":"wp","href":"https:\/\/api.w.org\/{rel}","templated":true}]}}