{"id":38539,"date":"2022-08-02T13:57:43","date_gmt":"2022-08-02T11:57:43","guid":{"rendered":"https:\/\/www.mesvendanges.com\/shop\/non%20class\u00e9\/guilhem-gaucelm-en-magnum-3\/"},"modified":"2023-12-05T17:53:15","modified_gmt":"2023-12-05T16:53:15","slug":"guilhem-gaucelm-en-magnum-ermitage-pic-saint-loup-2013-150cl","status":"publish","type":"product","link":"https:\/\/www.mesvendanges.com\/fr\/boutique\/vins\/guilhem-gaucelm-en-magnum-ermitage-pic-saint-loup-2013-150cl\/","title":{"rendered":"GUILHEM GAUCELM en MAGNUM"},"content":{"rendered":"<div>La couleur est limpide et soutenue. Le nez est intense sur des notes de cuir,&nbsp;d&#8217;\u00e9pice douce, de tabac. Il \u00e9volue sur des notes de garrigue, fruit rouge,&nbsp;eucalyptus, cannelle. On retrouve en bouche les \u00e9pices douces, la cannelle.&nbsp;<\/div>\n<div>L&#8217;attaque est pleine, riche.&nbsp;&nbsp;Apog\u00e9e : 2016-2020<\/div>\n<div><\/div>\n<div>Typicit\u00e9 du sol : Argilo-calcaire datant du quaternaire<\/div>\n<div>&nbsp; Galets roul\u00e9s, Sol filtrant.<\/div>\n<div>Rendements : Entre 10 et 20Hl \/ Hectare.<\/div>\n<div>Vinification : M\u00e9thode traditionnelle, Pigeage<\/div>\n<div>&nbsp; Elevage en f\u00fbt de ch\u00eane de 24 \u00e0 30 Mois.<\/div>\n<div>Assemblages : 50% Syrah<\/div>\n<div>&nbsp; 50% Grenache (vieilles vignes de 85 ans en gobelets)<\/div>\n","protected":false},"excerpt":{"rendered":"<p>La couleur est limpide et soutenue. Le nez est intense sur des notes de cuir,&nbsp;d&#8217;\u00e9pice douce, de tabac. Il \u00e9volue sur des notes de garrigue, fruit rouge,&nbsp;eucalyptus, cannelle. On retrouve en bouche les \u00e9pices douces, la cannelle.&nbsp; L&#8217;attaque est pleine, riche.&nbsp;&nbsp;Apog\u00e9e : 2016-2020 Typicit\u00e9 du sol : Argilo-calcaire datant du quaternaire &nbsp; Galets roul\u00e9s, Sol [&hellip;]<\/p>\n","protected":false},"featured_media":0,"template":"","meta":[],"product_cat":[3736],"product_tag":[],"acf":[],"yoast_head":"<!-- This site is optimized with the Yoast SEO plugin v19.3 - https:\/\/yoast.com\/wordpress\/plugins\/seo\/ -->\n<title>GUILHEM GAUCELM en MAGNUM - Mes Vendanges<\/title>\n<meta name=\"robots\" content=\"index, follow, max-snippet:-1, max-image-preview:large, max-video-preview:-1\" \/>\n<link rel=\"canonical\" href=\"https:\/\/www.mesvendanges.com\/fr\/boutique\/vins\/guilhem-gaucelm-en-magnum-ermitage-pic-saint-loup-2013-150cl\/\" \/>\n<meta property=\"og:locale\" content=\"fr_FR\" \/>\n<meta property=\"og:type\" content=\"article\" \/>\n<meta property=\"og:title\" content=\"GUILHEM GAUCELM en MAGNUM - Mes Vendanges\" \/>\n<meta property=\"og:description\" content=\"La couleur est limpide et soutenue. Le nez est intense sur des notes de cuir,&nbsp;d&#8217;\u00e9pice douce, de tabac. Il \u00e9volue sur des notes de garrigue, fruit rouge,&nbsp;eucalyptus, cannelle. On retrouve en bouche les \u00e9pices douces, la cannelle.&nbsp; L&#8217;attaque est pleine, riche.&nbsp;&nbsp;Apog\u00e9e : 2016-2020 Typicit\u00e9 du sol : Argilo-calcaire datant du quaternaire &nbsp; Galets roul\u00e9s, Sol [&hellip;]\" \/>\n<meta property=\"og:url\" content=\"https:\/\/www.mesvendanges.com\/fr\/boutique\/vins\/guilhem-gaucelm-en-magnum-ermitage-pic-saint-loup-2013-150cl\/\" \/>\n<meta property=\"og:site_name\" content=\"Mes Vendanges\" \/>\n<meta property=\"article:modified_time\" content=\"2023-12-05T16:53:15+00:00\" \/>\n<meta name=\"twitter:card\" content=\"summary_large_image\" \/>\n<script type=\"application\/ld+json\" class=\"yoast-schema-graph\">{\"@context\":\"https:\/\/schema.org\",\"@graph\":[{\"@type\":\"Organization\",\"@id\":\"https:\/\/www.mesvendanges.com\/en\/#organization\",\"name\":\"Mes Vendanges\",\"url\":\"https:\/\/www.mesvendanges.com\/en\/\",\"sameAs\":[],\"logo\":{\"@type\":\"ImageObject\",\"inLanguage\":\"fr-FR\",\"@id\":\"https:\/\/www.mesvendanges.com\/en\/#\/schema\/logo\/image\/\",\"url\":\"https:\/\/www.mesvendanges.com\/wp-content\/uploads\/2022\/02\/logo-mesvendanges.jpg\",\"contentUrl\":\"https:\/\/www.mesvendanges.com\/wp-content\/uploads\/2022\/02\/logo-mesvendanges.jpg\",\"width\":851,\"height\":260,\"caption\":\"Mes Vendanges\"},\"image\":{\"@id\":\"https:\/\/www.mesvendanges.com\/en\/#\/schema\/logo\/image\/\"}},{\"@type\":\"WebSite\",\"@id\":\"https:\/\/www.mesvendanges.com\/en\/#website\",\"url\":\"https:\/\/www.mesvendanges.com\/en\/\",\"name\":\"Mes Vendanges\",\"description\":\"Des journ\u00e9es enti\u00e8res dans les vignes\",\"publisher\":{\"@id\":\"https:\/\/www.mesvendanges.com\/en\/#organization\"},\"potentialAction\":[{\"@type\":\"SearchAction\",\"target\":{\"@type\":\"EntryPoint\",\"urlTemplate\":\"https:\/\/www.mesvendanges.com\/en\/?s={search_term_string}\"},\"query-input\":\"required name=search_term_string\"}],\"inLanguage\":\"fr-FR\"},{\"@type\":\"WebPage\",\"@id\":\"https:\/\/www.mesvendanges.com\/fr\/boutique\/vins\/guilhem-gaucelm-en-magnum-ermitage-pic-saint-loup-2013-150cl\/\",\"url\":\"https:\/\/www.mesvendanges.com\/fr\/boutique\/vins\/guilhem-gaucelm-en-magnum-ermitage-pic-saint-loup-2013-150cl\/\",\"name\":\"GUILHEM GAUCELM en MAGNUM - Mes Vendanges\",\"isPartOf\":{\"@id\":\"https:\/\/www.mesvendanges.com\/en\/#website\"},\"datePublished\":\"2022-08-02T11:57:43+00:00\",\"dateModified\":\"2023-12-05T16:53:15+00:00\",\"breadcrumb\":{\"@id\":\"https:\/\/www.mesvendanges.com\/fr\/boutique\/vins\/guilhem-gaucelm-en-magnum-ermitage-pic-saint-loup-2013-150cl\/#breadcrumb\"},\"inLanguage\":\"fr-FR\",\"potentialAction\":[{\"@type\":\"ReadAction\",\"target\":[\"https:\/\/www.mesvendanges.com\/fr\/boutique\/vins\/guilhem-gaucelm-en-magnum-ermitage-pic-saint-loup-2013-150cl\/\"]}]},{\"@type\":\"BreadcrumbList\",\"@id\":\"https:\/\/www.mesvendanges.com\/fr\/boutique\/vins\/guilhem-gaucelm-en-magnum-ermitage-pic-saint-loup-2013-150cl\/#breadcrumb\",\"itemListElement\":[{\"@type\":\"ListItem\",\"position\":1,\"name\":\"Accueil\",\"item\":\"https:\/\/www.mesvendanges.com\/fr\/\"},{\"@type\":\"ListItem\",\"position\":2,\"name\":\"Boutique\",\"item\":\"https:\/\/www.mesvendanges.com\/fr\/boutique\/\"},{\"@type\":\"ListItem\",\"position\":3,\"name\":\"GUILHEM GAUCELM en MAGNUM\"}]}]}<\/script>\n<!-- \/ Yoast SEO plugin. -->","yoast_head_json":{"title":"GUILHEM GAUCELM en MAGNUM - Mes Vendanges","robots":{"index":"index","follow":"follow","max-snippet":"max-snippet:-1","max-image-preview":"max-image-preview:large","max-video-preview":"max-video-preview:-1"},"canonical":"https:\/\/www.mesvendanges.com\/fr\/boutique\/vins\/guilhem-gaucelm-en-magnum-ermitage-pic-saint-loup-2013-150cl\/","og_locale":"fr_FR","og_type":"article","og_title":"GUILHEM GAUCELM en MAGNUM - Mes Vendanges","og_description":"La couleur est limpide et soutenue. Le nez est intense sur des notes de cuir,&nbsp;d&#8217;\u00e9pice douce, de tabac. Il \u00e9volue sur des notes de garrigue, fruit rouge,&nbsp;eucalyptus, cannelle. On retrouve en bouche les \u00e9pices douces, la cannelle.&nbsp; L&#8217;attaque est pleine, riche.&nbsp;&nbsp;Apog\u00e9e : 2016-2020 Typicit\u00e9 du sol : Argilo-calcaire datant du quaternaire &nbsp; Galets roul\u00e9s, Sol [&hellip;]","og_url":"https:\/\/www.mesvendanges.com\/fr\/boutique\/vins\/guilhem-gaucelm-en-magnum-ermitage-pic-saint-loup-2013-150cl\/","og_site_name":"Mes Vendanges","article_modified_time":"2023-12-05T16:53:15+00:00","twitter_card":"summary_large_image","schema":{"@context":"https:\/\/schema.org","@graph":[{"@type":"Organization","@id":"https:\/\/www.mesvendanges.com\/en\/#organization","name":"Mes Vendanges","url":"https:\/\/www.mesvendanges.com\/en\/","sameAs":[],"logo":{"@type":"ImageObject","inLanguage":"fr-FR","@id":"https:\/\/www.mesvendanges.com\/en\/#\/schema\/logo\/image\/","url":"https:\/\/www.mesvendanges.com\/wp-content\/uploads\/2022\/02\/logo-mesvendanges.jpg","contentUrl":"https:\/\/www.mesvendanges.com\/wp-content\/uploads\/2022\/02\/logo-mesvendanges.jpg","width":851,"height":260,"caption":"Mes Vendanges"},"image":{"@id":"https:\/\/www.mesvendanges.com\/en\/#\/schema\/logo\/image\/"}},{"@type":"WebSite","@id":"https:\/\/www.mesvendanges.com\/en\/#website","url":"https:\/\/www.mesvendanges.com\/en\/","name":"Mes Vendanges","description":"Des journ\u00e9es enti\u00e8res dans les vignes","publisher":{"@id":"https:\/\/www.mesvendanges.com\/en\/#organization"},"potentialAction":[{"@type":"SearchAction","target":{"@type":"EntryPoint","urlTemplate":"https:\/\/www.mesvendanges.com\/en\/?s={search_term_string}"},"query-input":"required name=search_term_string"}],"inLanguage":"fr-FR"},{"@type":"WebPage","@id":"https:\/\/www.mesvendanges.com\/fr\/boutique\/vins\/guilhem-gaucelm-en-magnum-ermitage-pic-saint-loup-2013-150cl\/","url":"https:\/\/www.mesvendanges.com\/fr\/boutique\/vins\/guilhem-gaucelm-en-magnum-ermitage-pic-saint-loup-2013-150cl\/","name":"GUILHEM GAUCELM en MAGNUM - Mes Vendanges","isPartOf":{"@id":"https:\/\/www.mesvendanges.com\/en\/#website"},"datePublished":"2022-08-02T11:57:43+00:00","dateModified":"2023-12-05T16:53:15+00:00","breadcrumb":{"@id":"https:\/\/www.mesvendanges.com\/fr\/boutique\/vins\/guilhem-gaucelm-en-magnum-ermitage-pic-saint-loup-2013-150cl\/#breadcrumb"},"inLanguage":"fr-FR","potentialAction":[{"@type":"ReadAction","target":["https:\/\/www.mesvendanges.com\/fr\/boutique\/vins\/guilhem-gaucelm-en-magnum-ermitage-pic-saint-loup-2013-150cl\/"]}]},{"@type":"BreadcrumbList","@id":"https:\/\/www.mesvendanges.com\/fr\/boutique\/vins\/guilhem-gaucelm-en-magnum-ermitage-pic-saint-loup-2013-150cl\/#breadcrumb","itemListElement":[{"@type":"ListItem","position":1,"name":"Accueil","item":"https:\/\/www.mesvendanges.com\/fr\/"},{"@type":"ListItem","position":2,"name":"Boutique","item":"https:\/\/www.mesvendanges.com\/fr\/boutique\/"},{"@type":"ListItem","position":3,"name":"GUILHEM GAUCELM en MAGNUM"}]}]}},"_links":{"self":[{"href":"https:\/\/www.mesvendanges.com\/fr\/wp-json\/wp\/v2\/product\/38539"}],"collection":[{"href":"https:\/\/www.mesvendanges.com\/fr\/wp-json\/wp\/v2\/product"}],"about":[{"href":"https:\/\/www.mesvendanges.com\/fr\/wp-json\/wp\/v2\/types\/product"}],"wp:attachment":[{"href":"https:\/\/www.mesvendanges.com\/fr\/wp-json\/wp\/v2\/media?parent=38539"}],"wp:term":[{"taxonomy":"product_cat","embeddable":true,"href":"https:\/\/www.mesvendanges.com\/fr\/wp-json\/wp\/v2\/product_cat?post=38539"},{"taxonomy":"product_tag","embeddable":true,"href":"https:\/\/www.mesvendanges.com\/fr\/wp-json\/wp\/v2\/product_tag?post=38539"}],"curies":[{"name":"wp","href":"https:\/\/api.w.org\/{rel}","templated":true}]}}