{"id":38895,"date":"2022-08-02T14:05:44","date_gmt":"2022-08-02T12:05:44","guid":{"rendered":"https:\/\/www.mesvendanges.com\/shop\/non%20class\u00e9\/moulin-a-vent-7\/"},"modified":"2025-08-26T17:07:34","modified_gmt":"2025-08-26T15:07:34","slug":"moulin-a-vent-jules-desjourneys-2012-75cl","status":"publish","type":"product","link":"https:\/\/www.mesvendanges.com\/fr\/boutique\/vins\/moulin-a-vent-jules-desjourneys-2012-75cl\/","title":{"rendered":"MOULIN A VENT"},"content":{"rendered":"<p>Les vins de Fabien Duperray sont uniques en Beaujolais. Apr\u00e8s 20 ans \u00e0 sillonner la C\u00f4te de Nuits et la C\u00f4te de Beaune Fabien Duperray a fait le pas d&#8217;acheter des vignes et le pari de montrer que sur les grands terroirs du Beaujolais on peut faire des vins d&#8217;un niveau comparable aux plus crus bourguignons ou rhodaniens.&nbsp; La s\u00e9lection des parcelles fut intransigeante, le travail de la vigne mis au premier plan avec une culture en biodynamie, de tous petits rendements (inf\u00e9rieurs \u00e0 30hl\/ha) sur de tr\u00e8s vieilles vignes. Une vendange optimale, non \u00e9rafl\u00e9e, des fermentations toute en douceur sur levures indig\u00e8nes, puis un \u00e9levage long de 2 ans. Au final des vins marqu\u00e9s par le caillou, le granit, des vins sans aucun des ar\u00f4mes fermentaires du Beaujolais, mais sur une cerise, une griotte magnifique.<\/p>\n","protected":false},"excerpt":{"rendered":"<p>Les vins de Fabien Duperray sont uniques en Beaujolais. Apr\u00e8s 20 ans \u00e0 sillonner la C\u00f4te de Nuits et la C\u00f4te de Beaune Fabien Duperray a fait le pas d&#8217;acheter des vignes et le pari de montrer que sur les grands terroirs du Beaujolais on peut faire des vins d&#8217;un niveau comparable aux plus crus [&hellip;]<\/p>\n","protected":false},"featured_media":89013,"template":"","meta":[],"product_cat":[3736],"product_tag":[],"acf":[],"yoast_head":"<!-- This site is optimized with the Yoast SEO plugin v19.3 - https:\/\/yoast.com\/wordpress\/plugins\/seo\/ -->\n<title>MOULIN A VENT - Mes Vendanges<\/title>\n<meta name=\"robots\" content=\"index, follow, max-snippet:-1, max-image-preview:large, max-video-preview:-1\" \/>\n<link rel=\"canonical\" href=\"https:\/\/www.mesvendanges.com\/fr\/boutique\/vins\/moulin-a-vent-jules-desjourneys-2012-75cl\/\" \/>\n<meta property=\"og:locale\" content=\"fr_FR\" \/>\n<meta property=\"og:type\" content=\"article\" \/>\n<meta property=\"og:title\" content=\"MOULIN A VENT - Mes Vendanges\" \/>\n<meta property=\"og:description\" content=\"Les vins de Fabien Duperray sont uniques en Beaujolais. Apr\u00e8s 20 ans \u00e0 sillonner la C\u00f4te de Nuits et la C\u00f4te de Beaune Fabien Duperray a fait le pas d&#8217;acheter des vignes et le pari de montrer que sur les grands terroirs du Beaujolais on peut faire des vins d&#8217;un niveau comparable aux plus crus [&hellip;]\" \/>\n<meta property=\"og:url\" content=\"https:\/\/www.mesvendanges.com\/fr\/boutique\/vins\/moulin-a-vent-jules-desjourneys-2012-75cl\/\" \/>\n<meta property=\"og:site_name\" content=\"Mes Vendanges\" \/>\n<meta property=\"article:modified_time\" content=\"2025-08-26T15:07:34+00:00\" \/>\n<meta property=\"og:image\" content=\"https:\/\/www.mesvendanges.com\/wp-content\/uploads\/2025\/08\/jules-desjourneys-moulin-a-vent-2012-gamay-rouge-png.png\" \/>\n\t<meta property=\"og:image:width\" content=\"514\" \/>\n\t<meta property=\"og:image:height\" content=\"1500\" \/>\n\t<meta property=\"og:image:type\" content=\"image\/png\" \/>\n<meta name=\"twitter:card\" content=\"summary_large_image\" \/>\n<meta name=\"twitter:label1\" content=\"Dur\u00e9e de lecture estim\u00e9e\" \/>\n\t<meta name=\"twitter:data1\" content=\"1 minute\" \/>\n<script type=\"application\/ld+json\" class=\"yoast-schema-graph\">{\"@context\":\"https:\/\/schema.org\",\"@graph\":[{\"@type\":\"Organization\",\"@id\":\"https:\/\/www.mesvendanges.com\/en\/#organization\",\"name\":\"Mes Vendanges\",\"url\":\"https:\/\/www.mesvendanges.com\/en\/\",\"sameAs\":[],\"logo\":{\"@type\":\"ImageObject\",\"inLanguage\":\"fr-FR\",\"@id\":\"https:\/\/www.mesvendanges.com\/en\/#\/schema\/logo\/image\/\",\"url\":\"https:\/\/www.mesvendanges.com\/wp-content\/uploads\/2022\/02\/logo-mesvendanges.jpg\",\"contentUrl\":\"https:\/\/www.mesvendanges.com\/wp-content\/uploads\/2022\/02\/logo-mesvendanges.jpg\",\"width\":851,\"height\":260,\"caption\":\"Mes Vendanges\"},\"image\":{\"@id\":\"https:\/\/www.mesvendanges.com\/en\/#\/schema\/logo\/image\/\"}},{\"@type\":\"WebSite\",\"@id\":\"https:\/\/www.mesvendanges.com\/en\/#website\",\"url\":\"https:\/\/www.mesvendanges.com\/en\/\",\"name\":\"Mes Vendanges\",\"description\":\"Des journ\u00e9es enti\u00e8res dans les vignes\",\"publisher\":{\"@id\":\"https:\/\/www.mesvendanges.com\/en\/#organization\"},\"potentialAction\":[{\"@type\":\"SearchAction\",\"target\":{\"@type\":\"EntryPoint\",\"urlTemplate\":\"https:\/\/www.mesvendanges.com\/en\/?s={search_term_string}\"},\"query-input\":\"required name=search_term_string\"}],\"inLanguage\":\"fr-FR\"},{\"@type\":\"ImageObject\",\"inLanguage\":\"fr-FR\",\"@id\":\"https:\/\/www.mesvendanges.com\/fr\/boutique\/vins\/moulin-a-vent-jules-desjourneys-2012-75cl\/#primaryimage\",\"url\":\"https:\/\/www.mesvendanges.com\/wp-content\/uploads\/2025\/08\/jules-desjourneys-moulin-a-vent-2012-gamay-rouge-png.png\",\"contentUrl\":\"https:\/\/www.mesvendanges.com\/wp-content\/uploads\/2025\/08\/jules-desjourneys-moulin-a-vent-2012-gamay-rouge-png.png\",\"width\":514,\"height\":1500},{\"@type\":\"WebPage\",\"@id\":\"https:\/\/www.mesvendanges.com\/fr\/boutique\/vins\/moulin-a-vent-jules-desjourneys-2012-75cl\/\",\"url\":\"https:\/\/www.mesvendanges.com\/fr\/boutique\/vins\/moulin-a-vent-jules-desjourneys-2012-75cl\/\",\"name\":\"MOULIN A VENT - Mes Vendanges\",\"isPartOf\":{\"@id\":\"https:\/\/www.mesvendanges.com\/en\/#website\"},\"primaryImageOfPage\":{\"@id\":\"https:\/\/www.mesvendanges.com\/fr\/boutique\/vins\/moulin-a-vent-jules-desjourneys-2012-75cl\/#primaryimage\"},\"datePublished\":\"2022-08-02T12:05:44+00:00\",\"dateModified\":\"2025-08-26T15:07:34+00:00\",\"breadcrumb\":{\"@id\":\"https:\/\/www.mesvendanges.com\/fr\/boutique\/vins\/moulin-a-vent-jules-desjourneys-2012-75cl\/#breadcrumb\"},\"inLanguage\":\"fr-FR\",\"potentialAction\":[{\"@type\":\"ReadAction\",\"target\":[\"https:\/\/www.mesvendanges.com\/fr\/boutique\/vins\/moulin-a-vent-jules-desjourneys-2012-75cl\/\"]}]},{\"@type\":\"BreadcrumbList\",\"@id\":\"https:\/\/www.mesvendanges.com\/fr\/boutique\/vins\/moulin-a-vent-jules-desjourneys-2012-75cl\/#breadcrumb\",\"itemListElement\":[{\"@type\":\"ListItem\",\"position\":1,\"name\":\"Accueil\",\"item\":\"https:\/\/www.mesvendanges.com\/fr\/\"},{\"@type\":\"ListItem\",\"position\":2,\"name\":\"Boutique\",\"item\":\"https:\/\/www.mesvendanges.com\/fr\/boutique\/\"},{\"@type\":\"ListItem\",\"position\":3,\"name\":\"MOULIN A VENT\"}]}]}<\/script>\n<!-- \/ Yoast SEO plugin. -->","yoast_head_json":{"title":"MOULIN A VENT - Mes Vendanges","robots":{"index":"index","follow":"follow","max-snippet":"max-snippet:-1","max-image-preview":"max-image-preview:large","max-video-preview":"max-video-preview:-1"},"canonical":"https:\/\/www.mesvendanges.com\/fr\/boutique\/vins\/moulin-a-vent-jules-desjourneys-2012-75cl\/","og_locale":"fr_FR","og_type":"article","og_title":"MOULIN A VENT - Mes Vendanges","og_description":"Les vins de Fabien Duperray sont uniques en Beaujolais. Apr\u00e8s 20 ans \u00e0 sillonner la C\u00f4te de Nuits et la C\u00f4te de Beaune Fabien Duperray a fait le pas d&#8217;acheter des vignes et le pari de montrer que sur les grands terroirs du Beaujolais on peut faire des vins d&#8217;un niveau comparable aux plus crus [&hellip;]","og_url":"https:\/\/www.mesvendanges.com\/fr\/boutique\/vins\/moulin-a-vent-jules-desjourneys-2012-75cl\/","og_site_name":"Mes Vendanges","article_modified_time":"2025-08-26T15:07:34+00:00","og_image":[{"width":514,"height":1500,"url":"https:\/\/www.mesvendanges.com\/wp-content\/uploads\/2025\/08\/jules-desjourneys-moulin-a-vent-2012-gamay-rouge-png.png","type":"image\/png"}],"twitter_card":"summary_large_image","twitter_misc":{"Dur\u00e9e de lecture estim\u00e9e":"1 minute"},"schema":{"@context":"https:\/\/schema.org","@graph":[{"@type":"Organization","@id":"https:\/\/www.mesvendanges.com\/en\/#organization","name":"Mes Vendanges","url":"https:\/\/www.mesvendanges.com\/en\/","sameAs":[],"logo":{"@type":"ImageObject","inLanguage":"fr-FR","@id":"https:\/\/www.mesvendanges.com\/en\/#\/schema\/logo\/image\/","url":"https:\/\/www.mesvendanges.com\/wp-content\/uploads\/2022\/02\/logo-mesvendanges.jpg","contentUrl":"https:\/\/www.mesvendanges.com\/wp-content\/uploads\/2022\/02\/logo-mesvendanges.jpg","width":851,"height":260,"caption":"Mes Vendanges"},"image":{"@id":"https:\/\/www.mesvendanges.com\/en\/#\/schema\/logo\/image\/"}},{"@type":"WebSite","@id":"https:\/\/www.mesvendanges.com\/en\/#website","url":"https:\/\/www.mesvendanges.com\/en\/","name":"Mes Vendanges","description":"Des journ\u00e9es enti\u00e8res dans les vignes","publisher":{"@id":"https:\/\/www.mesvendanges.com\/en\/#organization"},"potentialAction":[{"@type":"SearchAction","target":{"@type":"EntryPoint","urlTemplate":"https:\/\/www.mesvendanges.com\/en\/?s={search_term_string}"},"query-input":"required name=search_term_string"}],"inLanguage":"fr-FR"},{"@type":"ImageObject","inLanguage":"fr-FR","@id":"https:\/\/www.mesvendanges.com\/fr\/boutique\/vins\/moulin-a-vent-jules-desjourneys-2012-75cl\/#primaryimage","url":"https:\/\/www.mesvendanges.com\/wp-content\/uploads\/2025\/08\/jules-desjourneys-moulin-a-vent-2012-gamay-rouge-png.png","contentUrl":"https:\/\/www.mesvendanges.com\/wp-content\/uploads\/2025\/08\/jules-desjourneys-moulin-a-vent-2012-gamay-rouge-png.png","width":514,"height":1500},{"@type":"WebPage","@id":"https:\/\/www.mesvendanges.com\/fr\/boutique\/vins\/moulin-a-vent-jules-desjourneys-2012-75cl\/","url":"https:\/\/www.mesvendanges.com\/fr\/boutique\/vins\/moulin-a-vent-jules-desjourneys-2012-75cl\/","name":"MOULIN A VENT - Mes Vendanges","isPartOf":{"@id":"https:\/\/www.mesvendanges.com\/en\/#website"},"primaryImageOfPage":{"@id":"https:\/\/www.mesvendanges.com\/fr\/boutique\/vins\/moulin-a-vent-jules-desjourneys-2012-75cl\/#primaryimage"},"datePublished":"2022-08-02T12:05:44+00:00","dateModified":"2025-08-26T15:07:34+00:00","breadcrumb":{"@id":"https:\/\/www.mesvendanges.com\/fr\/boutique\/vins\/moulin-a-vent-jules-desjourneys-2012-75cl\/#breadcrumb"},"inLanguage":"fr-FR","potentialAction":[{"@type":"ReadAction","target":["https:\/\/www.mesvendanges.com\/fr\/boutique\/vins\/moulin-a-vent-jules-desjourneys-2012-75cl\/"]}]},{"@type":"BreadcrumbList","@id":"https:\/\/www.mesvendanges.com\/fr\/boutique\/vins\/moulin-a-vent-jules-desjourneys-2012-75cl\/#breadcrumb","itemListElement":[{"@type":"ListItem","position":1,"name":"Accueil","item":"https:\/\/www.mesvendanges.com\/fr\/"},{"@type":"ListItem","position":2,"name":"Boutique","item":"https:\/\/www.mesvendanges.com\/fr\/boutique\/"},{"@type":"ListItem","position":3,"name":"MOULIN A VENT"}]}]}},"_links":{"self":[{"href":"https:\/\/www.mesvendanges.com\/fr\/wp-json\/wp\/v2\/product\/38895"}],"collection":[{"href":"https:\/\/www.mesvendanges.com\/fr\/wp-json\/wp\/v2\/product"}],"about":[{"href":"https:\/\/www.mesvendanges.com\/fr\/wp-json\/wp\/v2\/types\/product"}],"wp:featuredmedia":[{"embeddable":true,"href":"https:\/\/www.mesvendanges.com\/fr\/wp-json\/wp\/v2\/media\/89013"}],"wp:attachment":[{"href":"https:\/\/www.mesvendanges.com\/fr\/wp-json\/wp\/v2\/media?parent=38895"}],"wp:term":[{"taxonomy":"product_cat","embeddable":true,"href":"https:\/\/www.mesvendanges.com\/fr\/wp-json\/wp\/v2\/product_cat?post=38895"},{"taxonomy":"product_tag","embeddable":true,"href":"https:\/\/www.mesvendanges.com\/fr\/wp-json\/wp\/v2\/product_tag?post=38895"}],"curies":[{"name":"wp","href":"https:\/\/api.w.org\/{rel}","templated":true}]}}