{"id":38925,"date":"2022-08-02T14:06:30","date_gmt":"2022-08-02T12:06:30","guid":{"rendered":"https:\/\/www.mesvendanges.com\/shop\/non%20class\u00e9\/robola-de-cephalonie-3\/"},"modified":"2023-12-06T05:34:59","modified_gmt":"2023-12-06T04:34:59","slug":"robola-de-cephalonie-sclavos-dne-2014-75cl","status":"publish","type":"product","link":"https:\/\/www.mesvendanges.com\/fr\/boutique\/vins\/robola-de-cephalonie-sclavos-dne-2014-75cl\/","title":{"rendered":"ROBOLA DE CEPHALONIE"},"content":{"rendered":"<p>Domaine en agriculture biologique <\/p>\n<table dir=\"ltr\" width=\"524\" cellspacing=\"0\" cellpadding=\"7\" border=\"1\">\n<tbody>\n<tr>\n<td width=\"50%\" valign=\"top\" height=\"5\"><font size=\"1\"> <\/font><\/p>\n<p><font size=\"1\">C\u00e9page <\/font><\/p>\n<\/td>\n<td width=\"50%\" valign=\"top\" height=\"5\"><font size=\"1\"> <\/font><\/p>\n<p><font size=\"1\">Robola en franc de pied <\/font><\/p>\n<\/td>\n<\/tr>\n<tr>\n<td width=\"50%\" valign=\"top\" height=\"5\"><font size=\"1\"> <\/font><\/p>\n<p><font size=\"1\">R\u00e9gion <\/font><\/p>\n<\/td>\n<td width=\"50%\" valign=\"top\" height=\"5\"><font size=\"1\"> <\/font><\/p>\n<p><font size=\"1\">Ile de C\u00e9phalonie, mer ionienne <\/font><\/p>\n<\/td>\n<\/tr>\n<tr>\n<td width=\"50%\" valign=\"top\" height=\"5\"><font size=\"1\"> <\/font><\/p>\n<p><font size=\"1\">Elevage <\/font><\/p>\n<\/td>\n<td width=\"50%\" valign=\"top\" height=\"5\"><font size=\"1\"> <\/font><\/p>\n<p><font size=\"1\">\u00c9levage en cuve pendant 6 mois, culture biologique <\/font><\/p>\n<\/td>\n<\/tr>\n<tr>\n<td width=\"50%\" valign=\"top\" height=\"5\"><font size=\"1\"> <\/font><\/p>\n<p><font size=\"1\">G\u00e9ologie <\/font><\/p>\n<\/td>\n<td width=\"50%\" valign=\"top\" height=\"5\"><font size=\"1\"> <\/font><\/p>\n<p><font size=\"1\">Sol de cailloux calcaires, roche m\u00e8re craie calcaire <\/font><\/p>\n<\/td>\n<\/tr>\n<tr>\n<td width=\"50%\" valign=\"top\" height=\"26\"><font size=\"1\"> <\/font><\/p>\n<p><font size=\"1\">Caract\u00e9ristiques organoleptiques <\/font><\/p>\n<\/td>\n<td width=\"50%\" valign=\"top\" height=\"26\"><font size=\"1\"> <\/p>\n<p>Expression sur un nez fum\u00e9 et min\u00e9ral, pr\u00e9sente ensuite des ar\u00f4mes de truffe blanche, d\u2019herbes s\u00e8ches, du floral frais et du th\u00e9. <\/p>\n<p><\/font><\/p>\n<p><font size=\"1\">Mati\u00e8re puissante, dot\u00e9e d\u2019une belle amertume, min\u00e9ralit\u00e9 avec des notes d\u2019herbes de montagne, de liqueur, le tout dans un contexte salin et iod\u00e9. <\/font><\/p>\n<\/td>\n<\/tr>\n<tr>\n<td width=\"50%\" valign=\"top\" height=\"12\"><font size=\"1\"> <\/font><\/p>\n<p><font size=\"1\">Accompagnement <\/font><\/p>\n<\/td>\n<td width=\"50%\" valign=\"top\" height=\"12\"><font size=\"1\"> <\/p>\n<p>Fruits de mer (surtout des coquillages) et plats de volailles et veau. <\/p>\n<p><\/font><\/p>\n<p><font size=\"1\">Poissons gras iod\u00e9s, fromages cr\u00e9meux <\/font><\/p>\n<\/td>\n<\/tr>\n<\/tbody>\n<\/table>\n","protected":false},"excerpt":{"rendered":"<p>Domaine en agriculture biologique C\u00e9page Robola en franc de pied R\u00e9gion Ile de C\u00e9phalonie, mer ionienne Elevage \u00c9levage en cuve pendant 6 mois, culture biologique G\u00e9ologie Sol de cailloux calcaires, roche m\u00e8re craie calcaire Caract\u00e9ristiques organoleptiques Expression sur un nez fum\u00e9 et min\u00e9ral, pr\u00e9sente ensuite des ar\u00f4mes de truffe blanche, d\u2019herbes s\u00e8ches, du floral frais [&hellip;]<\/p>\n","protected":false},"featured_media":0,"template":"","meta":[],"product_cat":[3736],"product_tag":[],"acf":[],"yoast_head":"<!-- This site is optimized with the Yoast SEO plugin v19.3 - https:\/\/yoast.com\/wordpress\/plugins\/seo\/ -->\n<title>ROBOLA DE CEPHALONIE - Mes Vendanges<\/title>\n<meta name=\"robots\" content=\"index, follow, max-snippet:-1, max-image-preview:large, max-video-preview:-1\" \/>\n<link rel=\"canonical\" href=\"https:\/\/www.mesvendanges.com\/fr\/boutique\/vins\/robola-de-cephalonie-sclavos-dne-2014-75cl\/\" \/>\n<meta property=\"og:locale\" content=\"fr_FR\" \/>\n<meta property=\"og:type\" content=\"article\" \/>\n<meta property=\"og:title\" content=\"ROBOLA DE CEPHALONIE - Mes Vendanges\" \/>\n<meta property=\"og:description\" content=\"Domaine en agriculture biologique C\u00e9page Robola en franc de pied R\u00e9gion Ile de C\u00e9phalonie, mer ionienne Elevage \u00c9levage en cuve pendant 6 mois, culture biologique G\u00e9ologie Sol de cailloux calcaires, roche m\u00e8re craie calcaire Caract\u00e9ristiques organoleptiques Expression sur un nez fum\u00e9 et min\u00e9ral, pr\u00e9sente ensuite des ar\u00f4mes de truffe blanche, d\u2019herbes s\u00e8ches, du floral frais [&hellip;]\" \/>\n<meta property=\"og:url\" content=\"https:\/\/www.mesvendanges.com\/fr\/boutique\/vins\/robola-de-cephalonie-sclavos-dne-2014-75cl\/\" \/>\n<meta property=\"og:site_name\" content=\"Mes Vendanges\" \/>\n<meta property=\"article:modified_time\" content=\"2023-12-06T04:34:59+00:00\" \/>\n<meta name=\"twitter:card\" content=\"summary_large_image\" \/>\n<meta name=\"twitter:label1\" content=\"Dur\u00e9e de lecture estim\u00e9e\" \/>\n\t<meta name=\"twitter:data1\" content=\"1 minute\" \/>\n<script type=\"application\/ld+json\" class=\"yoast-schema-graph\">{\"@context\":\"https:\/\/schema.org\",\"@graph\":[{\"@type\":\"Organization\",\"@id\":\"https:\/\/www.mesvendanges.com\/en\/#organization\",\"name\":\"Mes Vendanges\",\"url\":\"https:\/\/www.mesvendanges.com\/en\/\",\"sameAs\":[],\"logo\":{\"@type\":\"ImageObject\",\"inLanguage\":\"fr-FR\",\"@id\":\"https:\/\/www.mesvendanges.com\/en\/#\/schema\/logo\/image\/\",\"url\":\"https:\/\/www.mesvendanges.com\/wp-content\/uploads\/2022\/02\/logo-mesvendanges.jpg\",\"contentUrl\":\"https:\/\/www.mesvendanges.com\/wp-content\/uploads\/2022\/02\/logo-mesvendanges.jpg\",\"width\":851,\"height\":260,\"caption\":\"Mes Vendanges\"},\"image\":{\"@id\":\"https:\/\/www.mesvendanges.com\/en\/#\/schema\/logo\/image\/\"}},{\"@type\":\"WebSite\",\"@id\":\"https:\/\/www.mesvendanges.com\/en\/#website\",\"url\":\"https:\/\/www.mesvendanges.com\/en\/\",\"name\":\"Mes Vendanges\",\"description\":\"Des journ\u00e9es enti\u00e8res dans les vignes\",\"publisher\":{\"@id\":\"https:\/\/www.mesvendanges.com\/en\/#organization\"},\"potentialAction\":[{\"@type\":\"SearchAction\",\"target\":{\"@type\":\"EntryPoint\",\"urlTemplate\":\"https:\/\/www.mesvendanges.com\/en\/?s={search_term_string}\"},\"query-input\":\"required name=search_term_string\"}],\"inLanguage\":\"fr-FR\"},{\"@type\":\"WebPage\",\"@id\":\"https:\/\/www.mesvendanges.com\/fr\/boutique\/vins\/robola-de-cephalonie-sclavos-dne-2014-75cl\/\",\"url\":\"https:\/\/www.mesvendanges.com\/fr\/boutique\/vins\/robola-de-cephalonie-sclavos-dne-2014-75cl\/\",\"name\":\"ROBOLA DE CEPHALONIE - Mes Vendanges\",\"isPartOf\":{\"@id\":\"https:\/\/www.mesvendanges.com\/en\/#website\"},\"datePublished\":\"2022-08-02T12:06:30+00:00\",\"dateModified\":\"2023-12-06T04:34:59+00:00\",\"breadcrumb\":{\"@id\":\"https:\/\/www.mesvendanges.com\/fr\/boutique\/vins\/robola-de-cephalonie-sclavos-dne-2014-75cl\/#breadcrumb\"},\"inLanguage\":\"fr-FR\",\"potentialAction\":[{\"@type\":\"ReadAction\",\"target\":[\"https:\/\/www.mesvendanges.com\/fr\/boutique\/vins\/robola-de-cephalonie-sclavos-dne-2014-75cl\/\"]}]},{\"@type\":\"BreadcrumbList\",\"@id\":\"https:\/\/www.mesvendanges.com\/fr\/boutique\/vins\/robola-de-cephalonie-sclavos-dne-2014-75cl\/#breadcrumb\",\"itemListElement\":[{\"@type\":\"ListItem\",\"position\":1,\"name\":\"Accueil\",\"item\":\"https:\/\/www.mesvendanges.com\/fr\/\"},{\"@type\":\"ListItem\",\"position\":2,\"name\":\"Boutique\",\"item\":\"https:\/\/www.mesvendanges.com\/fr\/boutique\/\"},{\"@type\":\"ListItem\",\"position\":3,\"name\":\"ROBOLA DE CEPHALONIE\"}]}]}<\/script>\n<!-- \/ Yoast SEO plugin. -->","yoast_head_json":{"title":"ROBOLA DE CEPHALONIE - Mes Vendanges","robots":{"index":"index","follow":"follow","max-snippet":"max-snippet:-1","max-image-preview":"max-image-preview:large","max-video-preview":"max-video-preview:-1"},"canonical":"https:\/\/www.mesvendanges.com\/fr\/boutique\/vins\/robola-de-cephalonie-sclavos-dne-2014-75cl\/","og_locale":"fr_FR","og_type":"article","og_title":"ROBOLA DE CEPHALONIE - Mes Vendanges","og_description":"Domaine en agriculture biologique C\u00e9page Robola en franc de pied R\u00e9gion Ile de C\u00e9phalonie, mer ionienne Elevage \u00c9levage en cuve pendant 6 mois, culture biologique G\u00e9ologie Sol de cailloux calcaires, roche m\u00e8re craie calcaire Caract\u00e9ristiques organoleptiques Expression sur un nez fum\u00e9 et min\u00e9ral, pr\u00e9sente ensuite des ar\u00f4mes de truffe blanche, d\u2019herbes s\u00e8ches, du floral frais [&hellip;]","og_url":"https:\/\/www.mesvendanges.com\/fr\/boutique\/vins\/robola-de-cephalonie-sclavos-dne-2014-75cl\/","og_site_name":"Mes Vendanges","article_modified_time":"2023-12-06T04:34:59+00:00","twitter_card":"summary_large_image","twitter_misc":{"Dur\u00e9e de lecture estim\u00e9e":"1 minute"},"schema":{"@context":"https:\/\/schema.org","@graph":[{"@type":"Organization","@id":"https:\/\/www.mesvendanges.com\/en\/#organization","name":"Mes Vendanges","url":"https:\/\/www.mesvendanges.com\/en\/","sameAs":[],"logo":{"@type":"ImageObject","inLanguage":"fr-FR","@id":"https:\/\/www.mesvendanges.com\/en\/#\/schema\/logo\/image\/","url":"https:\/\/www.mesvendanges.com\/wp-content\/uploads\/2022\/02\/logo-mesvendanges.jpg","contentUrl":"https:\/\/www.mesvendanges.com\/wp-content\/uploads\/2022\/02\/logo-mesvendanges.jpg","width":851,"height":260,"caption":"Mes Vendanges"},"image":{"@id":"https:\/\/www.mesvendanges.com\/en\/#\/schema\/logo\/image\/"}},{"@type":"WebSite","@id":"https:\/\/www.mesvendanges.com\/en\/#website","url":"https:\/\/www.mesvendanges.com\/en\/","name":"Mes Vendanges","description":"Des journ\u00e9es enti\u00e8res dans les vignes","publisher":{"@id":"https:\/\/www.mesvendanges.com\/en\/#organization"},"potentialAction":[{"@type":"SearchAction","target":{"@type":"EntryPoint","urlTemplate":"https:\/\/www.mesvendanges.com\/en\/?s={search_term_string}"},"query-input":"required name=search_term_string"}],"inLanguage":"fr-FR"},{"@type":"WebPage","@id":"https:\/\/www.mesvendanges.com\/fr\/boutique\/vins\/robola-de-cephalonie-sclavos-dne-2014-75cl\/","url":"https:\/\/www.mesvendanges.com\/fr\/boutique\/vins\/robola-de-cephalonie-sclavos-dne-2014-75cl\/","name":"ROBOLA DE CEPHALONIE - Mes Vendanges","isPartOf":{"@id":"https:\/\/www.mesvendanges.com\/en\/#website"},"datePublished":"2022-08-02T12:06:30+00:00","dateModified":"2023-12-06T04:34:59+00:00","breadcrumb":{"@id":"https:\/\/www.mesvendanges.com\/fr\/boutique\/vins\/robola-de-cephalonie-sclavos-dne-2014-75cl\/#breadcrumb"},"inLanguage":"fr-FR","potentialAction":[{"@type":"ReadAction","target":["https:\/\/www.mesvendanges.com\/fr\/boutique\/vins\/robola-de-cephalonie-sclavos-dne-2014-75cl\/"]}]},{"@type":"BreadcrumbList","@id":"https:\/\/www.mesvendanges.com\/fr\/boutique\/vins\/robola-de-cephalonie-sclavos-dne-2014-75cl\/#breadcrumb","itemListElement":[{"@type":"ListItem","position":1,"name":"Accueil","item":"https:\/\/www.mesvendanges.com\/fr\/"},{"@type":"ListItem","position":2,"name":"Boutique","item":"https:\/\/www.mesvendanges.com\/fr\/boutique\/"},{"@type":"ListItem","position":3,"name":"ROBOLA DE CEPHALONIE"}]}]}},"_links":{"self":[{"href":"https:\/\/www.mesvendanges.com\/fr\/wp-json\/wp\/v2\/product\/38925"}],"collection":[{"href":"https:\/\/www.mesvendanges.com\/fr\/wp-json\/wp\/v2\/product"}],"about":[{"href":"https:\/\/www.mesvendanges.com\/fr\/wp-json\/wp\/v2\/types\/product"}],"wp:attachment":[{"href":"https:\/\/www.mesvendanges.com\/fr\/wp-json\/wp\/v2\/media?parent=38925"}],"wp:term":[{"taxonomy":"product_cat","embeddable":true,"href":"https:\/\/www.mesvendanges.com\/fr\/wp-json\/wp\/v2\/product_cat?post=38925"},{"taxonomy":"product_tag","embeddable":true,"href":"https:\/\/www.mesvendanges.com\/fr\/wp-json\/wp\/v2\/product_tag?post=38925"}],"curies":[{"name":"wp","href":"https:\/\/api.w.org\/{rel}","templated":true}]}}