{"id":38937,"date":"2022-08-02T14:06:49","date_gmt":"2022-08-02T12:06:49","guid":{"rendered":"https:\/\/www.mesvendanges.com\/shop\/non%20class\u00e9\/nykteri-magnum\/"},"modified":"2023-12-05T20:20:21","modified_gmt":"2023-12-05T19:20:21","slug":"nykteri-magnum-hatzidakis-dne-2014-150cl","status":"publish","type":"product","link":"https:\/\/www.mesvendanges.com\/fr\/boutique\/vins\/nykteri-magnum-hatzidakis-dne-2014-150cl\/","title":{"rendered":"NYKTERI MAGNUM"},"content":{"rendered":"<p>le Domaine Hatzidakys est en agriculture biologique C\u00e9page Assyrtiko s\u00e9lectionn\u00e9 de vieilles vignes R\u00e9gion : Ile de Santorin, mer Eg\u00e9e Elevage en cuve et barrique pendant 12 mois G\u00e9ologie :Sols volcaniques : Tuf, pierre ponce, lave noire. Roche m\u00e8re calcaire cristallin Caract\u00e9ristiques organoleptiques Nykteri est une d\u00e9nomination sp\u00e9cifique pour les vins d\u2019antan de Santorin. Nez riche et complexe sur des notes menthol\u00e9es et fruits jaunes compot\u00e9es. Impression tactile de peaux mac\u00e9r\u00e9es, amertume fraiche et salinit\u00e9. Fin de bouche : notes confites d\u2019agrumes et de poire apportent une l\u00e9g\u00e8re note sucr\u00e9e. Accompagnement Plats de viande rose et blanche, poissons gras (thon, espadon, bar), plats mijot\u00e9s (viande en sauce) Fromages \u00e0 p\u00e2te press\u00e9e (comt\u00e9, beaufort ou parmesan)<\/p>\n","protected":false},"excerpt":{"rendered":"<p>le Domaine Hatzidakys est en agriculture biologique C\u00e9page Assyrtiko s\u00e9lectionn\u00e9 de vieilles vignes R\u00e9gion : Ile de Santorin, mer Eg\u00e9e Elevage en cuve et barrique pendant 12 mois G\u00e9ologie :Sols volcaniques : Tuf, pierre ponce, lave noire. Roche m\u00e8re calcaire cristallin Caract\u00e9ristiques organoleptiques Nykteri est une d\u00e9nomination sp\u00e9cifique pour les vins d\u2019antan de Santorin. Nez [&hellip;]<\/p>\n","protected":false},"featured_media":0,"template":"","meta":[],"product_cat":[3736],"product_tag":[],"acf":[],"yoast_head":"<!-- This site is optimized with the Yoast SEO plugin v19.3 - https:\/\/yoast.com\/wordpress\/plugins\/seo\/ -->\n<title>NYKTERI MAGNUM - Mes Vendanges<\/title>\n<meta name=\"robots\" content=\"index, follow, max-snippet:-1, max-image-preview:large, max-video-preview:-1\" \/>\n<link rel=\"canonical\" href=\"https:\/\/www.mesvendanges.com\/fr\/boutique\/vins\/nykteri-magnum-hatzidakis-dne-2014-150cl\/\" \/>\n<meta property=\"og:locale\" content=\"fr_FR\" \/>\n<meta property=\"og:type\" content=\"article\" \/>\n<meta property=\"og:title\" content=\"NYKTERI MAGNUM - Mes Vendanges\" \/>\n<meta property=\"og:description\" content=\"le Domaine Hatzidakys est en agriculture biologique C\u00e9page Assyrtiko s\u00e9lectionn\u00e9 de vieilles vignes R\u00e9gion : Ile de Santorin, mer Eg\u00e9e Elevage en cuve et barrique pendant 12 mois G\u00e9ologie :Sols volcaniques : Tuf, pierre ponce, lave noire. Roche m\u00e8re calcaire cristallin Caract\u00e9ristiques organoleptiques Nykteri est une d\u00e9nomination sp\u00e9cifique pour les vins d\u2019antan de Santorin. Nez [&hellip;]\" \/>\n<meta property=\"og:url\" content=\"https:\/\/www.mesvendanges.com\/fr\/boutique\/vins\/nykteri-magnum-hatzidakis-dne-2014-150cl\/\" \/>\n<meta property=\"og:site_name\" content=\"Mes Vendanges\" \/>\n<meta property=\"article:modified_time\" content=\"2023-12-05T19:20:21+00:00\" \/>\n<meta name=\"twitter:card\" content=\"summary_large_image\" \/>\n<meta name=\"twitter:label1\" content=\"Dur\u00e9e de lecture estim\u00e9e\" \/>\n\t<meta name=\"twitter:data1\" content=\"1 minute\" \/>\n<script type=\"application\/ld+json\" class=\"yoast-schema-graph\">{\"@context\":\"https:\/\/schema.org\",\"@graph\":[{\"@type\":\"Organization\",\"@id\":\"https:\/\/www.mesvendanges.com\/en\/#organization\",\"name\":\"Mes Vendanges\",\"url\":\"https:\/\/www.mesvendanges.com\/en\/\",\"sameAs\":[],\"logo\":{\"@type\":\"ImageObject\",\"inLanguage\":\"fr-FR\",\"@id\":\"https:\/\/www.mesvendanges.com\/en\/#\/schema\/logo\/image\/\",\"url\":\"https:\/\/www.mesvendanges.com\/wp-content\/uploads\/2022\/02\/logo-mesvendanges.jpg\",\"contentUrl\":\"https:\/\/www.mesvendanges.com\/wp-content\/uploads\/2022\/02\/logo-mesvendanges.jpg\",\"width\":851,\"height\":260,\"caption\":\"Mes Vendanges\"},\"image\":{\"@id\":\"https:\/\/www.mesvendanges.com\/en\/#\/schema\/logo\/image\/\"}},{\"@type\":\"WebSite\",\"@id\":\"https:\/\/www.mesvendanges.com\/en\/#website\",\"url\":\"https:\/\/www.mesvendanges.com\/en\/\",\"name\":\"Mes Vendanges\",\"description\":\"Des journ\u00e9es enti\u00e8res dans les vignes\",\"publisher\":{\"@id\":\"https:\/\/www.mesvendanges.com\/en\/#organization\"},\"potentialAction\":[{\"@type\":\"SearchAction\",\"target\":{\"@type\":\"EntryPoint\",\"urlTemplate\":\"https:\/\/www.mesvendanges.com\/en\/?s={search_term_string}\"},\"query-input\":\"required name=search_term_string\"}],\"inLanguage\":\"fr-FR\"},{\"@type\":\"WebPage\",\"@id\":\"https:\/\/www.mesvendanges.com\/fr\/boutique\/vins\/nykteri-magnum-hatzidakis-dne-2014-150cl\/\",\"url\":\"https:\/\/www.mesvendanges.com\/fr\/boutique\/vins\/nykteri-magnum-hatzidakis-dne-2014-150cl\/\",\"name\":\"NYKTERI MAGNUM - Mes Vendanges\",\"isPartOf\":{\"@id\":\"https:\/\/www.mesvendanges.com\/en\/#website\"},\"datePublished\":\"2022-08-02T12:06:49+00:00\",\"dateModified\":\"2023-12-05T19:20:21+00:00\",\"breadcrumb\":{\"@id\":\"https:\/\/www.mesvendanges.com\/fr\/boutique\/vins\/nykteri-magnum-hatzidakis-dne-2014-150cl\/#breadcrumb\"},\"inLanguage\":\"fr-FR\",\"potentialAction\":[{\"@type\":\"ReadAction\",\"target\":[\"https:\/\/www.mesvendanges.com\/fr\/boutique\/vins\/nykteri-magnum-hatzidakis-dne-2014-150cl\/\"]}]},{\"@type\":\"BreadcrumbList\",\"@id\":\"https:\/\/www.mesvendanges.com\/fr\/boutique\/vins\/nykteri-magnum-hatzidakis-dne-2014-150cl\/#breadcrumb\",\"itemListElement\":[{\"@type\":\"ListItem\",\"position\":1,\"name\":\"Accueil\",\"item\":\"https:\/\/www.mesvendanges.com\/fr\/\"},{\"@type\":\"ListItem\",\"position\":2,\"name\":\"Boutique\",\"item\":\"https:\/\/www.mesvendanges.com\/fr\/boutique\/\"},{\"@type\":\"ListItem\",\"position\":3,\"name\":\"NYKTERI MAGNUM\"}]}]}<\/script>\n<!-- \/ Yoast SEO plugin. -->","yoast_head_json":{"title":"NYKTERI MAGNUM - Mes Vendanges","robots":{"index":"index","follow":"follow","max-snippet":"max-snippet:-1","max-image-preview":"max-image-preview:large","max-video-preview":"max-video-preview:-1"},"canonical":"https:\/\/www.mesvendanges.com\/fr\/boutique\/vins\/nykteri-magnum-hatzidakis-dne-2014-150cl\/","og_locale":"fr_FR","og_type":"article","og_title":"NYKTERI MAGNUM - Mes Vendanges","og_description":"le Domaine Hatzidakys est en agriculture biologique C\u00e9page Assyrtiko s\u00e9lectionn\u00e9 de vieilles vignes R\u00e9gion : Ile de Santorin, mer Eg\u00e9e Elevage en cuve et barrique pendant 12 mois G\u00e9ologie :Sols volcaniques : Tuf, pierre ponce, lave noire. Roche m\u00e8re calcaire cristallin Caract\u00e9ristiques organoleptiques Nykteri est une d\u00e9nomination sp\u00e9cifique pour les vins d\u2019antan de Santorin. Nez [&hellip;]","og_url":"https:\/\/www.mesvendanges.com\/fr\/boutique\/vins\/nykteri-magnum-hatzidakis-dne-2014-150cl\/","og_site_name":"Mes Vendanges","article_modified_time":"2023-12-05T19:20:21+00:00","twitter_card":"summary_large_image","twitter_misc":{"Dur\u00e9e de lecture estim\u00e9e":"1 minute"},"schema":{"@context":"https:\/\/schema.org","@graph":[{"@type":"Organization","@id":"https:\/\/www.mesvendanges.com\/en\/#organization","name":"Mes Vendanges","url":"https:\/\/www.mesvendanges.com\/en\/","sameAs":[],"logo":{"@type":"ImageObject","inLanguage":"fr-FR","@id":"https:\/\/www.mesvendanges.com\/en\/#\/schema\/logo\/image\/","url":"https:\/\/www.mesvendanges.com\/wp-content\/uploads\/2022\/02\/logo-mesvendanges.jpg","contentUrl":"https:\/\/www.mesvendanges.com\/wp-content\/uploads\/2022\/02\/logo-mesvendanges.jpg","width":851,"height":260,"caption":"Mes Vendanges"},"image":{"@id":"https:\/\/www.mesvendanges.com\/en\/#\/schema\/logo\/image\/"}},{"@type":"WebSite","@id":"https:\/\/www.mesvendanges.com\/en\/#website","url":"https:\/\/www.mesvendanges.com\/en\/","name":"Mes Vendanges","description":"Des journ\u00e9es enti\u00e8res dans les vignes","publisher":{"@id":"https:\/\/www.mesvendanges.com\/en\/#organization"},"potentialAction":[{"@type":"SearchAction","target":{"@type":"EntryPoint","urlTemplate":"https:\/\/www.mesvendanges.com\/en\/?s={search_term_string}"},"query-input":"required name=search_term_string"}],"inLanguage":"fr-FR"},{"@type":"WebPage","@id":"https:\/\/www.mesvendanges.com\/fr\/boutique\/vins\/nykteri-magnum-hatzidakis-dne-2014-150cl\/","url":"https:\/\/www.mesvendanges.com\/fr\/boutique\/vins\/nykteri-magnum-hatzidakis-dne-2014-150cl\/","name":"NYKTERI MAGNUM - Mes Vendanges","isPartOf":{"@id":"https:\/\/www.mesvendanges.com\/en\/#website"},"datePublished":"2022-08-02T12:06:49+00:00","dateModified":"2023-12-05T19:20:21+00:00","breadcrumb":{"@id":"https:\/\/www.mesvendanges.com\/fr\/boutique\/vins\/nykteri-magnum-hatzidakis-dne-2014-150cl\/#breadcrumb"},"inLanguage":"fr-FR","potentialAction":[{"@type":"ReadAction","target":["https:\/\/www.mesvendanges.com\/fr\/boutique\/vins\/nykteri-magnum-hatzidakis-dne-2014-150cl\/"]}]},{"@type":"BreadcrumbList","@id":"https:\/\/www.mesvendanges.com\/fr\/boutique\/vins\/nykteri-magnum-hatzidakis-dne-2014-150cl\/#breadcrumb","itemListElement":[{"@type":"ListItem","position":1,"name":"Accueil","item":"https:\/\/www.mesvendanges.com\/fr\/"},{"@type":"ListItem","position":2,"name":"Boutique","item":"https:\/\/www.mesvendanges.com\/fr\/boutique\/"},{"@type":"ListItem","position":3,"name":"NYKTERI MAGNUM"}]}]}},"_links":{"self":[{"href":"https:\/\/www.mesvendanges.com\/fr\/wp-json\/wp\/v2\/product\/38937"}],"collection":[{"href":"https:\/\/www.mesvendanges.com\/fr\/wp-json\/wp\/v2\/product"}],"about":[{"href":"https:\/\/www.mesvendanges.com\/fr\/wp-json\/wp\/v2\/types\/product"}],"wp:attachment":[{"href":"https:\/\/www.mesvendanges.com\/fr\/wp-json\/wp\/v2\/media?parent=38937"}],"wp:term":[{"taxonomy":"product_cat","embeddable":true,"href":"https:\/\/www.mesvendanges.com\/fr\/wp-json\/wp\/v2\/product_cat?post=38937"},{"taxonomy":"product_tag","embeddable":true,"href":"https:\/\/www.mesvendanges.com\/fr\/wp-json\/wp\/v2\/product_tag?post=38937"}],"curies":[{"name":"wp","href":"https:\/\/api.w.org\/{rel}","templated":true}]}}