{"id":38941,"date":"2022-08-02T14:06:55","date_gmt":"2022-08-02T12:06:55","guid":{"rendered":"https:\/\/www.mesvendanges.com\/shop\/non%20class\u00e9\/assirtyko-de-louros-pyrgos-2\/"},"modified":"2023-12-05T20:18:47","modified_gmt":"2023-12-05T19:18:47","slug":"assirtyko-de-louros-pyrgos-hatzidakis-dne-2014-75cl","status":"publish","type":"product","link":"https:\/\/www.mesvendanges.com\/fr\/boutique\/vins\/assirtyko-de-louros-pyrgos-hatzidakis-dne-2014-75cl\/","title":{"rendered":"ASSIRTYKO DE LOUROS (PYRGOS)"},"content":{"rendered":"<div>Cette cuv\u00e9e \u00e9tait anciennement nomm\u00e9e Pyrgos.<\/div>\n<div><\/div>\n<p>le Domaine Hatzidakis est en agriculture biologique&nbsp;<\/p>\n<div><\/p>\n<div>\n<div>Assyrtiko de tr\u00e8s vieilles vignes pr\u00e9phylox\u00e9rique, cuv\u00e9e confidentielle, produite \u00e0 hauteur de 450 bouteilles en 2011.<\/div>\n<div>Ce vin de l&#8217;Ile de Santorin est \u00e9lev\u00e9 deux ans en barriques.<\/div>\n<div><\/div>\n<div>G\u00e9ologie :&nbsp;Sols volcaniques (Tuf, pierre ponce, lave noire. Roche m\u00e8re calcaire cristallin)<\/div>\n<div><\/div>\n<div>Vin de grande puissance aromatique sur l\u2019iod\u00e9, la peau du raisin confit, les agrumes mac\u00e9r\u00e9s, les touches d\u2019hydrocarbures.<\/div>\n<div>En bouche, \u00e9norme mati\u00e8re des vignes centenaires, complexit\u00e9 et finesse des tanins, touches d\u2019algues et de whisky, tension min\u00e9rale du feu (volcan) et fin de bouche interminable. Vin d\u2019exception !<\/div>\n<div>Accompagnement<\/div>\n<div>Plats gastronomiques : Crustac\u00e9s nobles, viande rose (veau, agneau) et gibier (faisan), plats truff\u00e9s, fromage jaunes bien affin\u00e9s avec des cristaux (Mimolette, Beaufort ou Appenzell de 36 mois)<\/div>\n<\/div>\n<\/div>\n","protected":false},"excerpt":{"rendered":"<p>Cette cuv\u00e9e \u00e9tait anciennement nomm\u00e9e Pyrgos. le Domaine Hatzidakis est en agriculture biologique&nbsp; Assyrtiko de tr\u00e8s vieilles vignes pr\u00e9phylox\u00e9rique, cuv\u00e9e confidentielle, produite \u00e0 hauteur de 450 bouteilles en 2011. Ce vin de l&#8217;Ile de Santorin est \u00e9lev\u00e9 deux ans en barriques. G\u00e9ologie :&nbsp;Sols volcaniques (Tuf, pierre ponce, lave noire. Roche m\u00e8re calcaire cristallin) Vin de [&hellip;]<\/p>\n","protected":false},"featured_media":0,"template":"","meta":[],"product_cat":[3736],"product_tag":[],"acf":[],"yoast_head":"<!-- This site is optimized with the Yoast SEO plugin v19.3 - https:\/\/yoast.com\/wordpress\/plugins\/seo\/ -->\n<title>ASSIRTYKO DE LOUROS (PYRGOS) - Mes Vendanges<\/title>\n<meta name=\"robots\" content=\"index, follow, max-snippet:-1, max-image-preview:large, max-video-preview:-1\" \/>\n<link rel=\"canonical\" href=\"https:\/\/www.mesvendanges.com\/fr\/boutique\/vins\/assirtyko-de-louros-pyrgos-hatzidakis-dne-2014-75cl\/\" \/>\n<meta property=\"og:locale\" content=\"fr_FR\" \/>\n<meta property=\"og:type\" content=\"article\" \/>\n<meta property=\"og:title\" content=\"ASSIRTYKO DE LOUROS (PYRGOS) - Mes Vendanges\" \/>\n<meta property=\"og:description\" content=\"Cette cuv\u00e9e \u00e9tait anciennement nomm\u00e9e Pyrgos. le Domaine Hatzidakis est en agriculture biologique&nbsp; Assyrtiko de tr\u00e8s vieilles vignes pr\u00e9phylox\u00e9rique, cuv\u00e9e confidentielle, produite \u00e0 hauteur de 450 bouteilles en 2011. Ce vin de l&#8217;Ile de Santorin est \u00e9lev\u00e9 deux ans en barriques. G\u00e9ologie :&nbsp;Sols volcaniques (Tuf, pierre ponce, lave noire. Roche m\u00e8re calcaire cristallin) Vin de [&hellip;]\" \/>\n<meta property=\"og:url\" content=\"https:\/\/www.mesvendanges.com\/fr\/boutique\/vins\/assirtyko-de-louros-pyrgos-hatzidakis-dne-2014-75cl\/\" \/>\n<meta property=\"og:site_name\" content=\"Mes Vendanges\" \/>\n<meta property=\"article:modified_time\" content=\"2023-12-05T19:18:47+00:00\" \/>\n<meta name=\"twitter:card\" content=\"summary_large_image\" \/>\n<meta name=\"twitter:label1\" content=\"Dur\u00e9e de lecture estim\u00e9e\" \/>\n\t<meta name=\"twitter:data1\" content=\"1 minute\" \/>\n<script type=\"application\/ld+json\" class=\"yoast-schema-graph\">{\"@context\":\"https:\/\/schema.org\",\"@graph\":[{\"@type\":\"Organization\",\"@id\":\"https:\/\/www.mesvendanges.com\/en\/#organization\",\"name\":\"Mes Vendanges\",\"url\":\"https:\/\/www.mesvendanges.com\/en\/\",\"sameAs\":[],\"logo\":{\"@type\":\"ImageObject\",\"inLanguage\":\"fr-FR\",\"@id\":\"https:\/\/www.mesvendanges.com\/en\/#\/schema\/logo\/image\/\",\"url\":\"https:\/\/www.mesvendanges.com\/wp-content\/uploads\/2022\/02\/logo-mesvendanges.jpg\",\"contentUrl\":\"https:\/\/www.mesvendanges.com\/wp-content\/uploads\/2022\/02\/logo-mesvendanges.jpg\",\"width\":851,\"height\":260,\"caption\":\"Mes Vendanges\"},\"image\":{\"@id\":\"https:\/\/www.mesvendanges.com\/en\/#\/schema\/logo\/image\/\"}},{\"@type\":\"WebSite\",\"@id\":\"https:\/\/www.mesvendanges.com\/en\/#website\",\"url\":\"https:\/\/www.mesvendanges.com\/en\/\",\"name\":\"Mes Vendanges\",\"description\":\"Des journ\u00e9es enti\u00e8res dans les vignes\",\"publisher\":{\"@id\":\"https:\/\/www.mesvendanges.com\/en\/#organization\"},\"potentialAction\":[{\"@type\":\"SearchAction\",\"target\":{\"@type\":\"EntryPoint\",\"urlTemplate\":\"https:\/\/www.mesvendanges.com\/en\/?s={search_term_string}\"},\"query-input\":\"required name=search_term_string\"}],\"inLanguage\":\"fr-FR\"},{\"@type\":\"WebPage\",\"@id\":\"https:\/\/www.mesvendanges.com\/fr\/boutique\/vins\/assirtyko-de-louros-pyrgos-hatzidakis-dne-2014-75cl\/\",\"url\":\"https:\/\/www.mesvendanges.com\/fr\/boutique\/vins\/assirtyko-de-louros-pyrgos-hatzidakis-dne-2014-75cl\/\",\"name\":\"ASSIRTYKO DE LOUROS (PYRGOS) - Mes Vendanges\",\"isPartOf\":{\"@id\":\"https:\/\/www.mesvendanges.com\/en\/#website\"},\"datePublished\":\"2022-08-02T12:06:55+00:00\",\"dateModified\":\"2023-12-05T19:18:47+00:00\",\"breadcrumb\":{\"@id\":\"https:\/\/www.mesvendanges.com\/fr\/boutique\/vins\/assirtyko-de-louros-pyrgos-hatzidakis-dne-2014-75cl\/#breadcrumb\"},\"inLanguage\":\"fr-FR\",\"potentialAction\":[{\"@type\":\"ReadAction\",\"target\":[\"https:\/\/www.mesvendanges.com\/fr\/boutique\/vins\/assirtyko-de-louros-pyrgos-hatzidakis-dne-2014-75cl\/\"]}]},{\"@type\":\"BreadcrumbList\",\"@id\":\"https:\/\/www.mesvendanges.com\/fr\/boutique\/vins\/assirtyko-de-louros-pyrgos-hatzidakis-dne-2014-75cl\/#breadcrumb\",\"itemListElement\":[{\"@type\":\"ListItem\",\"position\":1,\"name\":\"Accueil\",\"item\":\"https:\/\/www.mesvendanges.com\/fr\/\"},{\"@type\":\"ListItem\",\"position\":2,\"name\":\"Boutique\",\"item\":\"https:\/\/www.mesvendanges.com\/fr\/boutique\/\"},{\"@type\":\"ListItem\",\"position\":3,\"name\":\"ASSIRTYKO DE LOUROS (PYRGOS)\"}]}]}<\/script>\n<!-- \/ Yoast SEO plugin. -->","yoast_head_json":{"title":"ASSIRTYKO DE LOUROS (PYRGOS) - Mes Vendanges","robots":{"index":"index","follow":"follow","max-snippet":"max-snippet:-1","max-image-preview":"max-image-preview:large","max-video-preview":"max-video-preview:-1"},"canonical":"https:\/\/www.mesvendanges.com\/fr\/boutique\/vins\/assirtyko-de-louros-pyrgos-hatzidakis-dne-2014-75cl\/","og_locale":"fr_FR","og_type":"article","og_title":"ASSIRTYKO DE LOUROS (PYRGOS) - Mes Vendanges","og_description":"Cette cuv\u00e9e \u00e9tait anciennement nomm\u00e9e Pyrgos. le Domaine Hatzidakis est en agriculture biologique&nbsp; Assyrtiko de tr\u00e8s vieilles vignes pr\u00e9phylox\u00e9rique, cuv\u00e9e confidentielle, produite \u00e0 hauteur de 450 bouteilles en 2011. Ce vin de l&#8217;Ile de Santorin est \u00e9lev\u00e9 deux ans en barriques. G\u00e9ologie :&nbsp;Sols volcaniques (Tuf, pierre ponce, lave noire. Roche m\u00e8re calcaire cristallin) Vin de [&hellip;]","og_url":"https:\/\/www.mesvendanges.com\/fr\/boutique\/vins\/assirtyko-de-louros-pyrgos-hatzidakis-dne-2014-75cl\/","og_site_name":"Mes Vendanges","article_modified_time":"2023-12-05T19:18:47+00:00","twitter_card":"summary_large_image","twitter_misc":{"Dur\u00e9e de lecture estim\u00e9e":"1 minute"},"schema":{"@context":"https:\/\/schema.org","@graph":[{"@type":"Organization","@id":"https:\/\/www.mesvendanges.com\/en\/#organization","name":"Mes Vendanges","url":"https:\/\/www.mesvendanges.com\/en\/","sameAs":[],"logo":{"@type":"ImageObject","inLanguage":"fr-FR","@id":"https:\/\/www.mesvendanges.com\/en\/#\/schema\/logo\/image\/","url":"https:\/\/www.mesvendanges.com\/wp-content\/uploads\/2022\/02\/logo-mesvendanges.jpg","contentUrl":"https:\/\/www.mesvendanges.com\/wp-content\/uploads\/2022\/02\/logo-mesvendanges.jpg","width":851,"height":260,"caption":"Mes Vendanges"},"image":{"@id":"https:\/\/www.mesvendanges.com\/en\/#\/schema\/logo\/image\/"}},{"@type":"WebSite","@id":"https:\/\/www.mesvendanges.com\/en\/#website","url":"https:\/\/www.mesvendanges.com\/en\/","name":"Mes Vendanges","description":"Des journ\u00e9es enti\u00e8res dans les vignes","publisher":{"@id":"https:\/\/www.mesvendanges.com\/en\/#organization"},"potentialAction":[{"@type":"SearchAction","target":{"@type":"EntryPoint","urlTemplate":"https:\/\/www.mesvendanges.com\/en\/?s={search_term_string}"},"query-input":"required name=search_term_string"}],"inLanguage":"fr-FR"},{"@type":"WebPage","@id":"https:\/\/www.mesvendanges.com\/fr\/boutique\/vins\/assirtyko-de-louros-pyrgos-hatzidakis-dne-2014-75cl\/","url":"https:\/\/www.mesvendanges.com\/fr\/boutique\/vins\/assirtyko-de-louros-pyrgos-hatzidakis-dne-2014-75cl\/","name":"ASSIRTYKO DE LOUROS (PYRGOS) - Mes Vendanges","isPartOf":{"@id":"https:\/\/www.mesvendanges.com\/en\/#website"},"datePublished":"2022-08-02T12:06:55+00:00","dateModified":"2023-12-05T19:18:47+00:00","breadcrumb":{"@id":"https:\/\/www.mesvendanges.com\/fr\/boutique\/vins\/assirtyko-de-louros-pyrgos-hatzidakis-dne-2014-75cl\/#breadcrumb"},"inLanguage":"fr-FR","potentialAction":[{"@type":"ReadAction","target":["https:\/\/www.mesvendanges.com\/fr\/boutique\/vins\/assirtyko-de-louros-pyrgos-hatzidakis-dne-2014-75cl\/"]}]},{"@type":"BreadcrumbList","@id":"https:\/\/www.mesvendanges.com\/fr\/boutique\/vins\/assirtyko-de-louros-pyrgos-hatzidakis-dne-2014-75cl\/#breadcrumb","itemListElement":[{"@type":"ListItem","position":1,"name":"Accueil","item":"https:\/\/www.mesvendanges.com\/fr\/"},{"@type":"ListItem","position":2,"name":"Boutique","item":"https:\/\/www.mesvendanges.com\/fr\/boutique\/"},{"@type":"ListItem","position":3,"name":"ASSIRTYKO DE LOUROS (PYRGOS)"}]}]}},"_links":{"self":[{"href":"https:\/\/www.mesvendanges.com\/fr\/wp-json\/wp\/v2\/product\/38941"}],"collection":[{"href":"https:\/\/www.mesvendanges.com\/fr\/wp-json\/wp\/v2\/product"}],"about":[{"href":"https:\/\/www.mesvendanges.com\/fr\/wp-json\/wp\/v2\/types\/product"}],"wp:attachment":[{"href":"https:\/\/www.mesvendanges.com\/fr\/wp-json\/wp\/v2\/media?parent=38941"}],"wp:term":[{"taxonomy":"product_cat","embeddable":true,"href":"https:\/\/www.mesvendanges.com\/fr\/wp-json\/wp\/v2\/product_cat?post=38941"},{"taxonomy":"product_tag","embeddable":true,"href":"https:\/\/www.mesvendanges.com\/fr\/wp-json\/wp\/v2\/product_tag?post=38941"}],"curies":[{"name":"wp","href":"https:\/\/api.w.org\/{rel}","templated":true}]}}