{"id":38967,"date":"2022-08-02T14:07:36","date_gmt":"2022-08-02T12:07:36","guid":{"rendered":"https:\/\/www.mesvendanges.com\/shop\/non%20class\u00e9\/riesling-rottgen-grosse-lage-3\/"},"modified":"2023-12-05T20:57:36","modified_gmt":"2023-12-05T19:57:36","slug":"riesling-rottgen-grosse-lage-heymann-loewenstein-2014-75cl","status":"publish","type":"product","link":"https:\/\/www.mesvendanges.com\/fr\/boutique\/vins\/riesling-rottgen-grosse-lage-heymann-loewenstein-2014-75cl\/","title":{"rendered":"RIESLING ROTTGEN GROSSE LAGE"},"content":{"rendered":"<p>Une fen\u00eatre ouverte dans cette maison de ville baroque, d\u00e9gustant un moka en toute tranquilit\u00e9&#8230; danse enivrante dans la pl\u00e9nitude d&#8217;une chorale chantante&#8230; voici la tonalit\u00e9 du vin comme la ressent Reinhard Loewenstein! Lyrisme, expression baroque pour ce vin issu de vieilles vignes de riesling (55 ans) sur ce tr\u00e8s beau terroir du R\u00f6ttgen ( 2.9ha) expos\u00e9 sud\/sud-est. Au domaine Heymann-Loewenstein les fermentations se font sur levures indig\u00e8nes et l&#8217;\u00e9levage a lieu en cuves inox puis en foudres.<\/p>\n<div><\/div>\n<div>92\/100 Falstaaf<\/div>\n<div><\/div>\n","protected":false},"excerpt":{"rendered":"<p>Une fen\u00eatre ouverte dans cette maison de ville baroque, d\u00e9gustant un moka en toute tranquilit\u00e9&#8230; danse enivrante dans la pl\u00e9nitude d&#8217;une chorale chantante&#8230; voici la tonalit\u00e9 du vin comme la ressent Reinhard Loewenstein! Lyrisme, expression baroque pour ce vin issu de vieilles vignes de riesling (55 ans) sur ce tr\u00e8s beau terroir du R\u00f6ttgen ( [&hellip;]<\/p>\n","protected":false},"featured_media":0,"template":"","meta":[],"product_cat":[3736],"product_tag":[],"acf":[],"yoast_head":"<!-- This site is optimized with the Yoast SEO plugin v19.3 - https:\/\/yoast.com\/wordpress\/plugins\/seo\/ -->\n<title>RIESLING ROTTGEN GROSSE LAGE - Mes Vendanges<\/title>\n<meta name=\"robots\" content=\"index, follow, max-snippet:-1, max-image-preview:large, max-video-preview:-1\" \/>\n<link rel=\"canonical\" href=\"https:\/\/www.mesvendanges.com\/fr\/boutique\/vins\/riesling-rottgen-grosse-lage-heymann-loewenstein-2014-75cl\/\" \/>\n<meta property=\"og:locale\" content=\"fr_FR\" \/>\n<meta property=\"og:type\" content=\"article\" \/>\n<meta property=\"og:title\" content=\"RIESLING ROTTGEN GROSSE LAGE - Mes Vendanges\" \/>\n<meta property=\"og:description\" content=\"Une fen\u00eatre ouverte dans cette maison de ville baroque, d\u00e9gustant un moka en toute tranquilit\u00e9&#8230; danse enivrante dans la pl\u00e9nitude d&#8217;une chorale chantante&#8230; voici la tonalit\u00e9 du vin comme la ressent Reinhard Loewenstein! Lyrisme, expression baroque pour ce vin issu de vieilles vignes de riesling (55 ans) sur ce tr\u00e8s beau terroir du R\u00f6ttgen ( [&hellip;]\" \/>\n<meta property=\"og:url\" content=\"https:\/\/www.mesvendanges.com\/fr\/boutique\/vins\/riesling-rottgen-grosse-lage-heymann-loewenstein-2014-75cl\/\" \/>\n<meta property=\"og:site_name\" content=\"Mes Vendanges\" \/>\n<meta property=\"article:modified_time\" content=\"2023-12-05T19:57:36+00:00\" \/>\n<meta name=\"twitter:card\" content=\"summary_large_image\" \/>\n<script type=\"application\/ld+json\" class=\"yoast-schema-graph\">{\"@context\":\"https:\/\/schema.org\",\"@graph\":[{\"@type\":\"Organization\",\"@id\":\"https:\/\/www.mesvendanges.com\/en\/#organization\",\"name\":\"Mes Vendanges\",\"url\":\"https:\/\/www.mesvendanges.com\/en\/\",\"sameAs\":[],\"logo\":{\"@type\":\"ImageObject\",\"inLanguage\":\"fr-FR\",\"@id\":\"https:\/\/www.mesvendanges.com\/en\/#\/schema\/logo\/image\/\",\"url\":\"https:\/\/www.mesvendanges.com\/wp-content\/uploads\/2022\/02\/logo-mesvendanges.jpg\",\"contentUrl\":\"https:\/\/www.mesvendanges.com\/wp-content\/uploads\/2022\/02\/logo-mesvendanges.jpg\",\"width\":851,\"height\":260,\"caption\":\"Mes Vendanges\"},\"image\":{\"@id\":\"https:\/\/www.mesvendanges.com\/en\/#\/schema\/logo\/image\/\"}},{\"@type\":\"WebSite\",\"@id\":\"https:\/\/www.mesvendanges.com\/en\/#website\",\"url\":\"https:\/\/www.mesvendanges.com\/en\/\",\"name\":\"Mes Vendanges\",\"description\":\"Des journ\u00e9es enti\u00e8res dans les vignes\",\"publisher\":{\"@id\":\"https:\/\/www.mesvendanges.com\/en\/#organization\"},\"potentialAction\":[{\"@type\":\"SearchAction\",\"target\":{\"@type\":\"EntryPoint\",\"urlTemplate\":\"https:\/\/www.mesvendanges.com\/en\/?s={search_term_string}\"},\"query-input\":\"required name=search_term_string\"}],\"inLanguage\":\"fr-FR\"},{\"@type\":\"WebPage\",\"@id\":\"https:\/\/www.mesvendanges.com\/fr\/boutique\/vins\/riesling-rottgen-grosse-lage-heymann-loewenstein-2014-75cl\/\",\"url\":\"https:\/\/www.mesvendanges.com\/fr\/boutique\/vins\/riesling-rottgen-grosse-lage-heymann-loewenstein-2014-75cl\/\",\"name\":\"RIESLING ROTTGEN GROSSE LAGE - Mes Vendanges\",\"isPartOf\":{\"@id\":\"https:\/\/www.mesvendanges.com\/en\/#website\"},\"datePublished\":\"2022-08-02T12:07:36+00:00\",\"dateModified\":\"2023-12-05T19:57:36+00:00\",\"breadcrumb\":{\"@id\":\"https:\/\/www.mesvendanges.com\/fr\/boutique\/vins\/riesling-rottgen-grosse-lage-heymann-loewenstein-2014-75cl\/#breadcrumb\"},\"inLanguage\":\"fr-FR\",\"potentialAction\":[{\"@type\":\"ReadAction\",\"target\":[\"https:\/\/www.mesvendanges.com\/fr\/boutique\/vins\/riesling-rottgen-grosse-lage-heymann-loewenstein-2014-75cl\/\"]}]},{\"@type\":\"BreadcrumbList\",\"@id\":\"https:\/\/www.mesvendanges.com\/fr\/boutique\/vins\/riesling-rottgen-grosse-lage-heymann-loewenstein-2014-75cl\/#breadcrumb\",\"itemListElement\":[{\"@type\":\"ListItem\",\"position\":1,\"name\":\"Accueil\",\"item\":\"https:\/\/www.mesvendanges.com\/fr\/\"},{\"@type\":\"ListItem\",\"position\":2,\"name\":\"Boutique\",\"item\":\"https:\/\/www.mesvendanges.com\/fr\/boutique\/\"},{\"@type\":\"ListItem\",\"position\":3,\"name\":\"RIESLING ROTTGEN GROSSE LAGE\"}]}]}<\/script>\n<!-- \/ Yoast SEO plugin. -->","yoast_head_json":{"title":"RIESLING ROTTGEN GROSSE LAGE - Mes Vendanges","robots":{"index":"index","follow":"follow","max-snippet":"max-snippet:-1","max-image-preview":"max-image-preview:large","max-video-preview":"max-video-preview:-1"},"canonical":"https:\/\/www.mesvendanges.com\/fr\/boutique\/vins\/riesling-rottgen-grosse-lage-heymann-loewenstein-2014-75cl\/","og_locale":"fr_FR","og_type":"article","og_title":"RIESLING ROTTGEN GROSSE LAGE - Mes Vendanges","og_description":"Une fen\u00eatre ouverte dans cette maison de ville baroque, d\u00e9gustant un moka en toute tranquilit\u00e9&#8230; danse enivrante dans la pl\u00e9nitude d&#8217;une chorale chantante&#8230; voici la tonalit\u00e9 du vin comme la ressent Reinhard Loewenstein! Lyrisme, expression baroque pour ce vin issu de vieilles vignes de riesling (55 ans) sur ce tr\u00e8s beau terroir du R\u00f6ttgen ( [&hellip;]","og_url":"https:\/\/www.mesvendanges.com\/fr\/boutique\/vins\/riesling-rottgen-grosse-lage-heymann-loewenstein-2014-75cl\/","og_site_name":"Mes Vendanges","article_modified_time":"2023-12-05T19:57:36+00:00","twitter_card":"summary_large_image","schema":{"@context":"https:\/\/schema.org","@graph":[{"@type":"Organization","@id":"https:\/\/www.mesvendanges.com\/en\/#organization","name":"Mes Vendanges","url":"https:\/\/www.mesvendanges.com\/en\/","sameAs":[],"logo":{"@type":"ImageObject","inLanguage":"fr-FR","@id":"https:\/\/www.mesvendanges.com\/en\/#\/schema\/logo\/image\/","url":"https:\/\/www.mesvendanges.com\/wp-content\/uploads\/2022\/02\/logo-mesvendanges.jpg","contentUrl":"https:\/\/www.mesvendanges.com\/wp-content\/uploads\/2022\/02\/logo-mesvendanges.jpg","width":851,"height":260,"caption":"Mes Vendanges"},"image":{"@id":"https:\/\/www.mesvendanges.com\/en\/#\/schema\/logo\/image\/"}},{"@type":"WebSite","@id":"https:\/\/www.mesvendanges.com\/en\/#website","url":"https:\/\/www.mesvendanges.com\/en\/","name":"Mes Vendanges","description":"Des journ\u00e9es enti\u00e8res dans les vignes","publisher":{"@id":"https:\/\/www.mesvendanges.com\/en\/#organization"},"potentialAction":[{"@type":"SearchAction","target":{"@type":"EntryPoint","urlTemplate":"https:\/\/www.mesvendanges.com\/en\/?s={search_term_string}"},"query-input":"required name=search_term_string"}],"inLanguage":"fr-FR"},{"@type":"WebPage","@id":"https:\/\/www.mesvendanges.com\/fr\/boutique\/vins\/riesling-rottgen-grosse-lage-heymann-loewenstein-2014-75cl\/","url":"https:\/\/www.mesvendanges.com\/fr\/boutique\/vins\/riesling-rottgen-grosse-lage-heymann-loewenstein-2014-75cl\/","name":"RIESLING ROTTGEN GROSSE LAGE - Mes Vendanges","isPartOf":{"@id":"https:\/\/www.mesvendanges.com\/en\/#website"},"datePublished":"2022-08-02T12:07:36+00:00","dateModified":"2023-12-05T19:57:36+00:00","breadcrumb":{"@id":"https:\/\/www.mesvendanges.com\/fr\/boutique\/vins\/riesling-rottgen-grosse-lage-heymann-loewenstein-2014-75cl\/#breadcrumb"},"inLanguage":"fr-FR","potentialAction":[{"@type":"ReadAction","target":["https:\/\/www.mesvendanges.com\/fr\/boutique\/vins\/riesling-rottgen-grosse-lage-heymann-loewenstein-2014-75cl\/"]}]},{"@type":"BreadcrumbList","@id":"https:\/\/www.mesvendanges.com\/fr\/boutique\/vins\/riesling-rottgen-grosse-lage-heymann-loewenstein-2014-75cl\/#breadcrumb","itemListElement":[{"@type":"ListItem","position":1,"name":"Accueil","item":"https:\/\/www.mesvendanges.com\/fr\/"},{"@type":"ListItem","position":2,"name":"Boutique","item":"https:\/\/www.mesvendanges.com\/fr\/boutique\/"},{"@type":"ListItem","position":3,"name":"RIESLING ROTTGEN GROSSE LAGE"}]}]}},"_links":{"self":[{"href":"https:\/\/www.mesvendanges.com\/fr\/wp-json\/wp\/v2\/product\/38967"}],"collection":[{"href":"https:\/\/www.mesvendanges.com\/fr\/wp-json\/wp\/v2\/product"}],"about":[{"href":"https:\/\/www.mesvendanges.com\/fr\/wp-json\/wp\/v2\/types\/product"}],"wp:attachment":[{"href":"https:\/\/www.mesvendanges.com\/fr\/wp-json\/wp\/v2\/media?parent=38967"}],"wp:term":[{"taxonomy":"product_cat","embeddable":true,"href":"https:\/\/www.mesvendanges.com\/fr\/wp-json\/wp\/v2\/product_cat?post=38967"},{"taxonomy":"product_tag","embeddable":true,"href":"https:\/\/www.mesvendanges.com\/fr\/wp-json\/wp\/v2\/product_tag?post=38967"}],"curies":[{"name":"wp","href":"https:\/\/api.w.org\/{rel}","templated":true}]}}