{"id":39493,"date":"2022-08-02T14:19:56","date_gmt":"2022-08-02T12:19:56","guid":{"rendered":"https:\/\/www.mesvendanges.com\/shop\/non%20class\u00e9\/les-grandes-jorasses-4\/"},"modified":"2023-12-05T09:44:08","modified_gmt":"2023-12-05T08:44:08","slug":"les-grandes-jorasses-belluard-dne-2015-75cl","status":"publish","type":"product","link":"https:\/\/www.mesvendanges.com\/fr\/boutique\/vins\/les-grandes-jorasses-belluard-dne-2015-75cl\/","title":{"rendered":"LES GRANDES JORASSES"},"content":{"rendered":"<p>Les Grandes Jorasses du domaine Belluard est issu du c\u00e9page Altesse, grand c\u00e9page savoyard. C\u00e9page tardif qui r\u00e9ussi particuli\u00e8rement bien sur les coteaux d&#8217;Ayse \u00e0 450 m\u00e8tres d&#8217;altitude. Le coteau est expos\u00e9 au sud avec un sol compos\u00e9 de strates argilo-calcaries. Les rendements&nbsp;ma\u00eetrises&nbsp;(40 hl\/ha) permettent d&#8217;obtenir, avec l&#8217;aide d&#8217;une viticulture tr\u00e8s soign\u00e9e une parfaite maturit\u00e9 des baies. Les vinifications se font en douceur avec un pressurage pneumatique et des fermentations sur levures indig\u00e8nes. Sur ce c\u00e9page Dominique Belluard allonge l&#8217;\u00e9levage de 4 mois par rapport aux autres cuv\u00e9es. Filtration l\u00e9g\u00e8re sur terre blanche.<\/p>\n<div><\/div>\n<div>Une expression tr\u00e8s fine et \u00e9l\u00e9gante de l&#8217;Altesse, ou Roussette de Savoie, avec de la fraicheur, beaucoup d&#8217;\u00e9quilibre.<\/div>\n","protected":false},"excerpt":{"rendered":"<p>Les Grandes Jorasses du domaine Belluard est issu du c\u00e9page Altesse, grand c\u00e9page savoyard. C\u00e9page tardif qui r\u00e9ussi particuli\u00e8rement bien sur les coteaux d&#8217;Ayse \u00e0 450 m\u00e8tres d&#8217;altitude. Le coteau est expos\u00e9 au sud avec un sol compos\u00e9 de strates argilo-calcaries. Les rendements&nbsp;ma\u00eetrises&nbsp;(40 hl\/ha) permettent d&#8217;obtenir, avec l&#8217;aide d&#8217;une viticulture tr\u00e8s soign\u00e9e une parfaite maturit\u00e9 [&hellip;]<\/p>\n","protected":false},"featured_media":0,"template":"","meta":[],"product_cat":[3736],"product_tag":[],"acf":[],"yoast_head":"<!-- This site is optimized with the Yoast SEO plugin v19.3 - https:\/\/yoast.com\/wordpress\/plugins\/seo\/ -->\n<title>LES GRANDES JORASSES - Mes Vendanges<\/title>\n<meta name=\"robots\" content=\"index, follow, max-snippet:-1, max-image-preview:large, max-video-preview:-1\" \/>\n<link rel=\"canonical\" href=\"https:\/\/www.mesvendanges.com\/fr\/boutique\/vins\/les-grandes-jorasses-belluard-dne-2015-75cl\/\" \/>\n<meta property=\"og:locale\" content=\"fr_FR\" \/>\n<meta property=\"og:type\" content=\"article\" \/>\n<meta property=\"og:title\" content=\"LES GRANDES JORASSES - Mes Vendanges\" \/>\n<meta property=\"og:description\" content=\"Les Grandes Jorasses du domaine Belluard est issu du c\u00e9page Altesse, grand c\u00e9page savoyard. C\u00e9page tardif qui r\u00e9ussi particuli\u00e8rement bien sur les coteaux d&#8217;Ayse \u00e0 450 m\u00e8tres d&#8217;altitude. Le coteau est expos\u00e9 au sud avec un sol compos\u00e9 de strates argilo-calcaries. Les rendements&nbsp;ma\u00eetrises&nbsp;(40 hl\/ha) permettent d&#8217;obtenir, avec l&#8217;aide d&#8217;une viticulture tr\u00e8s soign\u00e9e une parfaite maturit\u00e9 [&hellip;]\" \/>\n<meta property=\"og:url\" content=\"https:\/\/www.mesvendanges.com\/fr\/boutique\/vins\/les-grandes-jorasses-belluard-dne-2015-75cl\/\" \/>\n<meta property=\"og:site_name\" content=\"Mes Vendanges\" \/>\n<meta property=\"article:modified_time\" content=\"2023-12-05T08:44:08+00:00\" \/>\n<meta name=\"twitter:card\" content=\"summary_large_image\" \/>\n<meta name=\"twitter:label1\" content=\"Dur\u00e9e de lecture estim\u00e9e\" \/>\n\t<meta name=\"twitter:data1\" content=\"1 minute\" \/>\n<script type=\"application\/ld+json\" class=\"yoast-schema-graph\">{\"@context\":\"https:\/\/schema.org\",\"@graph\":[{\"@type\":\"Organization\",\"@id\":\"https:\/\/www.mesvendanges.com\/en\/#organization\",\"name\":\"Mes Vendanges\",\"url\":\"https:\/\/www.mesvendanges.com\/en\/\",\"sameAs\":[],\"logo\":{\"@type\":\"ImageObject\",\"inLanguage\":\"fr-FR\",\"@id\":\"https:\/\/www.mesvendanges.com\/en\/#\/schema\/logo\/image\/\",\"url\":\"https:\/\/www.mesvendanges.com\/wp-content\/uploads\/2022\/02\/logo-mesvendanges.jpg\",\"contentUrl\":\"https:\/\/www.mesvendanges.com\/wp-content\/uploads\/2022\/02\/logo-mesvendanges.jpg\",\"width\":851,\"height\":260,\"caption\":\"Mes Vendanges\"},\"image\":{\"@id\":\"https:\/\/www.mesvendanges.com\/en\/#\/schema\/logo\/image\/\"}},{\"@type\":\"WebSite\",\"@id\":\"https:\/\/www.mesvendanges.com\/en\/#website\",\"url\":\"https:\/\/www.mesvendanges.com\/en\/\",\"name\":\"Mes Vendanges\",\"description\":\"Des journ\u00e9es enti\u00e8res dans les vignes\",\"publisher\":{\"@id\":\"https:\/\/www.mesvendanges.com\/en\/#organization\"},\"potentialAction\":[{\"@type\":\"SearchAction\",\"target\":{\"@type\":\"EntryPoint\",\"urlTemplate\":\"https:\/\/www.mesvendanges.com\/en\/?s={search_term_string}\"},\"query-input\":\"required name=search_term_string\"}],\"inLanguage\":\"fr-FR\"},{\"@type\":\"WebPage\",\"@id\":\"https:\/\/www.mesvendanges.com\/fr\/boutique\/vins\/les-grandes-jorasses-belluard-dne-2015-75cl\/\",\"url\":\"https:\/\/www.mesvendanges.com\/fr\/boutique\/vins\/les-grandes-jorasses-belluard-dne-2015-75cl\/\",\"name\":\"LES GRANDES JORASSES - Mes Vendanges\",\"isPartOf\":{\"@id\":\"https:\/\/www.mesvendanges.com\/en\/#website\"},\"datePublished\":\"2022-08-02T12:19:56+00:00\",\"dateModified\":\"2023-12-05T08:44:08+00:00\",\"breadcrumb\":{\"@id\":\"https:\/\/www.mesvendanges.com\/fr\/boutique\/vins\/les-grandes-jorasses-belluard-dne-2015-75cl\/#breadcrumb\"},\"inLanguage\":\"fr-FR\",\"potentialAction\":[{\"@type\":\"ReadAction\",\"target\":[\"https:\/\/www.mesvendanges.com\/fr\/boutique\/vins\/les-grandes-jorasses-belluard-dne-2015-75cl\/\"]}]},{\"@type\":\"BreadcrumbList\",\"@id\":\"https:\/\/www.mesvendanges.com\/fr\/boutique\/vins\/les-grandes-jorasses-belluard-dne-2015-75cl\/#breadcrumb\",\"itemListElement\":[{\"@type\":\"ListItem\",\"position\":1,\"name\":\"Accueil\",\"item\":\"https:\/\/www.mesvendanges.com\/fr\/\"},{\"@type\":\"ListItem\",\"position\":2,\"name\":\"Boutique\",\"item\":\"https:\/\/www.mesvendanges.com\/fr\/boutique\/\"},{\"@type\":\"ListItem\",\"position\":3,\"name\":\"LES GRANDES JORASSES\"}]}]}<\/script>\n<!-- \/ Yoast SEO plugin. -->","yoast_head_json":{"title":"LES GRANDES JORASSES - Mes Vendanges","robots":{"index":"index","follow":"follow","max-snippet":"max-snippet:-1","max-image-preview":"max-image-preview:large","max-video-preview":"max-video-preview:-1"},"canonical":"https:\/\/www.mesvendanges.com\/fr\/boutique\/vins\/les-grandes-jorasses-belluard-dne-2015-75cl\/","og_locale":"fr_FR","og_type":"article","og_title":"LES GRANDES JORASSES - Mes Vendanges","og_description":"Les Grandes Jorasses du domaine Belluard est issu du c\u00e9page Altesse, grand c\u00e9page savoyard. C\u00e9page tardif qui r\u00e9ussi particuli\u00e8rement bien sur les coteaux d&#8217;Ayse \u00e0 450 m\u00e8tres d&#8217;altitude. Le coteau est expos\u00e9 au sud avec un sol compos\u00e9 de strates argilo-calcaries. Les rendements&nbsp;ma\u00eetrises&nbsp;(40 hl\/ha) permettent d&#8217;obtenir, avec l&#8217;aide d&#8217;une viticulture tr\u00e8s soign\u00e9e une parfaite maturit\u00e9 [&hellip;]","og_url":"https:\/\/www.mesvendanges.com\/fr\/boutique\/vins\/les-grandes-jorasses-belluard-dne-2015-75cl\/","og_site_name":"Mes Vendanges","article_modified_time":"2023-12-05T08:44:08+00:00","twitter_card":"summary_large_image","twitter_misc":{"Dur\u00e9e de lecture estim\u00e9e":"1 minute"},"schema":{"@context":"https:\/\/schema.org","@graph":[{"@type":"Organization","@id":"https:\/\/www.mesvendanges.com\/en\/#organization","name":"Mes Vendanges","url":"https:\/\/www.mesvendanges.com\/en\/","sameAs":[],"logo":{"@type":"ImageObject","inLanguage":"fr-FR","@id":"https:\/\/www.mesvendanges.com\/en\/#\/schema\/logo\/image\/","url":"https:\/\/www.mesvendanges.com\/wp-content\/uploads\/2022\/02\/logo-mesvendanges.jpg","contentUrl":"https:\/\/www.mesvendanges.com\/wp-content\/uploads\/2022\/02\/logo-mesvendanges.jpg","width":851,"height":260,"caption":"Mes Vendanges"},"image":{"@id":"https:\/\/www.mesvendanges.com\/en\/#\/schema\/logo\/image\/"}},{"@type":"WebSite","@id":"https:\/\/www.mesvendanges.com\/en\/#website","url":"https:\/\/www.mesvendanges.com\/en\/","name":"Mes Vendanges","description":"Des journ\u00e9es enti\u00e8res dans les vignes","publisher":{"@id":"https:\/\/www.mesvendanges.com\/en\/#organization"},"potentialAction":[{"@type":"SearchAction","target":{"@type":"EntryPoint","urlTemplate":"https:\/\/www.mesvendanges.com\/en\/?s={search_term_string}"},"query-input":"required name=search_term_string"}],"inLanguage":"fr-FR"},{"@type":"WebPage","@id":"https:\/\/www.mesvendanges.com\/fr\/boutique\/vins\/les-grandes-jorasses-belluard-dne-2015-75cl\/","url":"https:\/\/www.mesvendanges.com\/fr\/boutique\/vins\/les-grandes-jorasses-belluard-dne-2015-75cl\/","name":"LES GRANDES JORASSES - Mes Vendanges","isPartOf":{"@id":"https:\/\/www.mesvendanges.com\/en\/#website"},"datePublished":"2022-08-02T12:19:56+00:00","dateModified":"2023-12-05T08:44:08+00:00","breadcrumb":{"@id":"https:\/\/www.mesvendanges.com\/fr\/boutique\/vins\/les-grandes-jorasses-belluard-dne-2015-75cl\/#breadcrumb"},"inLanguage":"fr-FR","potentialAction":[{"@type":"ReadAction","target":["https:\/\/www.mesvendanges.com\/fr\/boutique\/vins\/les-grandes-jorasses-belluard-dne-2015-75cl\/"]}]},{"@type":"BreadcrumbList","@id":"https:\/\/www.mesvendanges.com\/fr\/boutique\/vins\/les-grandes-jorasses-belluard-dne-2015-75cl\/#breadcrumb","itemListElement":[{"@type":"ListItem","position":1,"name":"Accueil","item":"https:\/\/www.mesvendanges.com\/fr\/"},{"@type":"ListItem","position":2,"name":"Boutique","item":"https:\/\/www.mesvendanges.com\/fr\/boutique\/"},{"@type":"ListItem","position":3,"name":"LES GRANDES JORASSES"}]}]}},"_links":{"self":[{"href":"https:\/\/www.mesvendanges.com\/fr\/wp-json\/wp\/v2\/product\/39493"}],"collection":[{"href":"https:\/\/www.mesvendanges.com\/fr\/wp-json\/wp\/v2\/product"}],"about":[{"href":"https:\/\/www.mesvendanges.com\/fr\/wp-json\/wp\/v2\/types\/product"}],"wp:attachment":[{"href":"https:\/\/www.mesvendanges.com\/fr\/wp-json\/wp\/v2\/media?parent=39493"}],"wp:term":[{"taxonomy":"product_cat","embeddable":true,"href":"https:\/\/www.mesvendanges.com\/fr\/wp-json\/wp\/v2\/product_cat?post=39493"},{"taxonomy":"product_tag","embeddable":true,"href":"https:\/\/www.mesvendanges.com\/fr\/wp-json\/wp\/v2\/product_tag?post=39493"}],"curies":[{"name":"wp","href":"https:\/\/api.w.org\/{rel}","templated":true}]}}