{"id":39677,"date":"2022-08-02T14:24:28","date_gmt":"2022-08-02T12:24:28","guid":{"rendered":"https:\/\/www.mesvendanges.com\/shop\/non%20class\u00e9\/aidani-4\/"},"modified":"2023-12-05T20:18:32","modified_gmt":"2023-12-05T19:18:32","slug":"aidani-hatzidakis-dne-2015-75cl","status":"publish","type":"product","link":"https:\/\/www.mesvendanges.com\/fr\/boutique\/vins\/aidani-hatzidakis-dne-2015-75cl\/","title":{"rendered":"A\u00cfDANI"},"content":{"rendered":"<p>C\u00e9page 100% A\u00efdani en culture biologique, mise en bouteille manuelle et sans filtration R\u00e9gion Ile de Santorin, mer Eg\u00e9e Elevage En cuve pendant 6 mois G\u00e9ologie Sols volcaniques : Tuf, pierre ponce, lave noire. Roche m\u00e8re calcaire cristallin Caract\u00e9ristiques organoleptiques Vin intense sur des notes de fruit (litchi, bergamote, rose et floral) et min\u00e9rales (salines, souffre volcanique) En bouche, mati\u00e8re riche et dynamique, toujours sur la fraicheur saline et un fruit explosif. Suavit\u00e9 et fin de bouche avec d\u2019excellents amers Accompagnement Plats de viandes ros\u00e9es (veau), volailles blanches, petites crustac\u00e9es Fromages frais de ch\u00e8vre ou jeunes de p\u00e2te press\u00e9e<\/p>\n","protected":false},"excerpt":{"rendered":"<p>C\u00e9page 100% A\u00efdani en culture biologique, mise en bouteille manuelle et sans filtration R\u00e9gion Ile de Santorin, mer Eg\u00e9e Elevage En cuve pendant 6 mois G\u00e9ologie Sols volcaniques : Tuf, pierre ponce, lave noire. Roche m\u00e8re calcaire cristallin Caract\u00e9ristiques organoleptiques Vin intense sur des notes de fruit (litchi, bergamote, rose et floral) et min\u00e9rales (salines, [&hellip;]<\/p>\n","protected":false},"featured_media":0,"template":"","meta":[],"product_cat":[3736],"product_tag":[],"acf":[],"yoast_head":"<!-- This site is optimized with the Yoast SEO plugin v19.3 - https:\/\/yoast.com\/wordpress\/plugins\/seo\/ -->\n<title>A\u00cfDANI - Mes Vendanges<\/title>\n<meta name=\"robots\" content=\"index, follow, max-snippet:-1, max-image-preview:large, max-video-preview:-1\" \/>\n<link rel=\"canonical\" href=\"https:\/\/www.mesvendanges.com\/fr\/boutique\/vins\/aidani-hatzidakis-dne-2015-75cl\/\" \/>\n<meta property=\"og:locale\" content=\"fr_FR\" \/>\n<meta property=\"og:type\" content=\"article\" \/>\n<meta property=\"og:title\" content=\"A\u00cfDANI - Mes Vendanges\" \/>\n<meta property=\"og:description\" content=\"C\u00e9page 100% A\u00efdani en culture biologique, mise en bouteille manuelle et sans filtration R\u00e9gion Ile de Santorin, mer Eg\u00e9e Elevage En cuve pendant 6 mois G\u00e9ologie Sols volcaniques : Tuf, pierre ponce, lave noire. Roche m\u00e8re calcaire cristallin Caract\u00e9ristiques organoleptiques Vin intense sur des notes de fruit (litchi, bergamote, rose et floral) et min\u00e9rales (salines, [&hellip;]\" \/>\n<meta property=\"og:url\" content=\"https:\/\/www.mesvendanges.com\/fr\/boutique\/vins\/aidani-hatzidakis-dne-2015-75cl\/\" \/>\n<meta property=\"og:site_name\" content=\"Mes Vendanges\" \/>\n<meta property=\"article:modified_time\" content=\"2023-12-05T19:18:32+00:00\" \/>\n<meta name=\"twitter:card\" content=\"summary_large_image\" \/>\n<meta name=\"twitter:label1\" content=\"Dur\u00e9e de lecture estim\u00e9e\" \/>\n\t<meta name=\"twitter:data1\" content=\"1 minute\" \/>\n<script type=\"application\/ld+json\" class=\"yoast-schema-graph\">{\"@context\":\"https:\/\/schema.org\",\"@graph\":[{\"@type\":\"Organization\",\"@id\":\"https:\/\/www.mesvendanges.com\/en\/#organization\",\"name\":\"Mes Vendanges\",\"url\":\"https:\/\/www.mesvendanges.com\/en\/\",\"sameAs\":[],\"logo\":{\"@type\":\"ImageObject\",\"inLanguage\":\"fr-FR\",\"@id\":\"https:\/\/www.mesvendanges.com\/en\/#\/schema\/logo\/image\/\",\"url\":\"https:\/\/www.mesvendanges.com\/wp-content\/uploads\/2022\/02\/logo-mesvendanges.jpg\",\"contentUrl\":\"https:\/\/www.mesvendanges.com\/wp-content\/uploads\/2022\/02\/logo-mesvendanges.jpg\",\"width\":851,\"height\":260,\"caption\":\"Mes Vendanges\"},\"image\":{\"@id\":\"https:\/\/www.mesvendanges.com\/en\/#\/schema\/logo\/image\/\"}},{\"@type\":\"WebSite\",\"@id\":\"https:\/\/www.mesvendanges.com\/en\/#website\",\"url\":\"https:\/\/www.mesvendanges.com\/en\/\",\"name\":\"Mes Vendanges\",\"description\":\"Des journ\u00e9es enti\u00e8res dans les vignes\",\"publisher\":{\"@id\":\"https:\/\/www.mesvendanges.com\/en\/#organization\"},\"potentialAction\":[{\"@type\":\"SearchAction\",\"target\":{\"@type\":\"EntryPoint\",\"urlTemplate\":\"https:\/\/www.mesvendanges.com\/en\/?s={search_term_string}\"},\"query-input\":\"required name=search_term_string\"}],\"inLanguage\":\"fr-FR\"},{\"@type\":\"WebPage\",\"@id\":\"https:\/\/www.mesvendanges.com\/fr\/boutique\/vins\/aidani-hatzidakis-dne-2015-75cl\/\",\"url\":\"https:\/\/www.mesvendanges.com\/fr\/boutique\/vins\/aidani-hatzidakis-dne-2015-75cl\/\",\"name\":\"A\u00cfDANI - Mes Vendanges\",\"isPartOf\":{\"@id\":\"https:\/\/www.mesvendanges.com\/en\/#website\"},\"datePublished\":\"2022-08-02T12:24:28+00:00\",\"dateModified\":\"2023-12-05T19:18:32+00:00\",\"breadcrumb\":{\"@id\":\"https:\/\/www.mesvendanges.com\/fr\/boutique\/vins\/aidani-hatzidakis-dne-2015-75cl\/#breadcrumb\"},\"inLanguage\":\"fr-FR\",\"potentialAction\":[{\"@type\":\"ReadAction\",\"target\":[\"https:\/\/www.mesvendanges.com\/fr\/boutique\/vins\/aidani-hatzidakis-dne-2015-75cl\/\"]}]},{\"@type\":\"BreadcrumbList\",\"@id\":\"https:\/\/www.mesvendanges.com\/fr\/boutique\/vins\/aidani-hatzidakis-dne-2015-75cl\/#breadcrumb\",\"itemListElement\":[{\"@type\":\"ListItem\",\"position\":1,\"name\":\"Accueil\",\"item\":\"https:\/\/www.mesvendanges.com\/fr\/\"},{\"@type\":\"ListItem\",\"position\":2,\"name\":\"Boutique\",\"item\":\"https:\/\/www.mesvendanges.com\/fr\/boutique\/\"},{\"@type\":\"ListItem\",\"position\":3,\"name\":\"A\u00cfDANI\"}]}]}<\/script>\n<!-- \/ Yoast SEO plugin. -->","yoast_head_json":{"title":"A\u00cfDANI - Mes Vendanges","robots":{"index":"index","follow":"follow","max-snippet":"max-snippet:-1","max-image-preview":"max-image-preview:large","max-video-preview":"max-video-preview:-1"},"canonical":"https:\/\/www.mesvendanges.com\/fr\/boutique\/vins\/aidani-hatzidakis-dne-2015-75cl\/","og_locale":"fr_FR","og_type":"article","og_title":"A\u00cfDANI - Mes Vendanges","og_description":"C\u00e9page 100% A\u00efdani en culture biologique, mise en bouteille manuelle et sans filtration R\u00e9gion Ile de Santorin, mer Eg\u00e9e Elevage En cuve pendant 6 mois G\u00e9ologie Sols volcaniques : Tuf, pierre ponce, lave noire. Roche m\u00e8re calcaire cristallin Caract\u00e9ristiques organoleptiques Vin intense sur des notes de fruit (litchi, bergamote, rose et floral) et min\u00e9rales (salines, [&hellip;]","og_url":"https:\/\/www.mesvendanges.com\/fr\/boutique\/vins\/aidani-hatzidakis-dne-2015-75cl\/","og_site_name":"Mes Vendanges","article_modified_time":"2023-12-05T19:18:32+00:00","twitter_card":"summary_large_image","twitter_misc":{"Dur\u00e9e de lecture estim\u00e9e":"1 minute"},"schema":{"@context":"https:\/\/schema.org","@graph":[{"@type":"Organization","@id":"https:\/\/www.mesvendanges.com\/en\/#organization","name":"Mes Vendanges","url":"https:\/\/www.mesvendanges.com\/en\/","sameAs":[],"logo":{"@type":"ImageObject","inLanguage":"fr-FR","@id":"https:\/\/www.mesvendanges.com\/en\/#\/schema\/logo\/image\/","url":"https:\/\/www.mesvendanges.com\/wp-content\/uploads\/2022\/02\/logo-mesvendanges.jpg","contentUrl":"https:\/\/www.mesvendanges.com\/wp-content\/uploads\/2022\/02\/logo-mesvendanges.jpg","width":851,"height":260,"caption":"Mes Vendanges"},"image":{"@id":"https:\/\/www.mesvendanges.com\/en\/#\/schema\/logo\/image\/"}},{"@type":"WebSite","@id":"https:\/\/www.mesvendanges.com\/en\/#website","url":"https:\/\/www.mesvendanges.com\/en\/","name":"Mes Vendanges","description":"Des journ\u00e9es enti\u00e8res dans les vignes","publisher":{"@id":"https:\/\/www.mesvendanges.com\/en\/#organization"},"potentialAction":[{"@type":"SearchAction","target":{"@type":"EntryPoint","urlTemplate":"https:\/\/www.mesvendanges.com\/en\/?s={search_term_string}"},"query-input":"required name=search_term_string"}],"inLanguage":"fr-FR"},{"@type":"WebPage","@id":"https:\/\/www.mesvendanges.com\/fr\/boutique\/vins\/aidani-hatzidakis-dne-2015-75cl\/","url":"https:\/\/www.mesvendanges.com\/fr\/boutique\/vins\/aidani-hatzidakis-dne-2015-75cl\/","name":"A\u00cfDANI - Mes Vendanges","isPartOf":{"@id":"https:\/\/www.mesvendanges.com\/en\/#website"},"datePublished":"2022-08-02T12:24:28+00:00","dateModified":"2023-12-05T19:18:32+00:00","breadcrumb":{"@id":"https:\/\/www.mesvendanges.com\/fr\/boutique\/vins\/aidani-hatzidakis-dne-2015-75cl\/#breadcrumb"},"inLanguage":"fr-FR","potentialAction":[{"@type":"ReadAction","target":["https:\/\/www.mesvendanges.com\/fr\/boutique\/vins\/aidani-hatzidakis-dne-2015-75cl\/"]}]},{"@type":"BreadcrumbList","@id":"https:\/\/www.mesvendanges.com\/fr\/boutique\/vins\/aidani-hatzidakis-dne-2015-75cl\/#breadcrumb","itemListElement":[{"@type":"ListItem","position":1,"name":"Accueil","item":"https:\/\/www.mesvendanges.com\/fr\/"},{"@type":"ListItem","position":2,"name":"Boutique","item":"https:\/\/www.mesvendanges.com\/fr\/boutique\/"},{"@type":"ListItem","position":3,"name":"A\u00cfDANI"}]}]}},"_links":{"self":[{"href":"https:\/\/www.mesvendanges.com\/fr\/wp-json\/wp\/v2\/product\/39677"}],"collection":[{"href":"https:\/\/www.mesvendanges.com\/fr\/wp-json\/wp\/v2\/product"}],"about":[{"href":"https:\/\/www.mesvendanges.com\/fr\/wp-json\/wp\/v2\/types\/product"}],"wp:attachment":[{"href":"https:\/\/www.mesvendanges.com\/fr\/wp-json\/wp\/v2\/media?parent=39677"}],"wp:term":[{"taxonomy":"product_cat","embeddable":true,"href":"https:\/\/www.mesvendanges.com\/fr\/wp-json\/wp\/v2\/product_cat?post=39677"},{"taxonomy":"product_tag","embeddable":true,"href":"https:\/\/www.mesvendanges.com\/fr\/wp-json\/wp\/v2\/product_tag?post=39677"}],"curies":[{"name":"wp","href":"https:\/\/api.w.org\/{rel}","templated":true}]}}