{"id":39961,"date":"2022-08-02T14:31:49","date_gmt":"2022-08-02T12:31:49","guid":{"rendered":"https:\/\/www.mesvendanges.com\/shop\/non%20class\u00e9\/mazoyeres-chambertin-4\/"},"modified":"2025-05-01T17:16:13","modified_gmt":"2025-05-01T15:16:13","slug":"mazoyeres-chambertin-perrot-minot-2015-75cl","status":"publish","type":"product","link":"https:\/\/www.mesvendanges.com\/fr\/boutique\/vins\/mazoyeres-chambertin-perrot-minot-2015-75cl\/","title":{"rendered":"MAZOYERES-CHAMBERTIN"},"content":{"rendered":"<div><span class=\"bd-vintage-text\" style=\"display: inline-block; width: 500px; border-right-style: solid; border-right-width: 1px; border-right-color: rgb(227, 186, 226); padding: 5px; vertical-align: top; color: rgb(43, 43, 33); font-family: 'Lucida Grande', 'Lucida Sans Unicode', Arial, Helvetica, sans-serif; font-weight: bold;\">Commentaire Bettane &amp; Desseauve<br \/><\/span><\/div>\n<p><span class=\"bd-vintage-text\">Souvent assembl\u00e9 en charmes-chambertin, on voit ici le caract\u00e8re du mazoy\u00e8res, assez affirm\u00e9, plus en puissance que le charmes de la m\u00eame source. Pour la garde, il sera grand, la subtilit\u00e9 des parfums est d\u00e9j\u00e0 au rendez-vous.<\/span> <span class=\"bd-vintage-detail\"><b>Note: 18.0 <\/b><br \/>Apog\u00e9e: de 2020 \u00e0 2030<\/span><span class=\"bd-vintage-detail\" style=\"display: inline-block; vertical-align: top; padding: 5px; color: rgb(43, 43, 33); font-family: 'Lucida Grande', 'Lucida Sans Unicode', Arial, Helvetica, sans-serif; font-weight: bold;\"><br \/>Apog\u00e9e: de 2019 \u00e0 2029<\/span><\/p>\n","protected":false},"excerpt":{"rendered":"<p>Commentaire Bettane &amp; Desseauve Souvent assembl\u00e9 en charmes-chambertin, on voit ici le caract\u00e8re du mazoy\u00e8res, assez affirm\u00e9, plus en puissance que le charmes de la m\u00eame source. Pour la garde, il sera grand, la subtilit\u00e9 des parfums est d\u00e9j\u00e0 au rendez-vous. Note: 18.0 Apog\u00e9e: de 2020 \u00e0 2030Apog\u00e9e: de 2019 \u00e0 2029<\/p>\n","protected":false},"featured_media":87666,"template":"","meta":[],"product_cat":[3736],"product_tag":[],"acf":[],"yoast_head":"<!-- This site is optimized with the Yoast SEO plugin v19.3 - https:\/\/yoast.com\/wordpress\/plugins\/seo\/ -->\n<title>MAZOYERES-CHAMBERTIN - Mes Vendanges<\/title>\n<meta name=\"robots\" content=\"index, follow, max-snippet:-1, max-image-preview:large, max-video-preview:-1\" \/>\n<link rel=\"canonical\" href=\"https:\/\/www.mesvendanges.com\/fr\/boutique\/vins\/mazoyeres-chambertin-perrot-minot-2015-75cl\/\" \/>\n<meta property=\"og:locale\" content=\"fr_FR\" \/>\n<meta property=\"og:type\" content=\"article\" \/>\n<meta property=\"og:title\" content=\"MAZOYERES-CHAMBERTIN - Mes Vendanges\" \/>\n<meta property=\"og:description\" content=\"Commentaire Bettane &amp; Desseauve Souvent assembl\u00e9 en charmes-chambertin, on voit ici le caract\u00e8re du mazoy\u00e8res, assez affirm\u00e9, plus en puissance que le charmes de la m\u00eame source. Pour la garde, il sera grand, la subtilit\u00e9 des parfums est d\u00e9j\u00e0 au rendez-vous. Note: 18.0 Apog\u00e9e: de 2020 \u00e0 2030Apog\u00e9e: de 2019 \u00e0 2029\" \/>\n<meta property=\"og:url\" content=\"https:\/\/www.mesvendanges.com\/fr\/boutique\/vins\/mazoyeres-chambertin-perrot-minot-2015-75cl\/\" \/>\n<meta property=\"og:site_name\" content=\"Mes Vendanges\" \/>\n<meta property=\"article:modified_time\" content=\"2025-05-01T15:16:13+00:00\" \/>\n<meta property=\"og:image\" content=\"https:\/\/www.mesvendanges.com\/wp-content\/uploads\/2025\/05\/perrot-minot-mazoyeres-chambertin-mazoyeres-chambertin-grand-cru-2015-75cl-rouge-png.png\" \/>\n\t<meta property=\"og:image:width\" content=\"418\" \/>\n\t<meta property=\"og:image:height\" content=\"1500\" \/>\n\t<meta property=\"og:image:type\" content=\"image\/png\" \/>\n<meta name=\"twitter:card\" content=\"summary_large_image\" \/>\n<script type=\"application\/ld+json\" class=\"yoast-schema-graph\">{\"@context\":\"https:\/\/schema.org\",\"@graph\":[{\"@type\":\"Organization\",\"@id\":\"https:\/\/www.mesvendanges.com\/en\/#organization\",\"name\":\"Mes Vendanges\",\"url\":\"https:\/\/www.mesvendanges.com\/en\/\",\"sameAs\":[],\"logo\":{\"@type\":\"ImageObject\",\"inLanguage\":\"fr-FR\",\"@id\":\"https:\/\/www.mesvendanges.com\/en\/#\/schema\/logo\/image\/\",\"url\":\"https:\/\/www.mesvendanges.com\/wp-content\/uploads\/2022\/02\/logo-mesvendanges.jpg\",\"contentUrl\":\"https:\/\/www.mesvendanges.com\/wp-content\/uploads\/2022\/02\/logo-mesvendanges.jpg\",\"width\":851,\"height\":260,\"caption\":\"Mes Vendanges\"},\"image\":{\"@id\":\"https:\/\/www.mesvendanges.com\/en\/#\/schema\/logo\/image\/\"}},{\"@type\":\"WebSite\",\"@id\":\"https:\/\/www.mesvendanges.com\/en\/#website\",\"url\":\"https:\/\/www.mesvendanges.com\/en\/\",\"name\":\"Mes Vendanges\",\"description\":\"Des journ\u00e9es enti\u00e8res dans les vignes\",\"publisher\":{\"@id\":\"https:\/\/www.mesvendanges.com\/en\/#organization\"},\"potentialAction\":[{\"@type\":\"SearchAction\",\"target\":{\"@type\":\"EntryPoint\",\"urlTemplate\":\"https:\/\/www.mesvendanges.com\/en\/?s={search_term_string}\"},\"query-input\":\"required name=search_term_string\"}],\"inLanguage\":\"fr-FR\"},{\"@type\":\"ImageObject\",\"inLanguage\":\"fr-FR\",\"@id\":\"https:\/\/www.mesvendanges.com\/fr\/boutique\/vins\/mazoyeres-chambertin-perrot-minot-2015-75cl\/#primaryimage\",\"url\":\"https:\/\/www.mesvendanges.com\/wp-content\/uploads\/2025\/05\/perrot-minot-mazoyeres-chambertin-mazoyeres-chambertin-grand-cru-2015-75cl-rouge-png.png\",\"contentUrl\":\"https:\/\/www.mesvendanges.com\/wp-content\/uploads\/2025\/05\/perrot-minot-mazoyeres-chambertin-mazoyeres-chambertin-grand-cru-2015-75cl-rouge-png.png\",\"width\":418,\"height\":1500},{\"@type\":\"WebPage\",\"@id\":\"https:\/\/www.mesvendanges.com\/fr\/boutique\/vins\/mazoyeres-chambertin-perrot-minot-2015-75cl\/\",\"url\":\"https:\/\/www.mesvendanges.com\/fr\/boutique\/vins\/mazoyeres-chambertin-perrot-minot-2015-75cl\/\",\"name\":\"MAZOYERES-CHAMBERTIN - Mes Vendanges\",\"isPartOf\":{\"@id\":\"https:\/\/www.mesvendanges.com\/en\/#website\"},\"primaryImageOfPage\":{\"@id\":\"https:\/\/www.mesvendanges.com\/fr\/boutique\/vins\/mazoyeres-chambertin-perrot-minot-2015-75cl\/#primaryimage\"},\"datePublished\":\"2022-08-02T12:31:49+00:00\",\"dateModified\":\"2025-05-01T15:16:13+00:00\",\"breadcrumb\":{\"@id\":\"https:\/\/www.mesvendanges.com\/fr\/boutique\/vins\/mazoyeres-chambertin-perrot-minot-2015-75cl\/#breadcrumb\"},\"inLanguage\":\"fr-FR\",\"potentialAction\":[{\"@type\":\"ReadAction\",\"target\":[\"https:\/\/www.mesvendanges.com\/fr\/boutique\/vins\/mazoyeres-chambertin-perrot-minot-2015-75cl\/\"]}]},{\"@type\":\"BreadcrumbList\",\"@id\":\"https:\/\/www.mesvendanges.com\/fr\/boutique\/vins\/mazoyeres-chambertin-perrot-minot-2015-75cl\/#breadcrumb\",\"itemListElement\":[{\"@type\":\"ListItem\",\"position\":1,\"name\":\"Accueil\",\"item\":\"https:\/\/www.mesvendanges.com\/fr\/\"},{\"@type\":\"ListItem\",\"position\":2,\"name\":\"Boutique\",\"item\":\"https:\/\/www.mesvendanges.com\/fr\/boutique\/\"},{\"@type\":\"ListItem\",\"position\":3,\"name\":\"MAZOYERES-CHAMBERTIN\"}]}]}<\/script>\n<!-- \/ Yoast SEO plugin. -->","yoast_head_json":{"title":"MAZOYERES-CHAMBERTIN - Mes Vendanges","robots":{"index":"index","follow":"follow","max-snippet":"max-snippet:-1","max-image-preview":"max-image-preview:large","max-video-preview":"max-video-preview:-1"},"canonical":"https:\/\/www.mesvendanges.com\/fr\/boutique\/vins\/mazoyeres-chambertin-perrot-minot-2015-75cl\/","og_locale":"fr_FR","og_type":"article","og_title":"MAZOYERES-CHAMBERTIN - Mes Vendanges","og_description":"Commentaire Bettane &amp; Desseauve Souvent assembl\u00e9 en charmes-chambertin, on voit ici le caract\u00e8re du mazoy\u00e8res, assez affirm\u00e9, plus en puissance que le charmes de la m\u00eame source. Pour la garde, il sera grand, la subtilit\u00e9 des parfums est d\u00e9j\u00e0 au rendez-vous. Note: 18.0 Apog\u00e9e: de 2020 \u00e0 2030Apog\u00e9e: de 2019 \u00e0 2029","og_url":"https:\/\/www.mesvendanges.com\/fr\/boutique\/vins\/mazoyeres-chambertin-perrot-minot-2015-75cl\/","og_site_name":"Mes Vendanges","article_modified_time":"2025-05-01T15:16:13+00:00","og_image":[{"width":418,"height":1500,"url":"https:\/\/www.mesvendanges.com\/wp-content\/uploads\/2025\/05\/perrot-minot-mazoyeres-chambertin-mazoyeres-chambertin-grand-cru-2015-75cl-rouge-png.png","type":"image\/png"}],"twitter_card":"summary_large_image","schema":{"@context":"https:\/\/schema.org","@graph":[{"@type":"Organization","@id":"https:\/\/www.mesvendanges.com\/en\/#organization","name":"Mes Vendanges","url":"https:\/\/www.mesvendanges.com\/en\/","sameAs":[],"logo":{"@type":"ImageObject","inLanguage":"fr-FR","@id":"https:\/\/www.mesvendanges.com\/en\/#\/schema\/logo\/image\/","url":"https:\/\/www.mesvendanges.com\/wp-content\/uploads\/2022\/02\/logo-mesvendanges.jpg","contentUrl":"https:\/\/www.mesvendanges.com\/wp-content\/uploads\/2022\/02\/logo-mesvendanges.jpg","width":851,"height":260,"caption":"Mes Vendanges"},"image":{"@id":"https:\/\/www.mesvendanges.com\/en\/#\/schema\/logo\/image\/"}},{"@type":"WebSite","@id":"https:\/\/www.mesvendanges.com\/en\/#website","url":"https:\/\/www.mesvendanges.com\/en\/","name":"Mes Vendanges","description":"Des journ\u00e9es enti\u00e8res dans les vignes","publisher":{"@id":"https:\/\/www.mesvendanges.com\/en\/#organization"},"potentialAction":[{"@type":"SearchAction","target":{"@type":"EntryPoint","urlTemplate":"https:\/\/www.mesvendanges.com\/en\/?s={search_term_string}"},"query-input":"required name=search_term_string"}],"inLanguage":"fr-FR"},{"@type":"ImageObject","inLanguage":"fr-FR","@id":"https:\/\/www.mesvendanges.com\/fr\/boutique\/vins\/mazoyeres-chambertin-perrot-minot-2015-75cl\/#primaryimage","url":"https:\/\/www.mesvendanges.com\/wp-content\/uploads\/2025\/05\/perrot-minot-mazoyeres-chambertin-mazoyeres-chambertin-grand-cru-2015-75cl-rouge-png.png","contentUrl":"https:\/\/www.mesvendanges.com\/wp-content\/uploads\/2025\/05\/perrot-minot-mazoyeres-chambertin-mazoyeres-chambertin-grand-cru-2015-75cl-rouge-png.png","width":418,"height":1500},{"@type":"WebPage","@id":"https:\/\/www.mesvendanges.com\/fr\/boutique\/vins\/mazoyeres-chambertin-perrot-minot-2015-75cl\/","url":"https:\/\/www.mesvendanges.com\/fr\/boutique\/vins\/mazoyeres-chambertin-perrot-minot-2015-75cl\/","name":"MAZOYERES-CHAMBERTIN - Mes Vendanges","isPartOf":{"@id":"https:\/\/www.mesvendanges.com\/en\/#website"},"primaryImageOfPage":{"@id":"https:\/\/www.mesvendanges.com\/fr\/boutique\/vins\/mazoyeres-chambertin-perrot-minot-2015-75cl\/#primaryimage"},"datePublished":"2022-08-02T12:31:49+00:00","dateModified":"2025-05-01T15:16:13+00:00","breadcrumb":{"@id":"https:\/\/www.mesvendanges.com\/fr\/boutique\/vins\/mazoyeres-chambertin-perrot-minot-2015-75cl\/#breadcrumb"},"inLanguage":"fr-FR","potentialAction":[{"@type":"ReadAction","target":["https:\/\/www.mesvendanges.com\/fr\/boutique\/vins\/mazoyeres-chambertin-perrot-minot-2015-75cl\/"]}]},{"@type":"BreadcrumbList","@id":"https:\/\/www.mesvendanges.com\/fr\/boutique\/vins\/mazoyeres-chambertin-perrot-minot-2015-75cl\/#breadcrumb","itemListElement":[{"@type":"ListItem","position":1,"name":"Accueil","item":"https:\/\/www.mesvendanges.com\/fr\/"},{"@type":"ListItem","position":2,"name":"Boutique","item":"https:\/\/www.mesvendanges.com\/fr\/boutique\/"},{"@type":"ListItem","position":3,"name":"MAZOYERES-CHAMBERTIN"}]}]}},"_links":{"self":[{"href":"https:\/\/www.mesvendanges.com\/fr\/wp-json\/wp\/v2\/product\/39961"}],"collection":[{"href":"https:\/\/www.mesvendanges.com\/fr\/wp-json\/wp\/v2\/product"}],"about":[{"href":"https:\/\/www.mesvendanges.com\/fr\/wp-json\/wp\/v2\/types\/product"}],"wp:featuredmedia":[{"embeddable":true,"href":"https:\/\/www.mesvendanges.com\/fr\/wp-json\/wp\/v2\/media\/87666"}],"wp:attachment":[{"href":"https:\/\/www.mesvendanges.com\/fr\/wp-json\/wp\/v2\/media?parent=39961"}],"wp:term":[{"taxonomy":"product_cat","embeddable":true,"href":"https:\/\/www.mesvendanges.com\/fr\/wp-json\/wp\/v2\/product_cat?post=39961"},{"taxonomy":"product_tag","embeddable":true,"href":"https:\/\/www.mesvendanges.com\/fr\/wp-json\/wp\/v2\/product_tag?post=39961"}],"curies":[{"name":"wp","href":"https:\/\/api.w.org\/{rel}","templated":true}]}}