{"id":40041,"date":"2022-08-02T14:33:50","date_gmt":"2022-08-02T12:33:50","guid":{"rendered":"https:\/\/www.mesvendanges.com\/shop\/non%20class\u00e9\/larcis-ducasse-en-magnum-7\/"},"modified":"2023-12-05T23:05:38","modified_gmt":"2023-12-05T22:05:38","slug":"larcis-ducasse-en-magnum-larcis-ducasse-ch-2016-150cl","status":"publish","type":"product","link":"https:\/\/www.mesvendanges.com\/fr\/boutique\/vins\/larcis-ducasse-en-magnum-larcis-ducasse-ch-2016-150cl\/","title":{"rendered":"LARCIS-DUCASSE en magnum"},"content":{"rendered":"<p><font face=\"verdana\"><font size=\"3\"><b>94-97\/100 Antonio Galoni &#8211; Vinous : <\/b><\/font><\/font><font face=\"verdana\"><font size=\"2\">\u201c <\/font><\/font><font face=\"verdana\"><font size=\"3\"><i>The 2016 Larcis Ducasse is a drop-dead gorgeous beauty. Silky, supple and gracious to the core, it possesses exceptional textural finesse and nuance from start to finish. Nothing is out place; instead, in 2016 Larcis impresses with its poise, depth and centeredness. Super-ripe dark cherry, plum, chocolate, spice and lavender infuse the creamy, resonant finish, and all the richness of this south-facing site comes through loud and clear. Quite simply, the 2016 is an exceptional Larcis. Don&#8217;t miss it! Tasted four times.\u201d<\/i><\/font><\/font><\/p>\n<div>\n<div>\n<div style=\"font-family: verdana; font-size: small;\">\n<p style=\"margin-bottom: 0cm\"><font face=\"verdana\"><font size=\"3\"><u><b><br \/><\/b><\/u><\/font><\/font><font face=\"verdana\"><font size=\"3\"><b>95-96\/100 James Suckling :<\/b><\/font><\/font><font face=\"verdana\"><font size=\"2\">\u201c <\/font><\/font><font face=\"verdana\"><font size=\"3\"><i>This is very polished and beautiful with ultra-fine tannins and a long, linear finish. It has a density and beauty that seduces you.\u201d<\/i><\/font><\/font><font face=\"verdana\"><font size=\"3\"><i><u><\/p>\n<p><\/u><\/i><\/font><\/font><font face=\"verdana\"><font size=\"3\"><b>94-97\/100 James Molesworth &#8211; Wine spectator :<\/b><\/font><\/font><font face=\"verdana\"><font size=\"2\">\u201c <\/font><\/font><font face=\"verdana\"><font size=\"3\"><i>This is really flattering, offering crushed raspberry, boysenberry and plum fruit stitched with dried anise, bramble and chalky threads. Long, elegant, spice-infused finish.\u201d<br \/><\/i><\/font><\/font><font face=\"verdana\"><font size=\"3\"><b><br \/>97\/100 JM Quarin :<\/b><\/font><\/font><font face=\"verdana\"><font size=\"2\">\u201c <\/font><\/font><font face=\"verdana\"><font size=\"3\"><i>Le meilleur jamais fait ! Couleur sombre, intense, noire et pourpre. Nez intense, fin, fruit\u00e9, floral, frais, m\u00fbr, avec une touche tr\u00e8s originale de violette. Entr\u00e9e en bouche d\u00e9licate, au toucher de suite raffin\u00e9. Le vin monte en milieu de bouche, particuli\u00e8rement savoureux et nuanc\u00e9 dans son toucher et ses ar\u00f4mes. Fondant, tr\u00e8s \u00e9l\u00e9gant dans son d\u00e9roul\u00e9, il vient s\u2019achever long et tr\u00e8s, tr\u00e8s parfum\u00e9, suave, avec un grain de tanin fin. C\u2019est remarquable et incrachable ! Assemblage : 87 % merlot, 13 % cabernet franc. Degr\u00e9 d\u2019alcool : 14,4\u00ba, pH : 3.45, ce qui est le plus bas jamais vu sur la propri\u00e9t\u00e9. Ce vin a 50 \u00e0 70 ans de vie devant lui.The best ever.\u201d<\/p>\n<p><\/i><\/font><\/font><font face=\"verdana\"><font size=\"3\"><b>96-98\/100 Jeff Leve &#8211; The Wine Cellar Insider :<\/b><\/font><\/font><font face=\"verdana\"><font size=\"2\"> <\/font><\/font><font size=\"3\"><i><span style=\"font-weight: normal\">\u201c <\/span><\/i><\/font><font face=\"verdana\"><font size=\"3\"><i><span style=\"font-weight: normal\">This is incredibly rich, sensuous, full bodied and deep. Between the tannins and fruit, I cannot decide which is more polished or has more finesse. With lavish textures, waves of fruit and a velvet mouth feel, this is an outstanding wine with tremendous character. Made from a blend of 87% Merlot, harvested October 12 to October 20 and 13% Cabernet Franc, picked on October 18 and 19, the wine reached 14.4% alcohol with a pH of 3.45.\u201d<\/span><\/i><\/font><\/font><\/p>\n<\/p><\/div>\n<\/div>\n<\/div>\n","protected":false},"excerpt":{"rendered":"<p>94-97\/100 Antonio Galoni &#8211; Vinous : \u201c The 2016 Larcis Ducasse is a drop-dead gorgeous beauty. Silky, supple and gracious to the core, it possesses exceptional textural finesse and nuance from start to finish. Nothing is out place; instead, in 2016 Larcis impresses with its poise, depth and centeredness. Super-ripe dark cherry, plum, chocolate, spice [&hellip;]<\/p>\n","protected":false},"featured_media":0,"template":"","meta":[],"product_cat":[3736],"product_tag":[],"acf":[],"yoast_head":"<!-- This site is optimized with the Yoast SEO plugin v19.3 - https:\/\/yoast.com\/wordpress\/plugins\/seo\/ -->\n<title>LARCIS-DUCASSE en magnum - Mes Vendanges<\/title>\n<meta name=\"robots\" content=\"index, follow, max-snippet:-1, max-image-preview:large, max-video-preview:-1\" \/>\n<link rel=\"canonical\" href=\"https:\/\/www.mesvendanges.com\/fr\/boutique\/vins\/larcis-ducasse-en-magnum-larcis-ducasse-ch-2016-150cl\/\" \/>\n<meta property=\"og:locale\" content=\"fr_FR\" \/>\n<meta property=\"og:type\" content=\"article\" \/>\n<meta property=\"og:title\" content=\"LARCIS-DUCASSE en magnum - Mes Vendanges\" \/>\n<meta property=\"og:description\" content=\"94-97\/100 Antonio Galoni &#8211; Vinous : \u201c The 2016 Larcis Ducasse is a drop-dead gorgeous beauty. Silky, supple and gracious to the core, it possesses exceptional textural finesse and nuance from start to finish. Nothing is out place; instead, in 2016 Larcis impresses with its poise, depth and centeredness. Super-ripe dark cherry, plum, chocolate, spice [&hellip;]\" \/>\n<meta property=\"og:url\" content=\"https:\/\/www.mesvendanges.com\/fr\/boutique\/vins\/larcis-ducasse-en-magnum-larcis-ducasse-ch-2016-150cl\/\" \/>\n<meta property=\"og:site_name\" content=\"Mes Vendanges\" \/>\n<meta property=\"article:modified_time\" content=\"2023-12-05T22:05:38+00:00\" \/>\n<meta name=\"twitter:card\" content=\"summary_large_image\" \/>\n<meta name=\"twitter:label1\" content=\"Dur\u00e9e de lecture estim\u00e9e\" \/>\n\t<meta name=\"twitter:data1\" content=\"2 minutes\" \/>\n<script type=\"application\/ld+json\" class=\"yoast-schema-graph\">{\"@context\":\"https:\/\/schema.org\",\"@graph\":[{\"@type\":\"Organization\",\"@id\":\"https:\/\/www.mesvendanges.com\/en\/#organization\",\"name\":\"Mes Vendanges\",\"url\":\"https:\/\/www.mesvendanges.com\/en\/\",\"sameAs\":[],\"logo\":{\"@type\":\"ImageObject\",\"inLanguage\":\"fr-FR\",\"@id\":\"https:\/\/www.mesvendanges.com\/en\/#\/schema\/logo\/image\/\",\"url\":\"https:\/\/www.mesvendanges.com\/wp-content\/uploads\/2022\/02\/logo-mesvendanges.jpg\",\"contentUrl\":\"https:\/\/www.mesvendanges.com\/wp-content\/uploads\/2022\/02\/logo-mesvendanges.jpg\",\"width\":851,\"height\":260,\"caption\":\"Mes Vendanges\"},\"image\":{\"@id\":\"https:\/\/www.mesvendanges.com\/en\/#\/schema\/logo\/image\/\"}},{\"@type\":\"WebSite\",\"@id\":\"https:\/\/www.mesvendanges.com\/en\/#website\",\"url\":\"https:\/\/www.mesvendanges.com\/en\/\",\"name\":\"Mes Vendanges\",\"description\":\"Des journ\u00e9es enti\u00e8res dans les vignes\",\"publisher\":{\"@id\":\"https:\/\/www.mesvendanges.com\/en\/#organization\"},\"potentialAction\":[{\"@type\":\"SearchAction\",\"target\":{\"@type\":\"EntryPoint\",\"urlTemplate\":\"https:\/\/www.mesvendanges.com\/en\/?s={search_term_string}\"},\"query-input\":\"required name=search_term_string\"}],\"inLanguage\":\"fr-FR\"},{\"@type\":\"WebPage\",\"@id\":\"https:\/\/www.mesvendanges.com\/fr\/boutique\/vins\/larcis-ducasse-en-magnum-larcis-ducasse-ch-2016-150cl\/\",\"url\":\"https:\/\/www.mesvendanges.com\/fr\/boutique\/vins\/larcis-ducasse-en-magnum-larcis-ducasse-ch-2016-150cl\/\",\"name\":\"LARCIS-DUCASSE en magnum - Mes Vendanges\",\"isPartOf\":{\"@id\":\"https:\/\/www.mesvendanges.com\/en\/#website\"},\"datePublished\":\"2022-08-02T12:33:50+00:00\",\"dateModified\":\"2023-12-05T22:05:38+00:00\",\"breadcrumb\":{\"@id\":\"https:\/\/www.mesvendanges.com\/fr\/boutique\/vins\/larcis-ducasse-en-magnum-larcis-ducasse-ch-2016-150cl\/#breadcrumb\"},\"inLanguage\":\"fr-FR\",\"potentialAction\":[{\"@type\":\"ReadAction\",\"target\":[\"https:\/\/www.mesvendanges.com\/fr\/boutique\/vins\/larcis-ducasse-en-magnum-larcis-ducasse-ch-2016-150cl\/\"]}]},{\"@type\":\"BreadcrumbList\",\"@id\":\"https:\/\/www.mesvendanges.com\/fr\/boutique\/vins\/larcis-ducasse-en-magnum-larcis-ducasse-ch-2016-150cl\/#breadcrumb\",\"itemListElement\":[{\"@type\":\"ListItem\",\"position\":1,\"name\":\"Accueil\",\"item\":\"https:\/\/www.mesvendanges.com\/fr\/\"},{\"@type\":\"ListItem\",\"position\":2,\"name\":\"Boutique\",\"item\":\"https:\/\/www.mesvendanges.com\/fr\/boutique\/\"},{\"@type\":\"ListItem\",\"position\":3,\"name\":\"LARCIS-DUCASSE en magnum\"}]}]}<\/script>\n<!-- \/ Yoast SEO plugin. -->","yoast_head_json":{"title":"LARCIS-DUCASSE en magnum - Mes Vendanges","robots":{"index":"index","follow":"follow","max-snippet":"max-snippet:-1","max-image-preview":"max-image-preview:large","max-video-preview":"max-video-preview:-1"},"canonical":"https:\/\/www.mesvendanges.com\/fr\/boutique\/vins\/larcis-ducasse-en-magnum-larcis-ducasse-ch-2016-150cl\/","og_locale":"fr_FR","og_type":"article","og_title":"LARCIS-DUCASSE en magnum - Mes Vendanges","og_description":"94-97\/100 Antonio Galoni &#8211; Vinous : \u201c The 2016 Larcis Ducasse is a drop-dead gorgeous beauty. Silky, supple and gracious to the core, it possesses exceptional textural finesse and nuance from start to finish. Nothing is out place; instead, in 2016 Larcis impresses with its poise, depth and centeredness. Super-ripe dark cherry, plum, chocolate, spice [&hellip;]","og_url":"https:\/\/www.mesvendanges.com\/fr\/boutique\/vins\/larcis-ducasse-en-magnum-larcis-ducasse-ch-2016-150cl\/","og_site_name":"Mes Vendanges","article_modified_time":"2023-12-05T22:05:38+00:00","twitter_card":"summary_large_image","twitter_misc":{"Dur\u00e9e de lecture estim\u00e9e":"2 minutes"},"schema":{"@context":"https:\/\/schema.org","@graph":[{"@type":"Organization","@id":"https:\/\/www.mesvendanges.com\/en\/#organization","name":"Mes Vendanges","url":"https:\/\/www.mesvendanges.com\/en\/","sameAs":[],"logo":{"@type":"ImageObject","inLanguage":"fr-FR","@id":"https:\/\/www.mesvendanges.com\/en\/#\/schema\/logo\/image\/","url":"https:\/\/www.mesvendanges.com\/wp-content\/uploads\/2022\/02\/logo-mesvendanges.jpg","contentUrl":"https:\/\/www.mesvendanges.com\/wp-content\/uploads\/2022\/02\/logo-mesvendanges.jpg","width":851,"height":260,"caption":"Mes Vendanges"},"image":{"@id":"https:\/\/www.mesvendanges.com\/en\/#\/schema\/logo\/image\/"}},{"@type":"WebSite","@id":"https:\/\/www.mesvendanges.com\/en\/#website","url":"https:\/\/www.mesvendanges.com\/en\/","name":"Mes Vendanges","description":"Des journ\u00e9es enti\u00e8res dans les vignes","publisher":{"@id":"https:\/\/www.mesvendanges.com\/en\/#organization"},"potentialAction":[{"@type":"SearchAction","target":{"@type":"EntryPoint","urlTemplate":"https:\/\/www.mesvendanges.com\/en\/?s={search_term_string}"},"query-input":"required name=search_term_string"}],"inLanguage":"fr-FR"},{"@type":"WebPage","@id":"https:\/\/www.mesvendanges.com\/fr\/boutique\/vins\/larcis-ducasse-en-magnum-larcis-ducasse-ch-2016-150cl\/","url":"https:\/\/www.mesvendanges.com\/fr\/boutique\/vins\/larcis-ducasse-en-magnum-larcis-ducasse-ch-2016-150cl\/","name":"LARCIS-DUCASSE en magnum - Mes Vendanges","isPartOf":{"@id":"https:\/\/www.mesvendanges.com\/en\/#website"},"datePublished":"2022-08-02T12:33:50+00:00","dateModified":"2023-12-05T22:05:38+00:00","breadcrumb":{"@id":"https:\/\/www.mesvendanges.com\/fr\/boutique\/vins\/larcis-ducasse-en-magnum-larcis-ducasse-ch-2016-150cl\/#breadcrumb"},"inLanguage":"fr-FR","potentialAction":[{"@type":"ReadAction","target":["https:\/\/www.mesvendanges.com\/fr\/boutique\/vins\/larcis-ducasse-en-magnum-larcis-ducasse-ch-2016-150cl\/"]}]},{"@type":"BreadcrumbList","@id":"https:\/\/www.mesvendanges.com\/fr\/boutique\/vins\/larcis-ducasse-en-magnum-larcis-ducasse-ch-2016-150cl\/#breadcrumb","itemListElement":[{"@type":"ListItem","position":1,"name":"Accueil","item":"https:\/\/www.mesvendanges.com\/fr\/"},{"@type":"ListItem","position":2,"name":"Boutique","item":"https:\/\/www.mesvendanges.com\/fr\/boutique\/"},{"@type":"ListItem","position":3,"name":"LARCIS-DUCASSE en magnum"}]}]}},"_links":{"self":[{"href":"https:\/\/www.mesvendanges.com\/fr\/wp-json\/wp\/v2\/product\/40041"}],"collection":[{"href":"https:\/\/www.mesvendanges.com\/fr\/wp-json\/wp\/v2\/product"}],"about":[{"href":"https:\/\/www.mesvendanges.com\/fr\/wp-json\/wp\/v2\/types\/product"}],"wp:attachment":[{"href":"https:\/\/www.mesvendanges.com\/fr\/wp-json\/wp\/v2\/media?parent=40041"}],"wp:term":[{"taxonomy":"product_cat","embeddable":true,"href":"https:\/\/www.mesvendanges.com\/fr\/wp-json\/wp\/v2\/product_cat?post=40041"},{"taxonomy":"product_tag","embeddable":true,"href":"https:\/\/www.mesvendanges.com\/fr\/wp-json\/wp\/v2\/product_tag?post=40041"}],"curies":[{"name":"wp","href":"https:\/\/api.w.org\/{rel}","templated":true}]}}