{"id":40075,"date":"2022-08-02T14:34:37","date_gmt":"2022-08-02T12:34:37","guid":{"rendered":"https:\/\/www.mesvendanges.com\/shop\/non%20class\u00e9\/beausejour-duffau-lagarrosse-8\/"},"modified":"2025-05-01T14:19:48","modified_gmt":"2025-05-01T12:19:48","slug":"beausejour-duffau-lagarrosse-beausejour-duffau-lagarrosse-ch-2016-75cl","status":"publish","type":"product","link":"https:\/\/www.mesvendanges.com\/fr\/boutique\/vins\/beausejour-duffau-lagarrosse-beausejour-duffau-lagarrosse-ch-2016-75cl\/","title":{"rendered":"BEAUSEJOUR-DUFFAU-LAGARROSSE"},"content":{"rendered":"<p>98-99\/100 James Suckling \u00ab Is this the twin brother of the amazing 2015? We will see. What a superb density and richness with bright and intense tannins that are buttressed with fresh acidity. Beautiful finish.<br \/>\n98\/100 Jean-Marc Quarin :\u00ab Le meilleur jamais fait avec le 1990 ! Couleur sombre, intense et noire. Nez tr\u00e8s aromatique, fin, complexe, fruit\u00e9, avec une note de prune et de pain d\u2019\u00e9pice. Tr\u00e8s belle entr\u00e9e en bouche. Le vin s\u2019offre d\u2019entr\u00e9e de jeu, avec un grand go\u00fbt de cerise, un corps charnu et beaucoup d\u2019\u00e9clat aromatique. Il fond au milieu, juteux et noble dans sa texture avant de se tramer en finale pour s\u2019achever dans une grande longueur s\u00e8veuse, parfum\u00e9e, au grain de tannin g\u00e9nial. Superbe ! Assemblage : 90 % merlot, 10 % cabernet franc &#8211; Degr\u00e9 d\u2019alcool : 14\u00b03 (inf\u00e9rieur \u00e0 2009 et 2010) \u2013 pH: 3,38 (moyenne moins). The best ever. \u00bb<br \/>\n95-98+ \/100 Antonio Galloni Vinous \u00ab The 2016 Beaus\u00e9jour H\u00e9ritiers Duffau-Lagarrosse is outrageously beautiful. A striking bouquet of crushed rocks, graphite, smoke, scorched earth and lavender opens into a core of plush, sumptuous fruit. Deep, dark and inviting, the 2016 is endowed with tremendous intensity in all of its dimensions. Beams of tannin give the wine its explosive, exuberant personality. This is another exceptional showing from Nicolas Thienpont and his team. Readers should be prepared to be patient, as the 2016>is going to need time in bottle to be at its best. Even so, it is deeply impressive today. Tasted three times.<br \/>\n97-99\/100 Jeff Lewe, the Wine Cellar insider :\u00ab Deep dark in color, this wine is all about the spirit of fresh picked flowers, stony minerals and black cherry. Full bodied and penetrating, the wine has a beautiful sense of purity, lift and finesse. There is intensity, concentration and layers of sweetly saturated, energetic, dark fruits, licorice and boysenberry that just keep going long after the last sip. The wine was produced from blending 90% Merlot, harvested October 7 to October 18 and 10% Cabernet Franc, picked October 18 to October 21. The wine reached 14.4% alcohol with a pH of 3.38. <\/p>\n","protected":false},"excerpt":{"rendered":"<p>98-99\/100 James Suckling \u00ab Is this the twin brother of the amazing 2015? We will see. What a superb density and richness with bright and intense tannins that are buttressed with fresh acidity. Beautiful finish. 98\/100 Jean-Marc Quarin :\u00ab Le meilleur jamais fait avec le 1990 ! Couleur sombre, intense et noire. Nez tr\u00e8s aromatique, [&hellip;]<\/p>\n","protected":false},"featured_media":86362,"template":"","meta":[],"product_cat":[3736],"product_tag":[],"acf":[],"yoast_head":"<!-- This site is optimized with the Yoast SEO plugin v19.3 - https:\/\/yoast.com\/wordpress\/plugins\/seo\/ -->\n<title>BEAUSEJOUR-DUFFAU-LAGARROSSE - Mes Vendanges<\/title>\n<meta name=\"robots\" content=\"index, follow, max-snippet:-1, max-image-preview:large, max-video-preview:-1\" \/>\n<link rel=\"canonical\" href=\"https:\/\/www.mesvendanges.com\/fr\/boutique\/vins\/beausejour-duffau-lagarrosse-beausejour-duffau-lagarrosse-ch-2016-75cl\/\" \/>\n<meta property=\"og:locale\" content=\"fr_FR\" \/>\n<meta property=\"og:type\" content=\"article\" \/>\n<meta property=\"og:title\" content=\"BEAUSEJOUR-DUFFAU-LAGARROSSE - Mes Vendanges\" \/>\n<meta property=\"og:description\" content=\"98-99\/100 James Suckling \u00ab Is this the twin brother of the amazing 2015? We will see. What a superb density and richness with bright and intense tannins that are buttressed with fresh acidity. Beautiful finish. 98\/100 Jean-Marc Quarin :\u00ab Le meilleur jamais fait avec le 1990 ! Couleur sombre, intense et noire. Nez tr\u00e8s aromatique, [&hellip;]\" \/>\n<meta property=\"og:url\" content=\"https:\/\/www.mesvendanges.com\/fr\/boutique\/vins\/beausejour-duffau-lagarrosse-beausejour-duffau-lagarrosse-ch-2016-75cl\/\" \/>\n<meta property=\"og:site_name\" content=\"Mes Vendanges\" \/>\n<meta property=\"article:modified_time\" content=\"2025-05-01T12:19:48+00:00\" \/>\n<meta property=\"og:image\" content=\"https:\/\/www.mesvendanges.com\/wp-content\/uploads\/2025\/05\/chateau-beausejour-duffau-lagarrosse-saint-emilion-1ergcc-2016-png.png\" \/>\n\t<meta property=\"og:image:width\" content=\"414\" \/>\n\t<meta property=\"og:image:height\" content=\"1500\" \/>\n\t<meta property=\"og:image:type\" content=\"image\/png\" \/>\n<meta name=\"twitter:card\" content=\"summary_large_image\" \/>\n<meta name=\"twitter:label1\" content=\"Dur\u00e9e de lecture estim\u00e9e\" \/>\n\t<meta name=\"twitter:data1\" content=\"2 minutes\" \/>\n<script type=\"application\/ld+json\" class=\"yoast-schema-graph\">{\"@context\":\"https:\/\/schema.org\",\"@graph\":[{\"@type\":\"Organization\",\"@id\":\"https:\/\/www.mesvendanges.com\/en\/#organization\",\"name\":\"Mes Vendanges\",\"url\":\"https:\/\/www.mesvendanges.com\/en\/\",\"sameAs\":[],\"logo\":{\"@type\":\"ImageObject\",\"inLanguage\":\"fr-FR\",\"@id\":\"https:\/\/www.mesvendanges.com\/en\/#\/schema\/logo\/image\/\",\"url\":\"https:\/\/www.mesvendanges.com\/wp-content\/uploads\/2022\/02\/logo-mesvendanges.jpg\",\"contentUrl\":\"https:\/\/www.mesvendanges.com\/wp-content\/uploads\/2022\/02\/logo-mesvendanges.jpg\",\"width\":851,\"height\":260,\"caption\":\"Mes Vendanges\"},\"image\":{\"@id\":\"https:\/\/www.mesvendanges.com\/en\/#\/schema\/logo\/image\/\"}},{\"@type\":\"WebSite\",\"@id\":\"https:\/\/www.mesvendanges.com\/en\/#website\",\"url\":\"https:\/\/www.mesvendanges.com\/en\/\",\"name\":\"Mes Vendanges\",\"description\":\"Des journ\u00e9es enti\u00e8res dans les vignes\",\"publisher\":{\"@id\":\"https:\/\/www.mesvendanges.com\/en\/#organization\"},\"potentialAction\":[{\"@type\":\"SearchAction\",\"target\":{\"@type\":\"EntryPoint\",\"urlTemplate\":\"https:\/\/www.mesvendanges.com\/en\/?s={search_term_string}\"},\"query-input\":\"required name=search_term_string\"}],\"inLanguage\":\"fr-FR\"},{\"@type\":\"ImageObject\",\"inLanguage\":\"fr-FR\",\"@id\":\"https:\/\/www.mesvendanges.com\/fr\/boutique\/vins\/beausejour-duffau-lagarrosse-beausejour-duffau-lagarrosse-ch-2016-75cl\/#primaryimage\",\"url\":\"https:\/\/www.mesvendanges.com\/wp-content\/uploads\/2025\/05\/chateau-beausejour-duffau-lagarrosse-saint-emilion-1ergcc-2016-png.png\",\"contentUrl\":\"https:\/\/www.mesvendanges.com\/wp-content\/uploads\/2025\/05\/chateau-beausejour-duffau-lagarrosse-saint-emilion-1ergcc-2016-png.png\",\"width\":414,\"height\":1500},{\"@type\":\"WebPage\",\"@id\":\"https:\/\/www.mesvendanges.com\/fr\/boutique\/vins\/beausejour-duffau-lagarrosse-beausejour-duffau-lagarrosse-ch-2016-75cl\/\",\"url\":\"https:\/\/www.mesvendanges.com\/fr\/boutique\/vins\/beausejour-duffau-lagarrosse-beausejour-duffau-lagarrosse-ch-2016-75cl\/\",\"name\":\"BEAUSEJOUR-DUFFAU-LAGARROSSE - Mes Vendanges\",\"isPartOf\":{\"@id\":\"https:\/\/www.mesvendanges.com\/en\/#website\"},\"primaryImageOfPage\":{\"@id\":\"https:\/\/www.mesvendanges.com\/fr\/boutique\/vins\/beausejour-duffau-lagarrosse-beausejour-duffau-lagarrosse-ch-2016-75cl\/#primaryimage\"},\"datePublished\":\"2022-08-02T12:34:37+00:00\",\"dateModified\":\"2025-05-01T12:19:48+00:00\",\"breadcrumb\":{\"@id\":\"https:\/\/www.mesvendanges.com\/fr\/boutique\/vins\/beausejour-duffau-lagarrosse-beausejour-duffau-lagarrosse-ch-2016-75cl\/#breadcrumb\"},\"inLanguage\":\"fr-FR\",\"potentialAction\":[{\"@type\":\"ReadAction\",\"target\":[\"https:\/\/www.mesvendanges.com\/fr\/boutique\/vins\/beausejour-duffau-lagarrosse-beausejour-duffau-lagarrosse-ch-2016-75cl\/\"]}]},{\"@type\":\"BreadcrumbList\",\"@id\":\"https:\/\/www.mesvendanges.com\/fr\/boutique\/vins\/beausejour-duffau-lagarrosse-beausejour-duffau-lagarrosse-ch-2016-75cl\/#breadcrumb\",\"itemListElement\":[{\"@type\":\"ListItem\",\"position\":1,\"name\":\"Accueil\",\"item\":\"https:\/\/www.mesvendanges.com\/fr\/\"},{\"@type\":\"ListItem\",\"position\":2,\"name\":\"Boutique\",\"item\":\"https:\/\/www.mesvendanges.com\/fr\/boutique\/\"},{\"@type\":\"ListItem\",\"position\":3,\"name\":\"BEAUSEJOUR-DUFFAU-LAGARROSSE\"}]}]}<\/script>\n<!-- \/ Yoast SEO plugin. -->","yoast_head_json":{"title":"BEAUSEJOUR-DUFFAU-LAGARROSSE - Mes Vendanges","robots":{"index":"index","follow":"follow","max-snippet":"max-snippet:-1","max-image-preview":"max-image-preview:large","max-video-preview":"max-video-preview:-1"},"canonical":"https:\/\/www.mesvendanges.com\/fr\/boutique\/vins\/beausejour-duffau-lagarrosse-beausejour-duffau-lagarrosse-ch-2016-75cl\/","og_locale":"fr_FR","og_type":"article","og_title":"BEAUSEJOUR-DUFFAU-LAGARROSSE - Mes Vendanges","og_description":"98-99\/100 James Suckling \u00ab Is this the twin brother of the amazing 2015? We will see. What a superb density and richness with bright and intense tannins that are buttressed with fresh acidity. Beautiful finish. 98\/100 Jean-Marc Quarin :\u00ab Le meilleur jamais fait avec le 1990 ! Couleur sombre, intense et noire. Nez tr\u00e8s aromatique, [&hellip;]","og_url":"https:\/\/www.mesvendanges.com\/fr\/boutique\/vins\/beausejour-duffau-lagarrosse-beausejour-duffau-lagarrosse-ch-2016-75cl\/","og_site_name":"Mes Vendanges","article_modified_time":"2025-05-01T12:19:48+00:00","og_image":[{"width":414,"height":1500,"url":"https:\/\/www.mesvendanges.com\/wp-content\/uploads\/2025\/05\/chateau-beausejour-duffau-lagarrosse-saint-emilion-1ergcc-2016-png.png","type":"image\/png"}],"twitter_card":"summary_large_image","twitter_misc":{"Dur\u00e9e de lecture estim\u00e9e":"2 minutes"},"schema":{"@context":"https:\/\/schema.org","@graph":[{"@type":"Organization","@id":"https:\/\/www.mesvendanges.com\/en\/#organization","name":"Mes Vendanges","url":"https:\/\/www.mesvendanges.com\/en\/","sameAs":[],"logo":{"@type":"ImageObject","inLanguage":"fr-FR","@id":"https:\/\/www.mesvendanges.com\/en\/#\/schema\/logo\/image\/","url":"https:\/\/www.mesvendanges.com\/wp-content\/uploads\/2022\/02\/logo-mesvendanges.jpg","contentUrl":"https:\/\/www.mesvendanges.com\/wp-content\/uploads\/2022\/02\/logo-mesvendanges.jpg","width":851,"height":260,"caption":"Mes Vendanges"},"image":{"@id":"https:\/\/www.mesvendanges.com\/en\/#\/schema\/logo\/image\/"}},{"@type":"WebSite","@id":"https:\/\/www.mesvendanges.com\/en\/#website","url":"https:\/\/www.mesvendanges.com\/en\/","name":"Mes Vendanges","description":"Des journ\u00e9es enti\u00e8res dans les vignes","publisher":{"@id":"https:\/\/www.mesvendanges.com\/en\/#organization"},"potentialAction":[{"@type":"SearchAction","target":{"@type":"EntryPoint","urlTemplate":"https:\/\/www.mesvendanges.com\/en\/?s={search_term_string}"},"query-input":"required name=search_term_string"}],"inLanguage":"fr-FR"},{"@type":"ImageObject","inLanguage":"fr-FR","@id":"https:\/\/www.mesvendanges.com\/fr\/boutique\/vins\/beausejour-duffau-lagarrosse-beausejour-duffau-lagarrosse-ch-2016-75cl\/#primaryimage","url":"https:\/\/www.mesvendanges.com\/wp-content\/uploads\/2025\/05\/chateau-beausejour-duffau-lagarrosse-saint-emilion-1ergcc-2016-png.png","contentUrl":"https:\/\/www.mesvendanges.com\/wp-content\/uploads\/2025\/05\/chateau-beausejour-duffau-lagarrosse-saint-emilion-1ergcc-2016-png.png","width":414,"height":1500},{"@type":"WebPage","@id":"https:\/\/www.mesvendanges.com\/fr\/boutique\/vins\/beausejour-duffau-lagarrosse-beausejour-duffau-lagarrosse-ch-2016-75cl\/","url":"https:\/\/www.mesvendanges.com\/fr\/boutique\/vins\/beausejour-duffau-lagarrosse-beausejour-duffau-lagarrosse-ch-2016-75cl\/","name":"BEAUSEJOUR-DUFFAU-LAGARROSSE - Mes Vendanges","isPartOf":{"@id":"https:\/\/www.mesvendanges.com\/en\/#website"},"primaryImageOfPage":{"@id":"https:\/\/www.mesvendanges.com\/fr\/boutique\/vins\/beausejour-duffau-lagarrosse-beausejour-duffau-lagarrosse-ch-2016-75cl\/#primaryimage"},"datePublished":"2022-08-02T12:34:37+00:00","dateModified":"2025-05-01T12:19:48+00:00","breadcrumb":{"@id":"https:\/\/www.mesvendanges.com\/fr\/boutique\/vins\/beausejour-duffau-lagarrosse-beausejour-duffau-lagarrosse-ch-2016-75cl\/#breadcrumb"},"inLanguage":"fr-FR","potentialAction":[{"@type":"ReadAction","target":["https:\/\/www.mesvendanges.com\/fr\/boutique\/vins\/beausejour-duffau-lagarrosse-beausejour-duffau-lagarrosse-ch-2016-75cl\/"]}]},{"@type":"BreadcrumbList","@id":"https:\/\/www.mesvendanges.com\/fr\/boutique\/vins\/beausejour-duffau-lagarrosse-beausejour-duffau-lagarrosse-ch-2016-75cl\/#breadcrumb","itemListElement":[{"@type":"ListItem","position":1,"name":"Accueil","item":"https:\/\/www.mesvendanges.com\/fr\/"},{"@type":"ListItem","position":2,"name":"Boutique","item":"https:\/\/www.mesvendanges.com\/fr\/boutique\/"},{"@type":"ListItem","position":3,"name":"BEAUSEJOUR-DUFFAU-LAGARROSSE"}]}]}},"_links":{"self":[{"href":"https:\/\/www.mesvendanges.com\/fr\/wp-json\/wp\/v2\/product\/40075"}],"collection":[{"href":"https:\/\/www.mesvendanges.com\/fr\/wp-json\/wp\/v2\/product"}],"about":[{"href":"https:\/\/www.mesvendanges.com\/fr\/wp-json\/wp\/v2\/types\/product"}],"wp:featuredmedia":[{"embeddable":true,"href":"https:\/\/www.mesvendanges.com\/fr\/wp-json\/wp\/v2\/media\/86362"}],"wp:attachment":[{"href":"https:\/\/www.mesvendanges.com\/fr\/wp-json\/wp\/v2\/media?parent=40075"}],"wp:term":[{"taxonomy":"product_cat","embeddable":true,"href":"https:\/\/www.mesvendanges.com\/fr\/wp-json\/wp\/v2\/product_cat?post=40075"},{"taxonomy":"product_tag","embeddable":true,"href":"https:\/\/www.mesvendanges.com\/fr\/wp-json\/wp\/v2\/product_tag?post=40075"}],"curies":[{"name":"wp","href":"https:\/\/api.w.org\/{rel}","templated":true}]}}