{"id":40113,"date":"2022-08-02T14:35:35","date_gmt":"2022-08-02T12:35:35","guid":{"rendered":"https:\/\/www.mesvendanges.com\/shop\/non%20class\u00e9\/beaune-1er-cru-toussaints-vieilles-vignes-3\/"},"modified":"2023-12-05T18:47:59","modified_gmt":"2023-12-05T17:47:59","slug":"beaune-1er-cru-toussaints-vieilles-vignes-gay-dne-michel-2014-75cl","status":"publish","type":"product","link":"https:\/\/www.mesvendanges.com\/fr\/boutique\/vins\/beaune-1er-cru-toussaints-vieilles-vignes-gay-dne-michel-2014-75cl\/","title":{"rendered":"BEAUNE 1ER CRU TOUSSAINTS VIEILLES VIGNES"},"content":{"rendered":"<p>Michel Gay&nbsp;\u00e9labore&nbsp;des vins dans un style tr\u00e8s traditionnel sur le plan des vinifications. Du fait d&#8217;un magnifique travail aux vignes (pour la majeure partie de superbes vieilles vignes) et d&#8217;une vendange tr\u00e8s soign\u00e9e, la mati\u00e8re premi\u00e8re est splendide. On la retrouve en bouteille par ce fruit vivant, charnu, cet \u00e9clat du pinot qui fait si cruellement d\u00e9faut \u00e0 la majorit\u00e9 des Bourgognes, m\u00eame issus de grands domaines. Le premier cru Toussaint, peu connu, offre une expression de Beaune tr\u00e8s min\u00e9rale, avec une pointe d&#8217;aust\u00e9rit\u00e9 jeune, mais avec une tenue, une \u00e9criture superbe, plus dense qu&#8217;\u00e0 l&#8217;accoutum\u00e9e.<\/p>\n","protected":false},"excerpt":{"rendered":"<p>Michel Gay&nbsp;\u00e9labore&nbsp;des vins dans un style tr\u00e8s traditionnel sur le plan des vinifications. Du fait d&#8217;un magnifique travail aux vignes (pour la majeure partie de superbes vieilles vignes) et d&#8217;une vendange tr\u00e8s soign\u00e9e, la mati\u00e8re premi\u00e8re est splendide. On la retrouve en bouteille par ce fruit vivant, charnu, cet \u00e9clat du pinot qui fait si [&hellip;]<\/p>\n","protected":false},"featured_media":18606,"template":"","meta":[],"product_cat":[3736],"product_tag":[],"acf":[],"yoast_head":"<!-- This site is optimized with the Yoast SEO plugin v19.3 - https:\/\/yoast.com\/wordpress\/plugins\/seo\/ -->\n<title>BEAUNE 1ER CRU TOUSSAINTS VIEILLES VIGNES - Mes Vendanges<\/title>\n<meta name=\"robots\" content=\"index, follow, max-snippet:-1, max-image-preview:large, max-video-preview:-1\" \/>\n<link rel=\"canonical\" href=\"https:\/\/www.mesvendanges.com\/fr\/boutique\/vins\/beaune-1er-cru-toussaints-vieilles-vignes-gay-dne-michel-2014-75cl\/\" \/>\n<meta property=\"og:locale\" content=\"fr_FR\" \/>\n<meta property=\"og:type\" content=\"article\" \/>\n<meta property=\"og:title\" content=\"BEAUNE 1ER CRU TOUSSAINTS VIEILLES VIGNES - Mes Vendanges\" \/>\n<meta property=\"og:description\" content=\"Michel Gay&nbsp;\u00e9labore&nbsp;des vins dans un style tr\u00e8s traditionnel sur le plan des vinifications. Du fait d&#8217;un magnifique travail aux vignes (pour la majeure partie de superbes vieilles vignes) et d&#8217;une vendange tr\u00e8s soign\u00e9e, la mati\u00e8re premi\u00e8re est splendide. On la retrouve en bouteille par ce fruit vivant, charnu, cet \u00e9clat du pinot qui fait si [&hellip;]\" \/>\n<meta property=\"og:url\" content=\"https:\/\/www.mesvendanges.com\/fr\/boutique\/vins\/beaune-1er-cru-toussaints-vieilles-vignes-gay-dne-michel-2014-75cl\/\" \/>\n<meta property=\"og:site_name\" content=\"Mes Vendanges\" \/>\n<meta property=\"article:modified_time\" content=\"2023-12-05T17:47:59+00:00\" \/>\n<meta property=\"og:image\" content=\"https:\/\/www.mesvendanges.com\/wp-content\/uploads\/2022\/07\/domaine-michel-gay-et-fils-beaune-toussaints-premier-cru-vieilles-vignes-rouge-2014-png.png\" \/>\n\t<meta property=\"og:image:width\" content=\"592\" \/>\n\t<meta property=\"og:image:height\" content=\"1500\" \/>\n\t<meta property=\"og:image:type\" content=\"image\/png\" \/>\n<meta name=\"twitter:card\" content=\"summary_large_image\" \/>\n<meta name=\"twitter:label1\" content=\"Dur\u00e9e de lecture estim\u00e9e\" \/>\n\t<meta name=\"twitter:data1\" content=\"1 minute\" \/>\n<script type=\"application\/ld+json\" class=\"yoast-schema-graph\">{\"@context\":\"https:\/\/schema.org\",\"@graph\":[{\"@type\":\"Organization\",\"@id\":\"https:\/\/www.mesvendanges.com\/en\/#organization\",\"name\":\"Mes Vendanges\",\"url\":\"https:\/\/www.mesvendanges.com\/en\/\",\"sameAs\":[],\"logo\":{\"@type\":\"ImageObject\",\"inLanguage\":\"fr-FR\",\"@id\":\"https:\/\/www.mesvendanges.com\/en\/#\/schema\/logo\/image\/\",\"url\":\"https:\/\/www.mesvendanges.com\/wp-content\/uploads\/2022\/02\/logo-mesvendanges.jpg\",\"contentUrl\":\"https:\/\/www.mesvendanges.com\/wp-content\/uploads\/2022\/02\/logo-mesvendanges.jpg\",\"width\":851,\"height\":260,\"caption\":\"Mes Vendanges\"},\"image\":{\"@id\":\"https:\/\/www.mesvendanges.com\/en\/#\/schema\/logo\/image\/\"}},{\"@type\":\"WebSite\",\"@id\":\"https:\/\/www.mesvendanges.com\/en\/#website\",\"url\":\"https:\/\/www.mesvendanges.com\/en\/\",\"name\":\"Mes Vendanges\",\"description\":\"Des journ\u00e9es enti\u00e8res dans les vignes\",\"publisher\":{\"@id\":\"https:\/\/www.mesvendanges.com\/en\/#organization\"},\"potentialAction\":[{\"@type\":\"SearchAction\",\"target\":{\"@type\":\"EntryPoint\",\"urlTemplate\":\"https:\/\/www.mesvendanges.com\/en\/?s={search_term_string}\"},\"query-input\":\"required name=search_term_string\"}],\"inLanguage\":\"fr-FR\"},{\"@type\":\"ImageObject\",\"inLanguage\":\"fr-FR\",\"@id\":\"https:\/\/www.mesvendanges.com\/fr\/boutique\/vins\/beaune-1er-cru-toussaints-vieilles-vignes-gay-dne-michel-2014-75cl\/#primaryimage\",\"url\":\"https:\/\/www.mesvendanges.com\/wp-content\/uploads\/2022\/07\/domaine-michel-gay-et-fils-beaune-toussaints-premier-cru-vieilles-vignes-rouge-2014-png.png\",\"contentUrl\":\"https:\/\/www.mesvendanges.com\/wp-content\/uploads\/2022\/07\/domaine-michel-gay-et-fils-beaune-toussaints-premier-cru-vieilles-vignes-rouge-2014-png.png\",\"width\":592,\"height\":1500},{\"@type\":\"WebPage\",\"@id\":\"https:\/\/www.mesvendanges.com\/fr\/boutique\/vins\/beaune-1er-cru-toussaints-vieilles-vignes-gay-dne-michel-2014-75cl\/\",\"url\":\"https:\/\/www.mesvendanges.com\/fr\/boutique\/vins\/beaune-1er-cru-toussaints-vieilles-vignes-gay-dne-michel-2014-75cl\/\",\"name\":\"BEAUNE 1ER CRU TOUSSAINTS VIEILLES VIGNES - Mes Vendanges\",\"isPartOf\":{\"@id\":\"https:\/\/www.mesvendanges.com\/en\/#website\"},\"primaryImageOfPage\":{\"@id\":\"https:\/\/www.mesvendanges.com\/fr\/boutique\/vins\/beaune-1er-cru-toussaints-vieilles-vignes-gay-dne-michel-2014-75cl\/#primaryimage\"},\"datePublished\":\"2022-08-02T12:35:35+00:00\",\"dateModified\":\"2023-12-05T17:47:59+00:00\",\"breadcrumb\":{\"@id\":\"https:\/\/www.mesvendanges.com\/fr\/boutique\/vins\/beaune-1er-cru-toussaints-vieilles-vignes-gay-dne-michel-2014-75cl\/#breadcrumb\"},\"inLanguage\":\"fr-FR\",\"potentialAction\":[{\"@type\":\"ReadAction\",\"target\":[\"https:\/\/www.mesvendanges.com\/fr\/boutique\/vins\/beaune-1er-cru-toussaints-vieilles-vignes-gay-dne-michel-2014-75cl\/\"]}]},{\"@type\":\"BreadcrumbList\",\"@id\":\"https:\/\/www.mesvendanges.com\/fr\/boutique\/vins\/beaune-1er-cru-toussaints-vieilles-vignes-gay-dne-michel-2014-75cl\/#breadcrumb\",\"itemListElement\":[{\"@type\":\"ListItem\",\"position\":1,\"name\":\"Accueil\",\"item\":\"https:\/\/www.mesvendanges.com\/fr\/\"},{\"@type\":\"ListItem\",\"position\":2,\"name\":\"Boutique\",\"item\":\"https:\/\/www.mesvendanges.com\/fr\/boutique\/\"},{\"@type\":\"ListItem\",\"position\":3,\"name\":\"BEAUNE 1ER CRU TOUSSAINTS VIEILLES VIGNES\"}]}]}<\/script>\n<!-- \/ Yoast SEO plugin. -->","yoast_head_json":{"title":"BEAUNE 1ER CRU TOUSSAINTS VIEILLES VIGNES - Mes Vendanges","robots":{"index":"index","follow":"follow","max-snippet":"max-snippet:-1","max-image-preview":"max-image-preview:large","max-video-preview":"max-video-preview:-1"},"canonical":"https:\/\/www.mesvendanges.com\/fr\/boutique\/vins\/beaune-1er-cru-toussaints-vieilles-vignes-gay-dne-michel-2014-75cl\/","og_locale":"fr_FR","og_type":"article","og_title":"BEAUNE 1ER CRU TOUSSAINTS VIEILLES VIGNES - Mes Vendanges","og_description":"Michel Gay&nbsp;\u00e9labore&nbsp;des vins dans un style tr\u00e8s traditionnel sur le plan des vinifications. Du fait d&#8217;un magnifique travail aux vignes (pour la majeure partie de superbes vieilles vignes) et d&#8217;une vendange tr\u00e8s soign\u00e9e, la mati\u00e8re premi\u00e8re est splendide. On la retrouve en bouteille par ce fruit vivant, charnu, cet \u00e9clat du pinot qui fait si [&hellip;]","og_url":"https:\/\/www.mesvendanges.com\/fr\/boutique\/vins\/beaune-1er-cru-toussaints-vieilles-vignes-gay-dne-michel-2014-75cl\/","og_site_name":"Mes Vendanges","article_modified_time":"2023-12-05T17:47:59+00:00","og_image":[{"width":592,"height":1500,"url":"https:\/\/www.mesvendanges.com\/wp-content\/uploads\/2022\/07\/domaine-michel-gay-et-fils-beaune-toussaints-premier-cru-vieilles-vignes-rouge-2014-png.png","type":"image\/png"}],"twitter_card":"summary_large_image","twitter_misc":{"Dur\u00e9e de lecture estim\u00e9e":"1 minute"},"schema":{"@context":"https:\/\/schema.org","@graph":[{"@type":"Organization","@id":"https:\/\/www.mesvendanges.com\/en\/#organization","name":"Mes Vendanges","url":"https:\/\/www.mesvendanges.com\/en\/","sameAs":[],"logo":{"@type":"ImageObject","inLanguage":"fr-FR","@id":"https:\/\/www.mesvendanges.com\/en\/#\/schema\/logo\/image\/","url":"https:\/\/www.mesvendanges.com\/wp-content\/uploads\/2022\/02\/logo-mesvendanges.jpg","contentUrl":"https:\/\/www.mesvendanges.com\/wp-content\/uploads\/2022\/02\/logo-mesvendanges.jpg","width":851,"height":260,"caption":"Mes Vendanges"},"image":{"@id":"https:\/\/www.mesvendanges.com\/en\/#\/schema\/logo\/image\/"}},{"@type":"WebSite","@id":"https:\/\/www.mesvendanges.com\/en\/#website","url":"https:\/\/www.mesvendanges.com\/en\/","name":"Mes Vendanges","description":"Des journ\u00e9es enti\u00e8res dans les vignes","publisher":{"@id":"https:\/\/www.mesvendanges.com\/en\/#organization"},"potentialAction":[{"@type":"SearchAction","target":{"@type":"EntryPoint","urlTemplate":"https:\/\/www.mesvendanges.com\/en\/?s={search_term_string}"},"query-input":"required name=search_term_string"}],"inLanguage":"fr-FR"},{"@type":"ImageObject","inLanguage":"fr-FR","@id":"https:\/\/www.mesvendanges.com\/fr\/boutique\/vins\/beaune-1er-cru-toussaints-vieilles-vignes-gay-dne-michel-2014-75cl\/#primaryimage","url":"https:\/\/www.mesvendanges.com\/wp-content\/uploads\/2022\/07\/domaine-michel-gay-et-fils-beaune-toussaints-premier-cru-vieilles-vignes-rouge-2014-png.png","contentUrl":"https:\/\/www.mesvendanges.com\/wp-content\/uploads\/2022\/07\/domaine-michel-gay-et-fils-beaune-toussaints-premier-cru-vieilles-vignes-rouge-2014-png.png","width":592,"height":1500},{"@type":"WebPage","@id":"https:\/\/www.mesvendanges.com\/fr\/boutique\/vins\/beaune-1er-cru-toussaints-vieilles-vignes-gay-dne-michel-2014-75cl\/","url":"https:\/\/www.mesvendanges.com\/fr\/boutique\/vins\/beaune-1er-cru-toussaints-vieilles-vignes-gay-dne-michel-2014-75cl\/","name":"BEAUNE 1ER CRU TOUSSAINTS VIEILLES VIGNES - Mes Vendanges","isPartOf":{"@id":"https:\/\/www.mesvendanges.com\/en\/#website"},"primaryImageOfPage":{"@id":"https:\/\/www.mesvendanges.com\/fr\/boutique\/vins\/beaune-1er-cru-toussaints-vieilles-vignes-gay-dne-michel-2014-75cl\/#primaryimage"},"datePublished":"2022-08-02T12:35:35+00:00","dateModified":"2023-12-05T17:47:59+00:00","breadcrumb":{"@id":"https:\/\/www.mesvendanges.com\/fr\/boutique\/vins\/beaune-1er-cru-toussaints-vieilles-vignes-gay-dne-michel-2014-75cl\/#breadcrumb"},"inLanguage":"fr-FR","potentialAction":[{"@type":"ReadAction","target":["https:\/\/www.mesvendanges.com\/fr\/boutique\/vins\/beaune-1er-cru-toussaints-vieilles-vignes-gay-dne-michel-2014-75cl\/"]}]},{"@type":"BreadcrumbList","@id":"https:\/\/www.mesvendanges.com\/fr\/boutique\/vins\/beaune-1er-cru-toussaints-vieilles-vignes-gay-dne-michel-2014-75cl\/#breadcrumb","itemListElement":[{"@type":"ListItem","position":1,"name":"Accueil","item":"https:\/\/www.mesvendanges.com\/fr\/"},{"@type":"ListItem","position":2,"name":"Boutique","item":"https:\/\/www.mesvendanges.com\/fr\/boutique\/"},{"@type":"ListItem","position":3,"name":"BEAUNE 1ER CRU TOUSSAINTS VIEILLES VIGNES"}]}]}},"_links":{"self":[{"href":"https:\/\/www.mesvendanges.com\/fr\/wp-json\/wp\/v2\/product\/40113"}],"collection":[{"href":"https:\/\/www.mesvendanges.com\/fr\/wp-json\/wp\/v2\/product"}],"about":[{"href":"https:\/\/www.mesvendanges.com\/fr\/wp-json\/wp\/v2\/types\/product"}],"wp:featuredmedia":[{"embeddable":true,"href":"https:\/\/www.mesvendanges.com\/fr\/wp-json\/wp\/v2\/media\/18606"}],"wp:attachment":[{"href":"https:\/\/www.mesvendanges.com\/fr\/wp-json\/wp\/v2\/media?parent=40113"}],"wp:term":[{"taxonomy":"product_cat","embeddable":true,"href":"https:\/\/www.mesvendanges.com\/fr\/wp-json\/wp\/v2\/product_cat?post=40113"},{"taxonomy":"product_tag","embeddable":true,"href":"https:\/\/www.mesvendanges.com\/fr\/wp-json\/wp\/v2\/product_tag?post=40113"}],"curies":[{"name":"wp","href":"https:\/\/api.w.org\/{rel}","templated":true}]}}