{"id":40213,"date":"2022-08-02T14:38:02","date_gmt":"2022-08-02T12:38:02","guid":{"rendered":"https:\/\/www.mesvendanges.com\/shop\/non%20class\u00e9\/blanc-de-noirs-degorgement-10-2015\/"},"modified":"2023-12-05T22:36:26","modified_gmt":"2023-12-05T21:36:26","slug":"blanc-de-noirs-degorgement-10-2015-lahaye-champagne-benoit-nm-75cl","status":"publish","type":"product","link":"https:\/\/www.mesvendanges.com\/fr\/boutique\/vins\/blanc-de-noirs-degorgement-10-2015-lahaye-champagne-benoit-nm-75cl\/","title":{"rendered":"BLANC DE NOIRS (d\u00e9gorgement 10\/2015)"},"content":{"rendered":"<p>La cuv\u00e9e Blanc de Noirs de Benoit Layahe est issue uniquement de pinots noir du grand cru Bouzy. Elevage en cuve et en fut pour moiti\u00e9e, c&#8217;est un champagne tr\u00e9s fruit\u00e9, avec une tr\u00e9s belle complexit\u00e9 ar\u00f4matique. Un champagne plein, dont l&#8217;am\u00e9nit\u00e9&nbsp; nous permet de l&#8217;envisager tout aussi bien \u00e0 l&#8217;ap\u00e9ritif que sur un repas. <br \/>Champagne brut <\/p>\n<div><b>16\/20 Bettane &amp; Desseauve<\/b><\/div>\n","protected":false},"excerpt":{"rendered":"<p>La cuv\u00e9e Blanc de Noirs de Benoit Layahe est issue uniquement de pinots noir du grand cru Bouzy. Elevage en cuve et en fut pour moiti\u00e9e, c&#8217;est un champagne tr\u00e9s fruit\u00e9, avec une tr\u00e9s belle complexit\u00e9 ar\u00f4matique. Un champagne plein, dont l&#8217;am\u00e9nit\u00e9&nbsp; nous permet de l&#8217;envisager tout aussi bien \u00e0 l&#8217;ap\u00e9ritif que sur un repas. [&hellip;]<\/p>\n","protected":false},"featured_media":0,"template":"","meta":[],"product_cat":[3736],"product_tag":[],"acf":[],"yoast_head":"<!-- This site is optimized with the Yoast SEO plugin v19.3 - https:\/\/yoast.com\/wordpress\/plugins\/seo\/ -->\n<title>BLANC DE NOIRS (d\u00e9gorgement 10\/2015) - Mes Vendanges<\/title>\n<meta name=\"robots\" content=\"index, follow, max-snippet:-1, max-image-preview:large, max-video-preview:-1\" \/>\n<link rel=\"canonical\" href=\"https:\/\/www.mesvendanges.com\/fr\/boutique\/vins\/blanc-de-noirs-degorgement-10-2015-lahaye-champagne-benoit-nm-75cl\/\" \/>\n<meta property=\"og:locale\" content=\"fr_FR\" \/>\n<meta property=\"og:type\" content=\"article\" \/>\n<meta property=\"og:title\" content=\"BLANC DE NOIRS (d\u00e9gorgement 10\/2015) - Mes Vendanges\" \/>\n<meta property=\"og:description\" content=\"La cuv\u00e9e Blanc de Noirs de Benoit Layahe est issue uniquement de pinots noir du grand cru Bouzy. Elevage en cuve et en fut pour moiti\u00e9e, c&#8217;est un champagne tr\u00e9s fruit\u00e9, avec une tr\u00e9s belle complexit\u00e9 ar\u00f4matique. Un champagne plein, dont l&#8217;am\u00e9nit\u00e9&nbsp; nous permet de l&#8217;envisager tout aussi bien \u00e0 l&#8217;ap\u00e9ritif que sur un repas. [&hellip;]\" \/>\n<meta property=\"og:url\" content=\"https:\/\/www.mesvendanges.com\/fr\/boutique\/vins\/blanc-de-noirs-degorgement-10-2015-lahaye-champagne-benoit-nm-75cl\/\" \/>\n<meta property=\"og:site_name\" content=\"Mes Vendanges\" \/>\n<meta property=\"article:modified_time\" content=\"2023-12-05T21:36:26+00:00\" \/>\n<meta name=\"twitter:card\" content=\"summary_large_image\" \/>\n<script type=\"application\/ld+json\" class=\"yoast-schema-graph\">{\"@context\":\"https:\/\/schema.org\",\"@graph\":[{\"@type\":\"Organization\",\"@id\":\"https:\/\/www.mesvendanges.com\/en\/#organization\",\"name\":\"Mes Vendanges\",\"url\":\"https:\/\/www.mesvendanges.com\/en\/\",\"sameAs\":[],\"logo\":{\"@type\":\"ImageObject\",\"inLanguage\":\"fr-FR\",\"@id\":\"https:\/\/www.mesvendanges.com\/en\/#\/schema\/logo\/image\/\",\"url\":\"https:\/\/www.mesvendanges.com\/wp-content\/uploads\/2022\/02\/logo-mesvendanges.jpg\",\"contentUrl\":\"https:\/\/www.mesvendanges.com\/wp-content\/uploads\/2022\/02\/logo-mesvendanges.jpg\",\"width\":851,\"height\":260,\"caption\":\"Mes Vendanges\"},\"image\":{\"@id\":\"https:\/\/www.mesvendanges.com\/en\/#\/schema\/logo\/image\/\"}},{\"@type\":\"WebSite\",\"@id\":\"https:\/\/www.mesvendanges.com\/en\/#website\",\"url\":\"https:\/\/www.mesvendanges.com\/en\/\",\"name\":\"Mes Vendanges\",\"description\":\"Des journ\u00e9es enti\u00e8res dans les vignes\",\"publisher\":{\"@id\":\"https:\/\/www.mesvendanges.com\/en\/#organization\"},\"potentialAction\":[{\"@type\":\"SearchAction\",\"target\":{\"@type\":\"EntryPoint\",\"urlTemplate\":\"https:\/\/www.mesvendanges.com\/en\/?s={search_term_string}\"},\"query-input\":\"required name=search_term_string\"}],\"inLanguage\":\"fr-FR\"},{\"@type\":\"WebPage\",\"@id\":\"https:\/\/www.mesvendanges.com\/fr\/boutique\/vins\/blanc-de-noirs-degorgement-10-2015-lahaye-champagne-benoit-nm-75cl\/\",\"url\":\"https:\/\/www.mesvendanges.com\/fr\/boutique\/vins\/blanc-de-noirs-degorgement-10-2015-lahaye-champagne-benoit-nm-75cl\/\",\"name\":\"BLANC DE NOIRS (d\u00e9gorgement 10\/2015) - Mes Vendanges\",\"isPartOf\":{\"@id\":\"https:\/\/www.mesvendanges.com\/en\/#website\"},\"datePublished\":\"2022-08-02T12:38:02+00:00\",\"dateModified\":\"2023-12-05T21:36:26+00:00\",\"breadcrumb\":{\"@id\":\"https:\/\/www.mesvendanges.com\/fr\/boutique\/vins\/blanc-de-noirs-degorgement-10-2015-lahaye-champagne-benoit-nm-75cl\/#breadcrumb\"},\"inLanguage\":\"fr-FR\",\"potentialAction\":[{\"@type\":\"ReadAction\",\"target\":[\"https:\/\/www.mesvendanges.com\/fr\/boutique\/vins\/blanc-de-noirs-degorgement-10-2015-lahaye-champagne-benoit-nm-75cl\/\"]}]},{\"@type\":\"BreadcrumbList\",\"@id\":\"https:\/\/www.mesvendanges.com\/fr\/boutique\/vins\/blanc-de-noirs-degorgement-10-2015-lahaye-champagne-benoit-nm-75cl\/#breadcrumb\",\"itemListElement\":[{\"@type\":\"ListItem\",\"position\":1,\"name\":\"Accueil\",\"item\":\"https:\/\/www.mesvendanges.com\/fr\/\"},{\"@type\":\"ListItem\",\"position\":2,\"name\":\"Boutique\",\"item\":\"https:\/\/www.mesvendanges.com\/fr\/boutique\/\"},{\"@type\":\"ListItem\",\"position\":3,\"name\":\"BLANC DE NOIRS (d\u00e9gorgement 10\/2015)\"}]}]}<\/script>\n<!-- \/ Yoast SEO plugin. -->","yoast_head_json":{"title":"BLANC DE NOIRS (d\u00e9gorgement 10\/2015) - Mes Vendanges","robots":{"index":"index","follow":"follow","max-snippet":"max-snippet:-1","max-image-preview":"max-image-preview:large","max-video-preview":"max-video-preview:-1"},"canonical":"https:\/\/www.mesvendanges.com\/fr\/boutique\/vins\/blanc-de-noirs-degorgement-10-2015-lahaye-champagne-benoit-nm-75cl\/","og_locale":"fr_FR","og_type":"article","og_title":"BLANC DE NOIRS (d\u00e9gorgement 10\/2015) - Mes Vendanges","og_description":"La cuv\u00e9e Blanc de Noirs de Benoit Layahe est issue uniquement de pinots noir du grand cru Bouzy. Elevage en cuve et en fut pour moiti\u00e9e, c&#8217;est un champagne tr\u00e9s fruit\u00e9, avec une tr\u00e9s belle complexit\u00e9 ar\u00f4matique. Un champagne plein, dont l&#8217;am\u00e9nit\u00e9&nbsp; nous permet de l&#8217;envisager tout aussi bien \u00e0 l&#8217;ap\u00e9ritif que sur un repas. [&hellip;]","og_url":"https:\/\/www.mesvendanges.com\/fr\/boutique\/vins\/blanc-de-noirs-degorgement-10-2015-lahaye-champagne-benoit-nm-75cl\/","og_site_name":"Mes Vendanges","article_modified_time":"2023-12-05T21:36:26+00:00","twitter_card":"summary_large_image","schema":{"@context":"https:\/\/schema.org","@graph":[{"@type":"Organization","@id":"https:\/\/www.mesvendanges.com\/en\/#organization","name":"Mes Vendanges","url":"https:\/\/www.mesvendanges.com\/en\/","sameAs":[],"logo":{"@type":"ImageObject","inLanguage":"fr-FR","@id":"https:\/\/www.mesvendanges.com\/en\/#\/schema\/logo\/image\/","url":"https:\/\/www.mesvendanges.com\/wp-content\/uploads\/2022\/02\/logo-mesvendanges.jpg","contentUrl":"https:\/\/www.mesvendanges.com\/wp-content\/uploads\/2022\/02\/logo-mesvendanges.jpg","width":851,"height":260,"caption":"Mes Vendanges"},"image":{"@id":"https:\/\/www.mesvendanges.com\/en\/#\/schema\/logo\/image\/"}},{"@type":"WebSite","@id":"https:\/\/www.mesvendanges.com\/en\/#website","url":"https:\/\/www.mesvendanges.com\/en\/","name":"Mes Vendanges","description":"Des journ\u00e9es enti\u00e8res dans les vignes","publisher":{"@id":"https:\/\/www.mesvendanges.com\/en\/#organization"},"potentialAction":[{"@type":"SearchAction","target":{"@type":"EntryPoint","urlTemplate":"https:\/\/www.mesvendanges.com\/en\/?s={search_term_string}"},"query-input":"required name=search_term_string"}],"inLanguage":"fr-FR"},{"@type":"WebPage","@id":"https:\/\/www.mesvendanges.com\/fr\/boutique\/vins\/blanc-de-noirs-degorgement-10-2015-lahaye-champagne-benoit-nm-75cl\/","url":"https:\/\/www.mesvendanges.com\/fr\/boutique\/vins\/blanc-de-noirs-degorgement-10-2015-lahaye-champagne-benoit-nm-75cl\/","name":"BLANC DE NOIRS (d\u00e9gorgement 10\/2015) - Mes Vendanges","isPartOf":{"@id":"https:\/\/www.mesvendanges.com\/en\/#website"},"datePublished":"2022-08-02T12:38:02+00:00","dateModified":"2023-12-05T21:36:26+00:00","breadcrumb":{"@id":"https:\/\/www.mesvendanges.com\/fr\/boutique\/vins\/blanc-de-noirs-degorgement-10-2015-lahaye-champagne-benoit-nm-75cl\/#breadcrumb"},"inLanguage":"fr-FR","potentialAction":[{"@type":"ReadAction","target":["https:\/\/www.mesvendanges.com\/fr\/boutique\/vins\/blanc-de-noirs-degorgement-10-2015-lahaye-champagne-benoit-nm-75cl\/"]}]},{"@type":"BreadcrumbList","@id":"https:\/\/www.mesvendanges.com\/fr\/boutique\/vins\/blanc-de-noirs-degorgement-10-2015-lahaye-champagne-benoit-nm-75cl\/#breadcrumb","itemListElement":[{"@type":"ListItem","position":1,"name":"Accueil","item":"https:\/\/www.mesvendanges.com\/fr\/"},{"@type":"ListItem","position":2,"name":"Boutique","item":"https:\/\/www.mesvendanges.com\/fr\/boutique\/"},{"@type":"ListItem","position":3,"name":"BLANC DE NOIRS (d\u00e9gorgement 10\/2015)"}]}]}},"_links":{"self":[{"href":"https:\/\/www.mesvendanges.com\/fr\/wp-json\/wp\/v2\/product\/40213"}],"collection":[{"href":"https:\/\/www.mesvendanges.com\/fr\/wp-json\/wp\/v2\/product"}],"about":[{"href":"https:\/\/www.mesvendanges.com\/fr\/wp-json\/wp\/v2\/types\/product"}],"wp:attachment":[{"href":"https:\/\/www.mesvendanges.com\/fr\/wp-json\/wp\/v2\/media?parent=40213"}],"wp:term":[{"taxonomy":"product_cat","embeddable":true,"href":"https:\/\/www.mesvendanges.com\/fr\/wp-json\/wp\/v2\/product_cat?post=40213"},{"taxonomy":"product_tag","embeddable":true,"href":"https:\/\/www.mesvendanges.com\/fr\/wp-json\/wp\/v2\/product_tag?post=40213"}],"curies":[{"name":"wp","href":"https:\/\/api.w.org\/{rel}","templated":true}]}}