{"id":40347,"date":"2022-08-02T14:40:51","date_gmt":"2022-08-02T12:40:51","guid":{"rendered":"https:\/\/www.mesvendanges.com\/shop\/non%20class\u00e9\/vouvray-vin-de-france-moelleux\/"},"modified":"2023-12-05T12:40:49","modified_gmt":"2023-12-05T11:40:49","slug":"vouvray-vin-de-france-moelleux-chidaine-dne-francois-2016-75cl","status":"publish","type":"product","link":"https:\/\/www.mesvendanges.com\/fr\/boutique\/vins\/vouvray-vin-de-france-moelleux-chidaine-dne-francois-2016-75cl\/","title":{"rendered":"VOUVRAY VIN DE FRANCE MOELLEUX"},"content":{"rendered":"<p>Depuis 2015, les vouvrays du domaine n&#8217;ont plus droit \u00e0 l&#8217;appellation car Francois Chidaine les vinifie dans son chai de Montlouis et non \u00e0 Vouvray, du coup le syndicat les d\u00e9classe en vin de France, encore une belle aberration de notre INAO pr\u00e9f\u00e9r\u00e9e !<\/p>\n","protected":false},"excerpt":{"rendered":"<p>Depuis 2015, les vouvrays du domaine n&#8217;ont plus droit \u00e0 l&#8217;appellation car Francois Chidaine les vinifie dans son chai de Montlouis et non \u00e0 Vouvray, du coup le syndicat les d\u00e9classe en vin de France, encore une belle aberration de notre INAO pr\u00e9f\u00e9r\u00e9e !<\/p>\n","protected":false},"featured_media":18810,"template":"","meta":[],"product_cat":[3736],"product_tag":[],"acf":[],"yoast_head":"<!-- This site is optimized with the Yoast SEO plugin v19.3 - https:\/\/yoast.com\/wordpress\/plugins\/seo\/ -->\n<title>VOUVRAY VIN DE FRANCE MOELLEUX - Mes Vendanges<\/title>\n<meta name=\"robots\" content=\"index, follow, max-snippet:-1, max-image-preview:large, max-video-preview:-1\" \/>\n<link rel=\"canonical\" href=\"https:\/\/www.mesvendanges.com\/fr\/boutique\/vins\/vouvray-vin-de-france-moelleux-chidaine-dne-francois-2016-75cl\/\" \/>\n<meta property=\"og:locale\" content=\"fr_FR\" \/>\n<meta property=\"og:type\" content=\"article\" \/>\n<meta property=\"og:title\" content=\"VOUVRAY VIN DE FRANCE MOELLEUX - Mes Vendanges\" \/>\n<meta property=\"og:description\" content=\"Depuis 2015, les vouvrays du domaine n&#8217;ont plus droit \u00e0 l&#8217;appellation car Francois Chidaine les vinifie dans son chai de Montlouis et non \u00e0 Vouvray, du coup le syndicat les d\u00e9classe en vin de France, encore une belle aberration de notre INAO pr\u00e9f\u00e9r\u00e9e !\" \/>\n<meta property=\"og:url\" content=\"https:\/\/www.mesvendanges.com\/fr\/boutique\/vins\/vouvray-vin-de-france-moelleux-chidaine-dne-francois-2016-75cl\/\" \/>\n<meta property=\"og:site_name\" content=\"Mes Vendanges\" \/>\n<meta property=\"article:modified_time\" content=\"2023-12-05T11:40:49+00:00\" \/>\n<meta property=\"og:image\" content=\"https:\/\/www.mesvendanges.com\/wp-content\/uploads\/2022\/07\/domaine-francois-chidaine-vouvray-moelleux-vin-de-france-2016-13-5-png.png\" \/>\n\t<meta property=\"og:image:width\" content=\"445\" \/>\n\t<meta property=\"og:image:height\" content=\"1500\" \/>\n\t<meta property=\"og:image:type\" content=\"image\/png\" \/>\n<meta name=\"twitter:card\" content=\"summary_large_image\" \/>\n<script type=\"application\/ld+json\" class=\"yoast-schema-graph\">{\"@context\":\"https:\/\/schema.org\",\"@graph\":[{\"@type\":\"Organization\",\"@id\":\"https:\/\/www.mesvendanges.com\/en\/#organization\",\"name\":\"Mes Vendanges\",\"url\":\"https:\/\/www.mesvendanges.com\/en\/\",\"sameAs\":[],\"logo\":{\"@type\":\"ImageObject\",\"inLanguage\":\"fr-FR\",\"@id\":\"https:\/\/www.mesvendanges.com\/en\/#\/schema\/logo\/image\/\",\"url\":\"https:\/\/www.mesvendanges.com\/wp-content\/uploads\/2022\/02\/logo-mesvendanges.jpg\",\"contentUrl\":\"https:\/\/www.mesvendanges.com\/wp-content\/uploads\/2022\/02\/logo-mesvendanges.jpg\",\"width\":851,\"height\":260,\"caption\":\"Mes Vendanges\"},\"image\":{\"@id\":\"https:\/\/www.mesvendanges.com\/en\/#\/schema\/logo\/image\/\"}},{\"@type\":\"WebSite\",\"@id\":\"https:\/\/www.mesvendanges.com\/en\/#website\",\"url\":\"https:\/\/www.mesvendanges.com\/en\/\",\"name\":\"Mes Vendanges\",\"description\":\"Des journ\u00e9es enti\u00e8res dans les vignes\",\"publisher\":{\"@id\":\"https:\/\/www.mesvendanges.com\/en\/#organization\"},\"potentialAction\":[{\"@type\":\"SearchAction\",\"target\":{\"@type\":\"EntryPoint\",\"urlTemplate\":\"https:\/\/www.mesvendanges.com\/en\/?s={search_term_string}\"},\"query-input\":\"required name=search_term_string\"}],\"inLanguage\":\"fr-FR\"},{\"@type\":\"ImageObject\",\"inLanguage\":\"fr-FR\",\"@id\":\"https:\/\/www.mesvendanges.com\/fr\/boutique\/vins\/vouvray-vin-de-france-moelleux-chidaine-dne-francois-2016-75cl\/#primaryimage\",\"url\":\"https:\/\/www.mesvendanges.com\/wp-content\/uploads\/2022\/07\/domaine-francois-chidaine-vouvray-moelleux-vin-de-france-2016-13-5-png.png\",\"contentUrl\":\"https:\/\/www.mesvendanges.com\/wp-content\/uploads\/2022\/07\/domaine-francois-chidaine-vouvray-moelleux-vin-de-france-2016-13-5-png.png\",\"width\":445,\"height\":1500},{\"@type\":\"WebPage\",\"@id\":\"https:\/\/www.mesvendanges.com\/fr\/boutique\/vins\/vouvray-vin-de-france-moelleux-chidaine-dne-francois-2016-75cl\/\",\"url\":\"https:\/\/www.mesvendanges.com\/fr\/boutique\/vins\/vouvray-vin-de-france-moelleux-chidaine-dne-francois-2016-75cl\/\",\"name\":\"VOUVRAY VIN DE FRANCE MOELLEUX - Mes Vendanges\",\"isPartOf\":{\"@id\":\"https:\/\/www.mesvendanges.com\/en\/#website\"},\"primaryImageOfPage\":{\"@id\":\"https:\/\/www.mesvendanges.com\/fr\/boutique\/vins\/vouvray-vin-de-france-moelleux-chidaine-dne-francois-2016-75cl\/#primaryimage\"},\"datePublished\":\"2022-08-02T12:40:51+00:00\",\"dateModified\":\"2023-12-05T11:40:49+00:00\",\"breadcrumb\":{\"@id\":\"https:\/\/www.mesvendanges.com\/fr\/boutique\/vins\/vouvray-vin-de-france-moelleux-chidaine-dne-francois-2016-75cl\/#breadcrumb\"},\"inLanguage\":\"fr-FR\",\"potentialAction\":[{\"@type\":\"ReadAction\",\"target\":[\"https:\/\/www.mesvendanges.com\/fr\/boutique\/vins\/vouvray-vin-de-france-moelleux-chidaine-dne-francois-2016-75cl\/\"]}]},{\"@type\":\"BreadcrumbList\",\"@id\":\"https:\/\/www.mesvendanges.com\/fr\/boutique\/vins\/vouvray-vin-de-france-moelleux-chidaine-dne-francois-2016-75cl\/#breadcrumb\",\"itemListElement\":[{\"@type\":\"ListItem\",\"position\":1,\"name\":\"Accueil\",\"item\":\"https:\/\/www.mesvendanges.com\/fr\/\"},{\"@type\":\"ListItem\",\"position\":2,\"name\":\"Boutique\",\"item\":\"https:\/\/www.mesvendanges.com\/fr\/boutique\/\"},{\"@type\":\"ListItem\",\"position\":3,\"name\":\"VOUVRAY VIN DE FRANCE MOELLEUX\"}]}]}<\/script>\n<!-- \/ Yoast SEO plugin. -->","yoast_head_json":{"title":"VOUVRAY VIN DE FRANCE MOELLEUX - Mes Vendanges","robots":{"index":"index","follow":"follow","max-snippet":"max-snippet:-1","max-image-preview":"max-image-preview:large","max-video-preview":"max-video-preview:-1"},"canonical":"https:\/\/www.mesvendanges.com\/fr\/boutique\/vins\/vouvray-vin-de-france-moelleux-chidaine-dne-francois-2016-75cl\/","og_locale":"fr_FR","og_type":"article","og_title":"VOUVRAY VIN DE FRANCE MOELLEUX - Mes Vendanges","og_description":"Depuis 2015, les vouvrays du domaine n&#8217;ont plus droit \u00e0 l&#8217;appellation car Francois Chidaine les vinifie dans son chai de Montlouis et non \u00e0 Vouvray, du coup le syndicat les d\u00e9classe en vin de France, encore une belle aberration de notre INAO pr\u00e9f\u00e9r\u00e9e !","og_url":"https:\/\/www.mesvendanges.com\/fr\/boutique\/vins\/vouvray-vin-de-france-moelleux-chidaine-dne-francois-2016-75cl\/","og_site_name":"Mes Vendanges","article_modified_time":"2023-12-05T11:40:49+00:00","og_image":[{"width":445,"height":1500,"url":"https:\/\/www.mesvendanges.com\/wp-content\/uploads\/2022\/07\/domaine-francois-chidaine-vouvray-moelleux-vin-de-france-2016-13-5-png.png","type":"image\/png"}],"twitter_card":"summary_large_image","schema":{"@context":"https:\/\/schema.org","@graph":[{"@type":"Organization","@id":"https:\/\/www.mesvendanges.com\/en\/#organization","name":"Mes Vendanges","url":"https:\/\/www.mesvendanges.com\/en\/","sameAs":[],"logo":{"@type":"ImageObject","inLanguage":"fr-FR","@id":"https:\/\/www.mesvendanges.com\/en\/#\/schema\/logo\/image\/","url":"https:\/\/www.mesvendanges.com\/wp-content\/uploads\/2022\/02\/logo-mesvendanges.jpg","contentUrl":"https:\/\/www.mesvendanges.com\/wp-content\/uploads\/2022\/02\/logo-mesvendanges.jpg","width":851,"height":260,"caption":"Mes Vendanges"},"image":{"@id":"https:\/\/www.mesvendanges.com\/en\/#\/schema\/logo\/image\/"}},{"@type":"WebSite","@id":"https:\/\/www.mesvendanges.com\/en\/#website","url":"https:\/\/www.mesvendanges.com\/en\/","name":"Mes Vendanges","description":"Des journ\u00e9es enti\u00e8res dans les vignes","publisher":{"@id":"https:\/\/www.mesvendanges.com\/en\/#organization"},"potentialAction":[{"@type":"SearchAction","target":{"@type":"EntryPoint","urlTemplate":"https:\/\/www.mesvendanges.com\/en\/?s={search_term_string}"},"query-input":"required name=search_term_string"}],"inLanguage":"fr-FR"},{"@type":"ImageObject","inLanguage":"fr-FR","@id":"https:\/\/www.mesvendanges.com\/fr\/boutique\/vins\/vouvray-vin-de-france-moelleux-chidaine-dne-francois-2016-75cl\/#primaryimage","url":"https:\/\/www.mesvendanges.com\/wp-content\/uploads\/2022\/07\/domaine-francois-chidaine-vouvray-moelleux-vin-de-france-2016-13-5-png.png","contentUrl":"https:\/\/www.mesvendanges.com\/wp-content\/uploads\/2022\/07\/domaine-francois-chidaine-vouvray-moelleux-vin-de-france-2016-13-5-png.png","width":445,"height":1500},{"@type":"WebPage","@id":"https:\/\/www.mesvendanges.com\/fr\/boutique\/vins\/vouvray-vin-de-france-moelleux-chidaine-dne-francois-2016-75cl\/","url":"https:\/\/www.mesvendanges.com\/fr\/boutique\/vins\/vouvray-vin-de-france-moelleux-chidaine-dne-francois-2016-75cl\/","name":"VOUVRAY VIN DE FRANCE MOELLEUX - Mes Vendanges","isPartOf":{"@id":"https:\/\/www.mesvendanges.com\/en\/#website"},"primaryImageOfPage":{"@id":"https:\/\/www.mesvendanges.com\/fr\/boutique\/vins\/vouvray-vin-de-france-moelleux-chidaine-dne-francois-2016-75cl\/#primaryimage"},"datePublished":"2022-08-02T12:40:51+00:00","dateModified":"2023-12-05T11:40:49+00:00","breadcrumb":{"@id":"https:\/\/www.mesvendanges.com\/fr\/boutique\/vins\/vouvray-vin-de-france-moelleux-chidaine-dne-francois-2016-75cl\/#breadcrumb"},"inLanguage":"fr-FR","potentialAction":[{"@type":"ReadAction","target":["https:\/\/www.mesvendanges.com\/fr\/boutique\/vins\/vouvray-vin-de-france-moelleux-chidaine-dne-francois-2016-75cl\/"]}]},{"@type":"BreadcrumbList","@id":"https:\/\/www.mesvendanges.com\/fr\/boutique\/vins\/vouvray-vin-de-france-moelleux-chidaine-dne-francois-2016-75cl\/#breadcrumb","itemListElement":[{"@type":"ListItem","position":1,"name":"Accueil","item":"https:\/\/www.mesvendanges.com\/fr\/"},{"@type":"ListItem","position":2,"name":"Boutique","item":"https:\/\/www.mesvendanges.com\/fr\/boutique\/"},{"@type":"ListItem","position":3,"name":"VOUVRAY VIN DE FRANCE MOELLEUX"}]}]}},"_links":{"self":[{"href":"https:\/\/www.mesvendanges.com\/fr\/wp-json\/wp\/v2\/product\/40347"}],"collection":[{"href":"https:\/\/www.mesvendanges.com\/fr\/wp-json\/wp\/v2\/product"}],"about":[{"href":"https:\/\/www.mesvendanges.com\/fr\/wp-json\/wp\/v2\/types\/product"}],"wp:featuredmedia":[{"embeddable":true,"href":"https:\/\/www.mesvendanges.com\/fr\/wp-json\/wp\/v2\/media\/18810"}],"wp:attachment":[{"href":"https:\/\/www.mesvendanges.com\/fr\/wp-json\/wp\/v2\/media?parent=40347"}],"wp:term":[{"taxonomy":"product_cat","embeddable":true,"href":"https:\/\/www.mesvendanges.com\/fr\/wp-json\/wp\/v2\/product_cat?post=40347"},{"taxonomy":"product_tag","embeddable":true,"href":"https:\/\/www.mesvendanges.com\/fr\/wp-json\/wp\/v2\/product_tag?post=40347"}],"curies":[{"name":"wp","href":"https:\/\/api.w.org\/{rel}","templated":true}]}}