{"id":40395,"date":"2022-08-02T14:42:01","date_gmt":"2022-08-02T12:42:01","guid":{"rendered":"https:\/\/www.mesvendanges.com\/shop\/non%20class\u00e9\/efranor-5\/"},"modified":"2026-03-24T10:03:02","modified_gmt":"2026-03-24T09:03:02","slug":"efranor-sclavos-dne-2015-75cl","status":"publish","type":"product","link":"https:\/\/www.mesvendanges.com\/fr\/boutique\/vins\/efranor-sclavos-dne-2015-75cl\/","title":{"rendered":"EFRANOR"},"content":{"rendered":"<p>Domaine en agriculture biologique C\u00e9pages :60%Moscatela, 35% Vostylidi et 5% Zakynthino, vignes franches de pied R\u00e9gion : Ile de C\u00e9phalonie, mer ionienne Elevage en cuve pendant 9 mois G\u00e9ologie :Argiles blancs et marnes calcaires, roche m\u00e8re calcaire Caract\u00e9ristiques organoleptiques Nez de grande expression d\u2019agrumes : (\u00e9corce d\u2019orange, citron vert, mandarine, bergamote), finesse min\u00e9rale (iod\u00e9e) et impressionnante fraicheur du fruit. En bouche, excellente acidit\u00e9 orang\u00e9e, vibration d\u2019un grand terroir, finale sur les notes de bergamote et salines ! Accompagnement Crustac\u00e9s, coquillages, poissons gras, plats iod\u00e9s Fromages de ch\u00e8vre frais<\/p>\n","protected":false},"excerpt":{"rendered":"<p>Domaine en agriculture biologique C\u00e9pages :60%Moscatela, 35% Vostylidi et 5% Zakynthino, vignes franches de pied R\u00e9gion : Ile de C\u00e9phalonie, mer ionienne Elevage en cuve pendant 9 mois G\u00e9ologie :Argiles blancs et marnes calcaires, roche m\u00e8re calcaire Caract\u00e9ristiques organoleptiques Nez de grande expression d\u2019agrumes : (\u00e9corce d\u2019orange, citron vert, mandarine, bergamote), finesse min\u00e9rale (iod\u00e9e) et [&hellip;]<\/p>\n","protected":false},"featured_media":40393,"template":"","meta":[],"product_cat":[3736],"product_tag":[],"acf":[],"yoast_head":"<!-- This site is optimized with the Yoast SEO plugin v19.3 - https:\/\/yoast.com\/wordpress\/plugins\/seo\/ -->\n<title>EFRANOR - Mes Vendanges<\/title>\n<meta name=\"robots\" content=\"index, follow, max-snippet:-1, max-image-preview:large, max-video-preview:-1\" \/>\n<link rel=\"canonical\" href=\"https:\/\/www.mesvendanges.com\/fr\/boutique\/vins\/efranor-sclavos-dne-2015-75cl\/\" \/>\n<meta property=\"og:locale\" content=\"fr_FR\" \/>\n<meta property=\"og:type\" content=\"article\" \/>\n<meta property=\"og:title\" content=\"EFRANOR - Mes Vendanges\" \/>\n<meta property=\"og:description\" content=\"Domaine en agriculture biologique C\u00e9pages :60%Moscatela, 35% Vostylidi et 5% Zakynthino, vignes franches de pied R\u00e9gion : Ile de C\u00e9phalonie, mer ionienne Elevage en cuve pendant 9 mois G\u00e9ologie :Argiles blancs et marnes calcaires, roche m\u00e8re calcaire Caract\u00e9ristiques organoleptiques Nez de grande expression d\u2019agrumes : (\u00e9corce d\u2019orange, citron vert, mandarine, bergamote), finesse min\u00e9rale (iod\u00e9e) et [&hellip;]\" \/>\n<meta property=\"og:url\" content=\"https:\/\/www.mesvendanges.com\/fr\/boutique\/vins\/efranor-sclavos-dne-2015-75cl\/\" \/>\n<meta property=\"og:site_name\" content=\"Mes Vendanges\" \/>\n<meta property=\"article:modified_time\" content=\"2026-03-24T09:03:02+00:00\" \/>\n<meta property=\"og:image\" content=\"https:\/\/www.mesvendanges.com\/wp-content\/uploads\/2022\/08\/sclavos-efranor-2015-blanc-png.png\" \/>\n\t<meta property=\"og:image:width\" content=\"376\" \/>\n\t<meta property=\"og:image:height\" content=\"1500\" \/>\n\t<meta property=\"og:image:type\" content=\"image\/png\" \/>\n<meta name=\"twitter:card\" content=\"summary_large_image\" \/>\n<script type=\"application\/ld+json\" class=\"yoast-schema-graph\">{\"@context\":\"https:\/\/schema.org\",\"@graph\":[{\"@type\":\"Organization\",\"@id\":\"https:\/\/www.mesvendanges.com\/en\/#organization\",\"name\":\"Mes Vendanges\",\"url\":\"https:\/\/www.mesvendanges.com\/en\/\",\"sameAs\":[],\"logo\":{\"@type\":\"ImageObject\",\"inLanguage\":\"fr-FR\",\"@id\":\"https:\/\/www.mesvendanges.com\/en\/#\/schema\/logo\/image\/\",\"url\":\"https:\/\/www.mesvendanges.com\/wp-content\/uploads\/2022\/02\/logo-mesvendanges.jpg\",\"contentUrl\":\"https:\/\/www.mesvendanges.com\/wp-content\/uploads\/2022\/02\/logo-mesvendanges.jpg\",\"width\":851,\"height\":260,\"caption\":\"Mes Vendanges\"},\"image\":{\"@id\":\"https:\/\/www.mesvendanges.com\/en\/#\/schema\/logo\/image\/\"}},{\"@type\":\"WebSite\",\"@id\":\"https:\/\/www.mesvendanges.com\/en\/#website\",\"url\":\"https:\/\/www.mesvendanges.com\/en\/\",\"name\":\"Mes Vendanges\",\"description\":\"Des journ\u00e9es enti\u00e8res dans les vignes\",\"publisher\":{\"@id\":\"https:\/\/www.mesvendanges.com\/en\/#organization\"},\"potentialAction\":[{\"@type\":\"SearchAction\",\"target\":{\"@type\":\"EntryPoint\",\"urlTemplate\":\"https:\/\/www.mesvendanges.com\/en\/?s={search_term_string}\"},\"query-input\":\"required name=search_term_string\"}],\"inLanguage\":\"fr-FR\"},{\"@type\":\"ImageObject\",\"inLanguage\":\"fr-FR\",\"@id\":\"https:\/\/www.mesvendanges.com\/fr\/boutique\/vins\/efranor-sclavos-dne-2015-75cl\/#primaryimage\",\"url\":\"https:\/\/www.mesvendanges.com\/wp-content\/uploads\/2022\/08\/sclavos-efranor-2015-blanc-png.png\",\"contentUrl\":\"https:\/\/www.mesvendanges.com\/wp-content\/uploads\/2022\/08\/sclavos-efranor-2015-blanc-png.png\",\"width\":376,\"height\":1500},{\"@type\":\"WebPage\",\"@id\":\"https:\/\/www.mesvendanges.com\/fr\/boutique\/vins\/efranor-sclavos-dne-2015-75cl\/\",\"url\":\"https:\/\/www.mesvendanges.com\/fr\/boutique\/vins\/efranor-sclavos-dne-2015-75cl\/\",\"name\":\"EFRANOR - Mes Vendanges\",\"isPartOf\":{\"@id\":\"https:\/\/www.mesvendanges.com\/en\/#website\"},\"primaryImageOfPage\":{\"@id\":\"https:\/\/www.mesvendanges.com\/fr\/boutique\/vins\/efranor-sclavos-dne-2015-75cl\/#primaryimage\"},\"datePublished\":\"2022-08-02T12:42:01+00:00\",\"dateModified\":\"2026-03-24T09:03:02+00:00\",\"breadcrumb\":{\"@id\":\"https:\/\/www.mesvendanges.com\/fr\/boutique\/vins\/efranor-sclavos-dne-2015-75cl\/#breadcrumb\"},\"inLanguage\":\"fr-FR\",\"potentialAction\":[{\"@type\":\"ReadAction\",\"target\":[\"https:\/\/www.mesvendanges.com\/fr\/boutique\/vins\/efranor-sclavos-dne-2015-75cl\/\"]}]},{\"@type\":\"BreadcrumbList\",\"@id\":\"https:\/\/www.mesvendanges.com\/fr\/boutique\/vins\/efranor-sclavos-dne-2015-75cl\/#breadcrumb\",\"itemListElement\":[{\"@type\":\"ListItem\",\"position\":1,\"name\":\"Accueil\",\"item\":\"https:\/\/www.mesvendanges.com\/fr\/\"},{\"@type\":\"ListItem\",\"position\":2,\"name\":\"Boutique\",\"item\":\"https:\/\/www.mesvendanges.com\/fr\/boutique\/\"},{\"@type\":\"ListItem\",\"position\":3,\"name\":\"EFRANOR\"}]}]}<\/script>\n<!-- \/ Yoast SEO plugin. -->","yoast_head_json":{"title":"EFRANOR - Mes Vendanges","robots":{"index":"index","follow":"follow","max-snippet":"max-snippet:-1","max-image-preview":"max-image-preview:large","max-video-preview":"max-video-preview:-1"},"canonical":"https:\/\/www.mesvendanges.com\/fr\/boutique\/vins\/efranor-sclavos-dne-2015-75cl\/","og_locale":"fr_FR","og_type":"article","og_title":"EFRANOR - Mes Vendanges","og_description":"Domaine en agriculture biologique C\u00e9pages :60%Moscatela, 35% Vostylidi et 5% Zakynthino, vignes franches de pied R\u00e9gion : Ile de C\u00e9phalonie, mer ionienne Elevage en cuve pendant 9 mois G\u00e9ologie :Argiles blancs et marnes calcaires, roche m\u00e8re calcaire Caract\u00e9ristiques organoleptiques Nez de grande expression d\u2019agrumes : (\u00e9corce d\u2019orange, citron vert, mandarine, bergamote), finesse min\u00e9rale (iod\u00e9e) et [&hellip;]","og_url":"https:\/\/www.mesvendanges.com\/fr\/boutique\/vins\/efranor-sclavos-dne-2015-75cl\/","og_site_name":"Mes Vendanges","article_modified_time":"2026-03-24T09:03:02+00:00","og_image":[{"width":376,"height":1500,"url":"https:\/\/www.mesvendanges.com\/wp-content\/uploads\/2022\/08\/sclavos-efranor-2015-blanc-png.png","type":"image\/png"}],"twitter_card":"summary_large_image","schema":{"@context":"https:\/\/schema.org","@graph":[{"@type":"Organization","@id":"https:\/\/www.mesvendanges.com\/en\/#organization","name":"Mes Vendanges","url":"https:\/\/www.mesvendanges.com\/en\/","sameAs":[],"logo":{"@type":"ImageObject","inLanguage":"fr-FR","@id":"https:\/\/www.mesvendanges.com\/en\/#\/schema\/logo\/image\/","url":"https:\/\/www.mesvendanges.com\/wp-content\/uploads\/2022\/02\/logo-mesvendanges.jpg","contentUrl":"https:\/\/www.mesvendanges.com\/wp-content\/uploads\/2022\/02\/logo-mesvendanges.jpg","width":851,"height":260,"caption":"Mes Vendanges"},"image":{"@id":"https:\/\/www.mesvendanges.com\/en\/#\/schema\/logo\/image\/"}},{"@type":"WebSite","@id":"https:\/\/www.mesvendanges.com\/en\/#website","url":"https:\/\/www.mesvendanges.com\/en\/","name":"Mes Vendanges","description":"Des journ\u00e9es enti\u00e8res dans les vignes","publisher":{"@id":"https:\/\/www.mesvendanges.com\/en\/#organization"},"potentialAction":[{"@type":"SearchAction","target":{"@type":"EntryPoint","urlTemplate":"https:\/\/www.mesvendanges.com\/en\/?s={search_term_string}"},"query-input":"required name=search_term_string"}],"inLanguage":"fr-FR"},{"@type":"ImageObject","inLanguage":"fr-FR","@id":"https:\/\/www.mesvendanges.com\/fr\/boutique\/vins\/efranor-sclavos-dne-2015-75cl\/#primaryimage","url":"https:\/\/www.mesvendanges.com\/wp-content\/uploads\/2022\/08\/sclavos-efranor-2015-blanc-png.png","contentUrl":"https:\/\/www.mesvendanges.com\/wp-content\/uploads\/2022\/08\/sclavos-efranor-2015-blanc-png.png","width":376,"height":1500},{"@type":"WebPage","@id":"https:\/\/www.mesvendanges.com\/fr\/boutique\/vins\/efranor-sclavos-dne-2015-75cl\/","url":"https:\/\/www.mesvendanges.com\/fr\/boutique\/vins\/efranor-sclavos-dne-2015-75cl\/","name":"EFRANOR - Mes Vendanges","isPartOf":{"@id":"https:\/\/www.mesvendanges.com\/en\/#website"},"primaryImageOfPage":{"@id":"https:\/\/www.mesvendanges.com\/fr\/boutique\/vins\/efranor-sclavos-dne-2015-75cl\/#primaryimage"},"datePublished":"2022-08-02T12:42:01+00:00","dateModified":"2026-03-24T09:03:02+00:00","breadcrumb":{"@id":"https:\/\/www.mesvendanges.com\/fr\/boutique\/vins\/efranor-sclavos-dne-2015-75cl\/#breadcrumb"},"inLanguage":"fr-FR","potentialAction":[{"@type":"ReadAction","target":["https:\/\/www.mesvendanges.com\/fr\/boutique\/vins\/efranor-sclavos-dne-2015-75cl\/"]}]},{"@type":"BreadcrumbList","@id":"https:\/\/www.mesvendanges.com\/fr\/boutique\/vins\/efranor-sclavos-dne-2015-75cl\/#breadcrumb","itemListElement":[{"@type":"ListItem","position":1,"name":"Accueil","item":"https:\/\/www.mesvendanges.com\/fr\/"},{"@type":"ListItem","position":2,"name":"Boutique","item":"https:\/\/www.mesvendanges.com\/fr\/boutique\/"},{"@type":"ListItem","position":3,"name":"EFRANOR"}]}]}},"_links":{"self":[{"href":"https:\/\/www.mesvendanges.com\/fr\/wp-json\/wp\/v2\/product\/40395"}],"collection":[{"href":"https:\/\/www.mesvendanges.com\/fr\/wp-json\/wp\/v2\/product"}],"about":[{"href":"https:\/\/www.mesvendanges.com\/fr\/wp-json\/wp\/v2\/types\/product"}],"wp:featuredmedia":[{"embeddable":true,"href":"https:\/\/www.mesvendanges.com\/fr\/wp-json\/wp\/v2\/media\/40393"}],"wp:attachment":[{"href":"https:\/\/www.mesvendanges.com\/fr\/wp-json\/wp\/v2\/media?parent=40395"}],"wp:term":[{"taxonomy":"product_cat","embeddable":true,"href":"https:\/\/www.mesvendanges.com\/fr\/wp-json\/wp\/v2\/product_cat?post=40395"},{"taxonomy":"product_tag","embeddable":true,"href":"https:\/\/www.mesvendanges.com\/fr\/wp-json\/wp\/v2\/product_tag?post=40395"}],"curies":[{"name":"wp","href":"https:\/\/api.w.org\/{rel}","templated":true}]}}