{"id":40423,"date":"2022-08-02T14:42:46","date_gmt":"2022-08-02T12:42:46","guid":{"rendered":"https:\/\/www.mesvendanges.com\/shop\/non%20class\u00e9\/riesling-in-der-sangerei-feinherb-2\/"},"modified":"2025-05-01T14:02:03","modified_gmt":"2025-05-01T12:02:03","slug":"riesling-in-der-sangerei-feinherb-adam-a-j-weingut-2016-75cl","status":"publish","type":"product","link":"https:\/\/www.mesvendanges.com\/fr\/boutique\/vins\/riesling-in-der-sangerei-feinherb-adam-a-j-weingut-2016-75cl\/","title":{"rendered":"RIESLING IN DER SANGEREI FEINHERB"},"content":{"rendered":"<p>Nous voici sur le Hofberg, le cru embl\u00e9matique du domaine. Cette cuv\u00e9e s&#8217;apparente presque \u00e0 un demi-sec comme on peu t en trouver dans la Loire, car nous sommes un peu plus \u00e9lev\u00e9 en alcool que sur un Kabinett, autour de 11\u00b0 pour une vingtaine de gramme de r\u00e9siduel. La diff\u00e9rence vient des acidit\u00e9s hautes qui permettent au vin d&#8217;\u00eatre extr\u00e9mement vivant et a\u00e9rien, une sensation tactile tr\u00e8s mouvante en bouche avec une belle complexit\u00e9 !<\/p>\n","protected":false},"excerpt":{"rendered":"<p>Nous voici sur le Hofberg, le cru embl\u00e9matique du domaine. Cette cuv\u00e9e s&#8217;apparente presque \u00e0 un demi-sec comme on peu t en trouver dans la Loire, car nous sommes un peu plus \u00e9lev\u00e9 en alcool que sur un Kabinett, autour de 11\u00b0 pour une vingtaine de gramme de r\u00e9siduel. La diff\u00e9rence vient des acidit\u00e9s hautes [&hellip;]<\/p>\n","protected":false},"featured_media":18898,"template":"","meta":[],"product_cat":[3736],"product_tag":[],"acf":[],"yoast_head":"<!-- This site is optimized with the Yoast SEO plugin v19.3 - https:\/\/yoast.com\/wordpress\/plugins\/seo\/ -->\n<title>RIESLING IN DER SANGEREI FEINHERB - Mes Vendanges<\/title>\n<meta name=\"robots\" content=\"index, follow, max-snippet:-1, max-image-preview:large, max-video-preview:-1\" \/>\n<link rel=\"canonical\" href=\"https:\/\/www.mesvendanges.com\/fr\/boutique\/vins\/riesling-in-der-sangerei-feinherb-adam-a-j-weingut-2016-75cl\/\" \/>\n<meta property=\"og:locale\" content=\"fr_FR\" \/>\n<meta property=\"og:type\" content=\"article\" \/>\n<meta property=\"og:title\" content=\"RIESLING IN DER SANGEREI FEINHERB - Mes Vendanges\" \/>\n<meta property=\"og:description\" content=\"Nous voici sur le Hofberg, le cru embl\u00e9matique du domaine. Cette cuv\u00e9e s&#8217;apparente presque \u00e0 un demi-sec comme on peu t en trouver dans la Loire, car nous sommes un peu plus \u00e9lev\u00e9 en alcool que sur un Kabinett, autour de 11\u00b0 pour une vingtaine de gramme de r\u00e9siduel. La diff\u00e9rence vient des acidit\u00e9s hautes [&hellip;]\" \/>\n<meta property=\"og:url\" content=\"https:\/\/www.mesvendanges.com\/fr\/boutique\/vins\/riesling-in-der-sangerei-feinherb-adam-a-j-weingut-2016-75cl\/\" \/>\n<meta property=\"og:site_name\" content=\"Mes Vendanges\" \/>\n<meta property=\"article:modified_time\" content=\"2025-05-01T12:02:03+00:00\" \/>\n<meta property=\"og:image\" content=\"https:\/\/www.mesvendanges.com\/wp-content\/uploads\/2022\/07\/weingut-aj-adam-riesling-in-der-sangerei-2016-png.png\" \/>\n\t<meta property=\"og:image:width\" content=\"600\" \/>\n\t<meta property=\"og:image:height\" content=\"1500\" \/>\n\t<meta property=\"og:image:type\" content=\"image\/png\" \/>\n<meta name=\"twitter:card\" content=\"summary_large_image\" \/>\n<script type=\"application\/ld+json\" class=\"yoast-schema-graph\">{\"@context\":\"https:\/\/schema.org\",\"@graph\":[{\"@type\":\"Organization\",\"@id\":\"https:\/\/www.mesvendanges.com\/en\/#organization\",\"name\":\"Mes Vendanges\",\"url\":\"https:\/\/www.mesvendanges.com\/en\/\",\"sameAs\":[],\"logo\":{\"@type\":\"ImageObject\",\"inLanguage\":\"fr-FR\",\"@id\":\"https:\/\/www.mesvendanges.com\/en\/#\/schema\/logo\/image\/\",\"url\":\"https:\/\/www.mesvendanges.com\/wp-content\/uploads\/2022\/02\/logo-mesvendanges.jpg\",\"contentUrl\":\"https:\/\/www.mesvendanges.com\/wp-content\/uploads\/2022\/02\/logo-mesvendanges.jpg\",\"width\":851,\"height\":260,\"caption\":\"Mes Vendanges\"},\"image\":{\"@id\":\"https:\/\/www.mesvendanges.com\/en\/#\/schema\/logo\/image\/\"}},{\"@type\":\"WebSite\",\"@id\":\"https:\/\/www.mesvendanges.com\/en\/#website\",\"url\":\"https:\/\/www.mesvendanges.com\/en\/\",\"name\":\"Mes Vendanges\",\"description\":\"Des journ\u00e9es enti\u00e8res dans les vignes\",\"publisher\":{\"@id\":\"https:\/\/www.mesvendanges.com\/en\/#organization\"},\"potentialAction\":[{\"@type\":\"SearchAction\",\"target\":{\"@type\":\"EntryPoint\",\"urlTemplate\":\"https:\/\/www.mesvendanges.com\/en\/?s={search_term_string}\"},\"query-input\":\"required name=search_term_string\"}],\"inLanguage\":\"fr-FR\"},{\"@type\":\"ImageObject\",\"inLanguage\":\"fr-FR\",\"@id\":\"https:\/\/www.mesvendanges.com\/fr\/boutique\/vins\/riesling-in-der-sangerei-feinherb-adam-a-j-weingut-2016-75cl\/#primaryimage\",\"url\":\"https:\/\/www.mesvendanges.com\/wp-content\/uploads\/2022\/07\/weingut-aj-adam-riesling-in-der-sangerei-2016-png.png\",\"contentUrl\":\"https:\/\/www.mesvendanges.com\/wp-content\/uploads\/2022\/07\/weingut-aj-adam-riesling-in-der-sangerei-2016-png.png\",\"width\":600,\"height\":1500},{\"@type\":\"WebPage\",\"@id\":\"https:\/\/www.mesvendanges.com\/fr\/boutique\/vins\/riesling-in-der-sangerei-feinherb-adam-a-j-weingut-2016-75cl\/\",\"url\":\"https:\/\/www.mesvendanges.com\/fr\/boutique\/vins\/riesling-in-der-sangerei-feinherb-adam-a-j-weingut-2016-75cl\/\",\"name\":\"RIESLING IN DER SANGEREI FEINHERB - Mes Vendanges\",\"isPartOf\":{\"@id\":\"https:\/\/www.mesvendanges.com\/en\/#website\"},\"primaryImageOfPage\":{\"@id\":\"https:\/\/www.mesvendanges.com\/fr\/boutique\/vins\/riesling-in-der-sangerei-feinherb-adam-a-j-weingut-2016-75cl\/#primaryimage\"},\"datePublished\":\"2022-08-02T12:42:46+00:00\",\"dateModified\":\"2025-05-01T12:02:03+00:00\",\"breadcrumb\":{\"@id\":\"https:\/\/www.mesvendanges.com\/fr\/boutique\/vins\/riesling-in-der-sangerei-feinherb-adam-a-j-weingut-2016-75cl\/#breadcrumb\"},\"inLanguage\":\"fr-FR\",\"potentialAction\":[{\"@type\":\"ReadAction\",\"target\":[\"https:\/\/www.mesvendanges.com\/fr\/boutique\/vins\/riesling-in-der-sangerei-feinherb-adam-a-j-weingut-2016-75cl\/\"]}]},{\"@type\":\"BreadcrumbList\",\"@id\":\"https:\/\/www.mesvendanges.com\/fr\/boutique\/vins\/riesling-in-der-sangerei-feinherb-adam-a-j-weingut-2016-75cl\/#breadcrumb\",\"itemListElement\":[{\"@type\":\"ListItem\",\"position\":1,\"name\":\"Accueil\",\"item\":\"https:\/\/www.mesvendanges.com\/fr\/\"},{\"@type\":\"ListItem\",\"position\":2,\"name\":\"Boutique\",\"item\":\"https:\/\/www.mesvendanges.com\/fr\/boutique\/\"},{\"@type\":\"ListItem\",\"position\":3,\"name\":\"RIESLING IN DER SANGEREI FEINHERB\"}]}]}<\/script>\n<!-- \/ Yoast SEO plugin. -->","yoast_head_json":{"title":"RIESLING IN DER SANGEREI FEINHERB - Mes Vendanges","robots":{"index":"index","follow":"follow","max-snippet":"max-snippet:-1","max-image-preview":"max-image-preview:large","max-video-preview":"max-video-preview:-1"},"canonical":"https:\/\/www.mesvendanges.com\/fr\/boutique\/vins\/riesling-in-der-sangerei-feinherb-adam-a-j-weingut-2016-75cl\/","og_locale":"fr_FR","og_type":"article","og_title":"RIESLING IN DER SANGEREI FEINHERB - Mes Vendanges","og_description":"Nous voici sur le Hofberg, le cru embl\u00e9matique du domaine. Cette cuv\u00e9e s&#8217;apparente presque \u00e0 un demi-sec comme on peu t en trouver dans la Loire, car nous sommes un peu plus \u00e9lev\u00e9 en alcool que sur un Kabinett, autour de 11\u00b0 pour une vingtaine de gramme de r\u00e9siduel. La diff\u00e9rence vient des acidit\u00e9s hautes [&hellip;]","og_url":"https:\/\/www.mesvendanges.com\/fr\/boutique\/vins\/riesling-in-der-sangerei-feinherb-adam-a-j-weingut-2016-75cl\/","og_site_name":"Mes Vendanges","article_modified_time":"2025-05-01T12:02:03+00:00","og_image":[{"width":600,"height":1500,"url":"https:\/\/www.mesvendanges.com\/wp-content\/uploads\/2022\/07\/weingut-aj-adam-riesling-in-der-sangerei-2016-png.png","type":"image\/png"}],"twitter_card":"summary_large_image","schema":{"@context":"https:\/\/schema.org","@graph":[{"@type":"Organization","@id":"https:\/\/www.mesvendanges.com\/en\/#organization","name":"Mes Vendanges","url":"https:\/\/www.mesvendanges.com\/en\/","sameAs":[],"logo":{"@type":"ImageObject","inLanguage":"fr-FR","@id":"https:\/\/www.mesvendanges.com\/en\/#\/schema\/logo\/image\/","url":"https:\/\/www.mesvendanges.com\/wp-content\/uploads\/2022\/02\/logo-mesvendanges.jpg","contentUrl":"https:\/\/www.mesvendanges.com\/wp-content\/uploads\/2022\/02\/logo-mesvendanges.jpg","width":851,"height":260,"caption":"Mes Vendanges"},"image":{"@id":"https:\/\/www.mesvendanges.com\/en\/#\/schema\/logo\/image\/"}},{"@type":"WebSite","@id":"https:\/\/www.mesvendanges.com\/en\/#website","url":"https:\/\/www.mesvendanges.com\/en\/","name":"Mes Vendanges","description":"Des journ\u00e9es enti\u00e8res dans les vignes","publisher":{"@id":"https:\/\/www.mesvendanges.com\/en\/#organization"},"potentialAction":[{"@type":"SearchAction","target":{"@type":"EntryPoint","urlTemplate":"https:\/\/www.mesvendanges.com\/en\/?s={search_term_string}"},"query-input":"required name=search_term_string"}],"inLanguage":"fr-FR"},{"@type":"ImageObject","inLanguage":"fr-FR","@id":"https:\/\/www.mesvendanges.com\/fr\/boutique\/vins\/riesling-in-der-sangerei-feinherb-adam-a-j-weingut-2016-75cl\/#primaryimage","url":"https:\/\/www.mesvendanges.com\/wp-content\/uploads\/2022\/07\/weingut-aj-adam-riesling-in-der-sangerei-2016-png.png","contentUrl":"https:\/\/www.mesvendanges.com\/wp-content\/uploads\/2022\/07\/weingut-aj-adam-riesling-in-der-sangerei-2016-png.png","width":600,"height":1500},{"@type":"WebPage","@id":"https:\/\/www.mesvendanges.com\/fr\/boutique\/vins\/riesling-in-der-sangerei-feinherb-adam-a-j-weingut-2016-75cl\/","url":"https:\/\/www.mesvendanges.com\/fr\/boutique\/vins\/riesling-in-der-sangerei-feinherb-adam-a-j-weingut-2016-75cl\/","name":"RIESLING IN DER SANGEREI FEINHERB - Mes Vendanges","isPartOf":{"@id":"https:\/\/www.mesvendanges.com\/en\/#website"},"primaryImageOfPage":{"@id":"https:\/\/www.mesvendanges.com\/fr\/boutique\/vins\/riesling-in-der-sangerei-feinherb-adam-a-j-weingut-2016-75cl\/#primaryimage"},"datePublished":"2022-08-02T12:42:46+00:00","dateModified":"2025-05-01T12:02:03+00:00","breadcrumb":{"@id":"https:\/\/www.mesvendanges.com\/fr\/boutique\/vins\/riesling-in-der-sangerei-feinherb-adam-a-j-weingut-2016-75cl\/#breadcrumb"},"inLanguage":"fr-FR","potentialAction":[{"@type":"ReadAction","target":["https:\/\/www.mesvendanges.com\/fr\/boutique\/vins\/riesling-in-der-sangerei-feinherb-adam-a-j-weingut-2016-75cl\/"]}]},{"@type":"BreadcrumbList","@id":"https:\/\/www.mesvendanges.com\/fr\/boutique\/vins\/riesling-in-der-sangerei-feinherb-adam-a-j-weingut-2016-75cl\/#breadcrumb","itemListElement":[{"@type":"ListItem","position":1,"name":"Accueil","item":"https:\/\/www.mesvendanges.com\/fr\/"},{"@type":"ListItem","position":2,"name":"Boutique","item":"https:\/\/www.mesvendanges.com\/fr\/boutique\/"},{"@type":"ListItem","position":3,"name":"RIESLING IN DER SANGEREI FEINHERB"}]}]}},"_links":{"self":[{"href":"https:\/\/www.mesvendanges.com\/fr\/wp-json\/wp\/v2\/product\/40423"}],"collection":[{"href":"https:\/\/www.mesvendanges.com\/fr\/wp-json\/wp\/v2\/product"}],"about":[{"href":"https:\/\/www.mesvendanges.com\/fr\/wp-json\/wp\/v2\/types\/product"}],"wp:featuredmedia":[{"embeddable":true,"href":"https:\/\/www.mesvendanges.com\/fr\/wp-json\/wp\/v2\/media\/18898"}],"wp:attachment":[{"href":"https:\/\/www.mesvendanges.com\/fr\/wp-json\/wp\/v2\/media?parent=40423"}],"wp:term":[{"taxonomy":"product_cat","embeddable":true,"href":"https:\/\/www.mesvendanges.com\/fr\/wp-json\/wp\/v2\/product_cat?post=40423"},{"taxonomy":"product_tag","embeddable":true,"href":"https:\/\/www.mesvendanges.com\/fr\/wp-json\/wp\/v2\/product_tag?post=40423"}],"curies":[{"name":"wp","href":"https:\/\/api.w.org\/{rel}","templated":true}]}}