{"id":41007,"date":"2022-08-02T14:56:44","date_gmt":"2022-08-02T12:56:44","guid":{"rendered":"https:\/\/www.mesvendanges.com\/shop\/non%20class\u00e9\/blaufrankisch-burgenland\/"},"modified":"2023-12-06T05:31:56","modified_gmt":"2023-12-06T04:31:56","slug":"blaufrankisch-burgenland-schiefer-uwe-2016-75cl","status":"publish","type":"product","link":"https:\/\/www.mesvendanges.com\/fr\/boutique\/vins\/blaufrankisch-burgenland-schiefer-uwe-2016-75cl\/","title":{"rendered":"BLAUFRANKISCH BURGENLAND"},"content":{"rendered":"<p>L&#8217;Eisenberg est une petite montagne du Burgenland, regorgeant de magnifiques terroirs. Cette cuv\u00e9e 100% blaufrankisch en est est issue. Elle repr\u00e9sente parfaitement l&#8217;esth\u00e9tique du domaine avec un vin vibrant, au touch\u00e9 de bouche d\u00e9licat. Le fruit est doux, caressant, floral, port\u00e9 par une fra\u00eecheur, une sapidit\u00e9 sans faille, ce qui donne un ensemble \u00e9vident et joyeux !<\/p>\n","protected":false},"excerpt":{"rendered":"<p>L&#8217;Eisenberg est une petite montagne du Burgenland, regorgeant de magnifiques terroirs. Cette cuv\u00e9e 100% blaufrankisch en est est issue. Elle repr\u00e9sente parfaitement l&#8217;esth\u00e9tique du domaine avec un vin vibrant, au touch\u00e9 de bouche d\u00e9licat. Le fruit est doux, caressant, floral, port\u00e9 par une fra\u00eecheur, une sapidit\u00e9 sans faille, ce qui donne un ensemble \u00e9vident et [&hellip;]<\/p>\n","protected":false},"featured_media":0,"template":"","meta":[],"product_cat":[3736],"product_tag":[],"acf":[],"yoast_head":"<!-- This site is optimized with the Yoast SEO plugin v19.3 - https:\/\/yoast.com\/wordpress\/plugins\/seo\/ -->\n<title>BLAUFRANKISCH BURGENLAND - Mes Vendanges<\/title>\n<meta name=\"robots\" content=\"index, follow, max-snippet:-1, max-image-preview:large, max-video-preview:-1\" \/>\n<link rel=\"canonical\" href=\"https:\/\/www.mesvendanges.com\/fr\/boutique\/vins\/blaufrankisch-burgenland-schiefer-uwe-2016-75cl\/\" \/>\n<meta property=\"og:locale\" content=\"fr_FR\" \/>\n<meta property=\"og:type\" content=\"article\" \/>\n<meta property=\"og:title\" content=\"BLAUFRANKISCH BURGENLAND - Mes Vendanges\" \/>\n<meta property=\"og:description\" content=\"L&#8217;Eisenberg est une petite montagne du Burgenland, regorgeant de magnifiques terroirs. Cette cuv\u00e9e 100% blaufrankisch en est est issue. Elle repr\u00e9sente parfaitement l&#8217;esth\u00e9tique du domaine avec un vin vibrant, au touch\u00e9 de bouche d\u00e9licat. Le fruit est doux, caressant, floral, port\u00e9 par une fra\u00eecheur, une sapidit\u00e9 sans faille, ce qui donne un ensemble \u00e9vident et [&hellip;]\" \/>\n<meta property=\"og:url\" content=\"https:\/\/www.mesvendanges.com\/fr\/boutique\/vins\/blaufrankisch-burgenland-schiefer-uwe-2016-75cl\/\" \/>\n<meta property=\"og:site_name\" content=\"Mes Vendanges\" \/>\n<meta property=\"article:modified_time\" content=\"2023-12-06T04:31:56+00:00\" \/>\n<meta name=\"twitter:card\" content=\"summary_large_image\" \/>\n<script type=\"application\/ld+json\" class=\"yoast-schema-graph\">{\"@context\":\"https:\/\/schema.org\",\"@graph\":[{\"@type\":\"Organization\",\"@id\":\"https:\/\/www.mesvendanges.com\/en\/#organization\",\"name\":\"Mes Vendanges\",\"url\":\"https:\/\/www.mesvendanges.com\/en\/\",\"sameAs\":[],\"logo\":{\"@type\":\"ImageObject\",\"inLanguage\":\"fr-FR\",\"@id\":\"https:\/\/www.mesvendanges.com\/en\/#\/schema\/logo\/image\/\",\"url\":\"https:\/\/www.mesvendanges.com\/wp-content\/uploads\/2022\/02\/logo-mesvendanges.jpg\",\"contentUrl\":\"https:\/\/www.mesvendanges.com\/wp-content\/uploads\/2022\/02\/logo-mesvendanges.jpg\",\"width\":851,\"height\":260,\"caption\":\"Mes Vendanges\"},\"image\":{\"@id\":\"https:\/\/www.mesvendanges.com\/en\/#\/schema\/logo\/image\/\"}},{\"@type\":\"WebSite\",\"@id\":\"https:\/\/www.mesvendanges.com\/en\/#website\",\"url\":\"https:\/\/www.mesvendanges.com\/en\/\",\"name\":\"Mes Vendanges\",\"description\":\"Des journ\u00e9es enti\u00e8res dans les vignes\",\"publisher\":{\"@id\":\"https:\/\/www.mesvendanges.com\/en\/#organization\"},\"potentialAction\":[{\"@type\":\"SearchAction\",\"target\":{\"@type\":\"EntryPoint\",\"urlTemplate\":\"https:\/\/www.mesvendanges.com\/en\/?s={search_term_string}\"},\"query-input\":\"required name=search_term_string\"}],\"inLanguage\":\"fr-FR\"},{\"@type\":\"WebPage\",\"@id\":\"https:\/\/www.mesvendanges.com\/fr\/boutique\/vins\/blaufrankisch-burgenland-schiefer-uwe-2016-75cl\/\",\"url\":\"https:\/\/www.mesvendanges.com\/fr\/boutique\/vins\/blaufrankisch-burgenland-schiefer-uwe-2016-75cl\/\",\"name\":\"BLAUFRANKISCH BURGENLAND - Mes Vendanges\",\"isPartOf\":{\"@id\":\"https:\/\/www.mesvendanges.com\/en\/#website\"},\"datePublished\":\"2022-08-02T12:56:44+00:00\",\"dateModified\":\"2023-12-06T04:31:56+00:00\",\"breadcrumb\":{\"@id\":\"https:\/\/www.mesvendanges.com\/fr\/boutique\/vins\/blaufrankisch-burgenland-schiefer-uwe-2016-75cl\/#breadcrumb\"},\"inLanguage\":\"fr-FR\",\"potentialAction\":[{\"@type\":\"ReadAction\",\"target\":[\"https:\/\/www.mesvendanges.com\/fr\/boutique\/vins\/blaufrankisch-burgenland-schiefer-uwe-2016-75cl\/\"]}]},{\"@type\":\"BreadcrumbList\",\"@id\":\"https:\/\/www.mesvendanges.com\/fr\/boutique\/vins\/blaufrankisch-burgenland-schiefer-uwe-2016-75cl\/#breadcrumb\",\"itemListElement\":[{\"@type\":\"ListItem\",\"position\":1,\"name\":\"Accueil\",\"item\":\"https:\/\/www.mesvendanges.com\/fr\/\"},{\"@type\":\"ListItem\",\"position\":2,\"name\":\"Boutique\",\"item\":\"https:\/\/www.mesvendanges.com\/fr\/boutique\/\"},{\"@type\":\"ListItem\",\"position\":3,\"name\":\"BLAUFRANKISCH BURGENLAND\"}]}]}<\/script>\n<!-- \/ Yoast SEO plugin. -->","yoast_head_json":{"title":"BLAUFRANKISCH BURGENLAND - Mes Vendanges","robots":{"index":"index","follow":"follow","max-snippet":"max-snippet:-1","max-image-preview":"max-image-preview:large","max-video-preview":"max-video-preview:-1"},"canonical":"https:\/\/www.mesvendanges.com\/fr\/boutique\/vins\/blaufrankisch-burgenland-schiefer-uwe-2016-75cl\/","og_locale":"fr_FR","og_type":"article","og_title":"BLAUFRANKISCH BURGENLAND - Mes Vendanges","og_description":"L&#8217;Eisenberg est une petite montagne du Burgenland, regorgeant de magnifiques terroirs. Cette cuv\u00e9e 100% blaufrankisch en est est issue. Elle repr\u00e9sente parfaitement l&#8217;esth\u00e9tique du domaine avec un vin vibrant, au touch\u00e9 de bouche d\u00e9licat. Le fruit est doux, caressant, floral, port\u00e9 par une fra\u00eecheur, une sapidit\u00e9 sans faille, ce qui donne un ensemble \u00e9vident et [&hellip;]","og_url":"https:\/\/www.mesvendanges.com\/fr\/boutique\/vins\/blaufrankisch-burgenland-schiefer-uwe-2016-75cl\/","og_site_name":"Mes Vendanges","article_modified_time":"2023-12-06T04:31:56+00:00","twitter_card":"summary_large_image","schema":{"@context":"https:\/\/schema.org","@graph":[{"@type":"Organization","@id":"https:\/\/www.mesvendanges.com\/en\/#organization","name":"Mes Vendanges","url":"https:\/\/www.mesvendanges.com\/en\/","sameAs":[],"logo":{"@type":"ImageObject","inLanguage":"fr-FR","@id":"https:\/\/www.mesvendanges.com\/en\/#\/schema\/logo\/image\/","url":"https:\/\/www.mesvendanges.com\/wp-content\/uploads\/2022\/02\/logo-mesvendanges.jpg","contentUrl":"https:\/\/www.mesvendanges.com\/wp-content\/uploads\/2022\/02\/logo-mesvendanges.jpg","width":851,"height":260,"caption":"Mes Vendanges"},"image":{"@id":"https:\/\/www.mesvendanges.com\/en\/#\/schema\/logo\/image\/"}},{"@type":"WebSite","@id":"https:\/\/www.mesvendanges.com\/en\/#website","url":"https:\/\/www.mesvendanges.com\/en\/","name":"Mes Vendanges","description":"Des journ\u00e9es enti\u00e8res dans les vignes","publisher":{"@id":"https:\/\/www.mesvendanges.com\/en\/#organization"},"potentialAction":[{"@type":"SearchAction","target":{"@type":"EntryPoint","urlTemplate":"https:\/\/www.mesvendanges.com\/en\/?s={search_term_string}"},"query-input":"required name=search_term_string"}],"inLanguage":"fr-FR"},{"@type":"WebPage","@id":"https:\/\/www.mesvendanges.com\/fr\/boutique\/vins\/blaufrankisch-burgenland-schiefer-uwe-2016-75cl\/","url":"https:\/\/www.mesvendanges.com\/fr\/boutique\/vins\/blaufrankisch-burgenland-schiefer-uwe-2016-75cl\/","name":"BLAUFRANKISCH BURGENLAND - Mes Vendanges","isPartOf":{"@id":"https:\/\/www.mesvendanges.com\/en\/#website"},"datePublished":"2022-08-02T12:56:44+00:00","dateModified":"2023-12-06T04:31:56+00:00","breadcrumb":{"@id":"https:\/\/www.mesvendanges.com\/fr\/boutique\/vins\/blaufrankisch-burgenland-schiefer-uwe-2016-75cl\/#breadcrumb"},"inLanguage":"fr-FR","potentialAction":[{"@type":"ReadAction","target":["https:\/\/www.mesvendanges.com\/fr\/boutique\/vins\/blaufrankisch-burgenland-schiefer-uwe-2016-75cl\/"]}]},{"@type":"BreadcrumbList","@id":"https:\/\/www.mesvendanges.com\/fr\/boutique\/vins\/blaufrankisch-burgenland-schiefer-uwe-2016-75cl\/#breadcrumb","itemListElement":[{"@type":"ListItem","position":1,"name":"Accueil","item":"https:\/\/www.mesvendanges.com\/fr\/"},{"@type":"ListItem","position":2,"name":"Boutique","item":"https:\/\/www.mesvendanges.com\/fr\/boutique\/"},{"@type":"ListItem","position":3,"name":"BLAUFRANKISCH BURGENLAND"}]}]}},"_links":{"self":[{"href":"https:\/\/www.mesvendanges.com\/fr\/wp-json\/wp\/v2\/product\/41007"}],"collection":[{"href":"https:\/\/www.mesvendanges.com\/fr\/wp-json\/wp\/v2\/product"}],"about":[{"href":"https:\/\/www.mesvendanges.com\/fr\/wp-json\/wp\/v2\/types\/product"}],"wp:attachment":[{"href":"https:\/\/www.mesvendanges.com\/fr\/wp-json\/wp\/v2\/media?parent=41007"}],"wp:term":[{"taxonomy":"product_cat","embeddable":true,"href":"https:\/\/www.mesvendanges.com\/fr\/wp-json\/wp\/v2\/product_cat?post=41007"},{"taxonomy":"product_tag","embeddable":true,"href":"https:\/\/www.mesvendanges.com\/fr\/wp-json\/wp\/v2\/product_tag?post=41007"}],"curies":[{"name":"wp","href":"https:\/\/api.w.org\/{rel}","templated":true}]}}