{"id":41021,"date":"2022-08-02T14:57:06","date_gmt":"2022-08-02T12:57:06","guid":{"rendered":"https:\/\/www.mesvendanges.com\/shop\/non%20class\u00e9\/blaufrankisch-reihburg-r2-grande-reserve\/"},"modified":"2023-12-06T05:33:01","modified_gmt":"2023-12-06T04:33:01","slug":"blaufrankisch-reihburg-r2-grande-reserve-schiefer-uwe-2012-75cl","status":"publish","type":"product","link":"https:\/\/www.mesvendanges.com\/fr\/boutique\/vins\/blaufrankisch-reihburg-r2-grande-reserve-schiefer-uwe-2012-75cl\/","title":{"rendered":"BLAUFRANKISCH REIHBURG R2 GRANDE RESERVE"},"content":{"rendered":"<p>Le Reihburg est une sorte de quintessence de terroir, quintessence de blaufrankisch, quintessence du Burgenland. C&#8217;est aussi l&#8217;expression d&#8217;une vision, d&#8217;une intuition de la mise en r\u00e9sonance d&#8217;un lieu, d&#8217;un vin. Car en plus des caract\u00e8res du grand vin, voir du tr\u00e8s grand vin (construction, raffinement, longueur, potentiel, complexit\u00e9&#8230;), le Reihburg a une dimension magique, comme une forme d&#8217;in\u00e9dit, d&#8217;inconnu, de libert\u00e9, une facult\u00e9 \u00e0 \u00e9mouvoir, \u00e0 transporter, \u00e0 susciter.<\/p>\n<div>Comme s&#8217;il d\u00e9voilait ce qu&#8217;Uwe Schiefer cherche, comme s&#8217;il prenait la parole pour nous dire ce qu&#8217;il y a, au del\u00e0, ce qu&#8217;il y a d&#8217;insaisissable et dont le vin n&#8217;est qu&#8217;un reflet fugace.<\/p>\n<p>ICi il s&#8217;agit de la version R2 &#8211; Grande r\u00e9serve, avec un vin \u00e9lev\u00e9 3 ans en foudres avant la mise.<\/div>\n","protected":false},"excerpt":{"rendered":"<p>Le Reihburg est une sorte de quintessence de terroir, quintessence de blaufrankisch, quintessence du Burgenland. C&#8217;est aussi l&#8217;expression d&#8217;une vision, d&#8217;une intuition de la mise en r\u00e9sonance d&#8217;un lieu, d&#8217;un vin. Car en plus des caract\u00e8res du grand vin, voir du tr\u00e8s grand vin (construction, raffinement, longueur, potentiel, complexit\u00e9&#8230;), le Reihburg a une dimension magique, [&hellip;]<\/p>\n","protected":false},"featured_media":72193,"template":"","meta":[],"product_cat":[3736],"product_tag":[],"acf":[],"yoast_head":"<!-- This site is optimized with the Yoast SEO plugin v19.3 - https:\/\/yoast.com\/wordpress\/plugins\/seo\/ -->\n<title>BLAUFRANKISCH REIHBURG R2 GRANDE RESERVE - Mes Vendanges<\/title>\n<meta name=\"robots\" content=\"index, follow, max-snippet:-1, max-image-preview:large, max-video-preview:-1\" \/>\n<link rel=\"canonical\" href=\"https:\/\/www.mesvendanges.com\/fr\/boutique\/vins\/blaufrankisch-reihburg-r2-grande-reserve-schiefer-uwe-2012-75cl\/\" \/>\n<meta property=\"og:locale\" content=\"fr_FR\" \/>\n<meta property=\"og:type\" content=\"article\" \/>\n<meta property=\"og:title\" content=\"BLAUFRANKISCH REIHBURG R2 GRANDE RESERVE - Mes Vendanges\" \/>\n<meta property=\"og:description\" content=\"Le Reihburg est une sorte de quintessence de terroir, quintessence de blaufrankisch, quintessence du Burgenland. C&#8217;est aussi l&#8217;expression d&#8217;une vision, d&#8217;une intuition de la mise en r\u00e9sonance d&#8217;un lieu, d&#8217;un vin. Car en plus des caract\u00e8res du grand vin, voir du tr\u00e8s grand vin (construction, raffinement, longueur, potentiel, complexit\u00e9&#8230;), le Reihburg a une dimension magique, [&hellip;]\" \/>\n<meta property=\"og:url\" content=\"https:\/\/www.mesvendanges.com\/fr\/boutique\/vins\/blaufrankisch-reihburg-r2-grande-reserve-schiefer-uwe-2012-75cl\/\" \/>\n<meta property=\"og:site_name\" content=\"Mes Vendanges\" \/>\n<meta property=\"article:modified_time\" content=\"2023-12-06T04:33:01+00:00\" \/>\n<meta property=\"og:image\" content=\"https:\/\/www.mesvendanges.com\/wp-content\/uploads\/2023\/12\/schiefer-uwe-blaufrankisch-reihburg-r2-grande-reserve-burgenland-rouge-2012-png.png\" \/>\n\t<meta property=\"og:image:width\" content=\"489\" \/>\n\t<meta property=\"og:image:height\" content=\"1500\" \/>\n\t<meta property=\"og:image:type\" content=\"image\/png\" \/>\n<meta name=\"twitter:card\" content=\"summary_large_image\" \/>\n<meta name=\"twitter:label1\" content=\"Dur\u00e9e de lecture estim\u00e9e\" \/>\n\t<meta name=\"twitter:data1\" content=\"1 minute\" \/>\n<script type=\"application\/ld+json\" class=\"yoast-schema-graph\">{\"@context\":\"https:\/\/schema.org\",\"@graph\":[{\"@type\":\"Organization\",\"@id\":\"https:\/\/www.mesvendanges.com\/en\/#organization\",\"name\":\"Mes Vendanges\",\"url\":\"https:\/\/www.mesvendanges.com\/en\/\",\"sameAs\":[],\"logo\":{\"@type\":\"ImageObject\",\"inLanguage\":\"fr-FR\",\"@id\":\"https:\/\/www.mesvendanges.com\/en\/#\/schema\/logo\/image\/\",\"url\":\"https:\/\/www.mesvendanges.com\/wp-content\/uploads\/2022\/02\/logo-mesvendanges.jpg\",\"contentUrl\":\"https:\/\/www.mesvendanges.com\/wp-content\/uploads\/2022\/02\/logo-mesvendanges.jpg\",\"width\":851,\"height\":260,\"caption\":\"Mes Vendanges\"},\"image\":{\"@id\":\"https:\/\/www.mesvendanges.com\/en\/#\/schema\/logo\/image\/\"}},{\"@type\":\"WebSite\",\"@id\":\"https:\/\/www.mesvendanges.com\/en\/#website\",\"url\":\"https:\/\/www.mesvendanges.com\/en\/\",\"name\":\"Mes Vendanges\",\"description\":\"Des journ\u00e9es enti\u00e8res dans les vignes\",\"publisher\":{\"@id\":\"https:\/\/www.mesvendanges.com\/en\/#organization\"},\"potentialAction\":[{\"@type\":\"SearchAction\",\"target\":{\"@type\":\"EntryPoint\",\"urlTemplate\":\"https:\/\/www.mesvendanges.com\/en\/?s={search_term_string}\"},\"query-input\":\"required name=search_term_string\"}],\"inLanguage\":\"fr-FR\"},{\"@type\":\"ImageObject\",\"inLanguage\":\"fr-FR\",\"@id\":\"https:\/\/www.mesvendanges.com\/fr\/boutique\/vins\/blaufrankisch-reihburg-r2-grande-reserve-schiefer-uwe-2012-75cl\/#primaryimage\",\"url\":\"https:\/\/www.mesvendanges.com\/wp-content\/uploads\/2023\/12\/schiefer-uwe-blaufrankisch-reihburg-r2-grande-reserve-burgenland-rouge-2012-png.png\",\"contentUrl\":\"https:\/\/www.mesvendanges.com\/wp-content\/uploads\/2023\/12\/schiefer-uwe-blaufrankisch-reihburg-r2-grande-reserve-burgenland-rouge-2012-png.png\",\"width\":489,\"height\":1500},{\"@type\":\"WebPage\",\"@id\":\"https:\/\/www.mesvendanges.com\/fr\/boutique\/vins\/blaufrankisch-reihburg-r2-grande-reserve-schiefer-uwe-2012-75cl\/\",\"url\":\"https:\/\/www.mesvendanges.com\/fr\/boutique\/vins\/blaufrankisch-reihburg-r2-grande-reserve-schiefer-uwe-2012-75cl\/\",\"name\":\"BLAUFRANKISCH REIHBURG R2 GRANDE RESERVE - Mes Vendanges\",\"isPartOf\":{\"@id\":\"https:\/\/www.mesvendanges.com\/en\/#website\"},\"primaryImageOfPage\":{\"@id\":\"https:\/\/www.mesvendanges.com\/fr\/boutique\/vins\/blaufrankisch-reihburg-r2-grande-reserve-schiefer-uwe-2012-75cl\/#primaryimage\"},\"datePublished\":\"2022-08-02T12:57:06+00:00\",\"dateModified\":\"2023-12-06T04:33:01+00:00\",\"breadcrumb\":{\"@id\":\"https:\/\/www.mesvendanges.com\/fr\/boutique\/vins\/blaufrankisch-reihburg-r2-grande-reserve-schiefer-uwe-2012-75cl\/#breadcrumb\"},\"inLanguage\":\"fr-FR\",\"potentialAction\":[{\"@type\":\"ReadAction\",\"target\":[\"https:\/\/www.mesvendanges.com\/fr\/boutique\/vins\/blaufrankisch-reihburg-r2-grande-reserve-schiefer-uwe-2012-75cl\/\"]}]},{\"@type\":\"BreadcrumbList\",\"@id\":\"https:\/\/www.mesvendanges.com\/fr\/boutique\/vins\/blaufrankisch-reihburg-r2-grande-reserve-schiefer-uwe-2012-75cl\/#breadcrumb\",\"itemListElement\":[{\"@type\":\"ListItem\",\"position\":1,\"name\":\"Accueil\",\"item\":\"https:\/\/www.mesvendanges.com\/fr\/\"},{\"@type\":\"ListItem\",\"position\":2,\"name\":\"Boutique\",\"item\":\"https:\/\/www.mesvendanges.com\/fr\/boutique\/\"},{\"@type\":\"ListItem\",\"position\":3,\"name\":\"BLAUFRANKISCH REIHBURG R2 GRANDE RESERVE\"}]}]}<\/script>\n<!-- \/ Yoast SEO plugin. -->","yoast_head_json":{"title":"BLAUFRANKISCH REIHBURG R2 GRANDE RESERVE - Mes Vendanges","robots":{"index":"index","follow":"follow","max-snippet":"max-snippet:-1","max-image-preview":"max-image-preview:large","max-video-preview":"max-video-preview:-1"},"canonical":"https:\/\/www.mesvendanges.com\/fr\/boutique\/vins\/blaufrankisch-reihburg-r2-grande-reserve-schiefer-uwe-2012-75cl\/","og_locale":"fr_FR","og_type":"article","og_title":"BLAUFRANKISCH REIHBURG R2 GRANDE RESERVE - Mes Vendanges","og_description":"Le Reihburg est une sorte de quintessence de terroir, quintessence de blaufrankisch, quintessence du Burgenland. C&#8217;est aussi l&#8217;expression d&#8217;une vision, d&#8217;une intuition de la mise en r\u00e9sonance d&#8217;un lieu, d&#8217;un vin. Car en plus des caract\u00e8res du grand vin, voir du tr\u00e8s grand vin (construction, raffinement, longueur, potentiel, complexit\u00e9&#8230;), le Reihburg a une dimension magique, [&hellip;]","og_url":"https:\/\/www.mesvendanges.com\/fr\/boutique\/vins\/blaufrankisch-reihburg-r2-grande-reserve-schiefer-uwe-2012-75cl\/","og_site_name":"Mes Vendanges","article_modified_time":"2023-12-06T04:33:01+00:00","og_image":[{"width":489,"height":1500,"url":"https:\/\/www.mesvendanges.com\/wp-content\/uploads\/2023\/12\/schiefer-uwe-blaufrankisch-reihburg-r2-grande-reserve-burgenland-rouge-2012-png.png","type":"image\/png"}],"twitter_card":"summary_large_image","twitter_misc":{"Dur\u00e9e de lecture estim\u00e9e":"1 minute"},"schema":{"@context":"https:\/\/schema.org","@graph":[{"@type":"Organization","@id":"https:\/\/www.mesvendanges.com\/en\/#organization","name":"Mes Vendanges","url":"https:\/\/www.mesvendanges.com\/en\/","sameAs":[],"logo":{"@type":"ImageObject","inLanguage":"fr-FR","@id":"https:\/\/www.mesvendanges.com\/en\/#\/schema\/logo\/image\/","url":"https:\/\/www.mesvendanges.com\/wp-content\/uploads\/2022\/02\/logo-mesvendanges.jpg","contentUrl":"https:\/\/www.mesvendanges.com\/wp-content\/uploads\/2022\/02\/logo-mesvendanges.jpg","width":851,"height":260,"caption":"Mes Vendanges"},"image":{"@id":"https:\/\/www.mesvendanges.com\/en\/#\/schema\/logo\/image\/"}},{"@type":"WebSite","@id":"https:\/\/www.mesvendanges.com\/en\/#website","url":"https:\/\/www.mesvendanges.com\/en\/","name":"Mes Vendanges","description":"Des journ\u00e9es enti\u00e8res dans les vignes","publisher":{"@id":"https:\/\/www.mesvendanges.com\/en\/#organization"},"potentialAction":[{"@type":"SearchAction","target":{"@type":"EntryPoint","urlTemplate":"https:\/\/www.mesvendanges.com\/en\/?s={search_term_string}"},"query-input":"required name=search_term_string"}],"inLanguage":"fr-FR"},{"@type":"ImageObject","inLanguage":"fr-FR","@id":"https:\/\/www.mesvendanges.com\/fr\/boutique\/vins\/blaufrankisch-reihburg-r2-grande-reserve-schiefer-uwe-2012-75cl\/#primaryimage","url":"https:\/\/www.mesvendanges.com\/wp-content\/uploads\/2023\/12\/schiefer-uwe-blaufrankisch-reihburg-r2-grande-reserve-burgenland-rouge-2012-png.png","contentUrl":"https:\/\/www.mesvendanges.com\/wp-content\/uploads\/2023\/12\/schiefer-uwe-blaufrankisch-reihburg-r2-grande-reserve-burgenland-rouge-2012-png.png","width":489,"height":1500},{"@type":"WebPage","@id":"https:\/\/www.mesvendanges.com\/fr\/boutique\/vins\/blaufrankisch-reihburg-r2-grande-reserve-schiefer-uwe-2012-75cl\/","url":"https:\/\/www.mesvendanges.com\/fr\/boutique\/vins\/blaufrankisch-reihburg-r2-grande-reserve-schiefer-uwe-2012-75cl\/","name":"BLAUFRANKISCH REIHBURG R2 GRANDE RESERVE - Mes Vendanges","isPartOf":{"@id":"https:\/\/www.mesvendanges.com\/en\/#website"},"primaryImageOfPage":{"@id":"https:\/\/www.mesvendanges.com\/fr\/boutique\/vins\/blaufrankisch-reihburg-r2-grande-reserve-schiefer-uwe-2012-75cl\/#primaryimage"},"datePublished":"2022-08-02T12:57:06+00:00","dateModified":"2023-12-06T04:33:01+00:00","breadcrumb":{"@id":"https:\/\/www.mesvendanges.com\/fr\/boutique\/vins\/blaufrankisch-reihburg-r2-grande-reserve-schiefer-uwe-2012-75cl\/#breadcrumb"},"inLanguage":"fr-FR","potentialAction":[{"@type":"ReadAction","target":["https:\/\/www.mesvendanges.com\/fr\/boutique\/vins\/blaufrankisch-reihburg-r2-grande-reserve-schiefer-uwe-2012-75cl\/"]}]},{"@type":"BreadcrumbList","@id":"https:\/\/www.mesvendanges.com\/fr\/boutique\/vins\/blaufrankisch-reihburg-r2-grande-reserve-schiefer-uwe-2012-75cl\/#breadcrumb","itemListElement":[{"@type":"ListItem","position":1,"name":"Accueil","item":"https:\/\/www.mesvendanges.com\/fr\/"},{"@type":"ListItem","position":2,"name":"Boutique","item":"https:\/\/www.mesvendanges.com\/fr\/boutique\/"},{"@type":"ListItem","position":3,"name":"BLAUFRANKISCH REIHBURG R2 GRANDE RESERVE"}]}]}},"_links":{"self":[{"href":"https:\/\/www.mesvendanges.com\/fr\/wp-json\/wp\/v2\/product\/41021"}],"collection":[{"href":"https:\/\/www.mesvendanges.com\/fr\/wp-json\/wp\/v2\/product"}],"about":[{"href":"https:\/\/www.mesvendanges.com\/fr\/wp-json\/wp\/v2\/types\/product"}],"wp:featuredmedia":[{"embeddable":true,"href":"https:\/\/www.mesvendanges.com\/fr\/wp-json\/wp\/v2\/media\/72193"}],"wp:attachment":[{"href":"https:\/\/www.mesvendanges.com\/fr\/wp-json\/wp\/v2\/media?parent=41021"}],"wp:term":[{"taxonomy":"product_cat","embeddable":true,"href":"https:\/\/www.mesvendanges.com\/fr\/wp-json\/wp\/v2\/product_cat?post=41021"},{"taxonomy":"product_tag","embeddable":true,"href":"https:\/\/www.mesvendanges.com\/fr\/wp-json\/wp\/v2\/product_tag?post=41021"}],"curies":[{"name":"wp","href":"https:\/\/api.w.org\/{rel}","templated":true}]}}