{"id":41039,"date":"2022-08-02T14:57:36","date_gmt":"2022-08-02T12:57:36","guid":{"rendered":"https:\/\/www.mesvendanges.com\/shop\/non%20class\u00e9\/vieilles-vignes-30\/"},"modified":"2023-12-05T12:25:42","modified_gmt":"2023-12-05T11:25:42","slug":"vieilles-vignes-chevalerie-dne-de-la-1989-75cl","status":"publish","type":"product","link":"https:\/\/www.mesvendanges.com\/fr\/boutique\/vins\/vieilles-vignes-chevalerie-dne-de-la-1989-75cl\/","title":{"rendered":"VIEILLES VIGNES"},"content":{"rendered":"<p>Issu de vignes cabernet-francs de mi-coteaux sur terre argileuse et alluvionnaire. Ce mill\u00e9sime permet de comprendre comment les grands bourgueils peuvent vieillir avec bonheur. C&#8217;est sur la dur\u00e9e que s&#8217;exprime le mieux la fra\u00eecheur, la sapidit\u00e9 des grands cabernets francs. Ils donnent de merveilleux vins de gastronomie aux textures velout\u00e9es et denses, accompagnant \u00e0 merveille les volailles, le foie de veau ou encore un cul de veau \u00e0 l&#8217;angevine. Le domaine de la Chevalerie est en agriculture biologique certifi\u00e9e.<\/p>\n","protected":false},"excerpt":{"rendered":"<p>Issu de vignes cabernet-francs de mi-coteaux sur terre argileuse et alluvionnaire. Ce mill\u00e9sime permet de comprendre comment les grands bourgueils peuvent vieillir avec bonheur. C&#8217;est sur la dur\u00e9e que s&#8217;exprime le mieux la fra\u00eecheur, la sapidit\u00e9 des grands cabernets francs. Ils donnent de merveilleux vins de gastronomie aux textures velout\u00e9es et denses, accompagnant \u00e0 merveille [&hellip;]<\/p>\n","protected":false},"featured_media":0,"template":"","meta":[],"product_cat":[3736],"product_tag":[],"acf":[],"yoast_head":"<!-- This site is optimized with the Yoast SEO plugin v19.3 - https:\/\/yoast.com\/wordpress\/plugins\/seo\/ -->\n<title>VIEILLES VIGNES - Mes Vendanges<\/title>\n<meta name=\"robots\" content=\"index, follow, max-snippet:-1, max-image-preview:large, max-video-preview:-1\" \/>\n<link rel=\"canonical\" href=\"https:\/\/www.mesvendanges.com\/fr\/boutique\/vins\/vieilles-vignes-chevalerie-dne-de-la-1989-75cl\/\" \/>\n<meta property=\"og:locale\" content=\"fr_FR\" \/>\n<meta property=\"og:type\" content=\"article\" \/>\n<meta property=\"og:title\" content=\"VIEILLES VIGNES - Mes Vendanges\" \/>\n<meta property=\"og:description\" content=\"Issu de vignes cabernet-francs de mi-coteaux sur terre argileuse et alluvionnaire. Ce mill\u00e9sime permet de comprendre comment les grands bourgueils peuvent vieillir avec bonheur. C&#8217;est sur la dur\u00e9e que s&#8217;exprime le mieux la fra\u00eecheur, la sapidit\u00e9 des grands cabernets francs. Ils donnent de merveilleux vins de gastronomie aux textures velout\u00e9es et denses, accompagnant \u00e0 merveille [&hellip;]\" \/>\n<meta property=\"og:url\" content=\"https:\/\/www.mesvendanges.com\/fr\/boutique\/vins\/vieilles-vignes-chevalerie-dne-de-la-1989-75cl\/\" \/>\n<meta property=\"og:site_name\" content=\"Mes Vendanges\" \/>\n<meta property=\"article:modified_time\" content=\"2023-12-05T11:25:42+00:00\" \/>\n<meta name=\"twitter:card\" content=\"summary_large_image\" \/>\n<script type=\"application\/ld+json\" class=\"yoast-schema-graph\">{\"@context\":\"https:\/\/schema.org\",\"@graph\":[{\"@type\":\"Organization\",\"@id\":\"https:\/\/www.mesvendanges.com\/en\/#organization\",\"name\":\"Mes Vendanges\",\"url\":\"https:\/\/www.mesvendanges.com\/en\/\",\"sameAs\":[],\"logo\":{\"@type\":\"ImageObject\",\"inLanguage\":\"fr-FR\",\"@id\":\"https:\/\/www.mesvendanges.com\/en\/#\/schema\/logo\/image\/\",\"url\":\"https:\/\/www.mesvendanges.com\/wp-content\/uploads\/2022\/02\/logo-mesvendanges.jpg\",\"contentUrl\":\"https:\/\/www.mesvendanges.com\/wp-content\/uploads\/2022\/02\/logo-mesvendanges.jpg\",\"width\":851,\"height\":260,\"caption\":\"Mes Vendanges\"},\"image\":{\"@id\":\"https:\/\/www.mesvendanges.com\/en\/#\/schema\/logo\/image\/\"}},{\"@type\":\"WebSite\",\"@id\":\"https:\/\/www.mesvendanges.com\/en\/#website\",\"url\":\"https:\/\/www.mesvendanges.com\/en\/\",\"name\":\"Mes Vendanges\",\"description\":\"Des journ\u00e9es enti\u00e8res dans les vignes\",\"publisher\":{\"@id\":\"https:\/\/www.mesvendanges.com\/en\/#organization\"},\"potentialAction\":[{\"@type\":\"SearchAction\",\"target\":{\"@type\":\"EntryPoint\",\"urlTemplate\":\"https:\/\/www.mesvendanges.com\/en\/?s={search_term_string}\"},\"query-input\":\"required name=search_term_string\"}],\"inLanguage\":\"fr-FR\"},{\"@type\":\"WebPage\",\"@id\":\"https:\/\/www.mesvendanges.com\/fr\/boutique\/vins\/vieilles-vignes-chevalerie-dne-de-la-1989-75cl\/\",\"url\":\"https:\/\/www.mesvendanges.com\/fr\/boutique\/vins\/vieilles-vignes-chevalerie-dne-de-la-1989-75cl\/\",\"name\":\"VIEILLES VIGNES - Mes Vendanges\",\"isPartOf\":{\"@id\":\"https:\/\/www.mesvendanges.com\/en\/#website\"},\"datePublished\":\"2022-08-02T12:57:36+00:00\",\"dateModified\":\"2023-12-05T11:25:42+00:00\",\"breadcrumb\":{\"@id\":\"https:\/\/www.mesvendanges.com\/fr\/boutique\/vins\/vieilles-vignes-chevalerie-dne-de-la-1989-75cl\/#breadcrumb\"},\"inLanguage\":\"fr-FR\",\"potentialAction\":[{\"@type\":\"ReadAction\",\"target\":[\"https:\/\/www.mesvendanges.com\/fr\/boutique\/vins\/vieilles-vignes-chevalerie-dne-de-la-1989-75cl\/\"]}]},{\"@type\":\"BreadcrumbList\",\"@id\":\"https:\/\/www.mesvendanges.com\/fr\/boutique\/vins\/vieilles-vignes-chevalerie-dne-de-la-1989-75cl\/#breadcrumb\",\"itemListElement\":[{\"@type\":\"ListItem\",\"position\":1,\"name\":\"Accueil\",\"item\":\"https:\/\/www.mesvendanges.com\/fr\/\"},{\"@type\":\"ListItem\",\"position\":2,\"name\":\"Boutique\",\"item\":\"https:\/\/www.mesvendanges.com\/fr\/boutique\/\"},{\"@type\":\"ListItem\",\"position\":3,\"name\":\"VIEILLES VIGNES\"}]}]}<\/script>\n<!-- \/ Yoast SEO plugin. -->","yoast_head_json":{"title":"VIEILLES VIGNES - Mes Vendanges","robots":{"index":"index","follow":"follow","max-snippet":"max-snippet:-1","max-image-preview":"max-image-preview:large","max-video-preview":"max-video-preview:-1"},"canonical":"https:\/\/www.mesvendanges.com\/fr\/boutique\/vins\/vieilles-vignes-chevalerie-dne-de-la-1989-75cl\/","og_locale":"fr_FR","og_type":"article","og_title":"VIEILLES VIGNES - Mes Vendanges","og_description":"Issu de vignes cabernet-francs de mi-coteaux sur terre argileuse et alluvionnaire. Ce mill\u00e9sime permet de comprendre comment les grands bourgueils peuvent vieillir avec bonheur. C&#8217;est sur la dur\u00e9e que s&#8217;exprime le mieux la fra\u00eecheur, la sapidit\u00e9 des grands cabernets francs. Ils donnent de merveilleux vins de gastronomie aux textures velout\u00e9es et denses, accompagnant \u00e0 merveille [&hellip;]","og_url":"https:\/\/www.mesvendanges.com\/fr\/boutique\/vins\/vieilles-vignes-chevalerie-dne-de-la-1989-75cl\/","og_site_name":"Mes Vendanges","article_modified_time":"2023-12-05T11:25:42+00:00","twitter_card":"summary_large_image","schema":{"@context":"https:\/\/schema.org","@graph":[{"@type":"Organization","@id":"https:\/\/www.mesvendanges.com\/en\/#organization","name":"Mes Vendanges","url":"https:\/\/www.mesvendanges.com\/en\/","sameAs":[],"logo":{"@type":"ImageObject","inLanguage":"fr-FR","@id":"https:\/\/www.mesvendanges.com\/en\/#\/schema\/logo\/image\/","url":"https:\/\/www.mesvendanges.com\/wp-content\/uploads\/2022\/02\/logo-mesvendanges.jpg","contentUrl":"https:\/\/www.mesvendanges.com\/wp-content\/uploads\/2022\/02\/logo-mesvendanges.jpg","width":851,"height":260,"caption":"Mes Vendanges"},"image":{"@id":"https:\/\/www.mesvendanges.com\/en\/#\/schema\/logo\/image\/"}},{"@type":"WebSite","@id":"https:\/\/www.mesvendanges.com\/en\/#website","url":"https:\/\/www.mesvendanges.com\/en\/","name":"Mes Vendanges","description":"Des journ\u00e9es enti\u00e8res dans les vignes","publisher":{"@id":"https:\/\/www.mesvendanges.com\/en\/#organization"},"potentialAction":[{"@type":"SearchAction","target":{"@type":"EntryPoint","urlTemplate":"https:\/\/www.mesvendanges.com\/en\/?s={search_term_string}"},"query-input":"required name=search_term_string"}],"inLanguage":"fr-FR"},{"@type":"WebPage","@id":"https:\/\/www.mesvendanges.com\/fr\/boutique\/vins\/vieilles-vignes-chevalerie-dne-de-la-1989-75cl\/","url":"https:\/\/www.mesvendanges.com\/fr\/boutique\/vins\/vieilles-vignes-chevalerie-dne-de-la-1989-75cl\/","name":"VIEILLES VIGNES - Mes Vendanges","isPartOf":{"@id":"https:\/\/www.mesvendanges.com\/en\/#website"},"datePublished":"2022-08-02T12:57:36+00:00","dateModified":"2023-12-05T11:25:42+00:00","breadcrumb":{"@id":"https:\/\/www.mesvendanges.com\/fr\/boutique\/vins\/vieilles-vignes-chevalerie-dne-de-la-1989-75cl\/#breadcrumb"},"inLanguage":"fr-FR","potentialAction":[{"@type":"ReadAction","target":["https:\/\/www.mesvendanges.com\/fr\/boutique\/vins\/vieilles-vignes-chevalerie-dne-de-la-1989-75cl\/"]}]},{"@type":"BreadcrumbList","@id":"https:\/\/www.mesvendanges.com\/fr\/boutique\/vins\/vieilles-vignes-chevalerie-dne-de-la-1989-75cl\/#breadcrumb","itemListElement":[{"@type":"ListItem","position":1,"name":"Accueil","item":"https:\/\/www.mesvendanges.com\/fr\/"},{"@type":"ListItem","position":2,"name":"Boutique","item":"https:\/\/www.mesvendanges.com\/fr\/boutique\/"},{"@type":"ListItem","position":3,"name":"VIEILLES VIGNES"}]}]}},"_links":{"self":[{"href":"https:\/\/www.mesvendanges.com\/fr\/wp-json\/wp\/v2\/product\/41039"}],"collection":[{"href":"https:\/\/www.mesvendanges.com\/fr\/wp-json\/wp\/v2\/product"}],"about":[{"href":"https:\/\/www.mesvendanges.com\/fr\/wp-json\/wp\/v2\/types\/product"}],"wp:attachment":[{"href":"https:\/\/www.mesvendanges.com\/fr\/wp-json\/wp\/v2\/media?parent=41039"}],"wp:term":[{"taxonomy":"product_cat","embeddable":true,"href":"https:\/\/www.mesvendanges.com\/fr\/wp-json\/wp\/v2\/product_cat?post=41039"},{"taxonomy":"product_tag","embeddable":true,"href":"https:\/\/www.mesvendanges.com\/fr\/wp-json\/wp\/v2\/product_tag?post=41039"}],"curies":[{"name":"wp","href":"https:\/\/api.w.org\/{rel}","templated":true}]}}