{"id":41115,"date":"2022-08-02T14:59:31","date_gmt":"2022-08-02T12:59:31","guid":{"rendered":"https:\/\/www.mesvendanges.com\/shop\/non%20class\u00e9\/pour-toi-ma-belle\/"},"modified":"2023-12-06T07:44:09","modified_gmt":"2023-12-06T06:44:09","slug":"pour-toi-ma-belle-zelige-caravent-dne-2017-75cl","status":"publish","type":"product","link":"https:\/\/www.mesvendanges.com\/fr\/boutique\/vins\/pour-toi-ma-belle-zelige-caravent-dne-2017-75cl\/","title":{"rendered":"POUR TOI MA BELLE"},"content":{"rendered":"<p>Pour toi ma belle est un bouteille de ballade, qui vous prend par la main et vous m\u00eane cueillir les jonquilles de votre enfance. Ce blanc de noirs (vin blanc issu de raisins noirs) est obtenu par pressurage direct de cinsault. Ce vin parfum\u00e9, a la finesse naturelle de ce c\u00e9page magique qu&#8217;est le cinsault. Un l\u00e9g\u00e9r perlant am\u00e8ne de la tonicit\u00e9 et de la gourmandise \u00e0 l&#8217;ensemble. un vin parfait pour d\u00e9buter un pique-nique champ\u00e8tre, ou pour regarder le soleil se coucher un beau soir d&#8217;\u00e9t\u00e9.<\/p>\n","protected":false},"excerpt":{"rendered":"<p>Pour toi ma belle est un bouteille de ballade, qui vous prend par la main et vous m\u00eane cueillir les jonquilles de votre enfance. Ce blanc de noirs (vin blanc issu de raisins noirs) est obtenu par pressurage direct de cinsault. Ce vin parfum\u00e9, a la finesse naturelle de ce c\u00e9page magique qu&#8217;est le cinsault. [&hellip;]<\/p>\n","protected":false},"featured_media":0,"template":"","meta":[],"product_cat":[3736],"product_tag":[],"acf":[],"yoast_head":"<!-- This site is optimized with the Yoast SEO plugin v19.3 - https:\/\/yoast.com\/wordpress\/plugins\/seo\/ -->\n<title>POUR TOI MA BELLE - Mes Vendanges<\/title>\n<meta name=\"robots\" content=\"index, follow, max-snippet:-1, max-image-preview:large, max-video-preview:-1\" \/>\n<link rel=\"canonical\" href=\"https:\/\/www.mesvendanges.com\/fr\/boutique\/vins\/pour-toi-ma-belle-zelige-caravent-dne-2017-75cl\/\" \/>\n<meta property=\"og:locale\" content=\"fr_FR\" \/>\n<meta property=\"og:type\" content=\"article\" \/>\n<meta property=\"og:title\" content=\"POUR TOI MA BELLE - Mes Vendanges\" \/>\n<meta property=\"og:description\" content=\"Pour toi ma belle est un bouteille de ballade, qui vous prend par la main et vous m\u00eane cueillir les jonquilles de votre enfance. Ce blanc de noirs (vin blanc issu de raisins noirs) est obtenu par pressurage direct de cinsault. Ce vin parfum\u00e9, a la finesse naturelle de ce c\u00e9page magique qu&#8217;est le cinsault. [&hellip;]\" \/>\n<meta property=\"og:url\" content=\"https:\/\/www.mesvendanges.com\/fr\/boutique\/vins\/pour-toi-ma-belle-zelige-caravent-dne-2017-75cl\/\" \/>\n<meta property=\"og:site_name\" content=\"Mes Vendanges\" \/>\n<meta property=\"article:modified_time\" content=\"2023-12-06T06:44:09+00:00\" \/>\n<meta name=\"twitter:card\" content=\"summary_large_image\" \/>\n<script type=\"application\/ld+json\" class=\"yoast-schema-graph\">{\"@context\":\"https:\/\/schema.org\",\"@graph\":[{\"@type\":\"Organization\",\"@id\":\"https:\/\/www.mesvendanges.com\/en\/#organization\",\"name\":\"Mes Vendanges\",\"url\":\"https:\/\/www.mesvendanges.com\/en\/\",\"sameAs\":[],\"logo\":{\"@type\":\"ImageObject\",\"inLanguage\":\"fr-FR\",\"@id\":\"https:\/\/www.mesvendanges.com\/en\/#\/schema\/logo\/image\/\",\"url\":\"https:\/\/www.mesvendanges.com\/wp-content\/uploads\/2022\/02\/logo-mesvendanges.jpg\",\"contentUrl\":\"https:\/\/www.mesvendanges.com\/wp-content\/uploads\/2022\/02\/logo-mesvendanges.jpg\",\"width\":851,\"height\":260,\"caption\":\"Mes Vendanges\"},\"image\":{\"@id\":\"https:\/\/www.mesvendanges.com\/en\/#\/schema\/logo\/image\/\"}},{\"@type\":\"WebSite\",\"@id\":\"https:\/\/www.mesvendanges.com\/en\/#website\",\"url\":\"https:\/\/www.mesvendanges.com\/en\/\",\"name\":\"Mes Vendanges\",\"description\":\"Des journ\u00e9es enti\u00e8res dans les vignes\",\"publisher\":{\"@id\":\"https:\/\/www.mesvendanges.com\/en\/#organization\"},\"potentialAction\":[{\"@type\":\"SearchAction\",\"target\":{\"@type\":\"EntryPoint\",\"urlTemplate\":\"https:\/\/www.mesvendanges.com\/en\/?s={search_term_string}\"},\"query-input\":\"required name=search_term_string\"}],\"inLanguage\":\"fr-FR\"},{\"@type\":\"WebPage\",\"@id\":\"https:\/\/www.mesvendanges.com\/fr\/boutique\/vins\/pour-toi-ma-belle-zelige-caravent-dne-2017-75cl\/\",\"url\":\"https:\/\/www.mesvendanges.com\/fr\/boutique\/vins\/pour-toi-ma-belle-zelige-caravent-dne-2017-75cl\/\",\"name\":\"POUR TOI MA BELLE - Mes Vendanges\",\"isPartOf\":{\"@id\":\"https:\/\/www.mesvendanges.com\/en\/#website\"},\"datePublished\":\"2022-08-02T12:59:31+00:00\",\"dateModified\":\"2023-12-06T06:44:09+00:00\",\"breadcrumb\":{\"@id\":\"https:\/\/www.mesvendanges.com\/fr\/boutique\/vins\/pour-toi-ma-belle-zelige-caravent-dne-2017-75cl\/#breadcrumb\"},\"inLanguage\":\"fr-FR\",\"potentialAction\":[{\"@type\":\"ReadAction\",\"target\":[\"https:\/\/www.mesvendanges.com\/fr\/boutique\/vins\/pour-toi-ma-belle-zelige-caravent-dne-2017-75cl\/\"]}]},{\"@type\":\"BreadcrumbList\",\"@id\":\"https:\/\/www.mesvendanges.com\/fr\/boutique\/vins\/pour-toi-ma-belle-zelige-caravent-dne-2017-75cl\/#breadcrumb\",\"itemListElement\":[{\"@type\":\"ListItem\",\"position\":1,\"name\":\"Accueil\",\"item\":\"https:\/\/www.mesvendanges.com\/fr\/\"},{\"@type\":\"ListItem\",\"position\":2,\"name\":\"Boutique\",\"item\":\"https:\/\/www.mesvendanges.com\/fr\/boutique\/\"},{\"@type\":\"ListItem\",\"position\":3,\"name\":\"POUR TOI MA BELLE\"}]}]}<\/script>\n<!-- \/ Yoast SEO plugin. -->","yoast_head_json":{"title":"POUR TOI MA BELLE - Mes Vendanges","robots":{"index":"index","follow":"follow","max-snippet":"max-snippet:-1","max-image-preview":"max-image-preview:large","max-video-preview":"max-video-preview:-1"},"canonical":"https:\/\/www.mesvendanges.com\/fr\/boutique\/vins\/pour-toi-ma-belle-zelige-caravent-dne-2017-75cl\/","og_locale":"fr_FR","og_type":"article","og_title":"POUR TOI MA BELLE - Mes Vendanges","og_description":"Pour toi ma belle est un bouteille de ballade, qui vous prend par la main et vous m\u00eane cueillir les jonquilles de votre enfance. Ce blanc de noirs (vin blanc issu de raisins noirs) est obtenu par pressurage direct de cinsault. Ce vin parfum\u00e9, a la finesse naturelle de ce c\u00e9page magique qu&#8217;est le cinsault. [&hellip;]","og_url":"https:\/\/www.mesvendanges.com\/fr\/boutique\/vins\/pour-toi-ma-belle-zelige-caravent-dne-2017-75cl\/","og_site_name":"Mes Vendanges","article_modified_time":"2023-12-06T06:44:09+00:00","twitter_card":"summary_large_image","schema":{"@context":"https:\/\/schema.org","@graph":[{"@type":"Organization","@id":"https:\/\/www.mesvendanges.com\/en\/#organization","name":"Mes Vendanges","url":"https:\/\/www.mesvendanges.com\/en\/","sameAs":[],"logo":{"@type":"ImageObject","inLanguage":"fr-FR","@id":"https:\/\/www.mesvendanges.com\/en\/#\/schema\/logo\/image\/","url":"https:\/\/www.mesvendanges.com\/wp-content\/uploads\/2022\/02\/logo-mesvendanges.jpg","contentUrl":"https:\/\/www.mesvendanges.com\/wp-content\/uploads\/2022\/02\/logo-mesvendanges.jpg","width":851,"height":260,"caption":"Mes Vendanges"},"image":{"@id":"https:\/\/www.mesvendanges.com\/en\/#\/schema\/logo\/image\/"}},{"@type":"WebSite","@id":"https:\/\/www.mesvendanges.com\/en\/#website","url":"https:\/\/www.mesvendanges.com\/en\/","name":"Mes Vendanges","description":"Des journ\u00e9es enti\u00e8res dans les vignes","publisher":{"@id":"https:\/\/www.mesvendanges.com\/en\/#organization"},"potentialAction":[{"@type":"SearchAction","target":{"@type":"EntryPoint","urlTemplate":"https:\/\/www.mesvendanges.com\/en\/?s={search_term_string}"},"query-input":"required name=search_term_string"}],"inLanguage":"fr-FR"},{"@type":"WebPage","@id":"https:\/\/www.mesvendanges.com\/fr\/boutique\/vins\/pour-toi-ma-belle-zelige-caravent-dne-2017-75cl\/","url":"https:\/\/www.mesvendanges.com\/fr\/boutique\/vins\/pour-toi-ma-belle-zelige-caravent-dne-2017-75cl\/","name":"POUR TOI MA BELLE - Mes Vendanges","isPartOf":{"@id":"https:\/\/www.mesvendanges.com\/en\/#website"},"datePublished":"2022-08-02T12:59:31+00:00","dateModified":"2023-12-06T06:44:09+00:00","breadcrumb":{"@id":"https:\/\/www.mesvendanges.com\/fr\/boutique\/vins\/pour-toi-ma-belle-zelige-caravent-dne-2017-75cl\/#breadcrumb"},"inLanguage":"fr-FR","potentialAction":[{"@type":"ReadAction","target":["https:\/\/www.mesvendanges.com\/fr\/boutique\/vins\/pour-toi-ma-belle-zelige-caravent-dne-2017-75cl\/"]}]},{"@type":"BreadcrumbList","@id":"https:\/\/www.mesvendanges.com\/fr\/boutique\/vins\/pour-toi-ma-belle-zelige-caravent-dne-2017-75cl\/#breadcrumb","itemListElement":[{"@type":"ListItem","position":1,"name":"Accueil","item":"https:\/\/www.mesvendanges.com\/fr\/"},{"@type":"ListItem","position":2,"name":"Boutique","item":"https:\/\/www.mesvendanges.com\/fr\/boutique\/"},{"@type":"ListItem","position":3,"name":"POUR TOI MA BELLE"}]}]}},"_links":{"self":[{"href":"https:\/\/www.mesvendanges.com\/fr\/wp-json\/wp\/v2\/product\/41115"}],"collection":[{"href":"https:\/\/www.mesvendanges.com\/fr\/wp-json\/wp\/v2\/product"}],"about":[{"href":"https:\/\/www.mesvendanges.com\/fr\/wp-json\/wp\/v2\/types\/product"}],"wp:attachment":[{"href":"https:\/\/www.mesvendanges.com\/fr\/wp-json\/wp\/v2\/media?parent=41115"}],"wp:term":[{"taxonomy":"product_cat","embeddable":true,"href":"https:\/\/www.mesvendanges.com\/fr\/wp-json\/wp\/v2\/product_cat?post=41115"},{"taxonomy":"product_tag","embeddable":true,"href":"https:\/\/www.mesvendanges.com\/fr\/wp-json\/wp\/v2\/product_tag?post=41115"}],"curies":[{"name":"wp","href":"https:\/\/api.w.org\/{rel}","templated":true}]}}