{"id":41247,"date":"2022-08-02T15:02:50","date_gmt":"2022-08-02T13:02:50","guid":{"rendered":"https:\/\/www.mesvendanges.com\/shop\/non%20class\u00e9\/corps-de-garde-pinot-noir-7\/"},"modified":"2023-12-05T19:30:43","modified_gmt":"2023-12-05T18:30:43","slug":"corps-de-garde-pinot-noir-goisot-dne-g-et-j-h-2015-75cl","status":"publish","type":"product","link":"https:\/\/www.mesvendanges.com\/fr\/boutique\/vins\/corps-de-garde-pinot-noir-goisot-dne-g-et-j-h-2015-75cl\/","title":{"rendered":"CORPS DE GARDE PINOT NOIR"},"content":{"rendered":"<p>Cuv\u00e9e embl\u00e9matique du domaine, le Corps de Garde rouge est un grand vin de Pinot Noir. C&#8217;est un vin qui allie finesse et min\u00e9ralit\u00e9. Toujours un peu aust\u00e8re dans sa jeunesse, il a besoin de temps pour d\u00e9velopper des ar\u00f4mes de ronces, de framboise, de cerise. La bouche est sapide et d\u00e9licate, avec une belle longueur. Apr\u00e9s deux \u00e0 trois ans de cave, il se mariera \u00e0 merveille sur un pigeon aux deux cuissons. <\/p>\n<p>Superficie : 3 hectares. <br \/>Vignes de plus de trente ans. <br \/>Sol : kimmeridgien moyen et sup\u00e9rieur <br \/>Egrapage partiel de la vendange, mac\u00e9ration en cuve bois tronconnique sur 10 jours avec pigeages tr\u00e9s doux. Fermentation malolactique et \u00e9levage sur lies fines en barriques de ch\u00eane.<br \/>Toutes les vignes du domaine sont conduites en biodynamie.<\/p>\n","protected":false},"excerpt":{"rendered":"<p>Cuv\u00e9e embl\u00e9matique du domaine, le Corps de Garde rouge est un grand vin de Pinot Noir. C&#8217;est un vin qui allie finesse et min\u00e9ralit\u00e9. Toujours un peu aust\u00e8re dans sa jeunesse, il a besoin de temps pour d\u00e9velopper des ar\u00f4mes de ronces, de framboise, de cerise. La bouche est sapide et d\u00e9licate, avec une belle [&hellip;]<\/p>\n","protected":false},"featured_media":0,"template":"","meta":[],"product_cat":[3736],"product_tag":[],"acf":[],"yoast_head":"<!-- This site is optimized with the Yoast SEO plugin v19.3 - https:\/\/yoast.com\/wordpress\/plugins\/seo\/ -->\n<title>CORPS DE GARDE PINOT NOIR - Mes Vendanges<\/title>\n<meta name=\"robots\" content=\"index, follow, max-snippet:-1, max-image-preview:large, max-video-preview:-1\" \/>\n<link rel=\"canonical\" href=\"https:\/\/www.mesvendanges.com\/fr\/boutique\/vins\/corps-de-garde-pinot-noir-goisot-dne-g-et-j-h-2015-75cl\/\" \/>\n<meta property=\"og:locale\" content=\"fr_FR\" \/>\n<meta property=\"og:type\" content=\"article\" \/>\n<meta property=\"og:title\" content=\"CORPS DE GARDE PINOT NOIR - Mes Vendanges\" \/>\n<meta property=\"og:description\" content=\"Cuv\u00e9e embl\u00e9matique du domaine, le Corps de Garde rouge est un grand vin de Pinot Noir. C&#8217;est un vin qui allie finesse et min\u00e9ralit\u00e9. Toujours un peu aust\u00e8re dans sa jeunesse, il a besoin de temps pour d\u00e9velopper des ar\u00f4mes de ronces, de framboise, de cerise. La bouche est sapide et d\u00e9licate, avec une belle [&hellip;]\" \/>\n<meta property=\"og:url\" content=\"https:\/\/www.mesvendanges.com\/fr\/boutique\/vins\/corps-de-garde-pinot-noir-goisot-dne-g-et-j-h-2015-75cl\/\" \/>\n<meta property=\"og:site_name\" content=\"Mes Vendanges\" \/>\n<meta property=\"article:modified_time\" content=\"2023-12-05T18:30:43+00:00\" \/>\n<meta name=\"twitter:card\" content=\"summary_large_image\" \/>\n<meta name=\"twitter:label1\" content=\"Dur\u00e9e de lecture estim\u00e9e\" \/>\n\t<meta name=\"twitter:data1\" content=\"1 minute\" \/>\n<script type=\"application\/ld+json\" class=\"yoast-schema-graph\">{\"@context\":\"https:\/\/schema.org\",\"@graph\":[{\"@type\":\"Organization\",\"@id\":\"https:\/\/www.mesvendanges.com\/en\/#organization\",\"name\":\"Mes Vendanges\",\"url\":\"https:\/\/www.mesvendanges.com\/en\/\",\"sameAs\":[],\"logo\":{\"@type\":\"ImageObject\",\"inLanguage\":\"fr-FR\",\"@id\":\"https:\/\/www.mesvendanges.com\/en\/#\/schema\/logo\/image\/\",\"url\":\"https:\/\/www.mesvendanges.com\/wp-content\/uploads\/2022\/02\/logo-mesvendanges.jpg\",\"contentUrl\":\"https:\/\/www.mesvendanges.com\/wp-content\/uploads\/2022\/02\/logo-mesvendanges.jpg\",\"width\":851,\"height\":260,\"caption\":\"Mes Vendanges\"},\"image\":{\"@id\":\"https:\/\/www.mesvendanges.com\/en\/#\/schema\/logo\/image\/\"}},{\"@type\":\"WebSite\",\"@id\":\"https:\/\/www.mesvendanges.com\/en\/#website\",\"url\":\"https:\/\/www.mesvendanges.com\/en\/\",\"name\":\"Mes Vendanges\",\"description\":\"Des journ\u00e9es enti\u00e8res dans les vignes\",\"publisher\":{\"@id\":\"https:\/\/www.mesvendanges.com\/en\/#organization\"},\"potentialAction\":[{\"@type\":\"SearchAction\",\"target\":{\"@type\":\"EntryPoint\",\"urlTemplate\":\"https:\/\/www.mesvendanges.com\/en\/?s={search_term_string}\"},\"query-input\":\"required name=search_term_string\"}],\"inLanguage\":\"fr-FR\"},{\"@type\":\"WebPage\",\"@id\":\"https:\/\/www.mesvendanges.com\/fr\/boutique\/vins\/corps-de-garde-pinot-noir-goisot-dne-g-et-j-h-2015-75cl\/\",\"url\":\"https:\/\/www.mesvendanges.com\/fr\/boutique\/vins\/corps-de-garde-pinot-noir-goisot-dne-g-et-j-h-2015-75cl\/\",\"name\":\"CORPS DE GARDE PINOT NOIR - Mes Vendanges\",\"isPartOf\":{\"@id\":\"https:\/\/www.mesvendanges.com\/en\/#website\"},\"datePublished\":\"2022-08-02T13:02:50+00:00\",\"dateModified\":\"2023-12-05T18:30:43+00:00\",\"breadcrumb\":{\"@id\":\"https:\/\/www.mesvendanges.com\/fr\/boutique\/vins\/corps-de-garde-pinot-noir-goisot-dne-g-et-j-h-2015-75cl\/#breadcrumb\"},\"inLanguage\":\"fr-FR\",\"potentialAction\":[{\"@type\":\"ReadAction\",\"target\":[\"https:\/\/www.mesvendanges.com\/fr\/boutique\/vins\/corps-de-garde-pinot-noir-goisot-dne-g-et-j-h-2015-75cl\/\"]}]},{\"@type\":\"BreadcrumbList\",\"@id\":\"https:\/\/www.mesvendanges.com\/fr\/boutique\/vins\/corps-de-garde-pinot-noir-goisot-dne-g-et-j-h-2015-75cl\/#breadcrumb\",\"itemListElement\":[{\"@type\":\"ListItem\",\"position\":1,\"name\":\"Accueil\",\"item\":\"https:\/\/www.mesvendanges.com\/fr\/\"},{\"@type\":\"ListItem\",\"position\":2,\"name\":\"Boutique\",\"item\":\"https:\/\/www.mesvendanges.com\/fr\/boutique\/\"},{\"@type\":\"ListItem\",\"position\":3,\"name\":\"CORPS DE GARDE PINOT NOIR\"}]}]}<\/script>\n<!-- \/ Yoast SEO plugin. -->","yoast_head_json":{"title":"CORPS DE GARDE PINOT NOIR - Mes Vendanges","robots":{"index":"index","follow":"follow","max-snippet":"max-snippet:-1","max-image-preview":"max-image-preview:large","max-video-preview":"max-video-preview:-1"},"canonical":"https:\/\/www.mesvendanges.com\/fr\/boutique\/vins\/corps-de-garde-pinot-noir-goisot-dne-g-et-j-h-2015-75cl\/","og_locale":"fr_FR","og_type":"article","og_title":"CORPS DE GARDE PINOT NOIR - Mes Vendanges","og_description":"Cuv\u00e9e embl\u00e9matique du domaine, le Corps de Garde rouge est un grand vin de Pinot Noir. C&#8217;est un vin qui allie finesse et min\u00e9ralit\u00e9. Toujours un peu aust\u00e8re dans sa jeunesse, il a besoin de temps pour d\u00e9velopper des ar\u00f4mes de ronces, de framboise, de cerise. La bouche est sapide et d\u00e9licate, avec une belle [&hellip;]","og_url":"https:\/\/www.mesvendanges.com\/fr\/boutique\/vins\/corps-de-garde-pinot-noir-goisot-dne-g-et-j-h-2015-75cl\/","og_site_name":"Mes Vendanges","article_modified_time":"2023-12-05T18:30:43+00:00","twitter_card":"summary_large_image","twitter_misc":{"Dur\u00e9e de lecture estim\u00e9e":"1 minute"},"schema":{"@context":"https:\/\/schema.org","@graph":[{"@type":"Organization","@id":"https:\/\/www.mesvendanges.com\/en\/#organization","name":"Mes Vendanges","url":"https:\/\/www.mesvendanges.com\/en\/","sameAs":[],"logo":{"@type":"ImageObject","inLanguage":"fr-FR","@id":"https:\/\/www.mesvendanges.com\/en\/#\/schema\/logo\/image\/","url":"https:\/\/www.mesvendanges.com\/wp-content\/uploads\/2022\/02\/logo-mesvendanges.jpg","contentUrl":"https:\/\/www.mesvendanges.com\/wp-content\/uploads\/2022\/02\/logo-mesvendanges.jpg","width":851,"height":260,"caption":"Mes Vendanges"},"image":{"@id":"https:\/\/www.mesvendanges.com\/en\/#\/schema\/logo\/image\/"}},{"@type":"WebSite","@id":"https:\/\/www.mesvendanges.com\/en\/#website","url":"https:\/\/www.mesvendanges.com\/en\/","name":"Mes Vendanges","description":"Des journ\u00e9es enti\u00e8res dans les vignes","publisher":{"@id":"https:\/\/www.mesvendanges.com\/en\/#organization"},"potentialAction":[{"@type":"SearchAction","target":{"@type":"EntryPoint","urlTemplate":"https:\/\/www.mesvendanges.com\/en\/?s={search_term_string}"},"query-input":"required name=search_term_string"}],"inLanguage":"fr-FR"},{"@type":"WebPage","@id":"https:\/\/www.mesvendanges.com\/fr\/boutique\/vins\/corps-de-garde-pinot-noir-goisot-dne-g-et-j-h-2015-75cl\/","url":"https:\/\/www.mesvendanges.com\/fr\/boutique\/vins\/corps-de-garde-pinot-noir-goisot-dne-g-et-j-h-2015-75cl\/","name":"CORPS DE GARDE PINOT NOIR - Mes Vendanges","isPartOf":{"@id":"https:\/\/www.mesvendanges.com\/en\/#website"},"datePublished":"2022-08-02T13:02:50+00:00","dateModified":"2023-12-05T18:30:43+00:00","breadcrumb":{"@id":"https:\/\/www.mesvendanges.com\/fr\/boutique\/vins\/corps-de-garde-pinot-noir-goisot-dne-g-et-j-h-2015-75cl\/#breadcrumb"},"inLanguage":"fr-FR","potentialAction":[{"@type":"ReadAction","target":["https:\/\/www.mesvendanges.com\/fr\/boutique\/vins\/corps-de-garde-pinot-noir-goisot-dne-g-et-j-h-2015-75cl\/"]}]},{"@type":"BreadcrumbList","@id":"https:\/\/www.mesvendanges.com\/fr\/boutique\/vins\/corps-de-garde-pinot-noir-goisot-dne-g-et-j-h-2015-75cl\/#breadcrumb","itemListElement":[{"@type":"ListItem","position":1,"name":"Accueil","item":"https:\/\/www.mesvendanges.com\/fr\/"},{"@type":"ListItem","position":2,"name":"Boutique","item":"https:\/\/www.mesvendanges.com\/fr\/boutique\/"},{"@type":"ListItem","position":3,"name":"CORPS DE GARDE PINOT NOIR"}]}]}},"_links":{"self":[{"href":"https:\/\/www.mesvendanges.com\/fr\/wp-json\/wp\/v2\/product\/41247"}],"collection":[{"href":"https:\/\/www.mesvendanges.com\/fr\/wp-json\/wp\/v2\/product"}],"about":[{"href":"https:\/\/www.mesvendanges.com\/fr\/wp-json\/wp\/v2\/types\/product"}],"wp:attachment":[{"href":"https:\/\/www.mesvendanges.com\/fr\/wp-json\/wp\/v2\/media?parent=41247"}],"wp:term":[{"taxonomy":"product_cat","embeddable":true,"href":"https:\/\/www.mesvendanges.com\/fr\/wp-json\/wp\/v2\/product_cat?post=41247"},{"taxonomy":"product_tag","embeddable":true,"href":"https:\/\/www.mesvendanges.com\/fr\/wp-json\/wp\/v2\/product_tag?post=41247"}],"curies":[{"name":"wp","href":"https:\/\/api.w.org\/{rel}","templated":true}]}}