{"id":41363,"date":"2022-08-02T15:05:52","date_gmt":"2022-08-02T13:05:52","guid":{"rendered":"https:\/\/www.mesvendanges.com\/shop\/non%20class\u00e9\/quincy-argos\/"},"modified":"2023-12-05T23:21:06","modified_gmt":"2023-12-05T22:21:06","slug":"quincy-argos-les-poete-2015-75cl","status":"publish","type":"product","link":"https:\/\/www.mesvendanges.com\/fr\/boutique\/vins\/quincy-argos-les-poete-2015-75cl\/","title":{"rendered":"QUINCY ARGOS"},"content":{"rendered":"<p>Guillaume Sorbe est en train d&#8217;ouvrir l&#8217;horizon des appellations Reuilly et Quincy. Ses vins (Domaine Les Po\u00ebte) sont d&#8217;un niveau rarement voir jamais atteint sur l&#8217;appellation. De part son exp\u00e9rience de sommelier, sa passion du vin, il est revenu sur ses terres natales pour faire de grands vins, comme il les aime. Ce Quincy, quatri\u00e8me mill\u00e9sime du domaine, d\u00e9montre la justesse de vue de Guillaume Sorbe. Le fruit est splendide, exprimant des raisins m\u00fbrs et \u00e9quilibr\u00e9, la bouche enlev\u00e9e, sapide et gourmande. Un v\u00e9ritable vin de plaisir avec de beaux accents a\u00e9riens !<\/p>\n","protected":false},"excerpt":{"rendered":"<p>Guillaume Sorbe est en train d&#8217;ouvrir l&#8217;horizon des appellations Reuilly et Quincy. Ses vins (Domaine Les Po\u00ebte) sont d&#8217;un niveau rarement voir jamais atteint sur l&#8217;appellation. De part son exp\u00e9rience de sommelier, sa passion du vin, il est revenu sur ses terres natales pour faire de grands vins, comme il les aime. Ce Quincy, quatri\u00e8me [&hellip;]<\/p>\n","protected":false},"featured_media":0,"template":"","meta":[],"product_cat":[3736],"product_tag":[],"acf":[],"yoast_head":"<!-- This site is optimized with the Yoast SEO plugin v19.3 - https:\/\/yoast.com\/wordpress\/plugins\/seo\/ -->\n<title>QUINCY ARGOS - Mes Vendanges<\/title>\n<meta name=\"robots\" content=\"index, follow, max-snippet:-1, max-image-preview:large, max-video-preview:-1\" \/>\n<link rel=\"canonical\" href=\"https:\/\/www.mesvendanges.com\/fr\/boutique\/vins\/quincy-argos-les-poete-2015-75cl\/\" \/>\n<meta property=\"og:locale\" content=\"fr_FR\" \/>\n<meta property=\"og:type\" content=\"article\" \/>\n<meta property=\"og:title\" content=\"QUINCY ARGOS - Mes Vendanges\" \/>\n<meta property=\"og:description\" content=\"Guillaume Sorbe est en train d&#8217;ouvrir l&#8217;horizon des appellations Reuilly et Quincy. Ses vins (Domaine Les Po\u00ebte) sont d&#8217;un niveau rarement voir jamais atteint sur l&#8217;appellation. De part son exp\u00e9rience de sommelier, sa passion du vin, il est revenu sur ses terres natales pour faire de grands vins, comme il les aime. Ce Quincy, quatri\u00e8me [&hellip;]\" \/>\n<meta property=\"og:url\" content=\"https:\/\/www.mesvendanges.com\/fr\/boutique\/vins\/quincy-argos-les-poete-2015-75cl\/\" \/>\n<meta property=\"og:site_name\" content=\"Mes Vendanges\" \/>\n<meta property=\"article:modified_time\" content=\"2023-12-05T22:21:06+00:00\" \/>\n<meta name=\"twitter:card\" content=\"summary_large_image\" \/>\n<meta name=\"twitter:label1\" content=\"Dur\u00e9e de lecture estim\u00e9e\" \/>\n\t<meta name=\"twitter:data1\" content=\"1 minute\" \/>\n<script type=\"application\/ld+json\" class=\"yoast-schema-graph\">{\"@context\":\"https:\/\/schema.org\",\"@graph\":[{\"@type\":\"Organization\",\"@id\":\"https:\/\/www.mesvendanges.com\/en\/#organization\",\"name\":\"Mes Vendanges\",\"url\":\"https:\/\/www.mesvendanges.com\/en\/\",\"sameAs\":[],\"logo\":{\"@type\":\"ImageObject\",\"inLanguage\":\"fr-FR\",\"@id\":\"https:\/\/www.mesvendanges.com\/en\/#\/schema\/logo\/image\/\",\"url\":\"https:\/\/www.mesvendanges.com\/wp-content\/uploads\/2022\/02\/logo-mesvendanges.jpg\",\"contentUrl\":\"https:\/\/www.mesvendanges.com\/wp-content\/uploads\/2022\/02\/logo-mesvendanges.jpg\",\"width\":851,\"height\":260,\"caption\":\"Mes Vendanges\"},\"image\":{\"@id\":\"https:\/\/www.mesvendanges.com\/en\/#\/schema\/logo\/image\/\"}},{\"@type\":\"WebSite\",\"@id\":\"https:\/\/www.mesvendanges.com\/en\/#website\",\"url\":\"https:\/\/www.mesvendanges.com\/en\/\",\"name\":\"Mes Vendanges\",\"description\":\"Des journ\u00e9es enti\u00e8res dans les vignes\",\"publisher\":{\"@id\":\"https:\/\/www.mesvendanges.com\/en\/#organization\"},\"potentialAction\":[{\"@type\":\"SearchAction\",\"target\":{\"@type\":\"EntryPoint\",\"urlTemplate\":\"https:\/\/www.mesvendanges.com\/en\/?s={search_term_string}\"},\"query-input\":\"required name=search_term_string\"}],\"inLanguage\":\"fr-FR\"},{\"@type\":\"WebPage\",\"@id\":\"https:\/\/www.mesvendanges.com\/fr\/boutique\/vins\/quincy-argos-les-poete-2015-75cl\/\",\"url\":\"https:\/\/www.mesvendanges.com\/fr\/boutique\/vins\/quincy-argos-les-poete-2015-75cl\/\",\"name\":\"QUINCY ARGOS - Mes Vendanges\",\"isPartOf\":{\"@id\":\"https:\/\/www.mesvendanges.com\/en\/#website\"},\"datePublished\":\"2022-08-02T13:05:52+00:00\",\"dateModified\":\"2023-12-05T22:21:06+00:00\",\"breadcrumb\":{\"@id\":\"https:\/\/www.mesvendanges.com\/fr\/boutique\/vins\/quincy-argos-les-poete-2015-75cl\/#breadcrumb\"},\"inLanguage\":\"fr-FR\",\"potentialAction\":[{\"@type\":\"ReadAction\",\"target\":[\"https:\/\/www.mesvendanges.com\/fr\/boutique\/vins\/quincy-argos-les-poete-2015-75cl\/\"]}]},{\"@type\":\"BreadcrumbList\",\"@id\":\"https:\/\/www.mesvendanges.com\/fr\/boutique\/vins\/quincy-argos-les-poete-2015-75cl\/#breadcrumb\",\"itemListElement\":[{\"@type\":\"ListItem\",\"position\":1,\"name\":\"Accueil\",\"item\":\"https:\/\/www.mesvendanges.com\/fr\/\"},{\"@type\":\"ListItem\",\"position\":2,\"name\":\"Boutique\",\"item\":\"https:\/\/www.mesvendanges.com\/fr\/boutique\/\"},{\"@type\":\"ListItem\",\"position\":3,\"name\":\"QUINCY ARGOS\"}]}]}<\/script>\n<!-- \/ Yoast SEO plugin. -->","yoast_head_json":{"title":"QUINCY ARGOS - Mes Vendanges","robots":{"index":"index","follow":"follow","max-snippet":"max-snippet:-1","max-image-preview":"max-image-preview:large","max-video-preview":"max-video-preview:-1"},"canonical":"https:\/\/www.mesvendanges.com\/fr\/boutique\/vins\/quincy-argos-les-poete-2015-75cl\/","og_locale":"fr_FR","og_type":"article","og_title":"QUINCY ARGOS - Mes Vendanges","og_description":"Guillaume Sorbe est en train d&#8217;ouvrir l&#8217;horizon des appellations Reuilly et Quincy. Ses vins (Domaine Les Po\u00ebte) sont d&#8217;un niveau rarement voir jamais atteint sur l&#8217;appellation. De part son exp\u00e9rience de sommelier, sa passion du vin, il est revenu sur ses terres natales pour faire de grands vins, comme il les aime. Ce Quincy, quatri\u00e8me [&hellip;]","og_url":"https:\/\/www.mesvendanges.com\/fr\/boutique\/vins\/quincy-argos-les-poete-2015-75cl\/","og_site_name":"Mes Vendanges","article_modified_time":"2023-12-05T22:21:06+00:00","twitter_card":"summary_large_image","twitter_misc":{"Dur\u00e9e de lecture estim\u00e9e":"1 minute"},"schema":{"@context":"https:\/\/schema.org","@graph":[{"@type":"Organization","@id":"https:\/\/www.mesvendanges.com\/en\/#organization","name":"Mes Vendanges","url":"https:\/\/www.mesvendanges.com\/en\/","sameAs":[],"logo":{"@type":"ImageObject","inLanguage":"fr-FR","@id":"https:\/\/www.mesvendanges.com\/en\/#\/schema\/logo\/image\/","url":"https:\/\/www.mesvendanges.com\/wp-content\/uploads\/2022\/02\/logo-mesvendanges.jpg","contentUrl":"https:\/\/www.mesvendanges.com\/wp-content\/uploads\/2022\/02\/logo-mesvendanges.jpg","width":851,"height":260,"caption":"Mes Vendanges"},"image":{"@id":"https:\/\/www.mesvendanges.com\/en\/#\/schema\/logo\/image\/"}},{"@type":"WebSite","@id":"https:\/\/www.mesvendanges.com\/en\/#website","url":"https:\/\/www.mesvendanges.com\/en\/","name":"Mes Vendanges","description":"Des journ\u00e9es enti\u00e8res dans les vignes","publisher":{"@id":"https:\/\/www.mesvendanges.com\/en\/#organization"},"potentialAction":[{"@type":"SearchAction","target":{"@type":"EntryPoint","urlTemplate":"https:\/\/www.mesvendanges.com\/en\/?s={search_term_string}"},"query-input":"required name=search_term_string"}],"inLanguage":"fr-FR"},{"@type":"WebPage","@id":"https:\/\/www.mesvendanges.com\/fr\/boutique\/vins\/quincy-argos-les-poete-2015-75cl\/","url":"https:\/\/www.mesvendanges.com\/fr\/boutique\/vins\/quincy-argos-les-poete-2015-75cl\/","name":"QUINCY ARGOS - Mes Vendanges","isPartOf":{"@id":"https:\/\/www.mesvendanges.com\/en\/#website"},"datePublished":"2022-08-02T13:05:52+00:00","dateModified":"2023-12-05T22:21:06+00:00","breadcrumb":{"@id":"https:\/\/www.mesvendanges.com\/fr\/boutique\/vins\/quincy-argos-les-poete-2015-75cl\/#breadcrumb"},"inLanguage":"fr-FR","potentialAction":[{"@type":"ReadAction","target":["https:\/\/www.mesvendanges.com\/fr\/boutique\/vins\/quincy-argos-les-poete-2015-75cl\/"]}]},{"@type":"BreadcrumbList","@id":"https:\/\/www.mesvendanges.com\/fr\/boutique\/vins\/quincy-argos-les-poete-2015-75cl\/#breadcrumb","itemListElement":[{"@type":"ListItem","position":1,"name":"Accueil","item":"https:\/\/www.mesvendanges.com\/fr\/"},{"@type":"ListItem","position":2,"name":"Boutique","item":"https:\/\/www.mesvendanges.com\/fr\/boutique\/"},{"@type":"ListItem","position":3,"name":"QUINCY ARGOS"}]}]}},"_links":{"self":[{"href":"https:\/\/www.mesvendanges.com\/fr\/wp-json\/wp\/v2\/product\/41363"}],"collection":[{"href":"https:\/\/www.mesvendanges.com\/fr\/wp-json\/wp\/v2\/product"}],"about":[{"href":"https:\/\/www.mesvendanges.com\/fr\/wp-json\/wp\/v2\/types\/product"}],"wp:attachment":[{"href":"https:\/\/www.mesvendanges.com\/fr\/wp-json\/wp\/v2\/media?parent=41363"}],"wp:term":[{"taxonomy":"product_cat","embeddable":true,"href":"https:\/\/www.mesvendanges.com\/fr\/wp-json\/wp\/v2\/product_cat?post=41363"},{"taxonomy":"product_tag","embeddable":true,"href":"https:\/\/www.mesvendanges.com\/fr\/wp-json\/wp\/v2\/product_tag?post=41363"}],"curies":[{"name":"wp","href":"https:\/\/api.w.org\/{rel}","templated":true}]}}