{"id":41657,"date":"2022-08-02T15:12:53","date_gmt":"2022-08-02T13:12:53","guid":{"rendered":"https:\/\/www.mesvendanges.com\/shop\/non%20class\u00e9\/assyrtiko-vignes-bicentenaires-en-amphore\/"},"modified":"2023-12-05T20:19:38","modified_gmt":"2023-12-05T19:19:38","slug":"assyrtiko-vignes-bicentenaires-en-amphore-hatzidakis-dne-2015-75cl","status":"publish","type":"product","link":"https:\/\/www.mesvendanges.com\/fr\/boutique\/vins\/assyrtiko-vignes-bicentenaires-en-amphore-hatzidakis-dne-2015-75cl\/","title":{"rendered":"ASSYRTIKO VIGNES BICENTENAIRES EN AMPHORE"},"content":{"rendered":"<p>Le Domaine Hatzidakis est en agriculture biologique. <\/p>\n<p>cette cuv\u00e9e est en quelque sorte le point d&#8217;orgue de la carri\u00e8re de Haridimos Hatzidakis, une s\u00e9lection de tr\u00e8s vieilles vignes bicentenaires et franches de pied, sur le vignoble de Louros, avec un \u00e9levage splendide en amphore. Le plus grand vin jamais produit au domaine ! Et qui ne sera jamais plus produit, Haridimos Hatzidakis ayant disparu tragiquement en aout 2017.<\/p>\n","protected":false},"excerpt":{"rendered":"<p>Le Domaine Hatzidakis est en agriculture biologique. cette cuv\u00e9e est en quelque sorte le point d&#8217;orgue de la carri\u00e8re de Haridimos Hatzidakis, une s\u00e9lection de tr\u00e8s vieilles vignes bicentenaires et franches de pied, sur le vignoble de Louros, avec un \u00e9levage splendide en amphore. Le plus grand vin jamais produit au domaine ! Et qui [&hellip;]<\/p>\n","protected":false},"featured_media":0,"template":"","meta":[],"product_cat":[3736],"product_tag":[],"acf":[],"yoast_head":"<!-- This site is optimized with the Yoast SEO plugin v19.3 - https:\/\/yoast.com\/wordpress\/plugins\/seo\/ -->\n<title>ASSYRTIKO VIGNES BICENTENAIRES EN AMPHORE - Mes Vendanges<\/title>\n<meta name=\"robots\" content=\"index, follow, max-snippet:-1, max-image-preview:large, max-video-preview:-1\" \/>\n<link rel=\"canonical\" href=\"https:\/\/www.mesvendanges.com\/fr\/boutique\/vins\/assyrtiko-vignes-bicentenaires-en-amphore-hatzidakis-dne-2015-75cl\/\" \/>\n<meta property=\"og:locale\" content=\"fr_FR\" \/>\n<meta property=\"og:type\" content=\"article\" \/>\n<meta property=\"og:title\" content=\"ASSYRTIKO VIGNES BICENTENAIRES EN AMPHORE - Mes Vendanges\" \/>\n<meta property=\"og:description\" content=\"Le Domaine Hatzidakis est en agriculture biologique. cette cuv\u00e9e est en quelque sorte le point d&#8217;orgue de la carri\u00e8re de Haridimos Hatzidakis, une s\u00e9lection de tr\u00e8s vieilles vignes bicentenaires et franches de pied, sur le vignoble de Louros, avec un \u00e9levage splendide en amphore. Le plus grand vin jamais produit au domaine ! Et qui [&hellip;]\" \/>\n<meta property=\"og:url\" content=\"https:\/\/www.mesvendanges.com\/fr\/boutique\/vins\/assyrtiko-vignes-bicentenaires-en-amphore-hatzidakis-dne-2015-75cl\/\" \/>\n<meta property=\"og:site_name\" content=\"Mes Vendanges\" \/>\n<meta property=\"article:modified_time\" content=\"2023-12-05T19:19:38+00:00\" \/>\n<meta name=\"twitter:card\" content=\"summary_large_image\" \/>\n<script type=\"application\/ld+json\" class=\"yoast-schema-graph\">{\"@context\":\"https:\/\/schema.org\",\"@graph\":[{\"@type\":\"Organization\",\"@id\":\"https:\/\/www.mesvendanges.com\/en\/#organization\",\"name\":\"Mes Vendanges\",\"url\":\"https:\/\/www.mesvendanges.com\/en\/\",\"sameAs\":[],\"logo\":{\"@type\":\"ImageObject\",\"inLanguage\":\"fr-FR\",\"@id\":\"https:\/\/www.mesvendanges.com\/en\/#\/schema\/logo\/image\/\",\"url\":\"https:\/\/www.mesvendanges.com\/wp-content\/uploads\/2022\/02\/logo-mesvendanges.jpg\",\"contentUrl\":\"https:\/\/www.mesvendanges.com\/wp-content\/uploads\/2022\/02\/logo-mesvendanges.jpg\",\"width\":851,\"height\":260,\"caption\":\"Mes Vendanges\"},\"image\":{\"@id\":\"https:\/\/www.mesvendanges.com\/en\/#\/schema\/logo\/image\/\"}},{\"@type\":\"WebSite\",\"@id\":\"https:\/\/www.mesvendanges.com\/en\/#website\",\"url\":\"https:\/\/www.mesvendanges.com\/en\/\",\"name\":\"Mes Vendanges\",\"description\":\"Des journ\u00e9es enti\u00e8res dans les vignes\",\"publisher\":{\"@id\":\"https:\/\/www.mesvendanges.com\/en\/#organization\"},\"potentialAction\":[{\"@type\":\"SearchAction\",\"target\":{\"@type\":\"EntryPoint\",\"urlTemplate\":\"https:\/\/www.mesvendanges.com\/en\/?s={search_term_string}\"},\"query-input\":\"required name=search_term_string\"}],\"inLanguage\":\"fr-FR\"},{\"@type\":\"WebPage\",\"@id\":\"https:\/\/www.mesvendanges.com\/fr\/boutique\/vins\/assyrtiko-vignes-bicentenaires-en-amphore-hatzidakis-dne-2015-75cl\/\",\"url\":\"https:\/\/www.mesvendanges.com\/fr\/boutique\/vins\/assyrtiko-vignes-bicentenaires-en-amphore-hatzidakis-dne-2015-75cl\/\",\"name\":\"ASSYRTIKO VIGNES BICENTENAIRES EN AMPHORE - Mes Vendanges\",\"isPartOf\":{\"@id\":\"https:\/\/www.mesvendanges.com\/en\/#website\"},\"datePublished\":\"2022-08-02T13:12:53+00:00\",\"dateModified\":\"2023-12-05T19:19:38+00:00\",\"breadcrumb\":{\"@id\":\"https:\/\/www.mesvendanges.com\/fr\/boutique\/vins\/assyrtiko-vignes-bicentenaires-en-amphore-hatzidakis-dne-2015-75cl\/#breadcrumb\"},\"inLanguage\":\"fr-FR\",\"potentialAction\":[{\"@type\":\"ReadAction\",\"target\":[\"https:\/\/www.mesvendanges.com\/fr\/boutique\/vins\/assyrtiko-vignes-bicentenaires-en-amphore-hatzidakis-dne-2015-75cl\/\"]}]},{\"@type\":\"BreadcrumbList\",\"@id\":\"https:\/\/www.mesvendanges.com\/fr\/boutique\/vins\/assyrtiko-vignes-bicentenaires-en-amphore-hatzidakis-dne-2015-75cl\/#breadcrumb\",\"itemListElement\":[{\"@type\":\"ListItem\",\"position\":1,\"name\":\"Accueil\",\"item\":\"https:\/\/www.mesvendanges.com\/fr\/\"},{\"@type\":\"ListItem\",\"position\":2,\"name\":\"Boutique\",\"item\":\"https:\/\/www.mesvendanges.com\/fr\/boutique\/\"},{\"@type\":\"ListItem\",\"position\":3,\"name\":\"ASSYRTIKO VIGNES BICENTENAIRES EN AMPHORE\"}]}]}<\/script>\n<!-- \/ Yoast SEO plugin. -->","yoast_head_json":{"title":"ASSYRTIKO VIGNES BICENTENAIRES EN AMPHORE - Mes Vendanges","robots":{"index":"index","follow":"follow","max-snippet":"max-snippet:-1","max-image-preview":"max-image-preview:large","max-video-preview":"max-video-preview:-1"},"canonical":"https:\/\/www.mesvendanges.com\/fr\/boutique\/vins\/assyrtiko-vignes-bicentenaires-en-amphore-hatzidakis-dne-2015-75cl\/","og_locale":"fr_FR","og_type":"article","og_title":"ASSYRTIKO VIGNES BICENTENAIRES EN AMPHORE - Mes Vendanges","og_description":"Le Domaine Hatzidakis est en agriculture biologique. cette cuv\u00e9e est en quelque sorte le point d&#8217;orgue de la carri\u00e8re de Haridimos Hatzidakis, une s\u00e9lection de tr\u00e8s vieilles vignes bicentenaires et franches de pied, sur le vignoble de Louros, avec un \u00e9levage splendide en amphore. Le plus grand vin jamais produit au domaine ! Et qui [&hellip;]","og_url":"https:\/\/www.mesvendanges.com\/fr\/boutique\/vins\/assyrtiko-vignes-bicentenaires-en-amphore-hatzidakis-dne-2015-75cl\/","og_site_name":"Mes Vendanges","article_modified_time":"2023-12-05T19:19:38+00:00","twitter_card":"summary_large_image","schema":{"@context":"https:\/\/schema.org","@graph":[{"@type":"Organization","@id":"https:\/\/www.mesvendanges.com\/en\/#organization","name":"Mes Vendanges","url":"https:\/\/www.mesvendanges.com\/en\/","sameAs":[],"logo":{"@type":"ImageObject","inLanguage":"fr-FR","@id":"https:\/\/www.mesvendanges.com\/en\/#\/schema\/logo\/image\/","url":"https:\/\/www.mesvendanges.com\/wp-content\/uploads\/2022\/02\/logo-mesvendanges.jpg","contentUrl":"https:\/\/www.mesvendanges.com\/wp-content\/uploads\/2022\/02\/logo-mesvendanges.jpg","width":851,"height":260,"caption":"Mes Vendanges"},"image":{"@id":"https:\/\/www.mesvendanges.com\/en\/#\/schema\/logo\/image\/"}},{"@type":"WebSite","@id":"https:\/\/www.mesvendanges.com\/en\/#website","url":"https:\/\/www.mesvendanges.com\/en\/","name":"Mes Vendanges","description":"Des journ\u00e9es enti\u00e8res dans les vignes","publisher":{"@id":"https:\/\/www.mesvendanges.com\/en\/#organization"},"potentialAction":[{"@type":"SearchAction","target":{"@type":"EntryPoint","urlTemplate":"https:\/\/www.mesvendanges.com\/en\/?s={search_term_string}"},"query-input":"required name=search_term_string"}],"inLanguage":"fr-FR"},{"@type":"WebPage","@id":"https:\/\/www.mesvendanges.com\/fr\/boutique\/vins\/assyrtiko-vignes-bicentenaires-en-amphore-hatzidakis-dne-2015-75cl\/","url":"https:\/\/www.mesvendanges.com\/fr\/boutique\/vins\/assyrtiko-vignes-bicentenaires-en-amphore-hatzidakis-dne-2015-75cl\/","name":"ASSYRTIKO VIGNES BICENTENAIRES EN AMPHORE - Mes Vendanges","isPartOf":{"@id":"https:\/\/www.mesvendanges.com\/en\/#website"},"datePublished":"2022-08-02T13:12:53+00:00","dateModified":"2023-12-05T19:19:38+00:00","breadcrumb":{"@id":"https:\/\/www.mesvendanges.com\/fr\/boutique\/vins\/assyrtiko-vignes-bicentenaires-en-amphore-hatzidakis-dne-2015-75cl\/#breadcrumb"},"inLanguage":"fr-FR","potentialAction":[{"@type":"ReadAction","target":["https:\/\/www.mesvendanges.com\/fr\/boutique\/vins\/assyrtiko-vignes-bicentenaires-en-amphore-hatzidakis-dne-2015-75cl\/"]}]},{"@type":"BreadcrumbList","@id":"https:\/\/www.mesvendanges.com\/fr\/boutique\/vins\/assyrtiko-vignes-bicentenaires-en-amphore-hatzidakis-dne-2015-75cl\/#breadcrumb","itemListElement":[{"@type":"ListItem","position":1,"name":"Accueil","item":"https:\/\/www.mesvendanges.com\/fr\/"},{"@type":"ListItem","position":2,"name":"Boutique","item":"https:\/\/www.mesvendanges.com\/fr\/boutique\/"},{"@type":"ListItem","position":3,"name":"ASSYRTIKO VIGNES BICENTENAIRES EN AMPHORE"}]}]}},"_links":{"self":[{"href":"https:\/\/www.mesvendanges.com\/fr\/wp-json\/wp\/v2\/product\/41657"}],"collection":[{"href":"https:\/\/www.mesvendanges.com\/fr\/wp-json\/wp\/v2\/product"}],"about":[{"href":"https:\/\/www.mesvendanges.com\/fr\/wp-json\/wp\/v2\/types\/product"}],"wp:attachment":[{"href":"https:\/\/www.mesvendanges.com\/fr\/wp-json\/wp\/v2\/media?parent=41657"}],"wp:term":[{"taxonomy":"product_cat","embeddable":true,"href":"https:\/\/www.mesvendanges.com\/fr\/wp-json\/wp\/v2\/product_cat?post=41657"},{"taxonomy":"product_tag","embeddable":true,"href":"https:\/\/www.mesvendanges.com\/fr\/wp-json\/wp\/v2\/product_tag?post=41657"}],"curies":[{"name":"wp","href":"https:\/\/api.w.org\/{rel}","templated":true}]}}