{"id":41669,"date":"2022-08-02T15:13:11","date_gmt":"2022-08-02T13:13:11","guid":{"rendered":"https:\/\/www.mesvendanges.com\/shop\/non%20class\u00e9\/larcis-ducasse-en-magnum-8\/"},"modified":"2025-05-01T16:31:26","modified_gmt":"2025-05-01T14:31:26","slug":"larcis-ducasse-en-magnum-larcis-ducasse-ch-2017-150cl","status":"publish","type":"product","link":"https:\/\/www.mesvendanges.com\/fr\/boutique\/vins\/larcis-ducasse-en-magnum-larcis-ducasse-ch-2017-150cl\/","title":{"rendered":"LARCIS-DUCASSE en magnum"},"content":{"rendered":"<p><font face=\"verdana\"><font size=\"3\"><b><font face=\"verdana\"><font face=\"verdana\"><font size=\"3\"><b><font face=\"verdana\">94-95\/100<font face=\"verdana\"> <\/font>James Suckling, jamessuckling.com :<font face=\"verdana\"> <\/font><\/font><\/b><\/font><\/font><\/font><\/b><font face=\"verdana\">A very pretty and structured red with blackberries, blueberries and hints of limestone<font face=\"verdana\"> <\/font>character. Medium to full body, solid tannins and a real freshness<font face=\"verdana\"> <\/font>underneath. Long andflavorful.<\/font><\/font><\/font><\/p>\n<div>\n<div>\n<div style=\"font-family: verdana; font-size: small;\">\n<p style=\"margin-bottom: 0cm\"><font face=\"verdana\"><font size=\"3\"><i><u><br \/><\/u><\/i><\/font><\/font><b><font face=\"verdana\"><font size=\"3\"><u><br \/><\/u><\/font><\/font><\/b><font face=\"verdana\"><font size=\"3\"><font face=\"verdana\"><b><font face=\"verdana\"><font size=\"3\"><font face=\"verdana\">92-95\/100<font face=\"verdana\"> <\/font>Antonio Galloni, Vinous<\/font><\/font><\/font> : <\/b>The 2017 Larcis Ducasse is a rich, sensual wine, with softer contours and more plushness<font face=\"verdana\"> <\/font>than is typically the case, part of which is attributable to the vintage and part of which is the<br \/>result of gentler winemaking. Dark red cherry and plum fruit is nicely pushed forward in this<font face=\"verdana\"> <\/font>succulent, racy Saint-\u00c9milion. Mocha, licorice and menthol wrap around the juicy, pliant<font face=\"verdana\"> <\/font>finish. The 2017 is an especially succulent, racy Larcis. It has been consistently brilliant on the<font face=\"verdana\"> <\/font>four occasions I have tasted it so far.<\/font><\/font><\/font><\/p>\n<p style=\"margin-bottom: 0cm\"><font face=\"verdana\"><font size=\"3\"><font face=\"verdana\"><font face=\"verdana\"><b><font face=\"verdana\"><font size=\"3\"><font face=\"verdana\"><font face=\"verdana\">96-97\/100<font face=\"verdana\"> <\/font>Bernard Burtschy : <\/font><\/font><\/font><\/font><\/b>La robe est sombre avec un tr\u00e8s joli nez raffin\u00e9. Le vin est dense, serr\u00e9, tannique, les tannins<br \/>sont tr\u00e8s fins. Le vin poss\u00e8de de l\u2019\u00e9l\u00e9gance et de la longueur, de beaux ar\u00f4mes de fruits noirs,<br \/>jolie finale \u00e9pic\u00e9e. Sa lecture n\u2019est pas aussi imm\u00e9diate que le 2016, mais il poss\u00e8de beaucoup<br \/>de fond. Le vin a \u00e9t\u00e9 \u00e9labor\u00e9 avec 92 % merlot vendang\u00e9 entre le 18 et le 29 septembre et 8 %<br \/>cabernet-franc vendang\u00e9 entre le 29 septembre et le 2 octobre. Le rendement est de 34<br \/>hl\/ha avec 73 % de grand vin. 3-12 ans<\/p>\n<p><\/font><\/font><\/font><\/font><font face=\"verdana\"><font size=\"3\"><font face=\"verdana\"><font face=\"verdana\"><font face=\"verdana\"><font face=\"verdana\"><font size=\"3\"><font face=\"verdana\"><font face=\"verdana\"><font face=\"verdana\"><b>17\/20<font face=\"verdana\"> <\/font>Bettane &amp; Desseauve :&nbsp;<\/b> <\/font><\/font><\/font><\/font><\/font>Une vraie fra\u00eecheur harmonieuse, du fruit et de la profondeur, de la saveur.<br \/><\/font><br \/><\/font><\/font><b><font face=\"verdana\"><i><br \/><\/i><\/font><\/b><\/font><\/font><font face=\"verdana\"><font size=\"3\"><i><span style=\"font-weight: normal\"><\/span><\/i><\/font><\/font><\/p>\n<\/p><\/div>\n<\/div>\n<\/div>\n","protected":false},"excerpt":{"rendered":"<p>94-95\/100 James Suckling, jamessuckling.com : A very pretty and structured red with blackberries, blueberries and hints of limestone character. Medium to full body, solid tannins and a real freshness underneath. Long andflavorful. 92-95\/100 Antonio Galloni, Vinous : The 2017 Larcis Ducasse is a rich, sensual wine, with softer contours and more plushness than is typically [&hellip;]<\/p>\n","protected":false},"featured_media":87415,"template":"","meta":[],"product_cat":[3736],"product_tag":[],"acf":[],"yoast_head":"<!-- This site is optimized with the Yoast SEO plugin v19.3 - https:\/\/yoast.com\/wordpress\/plugins\/seo\/ -->\n<title>LARCIS-DUCASSE en magnum - Mes Vendanges<\/title>\n<meta name=\"robots\" content=\"index, follow, max-snippet:-1, max-image-preview:large, max-video-preview:-1\" \/>\n<link rel=\"canonical\" href=\"https:\/\/www.mesvendanges.com\/fr\/boutique\/vins\/larcis-ducasse-en-magnum-larcis-ducasse-ch-2017-150cl\/\" \/>\n<meta property=\"og:locale\" content=\"fr_FR\" \/>\n<meta property=\"og:type\" content=\"article\" \/>\n<meta property=\"og:title\" content=\"LARCIS-DUCASSE en magnum - Mes Vendanges\" \/>\n<meta property=\"og:description\" content=\"94-95\/100 James Suckling, jamessuckling.com : A very pretty and structured red with blackberries, blueberries and hints of limestone character. Medium to full body, solid tannins and a real freshness underneath. Long andflavorful. 92-95\/100 Antonio Galloni, Vinous : The 2017 Larcis Ducasse is a rich, sensual wine, with softer contours and more plushness than is typically [&hellip;]\" \/>\n<meta property=\"og:url\" content=\"https:\/\/www.mesvendanges.com\/fr\/boutique\/vins\/larcis-ducasse-en-magnum-larcis-ducasse-ch-2017-150cl\/\" \/>\n<meta property=\"og:site_name\" content=\"Mes Vendanges\" \/>\n<meta property=\"article:modified_time\" content=\"2025-05-01T14:31:26+00:00\" \/>\n<meta property=\"og:image\" content=\"https:\/\/www.mesvendanges.com\/wp-content\/uploads\/2025\/05\/larcis-ducasse-ch-larcis-ducasse-en-magnum-saint-emilion-grand-cru-classe-2017-150cl-rouge-png.png\" \/>\n\t<meta property=\"og:image:width\" content=\"417\" \/>\n\t<meta property=\"og:image:height\" content=\"1500\" \/>\n\t<meta property=\"og:image:type\" content=\"image\/png\" \/>\n<meta name=\"twitter:card\" content=\"summary_large_image\" \/>\n<meta name=\"twitter:label1\" content=\"Dur\u00e9e de lecture estim\u00e9e\" \/>\n\t<meta name=\"twitter:data1\" content=\"1 minute\" \/>\n<script type=\"application\/ld+json\" class=\"yoast-schema-graph\">{\"@context\":\"https:\/\/schema.org\",\"@graph\":[{\"@type\":\"Organization\",\"@id\":\"https:\/\/www.mesvendanges.com\/en\/#organization\",\"name\":\"Mes Vendanges\",\"url\":\"https:\/\/www.mesvendanges.com\/en\/\",\"sameAs\":[],\"logo\":{\"@type\":\"ImageObject\",\"inLanguage\":\"fr-FR\",\"@id\":\"https:\/\/www.mesvendanges.com\/en\/#\/schema\/logo\/image\/\",\"url\":\"https:\/\/www.mesvendanges.com\/wp-content\/uploads\/2022\/02\/logo-mesvendanges.jpg\",\"contentUrl\":\"https:\/\/www.mesvendanges.com\/wp-content\/uploads\/2022\/02\/logo-mesvendanges.jpg\",\"width\":851,\"height\":260,\"caption\":\"Mes Vendanges\"},\"image\":{\"@id\":\"https:\/\/www.mesvendanges.com\/en\/#\/schema\/logo\/image\/\"}},{\"@type\":\"WebSite\",\"@id\":\"https:\/\/www.mesvendanges.com\/en\/#website\",\"url\":\"https:\/\/www.mesvendanges.com\/en\/\",\"name\":\"Mes Vendanges\",\"description\":\"Des journ\u00e9es enti\u00e8res dans les vignes\",\"publisher\":{\"@id\":\"https:\/\/www.mesvendanges.com\/en\/#organization\"},\"potentialAction\":[{\"@type\":\"SearchAction\",\"target\":{\"@type\":\"EntryPoint\",\"urlTemplate\":\"https:\/\/www.mesvendanges.com\/en\/?s={search_term_string}\"},\"query-input\":\"required name=search_term_string\"}],\"inLanguage\":\"fr-FR\"},{\"@type\":\"ImageObject\",\"inLanguage\":\"fr-FR\",\"@id\":\"https:\/\/www.mesvendanges.com\/fr\/boutique\/vins\/larcis-ducasse-en-magnum-larcis-ducasse-ch-2017-150cl\/#primaryimage\",\"url\":\"https:\/\/www.mesvendanges.com\/wp-content\/uploads\/2025\/05\/larcis-ducasse-ch-larcis-ducasse-en-magnum-saint-emilion-grand-cru-classe-2017-150cl-rouge-png.png\",\"contentUrl\":\"https:\/\/www.mesvendanges.com\/wp-content\/uploads\/2025\/05\/larcis-ducasse-ch-larcis-ducasse-en-magnum-saint-emilion-grand-cru-classe-2017-150cl-rouge-png.png\",\"width\":417,\"height\":1500},{\"@type\":\"WebPage\",\"@id\":\"https:\/\/www.mesvendanges.com\/fr\/boutique\/vins\/larcis-ducasse-en-magnum-larcis-ducasse-ch-2017-150cl\/\",\"url\":\"https:\/\/www.mesvendanges.com\/fr\/boutique\/vins\/larcis-ducasse-en-magnum-larcis-ducasse-ch-2017-150cl\/\",\"name\":\"LARCIS-DUCASSE en magnum - Mes Vendanges\",\"isPartOf\":{\"@id\":\"https:\/\/www.mesvendanges.com\/en\/#website\"},\"primaryImageOfPage\":{\"@id\":\"https:\/\/www.mesvendanges.com\/fr\/boutique\/vins\/larcis-ducasse-en-magnum-larcis-ducasse-ch-2017-150cl\/#primaryimage\"},\"datePublished\":\"2022-08-02T13:13:11+00:00\",\"dateModified\":\"2025-05-01T14:31:26+00:00\",\"breadcrumb\":{\"@id\":\"https:\/\/www.mesvendanges.com\/fr\/boutique\/vins\/larcis-ducasse-en-magnum-larcis-ducasse-ch-2017-150cl\/#breadcrumb\"},\"inLanguage\":\"fr-FR\",\"potentialAction\":[{\"@type\":\"ReadAction\",\"target\":[\"https:\/\/www.mesvendanges.com\/fr\/boutique\/vins\/larcis-ducasse-en-magnum-larcis-ducasse-ch-2017-150cl\/\"]}]},{\"@type\":\"BreadcrumbList\",\"@id\":\"https:\/\/www.mesvendanges.com\/fr\/boutique\/vins\/larcis-ducasse-en-magnum-larcis-ducasse-ch-2017-150cl\/#breadcrumb\",\"itemListElement\":[{\"@type\":\"ListItem\",\"position\":1,\"name\":\"Accueil\",\"item\":\"https:\/\/www.mesvendanges.com\/fr\/\"},{\"@type\":\"ListItem\",\"position\":2,\"name\":\"Boutique\",\"item\":\"https:\/\/www.mesvendanges.com\/fr\/boutique\/\"},{\"@type\":\"ListItem\",\"position\":3,\"name\":\"LARCIS-DUCASSE en magnum\"}]}]}<\/script>\n<!-- \/ Yoast SEO plugin. -->","yoast_head_json":{"title":"LARCIS-DUCASSE en magnum - Mes Vendanges","robots":{"index":"index","follow":"follow","max-snippet":"max-snippet:-1","max-image-preview":"max-image-preview:large","max-video-preview":"max-video-preview:-1"},"canonical":"https:\/\/www.mesvendanges.com\/fr\/boutique\/vins\/larcis-ducasse-en-magnum-larcis-ducasse-ch-2017-150cl\/","og_locale":"fr_FR","og_type":"article","og_title":"LARCIS-DUCASSE en magnum - Mes Vendanges","og_description":"94-95\/100 James Suckling, jamessuckling.com : A very pretty and structured red with blackberries, blueberries and hints of limestone character. Medium to full body, solid tannins and a real freshness underneath. Long andflavorful. 92-95\/100 Antonio Galloni, Vinous : The 2017 Larcis Ducasse is a rich, sensual wine, with softer contours and more plushness than is typically [&hellip;]","og_url":"https:\/\/www.mesvendanges.com\/fr\/boutique\/vins\/larcis-ducasse-en-magnum-larcis-ducasse-ch-2017-150cl\/","og_site_name":"Mes Vendanges","article_modified_time":"2025-05-01T14:31:26+00:00","og_image":[{"width":417,"height":1500,"url":"https:\/\/www.mesvendanges.com\/wp-content\/uploads\/2025\/05\/larcis-ducasse-ch-larcis-ducasse-en-magnum-saint-emilion-grand-cru-classe-2017-150cl-rouge-png.png","type":"image\/png"}],"twitter_card":"summary_large_image","twitter_misc":{"Dur\u00e9e de lecture estim\u00e9e":"1 minute"},"schema":{"@context":"https:\/\/schema.org","@graph":[{"@type":"Organization","@id":"https:\/\/www.mesvendanges.com\/en\/#organization","name":"Mes Vendanges","url":"https:\/\/www.mesvendanges.com\/en\/","sameAs":[],"logo":{"@type":"ImageObject","inLanguage":"fr-FR","@id":"https:\/\/www.mesvendanges.com\/en\/#\/schema\/logo\/image\/","url":"https:\/\/www.mesvendanges.com\/wp-content\/uploads\/2022\/02\/logo-mesvendanges.jpg","contentUrl":"https:\/\/www.mesvendanges.com\/wp-content\/uploads\/2022\/02\/logo-mesvendanges.jpg","width":851,"height":260,"caption":"Mes Vendanges"},"image":{"@id":"https:\/\/www.mesvendanges.com\/en\/#\/schema\/logo\/image\/"}},{"@type":"WebSite","@id":"https:\/\/www.mesvendanges.com\/en\/#website","url":"https:\/\/www.mesvendanges.com\/en\/","name":"Mes Vendanges","description":"Des journ\u00e9es enti\u00e8res dans les vignes","publisher":{"@id":"https:\/\/www.mesvendanges.com\/en\/#organization"},"potentialAction":[{"@type":"SearchAction","target":{"@type":"EntryPoint","urlTemplate":"https:\/\/www.mesvendanges.com\/en\/?s={search_term_string}"},"query-input":"required name=search_term_string"}],"inLanguage":"fr-FR"},{"@type":"ImageObject","inLanguage":"fr-FR","@id":"https:\/\/www.mesvendanges.com\/fr\/boutique\/vins\/larcis-ducasse-en-magnum-larcis-ducasse-ch-2017-150cl\/#primaryimage","url":"https:\/\/www.mesvendanges.com\/wp-content\/uploads\/2025\/05\/larcis-ducasse-ch-larcis-ducasse-en-magnum-saint-emilion-grand-cru-classe-2017-150cl-rouge-png.png","contentUrl":"https:\/\/www.mesvendanges.com\/wp-content\/uploads\/2025\/05\/larcis-ducasse-ch-larcis-ducasse-en-magnum-saint-emilion-grand-cru-classe-2017-150cl-rouge-png.png","width":417,"height":1500},{"@type":"WebPage","@id":"https:\/\/www.mesvendanges.com\/fr\/boutique\/vins\/larcis-ducasse-en-magnum-larcis-ducasse-ch-2017-150cl\/","url":"https:\/\/www.mesvendanges.com\/fr\/boutique\/vins\/larcis-ducasse-en-magnum-larcis-ducasse-ch-2017-150cl\/","name":"LARCIS-DUCASSE en magnum - Mes Vendanges","isPartOf":{"@id":"https:\/\/www.mesvendanges.com\/en\/#website"},"primaryImageOfPage":{"@id":"https:\/\/www.mesvendanges.com\/fr\/boutique\/vins\/larcis-ducasse-en-magnum-larcis-ducasse-ch-2017-150cl\/#primaryimage"},"datePublished":"2022-08-02T13:13:11+00:00","dateModified":"2025-05-01T14:31:26+00:00","breadcrumb":{"@id":"https:\/\/www.mesvendanges.com\/fr\/boutique\/vins\/larcis-ducasse-en-magnum-larcis-ducasse-ch-2017-150cl\/#breadcrumb"},"inLanguage":"fr-FR","potentialAction":[{"@type":"ReadAction","target":["https:\/\/www.mesvendanges.com\/fr\/boutique\/vins\/larcis-ducasse-en-magnum-larcis-ducasse-ch-2017-150cl\/"]}]},{"@type":"BreadcrumbList","@id":"https:\/\/www.mesvendanges.com\/fr\/boutique\/vins\/larcis-ducasse-en-magnum-larcis-ducasse-ch-2017-150cl\/#breadcrumb","itemListElement":[{"@type":"ListItem","position":1,"name":"Accueil","item":"https:\/\/www.mesvendanges.com\/fr\/"},{"@type":"ListItem","position":2,"name":"Boutique","item":"https:\/\/www.mesvendanges.com\/fr\/boutique\/"},{"@type":"ListItem","position":3,"name":"LARCIS-DUCASSE en magnum"}]}]}},"_links":{"self":[{"href":"https:\/\/www.mesvendanges.com\/fr\/wp-json\/wp\/v2\/product\/41669"}],"collection":[{"href":"https:\/\/www.mesvendanges.com\/fr\/wp-json\/wp\/v2\/product"}],"about":[{"href":"https:\/\/www.mesvendanges.com\/fr\/wp-json\/wp\/v2\/types\/product"}],"wp:featuredmedia":[{"embeddable":true,"href":"https:\/\/www.mesvendanges.com\/fr\/wp-json\/wp\/v2\/media\/87415"}],"wp:attachment":[{"href":"https:\/\/www.mesvendanges.com\/fr\/wp-json\/wp\/v2\/media?parent=41669"}],"wp:term":[{"taxonomy":"product_cat","embeddable":true,"href":"https:\/\/www.mesvendanges.com\/fr\/wp-json\/wp\/v2\/product_cat?post=41669"},{"taxonomy":"product_tag","embeddable":true,"href":"https:\/\/www.mesvendanges.com\/fr\/wp-json\/wp\/v2\/product_tag?post=41669"}],"curies":[{"name":"wp","href":"https:\/\/api.w.org\/{rel}","templated":true}]}}