{"id":41681,"date":"2022-08-02T15:13:29","date_gmt":"2022-08-02T13:13:29","guid":{"rendered":"https:\/\/www.mesvendanges.com\/shop\/non%20class\u00e9\/beausejour-duffau-lagarrosse-en-magnum-6\/"},"modified":"2025-05-01T14:19:29","modified_gmt":"2025-05-01T12:19:29","slug":"beausejour-duffau-lagarrosse-en-magnum-beausejour-duffau-lagarrosse-ch-2017-150cl","status":"publish","type":"product","link":"https:\/\/www.mesvendanges.com\/fr\/boutique\/vins\/beausejour-duffau-lagarrosse-en-magnum-beausejour-duffau-lagarrosse-ch-2017-150cl\/","title":{"rendered":"BEAUSEJOUR-DUFFAU-LAGARROSSE en Magnum"},"content":{"rendered":"<p><font face=\"Verdana, sans-serif\"><font size=\"3\"><b><font face=\"Verdana, sans-serif\"><font face=\"Verdana, sans-serif\"><font face=\"Verdana, sans-serif\"><font face=\"Verdana, sans-serif\">9<font face=\"Verdana, sans-serif\">5<\/font>-9<font face=\"Verdana, sans-serif\">6<\/font>\/<font face=\"Verdana, sans-serif\">100 James Suckling :<\/font><\/font><\/font><\/font><\/font><\/b><i><font face=\"Verdana, sans-serif\"><font face=\"Verdana, sans-serif\"><font face=\"Verdana, sans-serif\"><font face=\"Verdana, sans-serif\"><font face=\"Verdana, sans-serif\">\u00ab <font face=\"Verdana, sans-serif\">This is very driven and intense with so much limestone and salt character<font face=\"Verdana, sans-serif\"> <\/font>on the palate. Dark fruits, too. Linear and chewy, especially on<font face=\"Verdana, sans-serif\"> <\/font>the long finish. Beautiful center palate of fruit.<font face=\"Verdana, sans-serif\"> <\/font><\/font>\u00bb<\/font><\/font><\/font><\/font><\/font><\/i><\/font><\/font><\/p>\n<div>\n<div style=\"font-family: verdana; font-size: small;\">\n<p style=\"margin-bottom:0cm\"><b>93-96 \/100 Antonio Galloni Vinous <\/b>: <i>\u201cA rich, explosive wine, the 2017 Beaus\u00e9jour H\u00e9ritiers Duffau-Lagarrosse hits the palate with serious depth and intensity. Charcoal, smoke, crushed rocks, lavender, incense and blackberry jam are all beautifully delineated in a vivid, arrestingly beautiful Saint-\u00c9milion of the highest level. Huge, searing tannins are going to need many years to soften. Beaus\u00e9jour H\u00e9ritiers Duffau-Lagarrosse is one of<br \/>the most structured, tannic Saint-\u00c9milions of the vintage. Tasted three times.\u201d<br \/><\/i><br \/><font face=\"Verdana, sans-serif\"><font size=\"3\"><i><span style=\"font-weight:normal\"><\/span><\/i><\/font><\/font><\/p>\n<p><b>93-96\/100 James Molesworth, The Wine Spectator :<\/b><i><br \/>\u201cIntense, with juicy layers of fig, boysenberry and blackberry compote coursing through. Bramble and spice notes fire up on the finish,which kicks in with an extra bolt of energy at the end. A showy wine that pulls it off.\u201d<\/i><\/div>\n<\/div>\n","protected":false},"excerpt":{"rendered":"<p>95-96\/100 James Suckling :\u00ab This is very driven and intense with so much limestone and salt character on the palate. Dark fruits, too. Linear and chewy, especially on the long finish. Beautiful center palate of fruit. \u00bb 93-96 \/100 Antonio Galloni Vinous : \u201cA rich, explosive wine, the 2017 Beaus\u00e9jour H\u00e9ritiers Duffau-Lagarrosse hits the palate [&hellip;]<\/p>\n","protected":false},"featured_media":86358,"template":"","meta":[],"product_cat":[3736],"product_tag":[],"acf":[],"yoast_head":"<!-- This site is optimized with the Yoast SEO plugin v19.3 - https:\/\/yoast.com\/wordpress\/plugins\/seo\/ -->\n<title>BEAUSEJOUR-DUFFAU-LAGARROSSE en Magnum - Mes Vendanges<\/title>\n<meta name=\"robots\" content=\"index, follow, max-snippet:-1, max-image-preview:large, max-video-preview:-1\" \/>\n<link rel=\"canonical\" href=\"https:\/\/www.mesvendanges.com\/fr\/boutique\/vins\/beausejour-duffau-lagarrosse-en-magnum-beausejour-duffau-lagarrosse-ch-2017-150cl\/\" \/>\n<meta property=\"og:locale\" content=\"fr_FR\" \/>\n<meta property=\"og:type\" content=\"article\" \/>\n<meta property=\"og:title\" content=\"BEAUSEJOUR-DUFFAU-LAGARROSSE en Magnum - Mes Vendanges\" \/>\n<meta property=\"og:description\" content=\"95-96\/100 James Suckling :\u00ab This is very driven and intense with so much limestone and salt character on the palate. Dark fruits, too. Linear and chewy, especially on the long finish. Beautiful center palate of fruit. \u00bb 93-96 \/100 Antonio Galloni Vinous : \u201cA rich, explosive wine, the 2017 Beaus\u00e9jour H\u00e9ritiers Duffau-Lagarrosse hits the palate [&hellip;]\" \/>\n<meta property=\"og:url\" content=\"https:\/\/www.mesvendanges.com\/fr\/boutique\/vins\/beausejour-duffau-lagarrosse-en-magnum-beausejour-duffau-lagarrosse-ch-2017-150cl\/\" \/>\n<meta property=\"og:site_name\" content=\"Mes Vendanges\" \/>\n<meta property=\"article:modified_time\" content=\"2025-05-01T12:19:29+00:00\" \/>\n<meta property=\"og:image\" content=\"https:\/\/www.mesvendanges.com\/wp-content\/uploads\/2025\/05\/beausejour-duffau-lagarrosse-ch-beausejour-duffau-lagarrosse-en-magnum-saint-emilion-grand-cru-classe-2017-150cl-rouge-png.png\" \/>\n\t<meta property=\"og:image:width\" content=\"447\" \/>\n\t<meta property=\"og:image:height\" content=\"1500\" \/>\n\t<meta property=\"og:image:type\" content=\"image\/png\" \/>\n<meta name=\"twitter:card\" content=\"summary_large_image\" \/>\n<meta name=\"twitter:label1\" content=\"Dur\u00e9e de lecture estim\u00e9e\" \/>\n\t<meta name=\"twitter:data1\" content=\"1 minute\" \/>\n<script type=\"application\/ld+json\" class=\"yoast-schema-graph\">{\"@context\":\"https:\/\/schema.org\",\"@graph\":[{\"@type\":\"Organization\",\"@id\":\"https:\/\/www.mesvendanges.com\/en\/#organization\",\"name\":\"Mes Vendanges\",\"url\":\"https:\/\/www.mesvendanges.com\/en\/\",\"sameAs\":[],\"logo\":{\"@type\":\"ImageObject\",\"inLanguage\":\"fr-FR\",\"@id\":\"https:\/\/www.mesvendanges.com\/en\/#\/schema\/logo\/image\/\",\"url\":\"https:\/\/www.mesvendanges.com\/wp-content\/uploads\/2022\/02\/logo-mesvendanges.jpg\",\"contentUrl\":\"https:\/\/www.mesvendanges.com\/wp-content\/uploads\/2022\/02\/logo-mesvendanges.jpg\",\"width\":851,\"height\":260,\"caption\":\"Mes Vendanges\"},\"image\":{\"@id\":\"https:\/\/www.mesvendanges.com\/en\/#\/schema\/logo\/image\/\"}},{\"@type\":\"WebSite\",\"@id\":\"https:\/\/www.mesvendanges.com\/en\/#website\",\"url\":\"https:\/\/www.mesvendanges.com\/en\/\",\"name\":\"Mes Vendanges\",\"description\":\"Des journ\u00e9es enti\u00e8res dans les vignes\",\"publisher\":{\"@id\":\"https:\/\/www.mesvendanges.com\/en\/#organization\"},\"potentialAction\":[{\"@type\":\"SearchAction\",\"target\":{\"@type\":\"EntryPoint\",\"urlTemplate\":\"https:\/\/www.mesvendanges.com\/en\/?s={search_term_string}\"},\"query-input\":\"required name=search_term_string\"}],\"inLanguage\":\"fr-FR\"},{\"@type\":\"ImageObject\",\"inLanguage\":\"fr-FR\",\"@id\":\"https:\/\/www.mesvendanges.com\/fr\/boutique\/vins\/beausejour-duffau-lagarrosse-en-magnum-beausejour-duffau-lagarrosse-ch-2017-150cl\/#primaryimage\",\"url\":\"https:\/\/www.mesvendanges.com\/wp-content\/uploads\/2025\/05\/beausejour-duffau-lagarrosse-ch-beausejour-duffau-lagarrosse-en-magnum-saint-emilion-grand-cru-classe-2017-150cl-rouge-png.png\",\"contentUrl\":\"https:\/\/www.mesvendanges.com\/wp-content\/uploads\/2025\/05\/beausejour-duffau-lagarrosse-ch-beausejour-duffau-lagarrosse-en-magnum-saint-emilion-grand-cru-classe-2017-150cl-rouge-png.png\",\"width\":447,\"height\":1500},{\"@type\":\"WebPage\",\"@id\":\"https:\/\/www.mesvendanges.com\/fr\/boutique\/vins\/beausejour-duffau-lagarrosse-en-magnum-beausejour-duffau-lagarrosse-ch-2017-150cl\/\",\"url\":\"https:\/\/www.mesvendanges.com\/fr\/boutique\/vins\/beausejour-duffau-lagarrosse-en-magnum-beausejour-duffau-lagarrosse-ch-2017-150cl\/\",\"name\":\"BEAUSEJOUR-DUFFAU-LAGARROSSE en Magnum - Mes Vendanges\",\"isPartOf\":{\"@id\":\"https:\/\/www.mesvendanges.com\/en\/#website\"},\"primaryImageOfPage\":{\"@id\":\"https:\/\/www.mesvendanges.com\/fr\/boutique\/vins\/beausejour-duffau-lagarrosse-en-magnum-beausejour-duffau-lagarrosse-ch-2017-150cl\/#primaryimage\"},\"datePublished\":\"2022-08-02T13:13:29+00:00\",\"dateModified\":\"2025-05-01T12:19:29+00:00\",\"breadcrumb\":{\"@id\":\"https:\/\/www.mesvendanges.com\/fr\/boutique\/vins\/beausejour-duffau-lagarrosse-en-magnum-beausejour-duffau-lagarrosse-ch-2017-150cl\/#breadcrumb\"},\"inLanguage\":\"fr-FR\",\"potentialAction\":[{\"@type\":\"ReadAction\",\"target\":[\"https:\/\/www.mesvendanges.com\/fr\/boutique\/vins\/beausejour-duffau-lagarrosse-en-magnum-beausejour-duffau-lagarrosse-ch-2017-150cl\/\"]}]},{\"@type\":\"BreadcrumbList\",\"@id\":\"https:\/\/www.mesvendanges.com\/fr\/boutique\/vins\/beausejour-duffau-lagarrosse-en-magnum-beausejour-duffau-lagarrosse-ch-2017-150cl\/#breadcrumb\",\"itemListElement\":[{\"@type\":\"ListItem\",\"position\":1,\"name\":\"Accueil\",\"item\":\"https:\/\/www.mesvendanges.com\/fr\/\"},{\"@type\":\"ListItem\",\"position\":2,\"name\":\"Boutique\",\"item\":\"https:\/\/www.mesvendanges.com\/fr\/boutique\/\"},{\"@type\":\"ListItem\",\"position\":3,\"name\":\"BEAUSEJOUR-DUFFAU-LAGARROSSE en Magnum\"}]}]}<\/script>\n<!-- \/ Yoast SEO plugin. -->","yoast_head_json":{"title":"BEAUSEJOUR-DUFFAU-LAGARROSSE en Magnum - Mes Vendanges","robots":{"index":"index","follow":"follow","max-snippet":"max-snippet:-1","max-image-preview":"max-image-preview:large","max-video-preview":"max-video-preview:-1"},"canonical":"https:\/\/www.mesvendanges.com\/fr\/boutique\/vins\/beausejour-duffau-lagarrosse-en-magnum-beausejour-duffau-lagarrosse-ch-2017-150cl\/","og_locale":"fr_FR","og_type":"article","og_title":"BEAUSEJOUR-DUFFAU-LAGARROSSE en Magnum - Mes Vendanges","og_description":"95-96\/100 James Suckling :\u00ab This is very driven and intense with so much limestone and salt character on the palate. Dark fruits, too. Linear and chewy, especially on the long finish. Beautiful center palate of fruit. \u00bb 93-96 \/100 Antonio Galloni Vinous : \u201cA rich, explosive wine, the 2017 Beaus\u00e9jour H\u00e9ritiers Duffau-Lagarrosse hits the palate [&hellip;]","og_url":"https:\/\/www.mesvendanges.com\/fr\/boutique\/vins\/beausejour-duffau-lagarrosse-en-magnum-beausejour-duffau-lagarrosse-ch-2017-150cl\/","og_site_name":"Mes Vendanges","article_modified_time":"2025-05-01T12:19:29+00:00","og_image":[{"width":447,"height":1500,"url":"https:\/\/www.mesvendanges.com\/wp-content\/uploads\/2025\/05\/beausejour-duffau-lagarrosse-ch-beausejour-duffau-lagarrosse-en-magnum-saint-emilion-grand-cru-classe-2017-150cl-rouge-png.png","type":"image\/png"}],"twitter_card":"summary_large_image","twitter_misc":{"Dur\u00e9e de lecture estim\u00e9e":"1 minute"},"schema":{"@context":"https:\/\/schema.org","@graph":[{"@type":"Organization","@id":"https:\/\/www.mesvendanges.com\/en\/#organization","name":"Mes Vendanges","url":"https:\/\/www.mesvendanges.com\/en\/","sameAs":[],"logo":{"@type":"ImageObject","inLanguage":"fr-FR","@id":"https:\/\/www.mesvendanges.com\/en\/#\/schema\/logo\/image\/","url":"https:\/\/www.mesvendanges.com\/wp-content\/uploads\/2022\/02\/logo-mesvendanges.jpg","contentUrl":"https:\/\/www.mesvendanges.com\/wp-content\/uploads\/2022\/02\/logo-mesvendanges.jpg","width":851,"height":260,"caption":"Mes Vendanges"},"image":{"@id":"https:\/\/www.mesvendanges.com\/en\/#\/schema\/logo\/image\/"}},{"@type":"WebSite","@id":"https:\/\/www.mesvendanges.com\/en\/#website","url":"https:\/\/www.mesvendanges.com\/en\/","name":"Mes Vendanges","description":"Des journ\u00e9es enti\u00e8res dans les vignes","publisher":{"@id":"https:\/\/www.mesvendanges.com\/en\/#organization"},"potentialAction":[{"@type":"SearchAction","target":{"@type":"EntryPoint","urlTemplate":"https:\/\/www.mesvendanges.com\/en\/?s={search_term_string}"},"query-input":"required name=search_term_string"}],"inLanguage":"fr-FR"},{"@type":"ImageObject","inLanguage":"fr-FR","@id":"https:\/\/www.mesvendanges.com\/fr\/boutique\/vins\/beausejour-duffau-lagarrosse-en-magnum-beausejour-duffau-lagarrosse-ch-2017-150cl\/#primaryimage","url":"https:\/\/www.mesvendanges.com\/wp-content\/uploads\/2025\/05\/beausejour-duffau-lagarrosse-ch-beausejour-duffau-lagarrosse-en-magnum-saint-emilion-grand-cru-classe-2017-150cl-rouge-png.png","contentUrl":"https:\/\/www.mesvendanges.com\/wp-content\/uploads\/2025\/05\/beausejour-duffau-lagarrosse-ch-beausejour-duffau-lagarrosse-en-magnum-saint-emilion-grand-cru-classe-2017-150cl-rouge-png.png","width":447,"height":1500},{"@type":"WebPage","@id":"https:\/\/www.mesvendanges.com\/fr\/boutique\/vins\/beausejour-duffau-lagarrosse-en-magnum-beausejour-duffau-lagarrosse-ch-2017-150cl\/","url":"https:\/\/www.mesvendanges.com\/fr\/boutique\/vins\/beausejour-duffau-lagarrosse-en-magnum-beausejour-duffau-lagarrosse-ch-2017-150cl\/","name":"BEAUSEJOUR-DUFFAU-LAGARROSSE en Magnum - Mes Vendanges","isPartOf":{"@id":"https:\/\/www.mesvendanges.com\/en\/#website"},"primaryImageOfPage":{"@id":"https:\/\/www.mesvendanges.com\/fr\/boutique\/vins\/beausejour-duffau-lagarrosse-en-magnum-beausejour-duffau-lagarrosse-ch-2017-150cl\/#primaryimage"},"datePublished":"2022-08-02T13:13:29+00:00","dateModified":"2025-05-01T12:19:29+00:00","breadcrumb":{"@id":"https:\/\/www.mesvendanges.com\/fr\/boutique\/vins\/beausejour-duffau-lagarrosse-en-magnum-beausejour-duffau-lagarrosse-ch-2017-150cl\/#breadcrumb"},"inLanguage":"fr-FR","potentialAction":[{"@type":"ReadAction","target":["https:\/\/www.mesvendanges.com\/fr\/boutique\/vins\/beausejour-duffau-lagarrosse-en-magnum-beausejour-duffau-lagarrosse-ch-2017-150cl\/"]}]},{"@type":"BreadcrumbList","@id":"https:\/\/www.mesvendanges.com\/fr\/boutique\/vins\/beausejour-duffau-lagarrosse-en-magnum-beausejour-duffau-lagarrosse-ch-2017-150cl\/#breadcrumb","itemListElement":[{"@type":"ListItem","position":1,"name":"Accueil","item":"https:\/\/www.mesvendanges.com\/fr\/"},{"@type":"ListItem","position":2,"name":"Boutique","item":"https:\/\/www.mesvendanges.com\/fr\/boutique\/"},{"@type":"ListItem","position":3,"name":"BEAUSEJOUR-DUFFAU-LAGARROSSE en Magnum"}]}]}},"_links":{"self":[{"href":"https:\/\/www.mesvendanges.com\/fr\/wp-json\/wp\/v2\/product\/41681"}],"collection":[{"href":"https:\/\/www.mesvendanges.com\/fr\/wp-json\/wp\/v2\/product"}],"about":[{"href":"https:\/\/www.mesvendanges.com\/fr\/wp-json\/wp\/v2\/types\/product"}],"wp:featuredmedia":[{"embeddable":true,"href":"https:\/\/www.mesvendanges.com\/fr\/wp-json\/wp\/v2\/media\/86358"}],"wp:attachment":[{"href":"https:\/\/www.mesvendanges.com\/fr\/wp-json\/wp\/v2\/media?parent=41681"}],"wp:term":[{"taxonomy":"product_cat","embeddable":true,"href":"https:\/\/www.mesvendanges.com\/fr\/wp-json\/wp\/v2\/product_cat?post=41681"},{"taxonomy":"product_tag","embeddable":true,"href":"https:\/\/www.mesvendanges.com\/fr\/wp-json\/wp\/v2\/product_tag?post=41681"}],"curies":[{"name":"wp","href":"https:\/\/api.w.org\/{rel}","templated":true}]}}