{"id":41689,"date":"2022-08-02T15:13:43","date_gmt":"2022-08-02T13:13:43","guid":{"rendered":"https:\/\/www.mesvendanges.com\/shop\/non%20class\u00e9\/pavie-macquin-16\/"},"modified":"2025-05-01T17:14:05","modified_gmt":"2025-05-01T15:14:05","slug":"pavie-macquin-pavie-macquin-ch-2017-75cl","status":"publish","type":"product","link":"https:\/\/www.mesvendanges.com\/fr\/boutique\/vins\/pavie-macquin-pavie-macquin-ch-2017-75cl\/","title":{"rendered":"PAVIE-MACQUIN"},"content":{"rendered":"<p>Pavie-Macquin 2017 en vente primeur. Le prix est HT et hors livraison. La TVA et les frais de port seront \u00e0 r\u00e9gler avant la livraison (deuxi\u00e8me semestre 2019)<\/p>\n<div><b><br \/>95-97\/100 Lisa Perrotti-Brown, The Wine Advocate :<\/b> <i>\u201cThe 2017 Pavie Macquin is deep garnet-purple in color and opens with flamboyant notes of warm black and red plums, black cherries and tilled soil with delicate touches of cloves, star anise, red roses and forest floor. Medium-bodied with a firm backbone of very finely grained, very ripe tannins and tons of freshness, it has wonderfully elegant yet intense fruit layers and a long, minerally finish. Just beautiful\u201d<\/i><\/p>\n<p style=\"margin-bottom:0cm\"><b>93-96\/100 Antonio Galloni, Vinous :<\/b> <i>\u201cA sexy, racy wine, the 2017 Pavie Macquin is full of personality. A rush of sweet red cherry, plum, rose petal, mint and blood orange infuses this sumptuous, racy Saint-\u00c9milion. A wine of striking purity and total class, Pavie Macquin dazzles. As always, Pavie Macquin is marked by stunning fruit purity, red fruit, soft contours and silky, voluptuous tannins. In 2017, the blend has a bit more Cabernet Franc than in the past, now that younger vineyards have come online\u201d<\/i><\/p>\n<p><b>94-95\/100 James Suckling :<\/b> <i>\u201cVery solid center palate of fruit and firm, silky tannins. Linear and bright with a focused and pretty finish. Full-bodied, tight and precise. Very clear and bright.\u201d<\/i><\/div>\n","protected":false},"excerpt":{"rendered":"<p>Pavie-Macquin 2017 en vente primeur. Le prix est HT et hors livraison. La TVA et les frais de port seront \u00e0 r\u00e9gler avant la livraison (deuxi\u00e8me semestre 2019) 95-97\/100 Lisa Perrotti-Brown, The Wine Advocate : \u201cThe 2017 Pavie Macquin is deep garnet-purple in color and opens with flamboyant notes of warm black and red plums, [&hellip;]<\/p>\n","protected":false},"featured_media":87646,"template":"","meta":[],"product_cat":[3736],"product_tag":[],"acf":[],"yoast_head":"<!-- This site is optimized with the Yoast SEO plugin v19.3 - https:\/\/yoast.com\/wordpress\/plugins\/seo\/ -->\n<title>PAVIE-MACQUIN - Mes Vendanges<\/title>\n<meta name=\"robots\" content=\"index, follow, max-snippet:-1, max-image-preview:large, max-video-preview:-1\" \/>\n<link rel=\"canonical\" href=\"https:\/\/www.mesvendanges.com\/fr\/boutique\/vins\/pavie-macquin-pavie-macquin-ch-2017-75cl\/\" \/>\n<meta property=\"og:locale\" content=\"fr_FR\" \/>\n<meta property=\"og:type\" content=\"article\" \/>\n<meta property=\"og:title\" content=\"PAVIE-MACQUIN - Mes Vendanges\" \/>\n<meta property=\"og:description\" content=\"Pavie-Macquin 2017 en vente primeur. Le prix est HT et hors livraison. La TVA et les frais de port seront \u00e0 r\u00e9gler avant la livraison (deuxi\u00e8me semestre 2019) 95-97\/100 Lisa Perrotti-Brown, The Wine Advocate : \u201cThe 2017 Pavie Macquin is deep garnet-purple in color and opens with flamboyant notes of warm black and red plums, [&hellip;]\" \/>\n<meta property=\"og:url\" content=\"https:\/\/www.mesvendanges.com\/fr\/boutique\/vins\/pavie-macquin-pavie-macquin-ch-2017-75cl\/\" \/>\n<meta property=\"og:site_name\" content=\"Mes Vendanges\" \/>\n<meta property=\"article:modified_time\" content=\"2025-05-01T15:14:05+00:00\" \/>\n<meta property=\"og:image\" content=\"https:\/\/www.mesvendanges.com\/wp-content\/uploads\/2025\/05\/pavie-macquin-ch-pavie-macquin-saint-emilion-grand-cru-classe-2017-75cl-rouge-png.png\" \/>\n\t<meta property=\"og:image:width\" content=\"375\" \/>\n\t<meta property=\"og:image:height\" content=\"1500\" \/>\n\t<meta property=\"og:image:type\" content=\"image\/png\" \/>\n<meta name=\"twitter:card\" content=\"summary_large_image\" \/>\n<meta name=\"twitter:label1\" content=\"Dur\u00e9e de lecture estim\u00e9e\" \/>\n\t<meta name=\"twitter:data1\" content=\"1 minute\" \/>\n<script type=\"application\/ld+json\" class=\"yoast-schema-graph\">{\"@context\":\"https:\/\/schema.org\",\"@graph\":[{\"@type\":\"Organization\",\"@id\":\"https:\/\/www.mesvendanges.com\/en\/#organization\",\"name\":\"Mes Vendanges\",\"url\":\"https:\/\/www.mesvendanges.com\/en\/\",\"sameAs\":[],\"logo\":{\"@type\":\"ImageObject\",\"inLanguage\":\"fr-FR\",\"@id\":\"https:\/\/www.mesvendanges.com\/en\/#\/schema\/logo\/image\/\",\"url\":\"https:\/\/www.mesvendanges.com\/wp-content\/uploads\/2022\/02\/logo-mesvendanges.jpg\",\"contentUrl\":\"https:\/\/www.mesvendanges.com\/wp-content\/uploads\/2022\/02\/logo-mesvendanges.jpg\",\"width\":851,\"height\":260,\"caption\":\"Mes Vendanges\"},\"image\":{\"@id\":\"https:\/\/www.mesvendanges.com\/en\/#\/schema\/logo\/image\/\"}},{\"@type\":\"WebSite\",\"@id\":\"https:\/\/www.mesvendanges.com\/en\/#website\",\"url\":\"https:\/\/www.mesvendanges.com\/en\/\",\"name\":\"Mes Vendanges\",\"description\":\"Des journ\u00e9es enti\u00e8res dans les vignes\",\"publisher\":{\"@id\":\"https:\/\/www.mesvendanges.com\/en\/#organization\"},\"potentialAction\":[{\"@type\":\"SearchAction\",\"target\":{\"@type\":\"EntryPoint\",\"urlTemplate\":\"https:\/\/www.mesvendanges.com\/en\/?s={search_term_string}\"},\"query-input\":\"required name=search_term_string\"}],\"inLanguage\":\"fr-FR\"},{\"@type\":\"ImageObject\",\"inLanguage\":\"fr-FR\",\"@id\":\"https:\/\/www.mesvendanges.com\/fr\/boutique\/vins\/pavie-macquin-pavie-macquin-ch-2017-75cl\/#primaryimage\",\"url\":\"https:\/\/www.mesvendanges.com\/wp-content\/uploads\/2025\/05\/pavie-macquin-ch-pavie-macquin-saint-emilion-grand-cru-classe-2017-75cl-rouge-png.png\",\"contentUrl\":\"https:\/\/www.mesvendanges.com\/wp-content\/uploads\/2025\/05\/pavie-macquin-ch-pavie-macquin-saint-emilion-grand-cru-classe-2017-75cl-rouge-png.png\",\"width\":375,\"height\":1500},{\"@type\":\"WebPage\",\"@id\":\"https:\/\/www.mesvendanges.com\/fr\/boutique\/vins\/pavie-macquin-pavie-macquin-ch-2017-75cl\/\",\"url\":\"https:\/\/www.mesvendanges.com\/fr\/boutique\/vins\/pavie-macquin-pavie-macquin-ch-2017-75cl\/\",\"name\":\"PAVIE-MACQUIN - Mes Vendanges\",\"isPartOf\":{\"@id\":\"https:\/\/www.mesvendanges.com\/en\/#website\"},\"primaryImageOfPage\":{\"@id\":\"https:\/\/www.mesvendanges.com\/fr\/boutique\/vins\/pavie-macquin-pavie-macquin-ch-2017-75cl\/#primaryimage\"},\"datePublished\":\"2022-08-02T13:13:43+00:00\",\"dateModified\":\"2025-05-01T15:14:05+00:00\",\"breadcrumb\":{\"@id\":\"https:\/\/www.mesvendanges.com\/fr\/boutique\/vins\/pavie-macquin-pavie-macquin-ch-2017-75cl\/#breadcrumb\"},\"inLanguage\":\"fr-FR\",\"potentialAction\":[{\"@type\":\"ReadAction\",\"target\":[\"https:\/\/www.mesvendanges.com\/fr\/boutique\/vins\/pavie-macquin-pavie-macquin-ch-2017-75cl\/\"]}]},{\"@type\":\"BreadcrumbList\",\"@id\":\"https:\/\/www.mesvendanges.com\/fr\/boutique\/vins\/pavie-macquin-pavie-macquin-ch-2017-75cl\/#breadcrumb\",\"itemListElement\":[{\"@type\":\"ListItem\",\"position\":1,\"name\":\"Accueil\",\"item\":\"https:\/\/www.mesvendanges.com\/fr\/\"},{\"@type\":\"ListItem\",\"position\":2,\"name\":\"Boutique\",\"item\":\"https:\/\/www.mesvendanges.com\/fr\/boutique\/\"},{\"@type\":\"ListItem\",\"position\":3,\"name\":\"PAVIE-MACQUIN\"}]}]}<\/script>\n<!-- \/ Yoast SEO plugin. -->","yoast_head_json":{"title":"PAVIE-MACQUIN - Mes Vendanges","robots":{"index":"index","follow":"follow","max-snippet":"max-snippet:-1","max-image-preview":"max-image-preview:large","max-video-preview":"max-video-preview:-1"},"canonical":"https:\/\/www.mesvendanges.com\/fr\/boutique\/vins\/pavie-macquin-pavie-macquin-ch-2017-75cl\/","og_locale":"fr_FR","og_type":"article","og_title":"PAVIE-MACQUIN - Mes Vendanges","og_description":"Pavie-Macquin 2017 en vente primeur. Le prix est HT et hors livraison. La TVA et les frais de port seront \u00e0 r\u00e9gler avant la livraison (deuxi\u00e8me semestre 2019) 95-97\/100 Lisa Perrotti-Brown, The Wine Advocate : \u201cThe 2017 Pavie Macquin is deep garnet-purple in color and opens with flamboyant notes of warm black and red plums, [&hellip;]","og_url":"https:\/\/www.mesvendanges.com\/fr\/boutique\/vins\/pavie-macquin-pavie-macquin-ch-2017-75cl\/","og_site_name":"Mes Vendanges","article_modified_time":"2025-05-01T15:14:05+00:00","og_image":[{"width":375,"height":1500,"url":"https:\/\/www.mesvendanges.com\/wp-content\/uploads\/2025\/05\/pavie-macquin-ch-pavie-macquin-saint-emilion-grand-cru-classe-2017-75cl-rouge-png.png","type":"image\/png"}],"twitter_card":"summary_large_image","twitter_misc":{"Dur\u00e9e de lecture estim\u00e9e":"1 minute"},"schema":{"@context":"https:\/\/schema.org","@graph":[{"@type":"Organization","@id":"https:\/\/www.mesvendanges.com\/en\/#organization","name":"Mes Vendanges","url":"https:\/\/www.mesvendanges.com\/en\/","sameAs":[],"logo":{"@type":"ImageObject","inLanguage":"fr-FR","@id":"https:\/\/www.mesvendanges.com\/en\/#\/schema\/logo\/image\/","url":"https:\/\/www.mesvendanges.com\/wp-content\/uploads\/2022\/02\/logo-mesvendanges.jpg","contentUrl":"https:\/\/www.mesvendanges.com\/wp-content\/uploads\/2022\/02\/logo-mesvendanges.jpg","width":851,"height":260,"caption":"Mes Vendanges"},"image":{"@id":"https:\/\/www.mesvendanges.com\/en\/#\/schema\/logo\/image\/"}},{"@type":"WebSite","@id":"https:\/\/www.mesvendanges.com\/en\/#website","url":"https:\/\/www.mesvendanges.com\/en\/","name":"Mes Vendanges","description":"Des journ\u00e9es enti\u00e8res dans les vignes","publisher":{"@id":"https:\/\/www.mesvendanges.com\/en\/#organization"},"potentialAction":[{"@type":"SearchAction","target":{"@type":"EntryPoint","urlTemplate":"https:\/\/www.mesvendanges.com\/en\/?s={search_term_string}"},"query-input":"required name=search_term_string"}],"inLanguage":"fr-FR"},{"@type":"ImageObject","inLanguage":"fr-FR","@id":"https:\/\/www.mesvendanges.com\/fr\/boutique\/vins\/pavie-macquin-pavie-macquin-ch-2017-75cl\/#primaryimage","url":"https:\/\/www.mesvendanges.com\/wp-content\/uploads\/2025\/05\/pavie-macquin-ch-pavie-macquin-saint-emilion-grand-cru-classe-2017-75cl-rouge-png.png","contentUrl":"https:\/\/www.mesvendanges.com\/wp-content\/uploads\/2025\/05\/pavie-macquin-ch-pavie-macquin-saint-emilion-grand-cru-classe-2017-75cl-rouge-png.png","width":375,"height":1500},{"@type":"WebPage","@id":"https:\/\/www.mesvendanges.com\/fr\/boutique\/vins\/pavie-macquin-pavie-macquin-ch-2017-75cl\/","url":"https:\/\/www.mesvendanges.com\/fr\/boutique\/vins\/pavie-macquin-pavie-macquin-ch-2017-75cl\/","name":"PAVIE-MACQUIN - Mes Vendanges","isPartOf":{"@id":"https:\/\/www.mesvendanges.com\/en\/#website"},"primaryImageOfPage":{"@id":"https:\/\/www.mesvendanges.com\/fr\/boutique\/vins\/pavie-macquin-pavie-macquin-ch-2017-75cl\/#primaryimage"},"datePublished":"2022-08-02T13:13:43+00:00","dateModified":"2025-05-01T15:14:05+00:00","breadcrumb":{"@id":"https:\/\/www.mesvendanges.com\/fr\/boutique\/vins\/pavie-macquin-pavie-macquin-ch-2017-75cl\/#breadcrumb"},"inLanguage":"fr-FR","potentialAction":[{"@type":"ReadAction","target":["https:\/\/www.mesvendanges.com\/fr\/boutique\/vins\/pavie-macquin-pavie-macquin-ch-2017-75cl\/"]}]},{"@type":"BreadcrumbList","@id":"https:\/\/www.mesvendanges.com\/fr\/boutique\/vins\/pavie-macquin-pavie-macquin-ch-2017-75cl\/#breadcrumb","itemListElement":[{"@type":"ListItem","position":1,"name":"Accueil","item":"https:\/\/www.mesvendanges.com\/fr\/"},{"@type":"ListItem","position":2,"name":"Boutique","item":"https:\/\/www.mesvendanges.com\/fr\/boutique\/"},{"@type":"ListItem","position":3,"name":"PAVIE-MACQUIN"}]}]}},"_links":{"self":[{"href":"https:\/\/www.mesvendanges.com\/fr\/wp-json\/wp\/v2\/product\/41689"}],"collection":[{"href":"https:\/\/www.mesvendanges.com\/fr\/wp-json\/wp\/v2\/product"}],"about":[{"href":"https:\/\/www.mesvendanges.com\/fr\/wp-json\/wp\/v2\/types\/product"}],"wp:featuredmedia":[{"embeddable":true,"href":"https:\/\/www.mesvendanges.com\/fr\/wp-json\/wp\/v2\/media\/87646"}],"wp:attachment":[{"href":"https:\/\/www.mesvendanges.com\/fr\/wp-json\/wp\/v2\/media?parent=41689"}],"wp:term":[{"taxonomy":"product_cat","embeddable":true,"href":"https:\/\/www.mesvendanges.com\/fr\/wp-json\/wp\/v2\/product_cat?post=41689"},{"taxonomy":"product_tag","embeddable":true,"href":"https:\/\/www.mesvendanges.com\/fr\/wp-json\/wp\/v2\/product_tag?post=41689"}],"curies":[{"name":"wp","href":"https:\/\/api.w.org\/{rel}","templated":true}]}}