{"id":41697,"date":"2022-08-02T15:13:54","date_gmt":"2022-08-02T13:13:54","guid":{"rendered":"https:\/\/www.mesvendanges.com\/shop\/non%20class\u00e9\/assyrtiko-de-santorin-3\/"},"modified":"2024-05-07T12:50:55","modified_gmt":"2024-05-07T10:50:55","slug":"assyrtiko-de-santorin-athina-2013-75cl","status":"publish","type":"product","link":"https:\/\/www.mesvendanges.com\/fr\/boutique\/vins\/assyrtiko-de-santorin-athina-2013-75cl\/","title":{"rendered":"ASSYRTIKO DE SANTORIN"},"content":{"rendered":"<p>Le domaine Athina produit des assyrtikos d&#8217;une grande puret\u00e9, travail remarquable des vignes, provenant en grande partie du magnifique terroir de Pyrgos. Petits rendements, fermentation et \u00e9levage uniquement en cuve inox afin de pr\u00e9server la fraicheur et la d\u00e9finition aromatique du vin.<br \/>\nLes vins sont d&#8217;une grande finesse avec un \u00e9quilibre juste entre la maturit\u00e9 du fruit, la puissance naturelle de l&#8217;assyrtiko et la dimension min\u00e9rale apport\u00e9e par les terroirs volcaniques de Santorin. Un domaine tr\u00e8s tr\u00e8s prometteur !<\/p>\n","protected":false},"excerpt":{"rendered":"<p>Le domaine Athina produit des assyrtikos d&#8217;une grande puret\u00e9, travail remarquable des vignes, provenant en grande partie du magnifique terroir de Pyrgos. Petits rendements, fermentation et \u00e9levage uniquement en cuve inox afin de pr\u00e9server la fraicheur et la d\u00e9finition aromatique du vin. Les vins sont d&#8217;une grande finesse avec un \u00e9quilibre juste entre la maturit\u00e9 [&hellip;]<\/p>\n","protected":false},"featured_media":20180,"template":"","meta":[],"product_cat":[3736],"product_tag":[],"acf":[],"yoast_head":"<!-- This site is optimized with the Yoast SEO plugin v19.3 - https:\/\/yoast.com\/wordpress\/plugins\/seo\/ -->\n<title>ASSYRTIKO DE SANTORIN - Mes Vendanges<\/title>\n<meta name=\"robots\" content=\"index, follow, max-snippet:-1, max-image-preview:large, max-video-preview:-1\" \/>\n<link rel=\"canonical\" href=\"https:\/\/www.mesvendanges.com\/fr\/boutique\/vins\/assyrtiko-de-santorin-athina-2013-75cl\/\" \/>\n<meta property=\"og:locale\" content=\"fr_FR\" \/>\n<meta property=\"og:type\" content=\"article\" \/>\n<meta property=\"og:title\" content=\"ASSYRTIKO DE SANTORIN - Mes Vendanges\" \/>\n<meta property=\"og:description\" content=\"Le domaine Athina produit des assyrtikos d&#8217;une grande puret\u00e9, travail remarquable des vignes, provenant en grande partie du magnifique terroir de Pyrgos. Petits rendements, fermentation et \u00e9levage uniquement en cuve inox afin de pr\u00e9server la fraicheur et la d\u00e9finition aromatique du vin. Les vins sont d&#8217;une grande finesse avec un \u00e9quilibre juste entre la maturit\u00e9 [&hellip;]\" \/>\n<meta property=\"og:url\" content=\"https:\/\/www.mesvendanges.com\/fr\/boutique\/vins\/assyrtiko-de-santorin-athina-2013-75cl\/\" \/>\n<meta property=\"og:site_name\" content=\"Mes Vendanges\" \/>\n<meta property=\"article:modified_time\" content=\"2024-05-07T10:50:55+00:00\" \/>\n<meta property=\"og:image\" content=\"https:\/\/www.mesvendanges.com\/wp-content\/uploads\/2022\/07\/athina-assyrtiko-de-santorin-blanc-2013-png.png\" \/>\n\t<meta property=\"og:image:width\" content=\"600\" \/>\n\t<meta property=\"og:image:height\" content=\"1500\" \/>\n\t<meta property=\"og:image:type\" content=\"image\/png\" \/>\n<meta name=\"twitter:card\" content=\"summary_large_image\" \/>\n<script type=\"application\/ld+json\" class=\"yoast-schema-graph\">{\"@context\":\"https:\/\/schema.org\",\"@graph\":[{\"@type\":\"Organization\",\"@id\":\"https:\/\/www.mesvendanges.com\/en\/#organization\",\"name\":\"Mes Vendanges\",\"url\":\"https:\/\/www.mesvendanges.com\/en\/\",\"sameAs\":[],\"logo\":{\"@type\":\"ImageObject\",\"inLanguage\":\"fr-FR\",\"@id\":\"https:\/\/www.mesvendanges.com\/en\/#\/schema\/logo\/image\/\",\"url\":\"https:\/\/www.mesvendanges.com\/wp-content\/uploads\/2022\/02\/logo-mesvendanges.jpg\",\"contentUrl\":\"https:\/\/www.mesvendanges.com\/wp-content\/uploads\/2022\/02\/logo-mesvendanges.jpg\",\"width\":851,\"height\":260,\"caption\":\"Mes Vendanges\"},\"image\":{\"@id\":\"https:\/\/www.mesvendanges.com\/en\/#\/schema\/logo\/image\/\"}},{\"@type\":\"WebSite\",\"@id\":\"https:\/\/www.mesvendanges.com\/en\/#website\",\"url\":\"https:\/\/www.mesvendanges.com\/en\/\",\"name\":\"Mes Vendanges\",\"description\":\"Des journ\u00e9es enti\u00e8res dans les vignes\",\"publisher\":{\"@id\":\"https:\/\/www.mesvendanges.com\/en\/#organization\"},\"potentialAction\":[{\"@type\":\"SearchAction\",\"target\":{\"@type\":\"EntryPoint\",\"urlTemplate\":\"https:\/\/www.mesvendanges.com\/en\/?s={search_term_string}\"},\"query-input\":\"required name=search_term_string\"}],\"inLanguage\":\"fr-FR\"},{\"@type\":\"ImageObject\",\"inLanguage\":\"fr-FR\",\"@id\":\"https:\/\/www.mesvendanges.com\/fr\/boutique\/vins\/assyrtiko-de-santorin-athina-2013-75cl\/#primaryimage\",\"url\":\"https:\/\/www.mesvendanges.com\/wp-content\/uploads\/2022\/07\/athina-assyrtiko-de-santorin-blanc-2013-png.png\",\"contentUrl\":\"https:\/\/www.mesvendanges.com\/wp-content\/uploads\/2022\/07\/athina-assyrtiko-de-santorin-blanc-2013-png.png\",\"width\":600,\"height\":1500},{\"@type\":\"WebPage\",\"@id\":\"https:\/\/www.mesvendanges.com\/fr\/boutique\/vins\/assyrtiko-de-santorin-athina-2013-75cl\/\",\"url\":\"https:\/\/www.mesvendanges.com\/fr\/boutique\/vins\/assyrtiko-de-santorin-athina-2013-75cl\/\",\"name\":\"ASSYRTIKO DE SANTORIN - Mes Vendanges\",\"isPartOf\":{\"@id\":\"https:\/\/www.mesvendanges.com\/en\/#website\"},\"primaryImageOfPage\":{\"@id\":\"https:\/\/www.mesvendanges.com\/fr\/boutique\/vins\/assyrtiko-de-santorin-athina-2013-75cl\/#primaryimage\"},\"datePublished\":\"2022-08-02T13:13:54+00:00\",\"dateModified\":\"2024-05-07T10:50:55+00:00\",\"breadcrumb\":{\"@id\":\"https:\/\/www.mesvendanges.com\/fr\/boutique\/vins\/assyrtiko-de-santorin-athina-2013-75cl\/#breadcrumb\"},\"inLanguage\":\"fr-FR\",\"potentialAction\":[{\"@type\":\"ReadAction\",\"target\":[\"https:\/\/www.mesvendanges.com\/fr\/boutique\/vins\/assyrtiko-de-santorin-athina-2013-75cl\/\"]}]},{\"@type\":\"BreadcrumbList\",\"@id\":\"https:\/\/www.mesvendanges.com\/fr\/boutique\/vins\/assyrtiko-de-santorin-athina-2013-75cl\/#breadcrumb\",\"itemListElement\":[{\"@type\":\"ListItem\",\"position\":1,\"name\":\"Accueil\",\"item\":\"https:\/\/www.mesvendanges.com\/fr\/\"},{\"@type\":\"ListItem\",\"position\":2,\"name\":\"Boutique\",\"item\":\"https:\/\/www.mesvendanges.com\/fr\/boutique\/\"},{\"@type\":\"ListItem\",\"position\":3,\"name\":\"ASSYRTIKO DE SANTORIN\"}]}]}<\/script>\n<!-- \/ Yoast SEO plugin. -->","yoast_head_json":{"title":"ASSYRTIKO DE SANTORIN - Mes Vendanges","robots":{"index":"index","follow":"follow","max-snippet":"max-snippet:-1","max-image-preview":"max-image-preview:large","max-video-preview":"max-video-preview:-1"},"canonical":"https:\/\/www.mesvendanges.com\/fr\/boutique\/vins\/assyrtiko-de-santorin-athina-2013-75cl\/","og_locale":"fr_FR","og_type":"article","og_title":"ASSYRTIKO DE SANTORIN - Mes Vendanges","og_description":"Le domaine Athina produit des assyrtikos d&#8217;une grande puret\u00e9, travail remarquable des vignes, provenant en grande partie du magnifique terroir de Pyrgos. Petits rendements, fermentation et \u00e9levage uniquement en cuve inox afin de pr\u00e9server la fraicheur et la d\u00e9finition aromatique du vin. Les vins sont d&#8217;une grande finesse avec un \u00e9quilibre juste entre la maturit\u00e9 [&hellip;]","og_url":"https:\/\/www.mesvendanges.com\/fr\/boutique\/vins\/assyrtiko-de-santorin-athina-2013-75cl\/","og_site_name":"Mes Vendanges","article_modified_time":"2024-05-07T10:50:55+00:00","og_image":[{"width":600,"height":1500,"url":"https:\/\/www.mesvendanges.com\/wp-content\/uploads\/2022\/07\/athina-assyrtiko-de-santorin-blanc-2013-png.png","type":"image\/png"}],"twitter_card":"summary_large_image","schema":{"@context":"https:\/\/schema.org","@graph":[{"@type":"Organization","@id":"https:\/\/www.mesvendanges.com\/en\/#organization","name":"Mes Vendanges","url":"https:\/\/www.mesvendanges.com\/en\/","sameAs":[],"logo":{"@type":"ImageObject","inLanguage":"fr-FR","@id":"https:\/\/www.mesvendanges.com\/en\/#\/schema\/logo\/image\/","url":"https:\/\/www.mesvendanges.com\/wp-content\/uploads\/2022\/02\/logo-mesvendanges.jpg","contentUrl":"https:\/\/www.mesvendanges.com\/wp-content\/uploads\/2022\/02\/logo-mesvendanges.jpg","width":851,"height":260,"caption":"Mes Vendanges"},"image":{"@id":"https:\/\/www.mesvendanges.com\/en\/#\/schema\/logo\/image\/"}},{"@type":"WebSite","@id":"https:\/\/www.mesvendanges.com\/en\/#website","url":"https:\/\/www.mesvendanges.com\/en\/","name":"Mes Vendanges","description":"Des journ\u00e9es enti\u00e8res dans les vignes","publisher":{"@id":"https:\/\/www.mesvendanges.com\/en\/#organization"},"potentialAction":[{"@type":"SearchAction","target":{"@type":"EntryPoint","urlTemplate":"https:\/\/www.mesvendanges.com\/en\/?s={search_term_string}"},"query-input":"required name=search_term_string"}],"inLanguage":"fr-FR"},{"@type":"ImageObject","inLanguage":"fr-FR","@id":"https:\/\/www.mesvendanges.com\/fr\/boutique\/vins\/assyrtiko-de-santorin-athina-2013-75cl\/#primaryimage","url":"https:\/\/www.mesvendanges.com\/wp-content\/uploads\/2022\/07\/athina-assyrtiko-de-santorin-blanc-2013-png.png","contentUrl":"https:\/\/www.mesvendanges.com\/wp-content\/uploads\/2022\/07\/athina-assyrtiko-de-santorin-blanc-2013-png.png","width":600,"height":1500},{"@type":"WebPage","@id":"https:\/\/www.mesvendanges.com\/fr\/boutique\/vins\/assyrtiko-de-santorin-athina-2013-75cl\/","url":"https:\/\/www.mesvendanges.com\/fr\/boutique\/vins\/assyrtiko-de-santorin-athina-2013-75cl\/","name":"ASSYRTIKO DE SANTORIN - Mes Vendanges","isPartOf":{"@id":"https:\/\/www.mesvendanges.com\/en\/#website"},"primaryImageOfPage":{"@id":"https:\/\/www.mesvendanges.com\/fr\/boutique\/vins\/assyrtiko-de-santorin-athina-2013-75cl\/#primaryimage"},"datePublished":"2022-08-02T13:13:54+00:00","dateModified":"2024-05-07T10:50:55+00:00","breadcrumb":{"@id":"https:\/\/www.mesvendanges.com\/fr\/boutique\/vins\/assyrtiko-de-santorin-athina-2013-75cl\/#breadcrumb"},"inLanguage":"fr-FR","potentialAction":[{"@type":"ReadAction","target":["https:\/\/www.mesvendanges.com\/fr\/boutique\/vins\/assyrtiko-de-santorin-athina-2013-75cl\/"]}]},{"@type":"BreadcrumbList","@id":"https:\/\/www.mesvendanges.com\/fr\/boutique\/vins\/assyrtiko-de-santorin-athina-2013-75cl\/#breadcrumb","itemListElement":[{"@type":"ListItem","position":1,"name":"Accueil","item":"https:\/\/www.mesvendanges.com\/fr\/"},{"@type":"ListItem","position":2,"name":"Boutique","item":"https:\/\/www.mesvendanges.com\/fr\/boutique\/"},{"@type":"ListItem","position":3,"name":"ASSYRTIKO DE SANTORIN"}]}]}},"_links":{"self":[{"href":"https:\/\/www.mesvendanges.com\/fr\/wp-json\/wp\/v2\/product\/41697"}],"collection":[{"href":"https:\/\/www.mesvendanges.com\/fr\/wp-json\/wp\/v2\/product"}],"about":[{"href":"https:\/\/www.mesvendanges.com\/fr\/wp-json\/wp\/v2\/types\/product"}],"wp:featuredmedia":[{"embeddable":true,"href":"https:\/\/www.mesvendanges.com\/fr\/wp-json\/wp\/v2\/media\/20180"}],"wp:attachment":[{"href":"https:\/\/www.mesvendanges.com\/fr\/wp-json\/wp\/v2\/media?parent=41697"}],"wp:term":[{"taxonomy":"product_cat","embeddable":true,"href":"https:\/\/www.mesvendanges.com\/fr\/wp-json\/wp\/v2\/product_cat?post=41697"},{"taxonomy":"product_tag","embeddable":true,"href":"https:\/\/www.mesvendanges.com\/fr\/wp-json\/wp\/v2\/product_tag?post=41697"}],"curies":[{"name":"wp","href":"https:\/\/api.w.org\/{rel}","templated":true}]}}