{"id":41703,"date":"2022-08-02T15:14:02","date_gmt":"2022-08-02T13:14:02","guid":{"rendered":"https:\/\/www.mesvendanges.com\/shop\/non%20class\u00e9\/paolo-vin-sous-voile\/"},"modified":"2023-12-06T00:48:25","modified_gmt":"2023-12-05T23:48:25","slug":"paolo-vin-sous-voile-mercati-dne-2007-75cl","status":"publish","type":"product","link":"https:\/\/www.mesvendanges.com\/fr\/boutique\/vins\/paolo-vin-sous-voile-mercati-dne-2007-75cl\/","title":{"rendered":"PAOLO &#8211; VIN SOUS VOILE"},"content":{"rendered":"<p>Petit domaine de l&#8217;\u00eele de Zakintos (ou Zante), en Mer Ionienne,le domaine Mercarti produit des vins de voile \u00e9tonnants, \u00e0 partir des c\u00e9pages robola et pavlos pour la cuv\u00e9e Paolo. Bouteilles \u00e0 d\u00e9couvrir absolument pour les amateurs de vins \u00e0 caract\u00e8re oxydatif.<\/p>\n","protected":false},"excerpt":{"rendered":"<p>Petit domaine de l&#8217;\u00eele de Zakintos (ou Zante), en Mer Ionienne,le domaine Mercarti produit des vins de voile \u00e9tonnants, \u00e0 partir des c\u00e9pages robola et pavlos pour la cuv\u00e9e Paolo. Bouteilles \u00e0 d\u00e9couvrir absolument pour les amateurs de vins \u00e0 caract\u00e8re oxydatif.<\/p>\n","protected":false},"featured_media":0,"template":"","meta":[],"product_cat":[3736],"product_tag":[],"acf":[],"yoast_head":"<!-- This site is optimized with the Yoast SEO plugin v19.3 - https:\/\/yoast.com\/wordpress\/plugins\/seo\/ -->\n<title>PAOLO - VIN SOUS VOILE - Mes Vendanges<\/title>\n<meta name=\"robots\" content=\"index, follow, max-snippet:-1, max-image-preview:large, max-video-preview:-1\" \/>\n<link rel=\"canonical\" href=\"https:\/\/www.mesvendanges.com\/fr\/boutique\/vins\/paolo-vin-sous-voile-mercati-dne-2007-75cl\/\" \/>\n<meta property=\"og:locale\" content=\"fr_FR\" \/>\n<meta property=\"og:type\" content=\"article\" \/>\n<meta property=\"og:title\" content=\"PAOLO - VIN SOUS VOILE - Mes Vendanges\" \/>\n<meta property=\"og:description\" content=\"Petit domaine de l&#8217;\u00eele de Zakintos (ou Zante), en Mer Ionienne,le domaine Mercarti produit des vins de voile \u00e9tonnants, \u00e0 partir des c\u00e9pages robola et pavlos pour la cuv\u00e9e Paolo. Bouteilles \u00e0 d\u00e9couvrir absolument pour les amateurs de vins \u00e0 caract\u00e8re oxydatif.\" \/>\n<meta property=\"og:url\" content=\"https:\/\/www.mesvendanges.com\/fr\/boutique\/vins\/paolo-vin-sous-voile-mercati-dne-2007-75cl\/\" \/>\n<meta property=\"og:site_name\" content=\"Mes Vendanges\" \/>\n<meta property=\"article:modified_time\" content=\"2023-12-05T23:48:25+00:00\" \/>\n<meta name=\"twitter:card\" content=\"summary_large_image\" \/>\n<script type=\"application\/ld+json\" class=\"yoast-schema-graph\">{\"@context\":\"https:\/\/schema.org\",\"@graph\":[{\"@type\":\"Organization\",\"@id\":\"https:\/\/www.mesvendanges.com\/en\/#organization\",\"name\":\"Mes Vendanges\",\"url\":\"https:\/\/www.mesvendanges.com\/en\/\",\"sameAs\":[],\"logo\":{\"@type\":\"ImageObject\",\"inLanguage\":\"fr-FR\",\"@id\":\"https:\/\/www.mesvendanges.com\/en\/#\/schema\/logo\/image\/\",\"url\":\"https:\/\/www.mesvendanges.com\/wp-content\/uploads\/2022\/02\/logo-mesvendanges.jpg\",\"contentUrl\":\"https:\/\/www.mesvendanges.com\/wp-content\/uploads\/2022\/02\/logo-mesvendanges.jpg\",\"width\":851,\"height\":260,\"caption\":\"Mes Vendanges\"},\"image\":{\"@id\":\"https:\/\/www.mesvendanges.com\/en\/#\/schema\/logo\/image\/\"}},{\"@type\":\"WebSite\",\"@id\":\"https:\/\/www.mesvendanges.com\/en\/#website\",\"url\":\"https:\/\/www.mesvendanges.com\/en\/\",\"name\":\"Mes Vendanges\",\"description\":\"Des journ\u00e9es enti\u00e8res dans les vignes\",\"publisher\":{\"@id\":\"https:\/\/www.mesvendanges.com\/en\/#organization\"},\"potentialAction\":[{\"@type\":\"SearchAction\",\"target\":{\"@type\":\"EntryPoint\",\"urlTemplate\":\"https:\/\/www.mesvendanges.com\/en\/?s={search_term_string}\"},\"query-input\":\"required name=search_term_string\"}],\"inLanguage\":\"fr-FR\"},{\"@type\":\"WebPage\",\"@id\":\"https:\/\/www.mesvendanges.com\/fr\/boutique\/vins\/paolo-vin-sous-voile-mercati-dne-2007-75cl\/\",\"url\":\"https:\/\/www.mesvendanges.com\/fr\/boutique\/vins\/paolo-vin-sous-voile-mercati-dne-2007-75cl\/\",\"name\":\"PAOLO - VIN SOUS VOILE - Mes Vendanges\",\"isPartOf\":{\"@id\":\"https:\/\/www.mesvendanges.com\/en\/#website\"},\"datePublished\":\"2022-08-02T13:14:02+00:00\",\"dateModified\":\"2023-12-05T23:48:25+00:00\",\"breadcrumb\":{\"@id\":\"https:\/\/www.mesvendanges.com\/fr\/boutique\/vins\/paolo-vin-sous-voile-mercati-dne-2007-75cl\/#breadcrumb\"},\"inLanguage\":\"fr-FR\",\"potentialAction\":[{\"@type\":\"ReadAction\",\"target\":[\"https:\/\/www.mesvendanges.com\/fr\/boutique\/vins\/paolo-vin-sous-voile-mercati-dne-2007-75cl\/\"]}]},{\"@type\":\"BreadcrumbList\",\"@id\":\"https:\/\/www.mesvendanges.com\/fr\/boutique\/vins\/paolo-vin-sous-voile-mercati-dne-2007-75cl\/#breadcrumb\",\"itemListElement\":[{\"@type\":\"ListItem\",\"position\":1,\"name\":\"Accueil\",\"item\":\"https:\/\/www.mesvendanges.com\/fr\/\"},{\"@type\":\"ListItem\",\"position\":2,\"name\":\"Boutique\",\"item\":\"https:\/\/www.mesvendanges.com\/fr\/boutique\/\"},{\"@type\":\"ListItem\",\"position\":3,\"name\":\"PAOLO &#8211; VIN SOUS VOILE\"}]}]}<\/script>\n<!-- \/ Yoast SEO plugin. -->","yoast_head_json":{"title":"PAOLO - VIN SOUS VOILE - Mes Vendanges","robots":{"index":"index","follow":"follow","max-snippet":"max-snippet:-1","max-image-preview":"max-image-preview:large","max-video-preview":"max-video-preview:-1"},"canonical":"https:\/\/www.mesvendanges.com\/fr\/boutique\/vins\/paolo-vin-sous-voile-mercati-dne-2007-75cl\/","og_locale":"fr_FR","og_type":"article","og_title":"PAOLO - VIN SOUS VOILE - Mes Vendanges","og_description":"Petit domaine de l&#8217;\u00eele de Zakintos (ou Zante), en Mer Ionienne,le domaine Mercarti produit des vins de voile \u00e9tonnants, \u00e0 partir des c\u00e9pages robola et pavlos pour la cuv\u00e9e Paolo. Bouteilles \u00e0 d\u00e9couvrir absolument pour les amateurs de vins \u00e0 caract\u00e8re oxydatif.","og_url":"https:\/\/www.mesvendanges.com\/fr\/boutique\/vins\/paolo-vin-sous-voile-mercati-dne-2007-75cl\/","og_site_name":"Mes Vendanges","article_modified_time":"2023-12-05T23:48:25+00:00","twitter_card":"summary_large_image","schema":{"@context":"https:\/\/schema.org","@graph":[{"@type":"Organization","@id":"https:\/\/www.mesvendanges.com\/en\/#organization","name":"Mes Vendanges","url":"https:\/\/www.mesvendanges.com\/en\/","sameAs":[],"logo":{"@type":"ImageObject","inLanguage":"fr-FR","@id":"https:\/\/www.mesvendanges.com\/en\/#\/schema\/logo\/image\/","url":"https:\/\/www.mesvendanges.com\/wp-content\/uploads\/2022\/02\/logo-mesvendanges.jpg","contentUrl":"https:\/\/www.mesvendanges.com\/wp-content\/uploads\/2022\/02\/logo-mesvendanges.jpg","width":851,"height":260,"caption":"Mes Vendanges"},"image":{"@id":"https:\/\/www.mesvendanges.com\/en\/#\/schema\/logo\/image\/"}},{"@type":"WebSite","@id":"https:\/\/www.mesvendanges.com\/en\/#website","url":"https:\/\/www.mesvendanges.com\/en\/","name":"Mes Vendanges","description":"Des journ\u00e9es enti\u00e8res dans les vignes","publisher":{"@id":"https:\/\/www.mesvendanges.com\/en\/#organization"},"potentialAction":[{"@type":"SearchAction","target":{"@type":"EntryPoint","urlTemplate":"https:\/\/www.mesvendanges.com\/en\/?s={search_term_string}"},"query-input":"required name=search_term_string"}],"inLanguage":"fr-FR"},{"@type":"WebPage","@id":"https:\/\/www.mesvendanges.com\/fr\/boutique\/vins\/paolo-vin-sous-voile-mercati-dne-2007-75cl\/","url":"https:\/\/www.mesvendanges.com\/fr\/boutique\/vins\/paolo-vin-sous-voile-mercati-dne-2007-75cl\/","name":"PAOLO - VIN SOUS VOILE - Mes Vendanges","isPartOf":{"@id":"https:\/\/www.mesvendanges.com\/en\/#website"},"datePublished":"2022-08-02T13:14:02+00:00","dateModified":"2023-12-05T23:48:25+00:00","breadcrumb":{"@id":"https:\/\/www.mesvendanges.com\/fr\/boutique\/vins\/paolo-vin-sous-voile-mercati-dne-2007-75cl\/#breadcrumb"},"inLanguage":"fr-FR","potentialAction":[{"@type":"ReadAction","target":["https:\/\/www.mesvendanges.com\/fr\/boutique\/vins\/paolo-vin-sous-voile-mercati-dne-2007-75cl\/"]}]},{"@type":"BreadcrumbList","@id":"https:\/\/www.mesvendanges.com\/fr\/boutique\/vins\/paolo-vin-sous-voile-mercati-dne-2007-75cl\/#breadcrumb","itemListElement":[{"@type":"ListItem","position":1,"name":"Accueil","item":"https:\/\/www.mesvendanges.com\/fr\/"},{"@type":"ListItem","position":2,"name":"Boutique","item":"https:\/\/www.mesvendanges.com\/fr\/boutique\/"},{"@type":"ListItem","position":3,"name":"PAOLO &#8211; VIN SOUS VOILE"}]}]}},"_links":{"self":[{"href":"https:\/\/www.mesvendanges.com\/fr\/wp-json\/wp\/v2\/product\/41703"}],"collection":[{"href":"https:\/\/www.mesvendanges.com\/fr\/wp-json\/wp\/v2\/product"}],"about":[{"href":"https:\/\/www.mesvendanges.com\/fr\/wp-json\/wp\/v2\/types\/product"}],"wp:attachment":[{"href":"https:\/\/www.mesvendanges.com\/fr\/wp-json\/wp\/v2\/media?parent=41703"}],"wp:term":[{"taxonomy":"product_cat","embeddable":true,"href":"https:\/\/www.mesvendanges.com\/fr\/wp-json\/wp\/v2\/product_cat?post=41703"},{"taxonomy":"product_tag","embeddable":true,"href":"https:\/\/www.mesvendanges.com\/fr\/wp-json\/wp\/v2\/product_tag?post=41703"}],"curies":[{"name":"wp","href":"https:\/\/api.w.org\/{rel}","templated":true}]}}