{"id":42673,"date":"2022-08-02T15:37:41","date_gmt":"2022-08-02T13:37:41","guid":{"rendered":"https:\/\/www.mesvendanges.com\/shop\/non%20class\u00e9\/les-zersilles-3\/"},"modified":"2025-01-13T11:57:45","modified_gmt":"2025-01-13T10:57:45","slug":"les-zersilles-baudouin-dne-patrick-2014-50cl","status":"publish","type":"product","link":"https:\/\/www.mesvendanges.com\/fr\/boutique\/vins\/les-zersilles-baudouin-dne-patrick-2014-50cl\/","title":{"rendered":"LES ZERSILLES"},"content":{"rendered":"<p>Un grand liquoreux sur ce terroir d&#8217;exception des Quarts de Chaume, le seul grand cru de la Loire. La cuv\u00e9e Zersilles est \u00e0 la fois lumineuse par ses parfums, l&#8217;\u00e9nergie de sa bouche, son caract\u00e8re mobile, mais elle est aussi complexe, profonde, avec un caract\u00e8re m\u00e9ditatif, tant les parfums, les saveurs nous font toujours aller au del\u00e0 de la premi\u00e8re impression, nous conduisent au coeur botrytis, au coeur de l&#8217;histoire des grands chenins liquoreux.<\/p>\n","protected":false},"excerpt":{"rendered":"<p>Un grand liquoreux sur ce terroir d&#8217;exception des Quarts de Chaume, le seul grand cru de la Loire. La cuv\u00e9e Zersilles est \u00e0 la fois lumineuse par ses parfums, l&#8217;\u00e9nergie de sa bouche, son caract\u00e8re mobile, mais elle est aussi complexe, profonde, avec un caract\u00e8re m\u00e9ditatif, tant les parfums, les saveurs nous font toujours aller [&hellip;]<\/p>\n","protected":false},"featured_media":21158,"template":"","meta":[],"product_cat":[3736],"product_tag":[],"acf":[],"yoast_head":"<!-- This site is optimized with the Yoast SEO plugin v19.3 - https:\/\/yoast.com\/wordpress\/plugins\/seo\/ -->\n<title>LES ZERSILLES - Mes Vendanges<\/title>\n<meta name=\"robots\" content=\"index, follow, max-snippet:-1, max-image-preview:large, max-video-preview:-1\" \/>\n<link rel=\"canonical\" href=\"https:\/\/www.mesvendanges.com\/fr\/boutique\/vins\/les-zersilles-baudouin-dne-patrick-2014-50cl\/\" \/>\n<meta property=\"og:locale\" content=\"fr_FR\" \/>\n<meta property=\"og:type\" content=\"article\" \/>\n<meta property=\"og:title\" content=\"LES ZERSILLES - Mes Vendanges\" \/>\n<meta property=\"og:description\" content=\"Un grand liquoreux sur ce terroir d&#8217;exception des Quarts de Chaume, le seul grand cru de la Loire. La cuv\u00e9e Zersilles est \u00e0 la fois lumineuse par ses parfums, l&#8217;\u00e9nergie de sa bouche, son caract\u00e8re mobile, mais elle est aussi complexe, profonde, avec un caract\u00e8re m\u00e9ditatif, tant les parfums, les saveurs nous font toujours aller [&hellip;]\" \/>\n<meta property=\"og:url\" content=\"https:\/\/www.mesvendanges.com\/fr\/boutique\/vins\/les-zersilles-baudouin-dne-patrick-2014-50cl\/\" \/>\n<meta property=\"og:site_name\" content=\"Mes Vendanges\" \/>\n<meta property=\"article:modified_time\" content=\"2025-01-13T10:57:45+00:00\" \/>\n<meta property=\"og:image\" content=\"https:\/\/www.mesvendanges.com\/wp-content\/uploads\/2022\/07\/domaine-patrick-baudouin-quarts-de-chaume-grand-cru-les-zerzilles-anjou-blanc-2014-50cl.png\" \/>\n\t<meta property=\"og:image:width\" content=\"600\" \/>\n\t<meta property=\"og:image:height\" content=\"1500\" \/>\n\t<meta property=\"og:image:type\" content=\"image\/png\" \/>\n<meta name=\"twitter:card\" content=\"summary_large_image\" \/>\n<script type=\"application\/ld+json\" class=\"yoast-schema-graph\">{\"@context\":\"https:\/\/schema.org\",\"@graph\":[{\"@type\":\"Organization\",\"@id\":\"https:\/\/www.mesvendanges.com\/en\/#organization\",\"name\":\"Mes Vendanges\",\"url\":\"https:\/\/www.mesvendanges.com\/en\/\",\"sameAs\":[],\"logo\":{\"@type\":\"ImageObject\",\"inLanguage\":\"fr-FR\",\"@id\":\"https:\/\/www.mesvendanges.com\/en\/#\/schema\/logo\/image\/\",\"url\":\"https:\/\/www.mesvendanges.com\/wp-content\/uploads\/2022\/02\/logo-mesvendanges.jpg\",\"contentUrl\":\"https:\/\/www.mesvendanges.com\/wp-content\/uploads\/2022\/02\/logo-mesvendanges.jpg\",\"width\":851,\"height\":260,\"caption\":\"Mes Vendanges\"},\"image\":{\"@id\":\"https:\/\/www.mesvendanges.com\/en\/#\/schema\/logo\/image\/\"}},{\"@type\":\"WebSite\",\"@id\":\"https:\/\/www.mesvendanges.com\/en\/#website\",\"url\":\"https:\/\/www.mesvendanges.com\/en\/\",\"name\":\"Mes Vendanges\",\"description\":\"Des journ\u00e9es enti\u00e8res dans les vignes\",\"publisher\":{\"@id\":\"https:\/\/www.mesvendanges.com\/en\/#organization\"},\"potentialAction\":[{\"@type\":\"SearchAction\",\"target\":{\"@type\":\"EntryPoint\",\"urlTemplate\":\"https:\/\/www.mesvendanges.com\/en\/?s={search_term_string}\"},\"query-input\":\"required name=search_term_string\"}],\"inLanguage\":\"fr-FR\"},{\"@type\":\"ImageObject\",\"inLanguage\":\"fr-FR\",\"@id\":\"https:\/\/www.mesvendanges.com\/fr\/boutique\/vins\/les-zersilles-baudouin-dne-patrick-2014-50cl\/#primaryimage\",\"url\":\"https:\/\/www.mesvendanges.com\/wp-content\/uploads\/2022\/07\/domaine-patrick-baudouin-quarts-de-chaume-grand-cru-les-zerzilles-anjou-blanc-2014-50cl.png\",\"contentUrl\":\"https:\/\/www.mesvendanges.com\/wp-content\/uploads\/2022\/07\/domaine-patrick-baudouin-quarts-de-chaume-grand-cru-les-zerzilles-anjou-blanc-2014-50cl.png\",\"width\":600,\"height\":1500},{\"@type\":\"WebPage\",\"@id\":\"https:\/\/www.mesvendanges.com\/fr\/boutique\/vins\/les-zersilles-baudouin-dne-patrick-2014-50cl\/\",\"url\":\"https:\/\/www.mesvendanges.com\/fr\/boutique\/vins\/les-zersilles-baudouin-dne-patrick-2014-50cl\/\",\"name\":\"LES ZERSILLES - Mes Vendanges\",\"isPartOf\":{\"@id\":\"https:\/\/www.mesvendanges.com\/en\/#website\"},\"primaryImageOfPage\":{\"@id\":\"https:\/\/www.mesvendanges.com\/fr\/boutique\/vins\/les-zersilles-baudouin-dne-patrick-2014-50cl\/#primaryimage\"},\"datePublished\":\"2022-08-02T13:37:41+00:00\",\"dateModified\":\"2025-01-13T10:57:45+00:00\",\"breadcrumb\":{\"@id\":\"https:\/\/www.mesvendanges.com\/fr\/boutique\/vins\/les-zersilles-baudouin-dne-patrick-2014-50cl\/#breadcrumb\"},\"inLanguage\":\"fr-FR\",\"potentialAction\":[{\"@type\":\"ReadAction\",\"target\":[\"https:\/\/www.mesvendanges.com\/fr\/boutique\/vins\/les-zersilles-baudouin-dne-patrick-2014-50cl\/\"]}]},{\"@type\":\"BreadcrumbList\",\"@id\":\"https:\/\/www.mesvendanges.com\/fr\/boutique\/vins\/les-zersilles-baudouin-dne-patrick-2014-50cl\/#breadcrumb\",\"itemListElement\":[{\"@type\":\"ListItem\",\"position\":1,\"name\":\"Accueil\",\"item\":\"https:\/\/www.mesvendanges.com\/fr\/\"},{\"@type\":\"ListItem\",\"position\":2,\"name\":\"Boutique\",\"item\":\"https:\/\/www.mesvendanges.com\/fr\/boutique\/\"},{\"@type\":\"ListItem\",\"position\":3,\"name\":\"LES ZERSILLES\"}]}]}<\/script>\n<!-- \/ Yoast SEO plugin. -->","yoast_head_json":{"title":"LES ZERSILLES - Mes Vendanges","robots":{"index":"index","follow":"follow","max-snippet":"max-snippet:-1","max-image-preview":"max-image-preview:large","max-video-preview":"max-video-preview:-1"},"canonical":"https:\/\/www.mesvendanges.com\/fr\/boutique\/vins\/les-zersilles-baudouin-dne-patrick-2014-50cl\/","og_locale":"fr_FR","og_type":"article","og_title":"LES ZERSILLES - Mes Vendanges","og_description":"Un grand liquoreux sur ce terroir d&#8217;exception des Quarts de Chaume, le seul grand cru de la Loire. La cuv\u00e9e Zersilles est \u00e0 la fois lumineuse par ses parfums, l&#8217;\u00e9nergie de sa bouche, son caract\u00e8re mobile, mais elle est aussi complexe, profonde, avec un caract\u00e8re m\u00e9ditatif, tant les parfums, les saveurs nous font toujours aller [&hellip;]","og_url":"https:\/\/www.mesvendanges.com\/fr\/boutique\/vins\/les-zersilles-baudouin-dne-patrick-2014-50cl\/","og_site_name":"Mes Vendanges","article_modified_time":"2025-01-13T10:57:45+00:00","og_image":[{"width":600,"height":1500,"url":"https:\/\/www.mesvendanges.com\/wp-content\/uploads\/2022\/07\/domaine-patrick-baudouin-quarts-de-chaume-grand-cru-les-zerzilles-anjou-blanc-2014-50cl.png","type":"image\/png"}],"twitter_card":"summary_large_image","schema":{"@context":"https:\/\/schema.org","@graph":[{"@type":"Organization","@id":"https:\/\/www.mesvendanges.com\/en\/#organization","name":"Mes Vendanges","url":"https:\/\/www.mesvendanges.com\/en\/","sameAs":[],"logo":{"@type":"ImageObject","inLanguage":"fr-FR","@id":"https:\/\/www.mesvendanges.com\/en\/#\/schema\/logo\/image\/","url":"https:\/\/www.mesvendanges.com\/wp-content\/uploads\/2022\/02\/logo-mesvendanges.jpg","contentUrl":"https:\/\/www.mesvendanges.com\/wp-content\/uploads\/2022\/02\/logo-mesvendanges.jpg","width":851,"height":260,"caption":"Mes Vendanges"},"image":{"@id":"https:\/\/www.mesvendanges.com\/en\/#\/schema\/logo\/image\/"}},{"@type":"WebSite","@id":"https:\/\/www.mesvendanges.com\/en\/#website","url":"https:\/\/www.mesvendanges.com\/en\/","name":"Mes Vendanges","description":"Des journ\u00e9es enti\u00e8res dans les vignes","publisher":{"@id":"https:\/\/www.mesvendanges.com\/en\/#organization"},"potentialAction":[{"@type":"SearchAction","target":{"@type":"EntryPoint","urlTemplate":"https:\/\/www.mesvendanges.com\/en\/?s={search_term_string}"},"query-input":"required name=search_term_string"}],"inLanguage":"fr-FR"},{"@type":"ImageObject","inLanguage":"fr-FR","@id":"https:\/\/www.mesvendanges.com\/fr\/boutique\/vins\/les-zersilles-baudouin-dne-patrick-2014-50cl\/#primaryimage","url":"https:\/\/www.mesvendanges.com\/wp-content\/uploads\/2022\/07\/domaine-patrick-baudouin-quarts-de-chaume-grand-cru-les-zerzilles-anjou-blanc-2014-50cl.png","contentUrl":"https:\/\/www.mesvendanges.com\/wp-content\/uploads\/2022\/07\/domaine-patrick-baudouin-quarts-de-chaume-grand-cru-les-zerzilles-anjou-blanc-2014-50cl.png","width":600,"height":1500},{"@type":"WebPage","@id":"https:\/\/www.mesvendanges.com\/fr\/boutique\/vins\/les-zersilles-baudouin-dne-patrick-2014-50cl\/","url":"https:\/\/www.mesvendanges.com\/fr\/boutique\/vins\/les-zersilles-baudouin-dne-patrick-2014-50cl\/","name":"LES ZERSILLES - Mes Vendanges","isPartOf":{"@id":"https:\/\/www.mesvendanges.com\/en\/#website"},"primaryImageOfPage":{"@id":"https:\/\/www.mesvendanges.com\/fr\/boutique\/vins\/les-zersilles-baudouin-dne-patrick-2014-50cl\/#primaryimage"},"datePublished":"2022-08-02T13:37:41+00:00","dateModified":"2025-01-13T10:57:45+00:00","breadcrumb":{"@id":"https:\/\/www.mesvendanges.com\/fr\/boutique\/vins\/les-zersilles-baudouin-dne-patrick-2014-50cl\/#breadcrumb"},"inLanguage":"fr-FR","potentialAction":[{"@type":"ReadAction","target":["https:\/\/www.mesvendanges.com\/fr\/boutique\/vins\/les-zersilles-baudouin-dne-patrick-2014-50cl\/"]}]},{"@type":"BreadcrumbList","@id":"https:\/\/www.mesvendanges.com\/fr\/boutique\/vins\/les-zersilles-baudouin-dne-patrick-2014-50cl\/#breadcrumb","itemListElement":[{"@type":"ListItem","position":1,"name":"Accueil","item":"https:\/\/www.mesvendanges.com\/fr\/"},{"@type":"ListItem","position":2,"name":"Boutique","item":"https:\/\/www.mesvendanges.com\/fr\/boutique\/"},{"@type":"ListItem","position":3,"name":"LES ZERSILLES"}]}]}},"_links":{"self":[{"href":"https:\/\/www.mesvendanges.com\/fr\/wp-json\/wp\/v2\/product\/42673"}],"collection":[{"href":"https:\/\/www.mesvendanges.com\/fr\/wp-json\/wp\/v2\/product"}],"about":[{"href":"https:\/\/www.mesvendanges.com\/fr\/wp-json\/wp\/v2\/types\/product"}],"wp:featuredmedia":[{"embeddable":true,"href":"https:\/\/www.mesvendanges.com\/fr\/wp-json\/wp\/v2\/media\/21158"}],"wp:attachment":[{"href":"https:\/\/www.mesvendanges.com\/fr\/wp-json\/wp\/v2\/media?parent=42673"}],"wp:term":[{"taxonomy":"product_cat","embeddable":true,"href":"https:\/\/www.mesvendanges.com\/fr\/wp-json\/wp\/v2\/product_cat?post=42673"},{"taxonomy":"product_tag","embeddable":true,"href":"https:\/\/www.mesvendanges.com\/fr\/wp-json\/wp\/v2\/product_tag?post=42673"}],"curies":[{"name":"wp","href":"https:\/\/api.w.org\/{rel}","templated":true}]}}