{"id":42733,"date":"2022-08-02T15:39:13","date_gmt":"2022-08-02T13:39:13","guid":{"rendered":"https:\/\/www.mesvendanges.com\/shop\/non%20class\u00e9\/chateauneuf-du-pape-rouge-137\/"},"modified":"2023-12-05T19:22:27","modified_gmt":"2023-12-05T18:22:27","slug":"chateauneuf-du-pape-rouge-giraud-dne-2016-75cl","status":"publish","type":"product","link":"https:\/\/www.mesvendanges.com\/fr\/boutique\/vins\/chateauneuf-du-pape-rouge-giraud-dne-2016-75cl\/","title":{"rendered":"CHATEAUNEUF DU PAPE ROUGE"},"content":{"rendered":"<p>Un tr\u00e8s beau ch\u00e2teauneuf &#8220;tradition&#8221;. Issu principalement de grenache, compl\u00e9t\u00e9 par de la syrah et du mourv\u00e8dre ce vin est \u00e0 la fois g\u00e9n\u00e9reux, expressif et en cela typique de l&#8217;appellation mais aussi d\u00f4t\u00e9 d&#8217;une finesse dans le touch\u00e9 de bouche qui en fait une vision plus contemporaine de Ch\u00e2teauneuf. Ici , les raisins \u00e9rafl\u00e9s \u00e0 100%, sont ensuite vinifi\u00e9s et \u00e9lev\u00e9s en cuves b\u00e9ton, \u00e9mail et inox, sauf pour la syrah qui passe quelques mois en vieilles barriques bordelaises. La mise a lieu apr\u00e8s 18 mois d&#8217;\u00e9levage.<br \/>\nLa recherche de la puret\u00e9 du fruit, de son \u00e9clat, est primordiales pour les Giraud, ce qui permet d&#8217;ailleurs de prendre beaucoup de plaisir avec leurs vins quand ils sont encore dans leur prime jeunesse.<\/p>\n","protected":false},"excerpt":{"rendered":"<p>Un tr\u00e8s beau ch\u00e2teauneuf &#8220;tradition&#8221;. Issu principalement de grenache, compl\u00e9t\u00e9 par de la syrah et du mourv\u00e8dre ce vin est \u00e0 la fois g\u00e9n\u00e9reux, expressif et en cela typique de l&#8217;appellation mais aussi d\u00f4t\u00e9 d&#8217;une finesse dans le touch\u00e9 de bouche qui en fait une vision plus contemporaine de Ch\u00e2teauneuf. Ici , les raisins \u00e9rafl\u00e9s [&hellip;]<\/p>\n","protected":false},"featured_media":70509,"template":"","meta":[],"product_cat":[3736],"product_tag":[],"acf":[],"yoast_head":"<!-- This site is optimized with the Yoast SEO plugin v19.3 - https:\/\/yoast.com\/wordpress\/plugins\/seo\/ -->\n<title>CHATEAUNEUF DU PAPE ROUGE - Mes Vendanges<\/title>\n<meta name=\"robots\" content=\"index, follow, max-snippet:-1, max-image-preview:large, max-video-preview:-1\" \/>\n<link rel=\"canonical\" href=\"https:\/\/www.mesvendanges.com\/fr\/boutique\/vins\/chateauneuf-du-pape-rouge-giraud-dne-2016-75cl\/\" \/>\n<meta property=\"og:locale\" content=\"fr_FR\" \/>\n<meta property=\"og:type\" content=\"article\" \/>\n<meta property=\"og:title\" content=\"CHATEAUNEUF DU PAPE ROUGE - Mes Vendanges\" \/>\n<meta property=\"og:description\" content=\"Un tr\u00e8s beau ch\u00e2teauneuf &#8220;tradition&#8221;. Issu principalement de grenache, compl\u00e9t\u00e9 par de la syrah et du mourv\u00e8dre ce vin est \u00e0 la fois g\u00e9n\u00e9reux, expressif et en cela typique de l&#8217;appellation mais aussi d\u00f4t\u00e9 d&#8217;une finesse dans le touch\u00e9 de bouche qui en fait une vision plus contemporaine de Ch\u00e2teauneuf. Ici , les raisins \u00e9rafl\u00e9s [&hellip;]\" \/>\n<meta property=\"og:url\" content=\"https:\/\/www.mesvendanges.com\/fr\/boutique\/vins\/chateauneuf-du-pape-rouge-giraud-dne-2016-75cl\/\" \/>\n<meta property=\"og:site_name\" content=\"Mes Vendanges\" \/>\n<meta property=\"article:modified_time\" content=\"2023-12-05T18:22:27+00:00\" \/>\n<meta property=\"og:image\" content=\"https:\/\/www.mesvendanges.com\/wp-content\/uploads\/2023\/12\/domaine-giraud-chateauneuf-du-pape-rouge-2016-png.png\" \/>\n\t<meta property=\"og:image:width\" content=\"450\" \/>\n\t<meta property=\"og:image:height\" content=\"1500\" \/>\n\t<meta property=\"og:image:type\" content=\"image\/png\" \/>\n<meta name=\"twitter:card\" content=\"summary_large_image\" \/>\n<meta name=\"twitter:label1\" content=\"Dur\u00e9e de lecture estim\u00e9e\" \/>\n\t<meta name=\"twitter:data1\" content=\"1 minute\" \/>\n<script type=\"application\/ld+json\" class=\"yoast-schema-graph\">{\"@context\":\"https:\/\/schema.org\",\"@graph\":[{\"@type\":\"Organization\",\"@id\":\"https:\/\/www.mesvendanges.com\/en\/#organization\",\"name\":\"Mes Vendanges\",\"url\":\"https:\/\/www.mesvendanges.com\/en\/\",\"sameAs\":[],\"logo\":{\"@type\":\"ImageObject\",\"inLanguage\":\"fr-FR\",\"@id\":\"https:\/\/www.mesvendanges.com\/en\/#\/schema\/logo\/image\/\",\"url\":\"https:\/\/www.mesvendanges.com\/wp-content\/uploads\/2022\/02\/logo-mesvendanges.jpg\",\"contentUrl\":\"https:\/\/www.mesvendanges.com\/wp-content\/uploads\/2022\/02\/logo-mesvendanges.jpg\",\"width\":851,\"height\":260,\"caption\":\"Mes Vendanges\"},\"image\":{\"@id\":\"https:\/\/www.mesvendanges.com\/en\/#\/schema\/logo\/image\/\"}},{\"@type\":\"WebSite\",\"@id\":\"https:\/\/www.mesvendanges.com\/en\/#website\",\"url\":\"https:\/\/www.mesvendanges.com\/en\/\",\"name\":\"Mes Vendanges\",\"description\":\"Des journ\u00e9es enti\u00e8res dans les vignes\",\"publisher\":{\"@id\":\"https:\/\/www.mesvendanges.com\/en\/#organization\"},\"potentialAction\":[{\"@type\":\"SearchAction\",\"target\":{\"@type\":\"EntryPoint\",\"urlTemplate\":\"https:\/\/www.mesvendanges.com\/en\/?s={search_term_string}\"},\"query-input\":\"required name=search_term_string\"}],\"inLanguage\":\"fr-FR\"},{\"@type\":\"ImageObject\",\"inLanguage\":\"fr-FR\",\"@id\":\"https:\/\/www.mesvendanges.com\/fr\/boutique\/vins\/chateauneuf-du-pape-rouge-giraud-dne-2016-75cl\/#primaryimage\",\"url\":\"https:\/\/www.mesvendanges.com\/wp-content\/uploads\/2023\/12\/domaine-giraud-chateauneuf-du-pape-rouge-2016-png.png\",\"contentUrl\":\"https:\/\/www.mesvendanges.com\/wp-content\/uploads\/2023\/12\/domaine-giraud-chateauneuf-du-pape-rouge-2016-png.png\",\"width\":450,\"height\":1500},{\"@type\":\"WebPage\",\"@id\":\"https:\/\/www.mesvendanges.com\/fr\/boutique\/vins\/chateauneuf-du-pape-rouge-giraud-dne-2016-75cl\/\",\"url\":\"https:\/\/www.mesvendanges.com\/fr\/boutique\/vins\/chateauneuf-du-pape-rouge-giraud-dne-2016-75cl\/\",\"name\":\"CHATEAUNEUF DU PAPE ROUGE - Mes Vendanges\",\"isPartOf\":{\"@id\":\"https:\/\/www.mesvendanges.com\/en\/#website\"},\"primaryImageOfPage\":{\"@id\":\"https:\/\/www.mesvendanges.com\/fr\/boutique\/vins\/chateauneuf-du-pape-rouge-giraud-dne-2016-75cl\/#primaryimage\"},\"datePublished\":\"2022-08-02T13:39:13+00:00\",\"dateModified\":\"2023-12-05T18:22:27+00:00\",\"breadcrumb\":{\"@id\":\"https:\/\/www.mesvendanges.com\/fr\/boutique\/vins\/chateauneuf-du-pape-rouge-giraud-dne-2016-75cl\/#breadcrumb\"},\"inLanguage\":\"fr-FR\",\"potentialAction\":[{\"@type\":\"ReadAction\",\"target\":[\"https:\/\/www.mesvendanges.com\/fr\/boutique\/vins\/chateauneuf-du-pape-rouge-giraud-dne-2016-75cl\/\"]}]},{\"@type\":\"BreadcrumbList\",\"@id\":\"https:\/\/www.mesvendanges.com\/fr\/boutique\/vins\/chateauneuf-du-pape-rouge-giraud-dne-2016-75cl\/#breadcrumb\",\"itemListElement\":[{\"@type\":\"ListItem\",\"position\":1,\"name\":\"Accueil\",\"item\":\"https:\/\/www.mesvendanges.com\/fr\/\"},{\"@type\":\"ListItem\",\"position\":2,\"name\":\"Boutique\",\"item\":\"https:\/\/www.mesvendanges.com\/fr\/boutique\/\"},{\"@type\":\"ListItem\",\"position\":3,\"name\":\"CHATEAUNEUF DU PAPE ROUGE\"}]}]}<\/script>\n<!-- \/ Yoast SEO plugin. -->","yoast_head_json":{"title":"CHATEAUNEUF DU PAPE ROUGE - Mes Vendanges","robots":{"index":"index","follow":"follow","max-snippet":"max-snippet:-1","max-image-preview":"max-image-preview:large","max-video-preview":"max-video-preview:-1"},"canonical":"https:\/\/www.mesvendanges.com\/fr\/boutique\/vins\/chateauneuf-du-pape-rouge-giraud-dne-2016-75cl\/","og_locale":"fr_FR","og_type":"article","og_title":"CHATEAUNEUF DU PAPE ROUGE - Mes Vendanges","og_description":"Un tr\u00e8s beau ch\u00e2teauneuf &#8220;tradition&#8221;. Issu principalement de grenache, compl\u00e9t\u00e9 par de la syrah et du mourv\u00e8dre ce vin est \u00e0 la fois g\u00e9n\u00e9reux, expressif et en cela typique de l&#8217;appellation mais aussi d\u00f4t\u00e9 d&#8217;une finesse dans le touch\u00e9 de bouche qui en fait une vision plus contemporaine de Ch\u00e2teauneuf. Ici , les raisins \u00e9rafl\u00e9s [&hellip;]","og_url":"https:\/\/www.mesvendanges.com\/fr\/boutique\/vins\/chateauneuf-du-pape-rouge-giraud-dne-2016-75cl\/","og_site_name":"Mes Vendanges","article_modified_time":"2023-12-05T18:22:27+00:00","og_image":[{"width":450,"height":1500,"url":"https:\/\/www.mesvendanges.com\/wp-content\/uploads\/2023\/12\/domaine-giraud-chateauneuf-du-pape-rouge-2016-png.png","type":"image\/png"}],"twitter_card":"summary_large_image","twitter_misc":{"Dur\u00e9e de lecture estim\u00e9e":"1 minute"},"schema":{"@context":"https:\/\/schema.org","@graph":[{"@type":"Organization","@id":"https:\/\/www.mesvendanges.com\/en\/#organization","name":"Mes Vendanges","url":"https:\/\/www.mesvendanges.com\/en\/","sameAs":[],"logo":{"@type":"ImageObject","inLanguage":"fr-FR","@id":"https:\/\/www.mesvendanges.com\/en\/#\/schema\/logo\/image\/","url":"https:\/\/www.mesvendanges.com\/wp-content\/uploads\/2022\/02\/logo-mesvendanges.jpg","contentUrl":"https:\/\/www.mesvendanges.com\/wp-content\/uploads\/2022\/02\/logo-mesvendanges.jpg","width":851,"height":260,"caption":"Mes Vendanges"},"image":{"@id":"https:\/\/www.mesvendanges.com\/en\/#\/schema\/logo\/image\/"}},{"@type":"WebSite","@id":"https:\/\/www.mesvendanges.com\/en\/#website","url":"https:\/\/www.mesvendanges.com\/en\/","name":"Mes Vendanges","description":"Des journ\u00e9es enti\u00e8res dans les vignes","publisher":{"@id":"https:\/\/www.mesvendanges.com\/en\/#organization"},"potentialAction":[{"@type":"SearchAction","target":{"@type":"EntryPoint","urlTemplate":"https:\/\/www.mesvendanges.com\/en\/?s={search_term_string}"},"query-input":"required name=search_term_string"}],"inLanguage":"fr-FR"},{"@type":"ImageObject","inLanguage":"fr-FR","@id":"https:\/\/www.mesvendanges.com\/fr\/boutique\/vins\/chateauneuf-du-pape-rouge-giraud-dne-2016-75cl\/#primaryimage","url":"https:\/\/www.mesvendanges.com\/wp-content\/uploads\/2023\/12\/domaine-giraud-chateauneuf-du-pape-rouge-2016-png.png","contentUrl":"https:\/\/www.mesvendanges.com\/wp-content\/uploads\/2023\/12\/domaine-giraud-chateauneuf-du-pape-rouge-2016-png.png","width":450,"height":1500},{"@type":"WebPage","@id":"https:\/\/www.mesvendanges.com\/fr\/boutique\/vins\/chateauneuf-du-pape-rouge-giraud-dne-2016-75cl\/","url":"https:\/\/www.mesvendanges.com\/fr\/boutique\/vins\/chateauneuf-du-pape-rouge-giraud-dne-2016-75cl\/","name":"CHATEAUNEUF DU PAPE ROUGE - Mes Vendanges","isPartOf":{"@id":"https:\/\/www.mesvendanges.com\/en\/#website"},"primaryImageOfPage":{"@id":"https:\/\/www.mesvendanges.com\/fr\/boutique\/vins\/chateauneuf-du-pape-rouge-giraud-dne-2016-75cl\/#primaryimage"},"datePublished":"2022-08-02T13:39:13+00:00","dateModified":"2023-12-05T18:22:27+00:00","breadcrumb":{"@id":"https:\/\/www.mesvendanges.com\/fr\/boutique\/vins\/chateauneuf-du-pape-rouge-giraud-dne-2016-75cl\/#breadcrumb"},"inLanguage":"fr-FR","potentialAction":[{"@type":"ReadAction","target":["https:\/\/www.mesvendanges.com\/fr\/boutique\/vins\/chateauneuf-du-pape-rouge-giraud-dne-2016-75cl\/"]}]},{"@type":"BreadcrumbList","@id":"https:\/\/www.mesvendanges.com\/fr\/boutique\/vins\/chateauneuf-du-pape-rouge-giraud-dne-2016-75cl\/#breadcrumb","itemListElement":[{"@type":"ListItem","position":1,"name":"Accueil","item":"https:\/\/www.mesvendanges.com\/fr\/"},{"@type":"ListItem","position":2,"name":"Boutique","item":"https:\/\/www.mesvendanges.com\/fr\/boutique\/"},{"@type":"ListItem","position":3,"name":"CHATEAUNEUF DU PAPE ROUGE"}]}]}},"_links":{"self":[{"href":"https:\/\/www.mesvendanges.com\/fr\/wp-json\/wp\/v2\/product\/42733"}],"collection":[{"href":"https:\/\/www.mesvendanges.com\/fr\/wp-json\/wp\/v2\/product"}],"about":[{"href":"https:\/\/www.mesvendanges.com\/fr\/wp-json\/wp\/v2\/types\/product"}],"wp:featuredmedia":[{"embeddable":true,"href":"https:\/\/www.mesvendanges.com\/fr\/wp-json\/wp\/v2\/media\/70509"}],"wp:attachment":[{"href":"https:\/\/www.mesvendanges.com\/fr\/wp-json\/wp\/v2\/media?parent=42733"}],"wp:term":[{"taxonomy":"product_cat","embeddable":true,"href":"https:\/\/www.mesvendanges.com\/fr\/wp-json\/wp\/v2\/product_cat?post=42733"},{"taxonomy":"product_tag","embeddable":true,"href":"https:\/\/www.mesvendanges.com\/fr\/wp-json\/wp\/v2\/product_tag?post=42733"}],"curies":[{"name":"wp","href":"https:\/\/api.w.org\/{rel}","templated":true}]}}