{"id":43119,"date":"2022-08-02T15:48:45","date_gmt":"2022-08-02T13:48:45","guid":{"rendered":"https:\/\/www.mesvendanges.com\/shop\/non%20class\u00e9\/chateauneuf-du-pape-magnum-3\/"},"modified":"2023-12-05T08:57:05","modified_gmt":"2023-12-05T07:57:05","slug":"chateauneuf-du-pape-magnum-barrot-dne-lucien-2016-150cl","status":"publish","type":"product","link":"https:\/\/www.mesvendanges.com\/fr\/boutique\/vins\/chateauneuf-du-pape-magnum-barrot-dne-lucien-2016-150cl\/","title":{"rendered":"CH\u00c2TEAUNEUF DU PAPE MAGNUM"},"content":{"rendered":"<p>Attention, grand mill\u00e9sime ! Voici une bouteille qui pourra rencontrer plusieurs d\u00e9cennies. Avec la densit\u00e9 propre des vins du domaine, ce 2016 est richement dot\u00e9, profond, \u00e9pic\u00e9, plein des senteurs du sud. Une bouteille authentique !<\/p>\n","protected":false},"excerpt":{"rendered":"<p>Attention, grand mill\u00e9sime ! Voici une bouteille qui pourra rencontrer plusieurs d\u00e9cennies. Avec la densit\u00e9 propre des vins du domaine, ce 2016 est richement dot\u00e9, profond, \u00e9pic\u00e9, plein des senteurs du sud. Une bouteille authentique !<\/p>\n","protected":false},"featured_media":68136,"template":"","meta":[],"product_cat":[3736],"product_tag":[],"acf":[],"yoast_head":"<!-- This site is optimized with the Yoast SEO plugin v19.3 - https:\/\/yoast.com\/wordpress\/plugins\/seo\/ -->\n<title>CH\u00c2TEAUNEUF DU PAPE MAGNUM - Mes Vendanges<\/title>\n<meta name=\"robots\" content=\"index, follow, max-snippet:-1, max-image-preview:large, max-video-preview:-1\" \/>\n<link rel=\"canonical\" href=\"https:\/\/www.mesvendanges.com\/fr\/boutique\/vins\/chateauneuf-du-pape-magnum-barrot-dne-lucien-2016-150cl\/\" \/>\n<meta property=\"og:locale\" content=\"fr_FR\" \/>\n<meta property=\"og:type\" content=\"article\" \/>\n<meta property=\"og:title\" content=\"CH\u00c2TEAUNEUF DU PAPE MAGNUM - Mes Vendanges\" \/>\n<meta property=\"og:description\" content=\"Attention, grand mill\u00e9sime ! Voici une bouteille qui pourra rencontrer plusieurs d\u00e9cennies. Avec la densit\u00e9 propre des vins du domaine, ce 2016 est richement dot\u00e9, profond, \u00e9pic\u00e9, plein des senteurs du sud. Une bouteille authentique !\" \/>\n<meta property=\"og:url\" content=\"https:\/\/www.mesvendanges.com\/fr\/boutique\/vins\/chateauneuf-du-pape-magnum-barrot-dne-lucien-2016-150cl\/\" \/>\n<meta property=\"og:site_name\" content=\"Mes Vendanges\" \/>\n<meta property=\"article:modified_time\" content=\"2023-12-05T07:57:05+00:00\" \/>\n<meta property=\"og:image\" content=\"https:\/\/www.mesvendanges.com\/wp-content\/uploads\/2023\/12\/lucien-barrot-chateauneuf-du-pape-rouge-2016-magnum-png.png\" \/>\n\t<meta property=\"og:image:width\" content=\"506\" \/>\n\t<meta property=\"og:image:height\" content=\"1500\" \/>\n\t<meta property=\"og:image:type\" content=\"image\/png\" \/>\n<meta name=\"twitter:card\" content=\"summary_large_image\" \/>\n<script type=\"application\/ld+json\" class=\"yoast-schema-graph\">{\"@context\":\"https:\/\/schema.org\",\"@graph\":[{\"@type\":\"Organization\",\"@id\":\"https:\/\/www.mesvendanges.com\/en\/#organization\",\"name\":\"Mes Vendanges\",\"url\":\"https:\/\/www.mesvendanges.com\/en\/\",\"sameAs\":[],\"logo\":{\"@type\":\"ImageObject\",\"inLanguage\":\"fr-FR\",\"@id\":\"https:\/\/www.mesvendanges.com\/en\/#\/schema\/logo\/image\/\",\"url\":\"https:\/\/www.mesvendanges.com\/wp-content\/uploads\/2022\/02\/logo-mesvendanges.jpg\",\"contentUrl\":\"https:\/\/www.mesvendanges.com\/wp-content\/uploads\/2022\/02\/logo-mesvendanges.jpg\",\"width\":851,\"height\":260,\"caption\":\"Mes Vendanges\"},\"image\":{\"@id\":\"https:\/\/www.mesvendanges.com\/en\/#\/schema\/logo\/image\/\"}},{\"@type\":\"WebSite\",\"@id\":\"https:\/\/www.mesvendanges.com\/en\/#website\",\"url\":\"https:\/\/www.mesvendanges.com\/en\/\",\"name\":\"Mes Vendanges\",\"description\":\"Des journ\u00e9es enti\u00e8res dans les vignes\",\"publisher\":{\"@id\":\"https:\/\/www.mesvendanges.com\/en\/#organization\"},\"potentialAction\":[{\"@type\":\"SearchAction\",\"target\":{\"@type\":\"EntryPoint\",\"urlTemplate\":\"https:\/\/www.mesvendanges.com\/en\/?s={search_term_string}\"},\"query-input\":\"required name=search_term_string\"}],\"inLanguage\":\"fr-FR\"},{\"@type\":\"ImageObject\",\"inLanguage\":\"fr-FR\",\"@id\":\"https:\/\/www.mesvendanges.com\/fr\/boutique\/vins\/chateauneuf-du-pape-magnum-barrot-dne-lucien-2016-150cl\/#primaryimage\",\"url\":\"https:\/\/www.mesvendanges.com\/wp-content\/uploads\/2023\/12\/lucien-barrot-chateauneuf-du-pape-rouge-2016-magnum-png.png\",\"contentUrl\":\"https:\/\/www.mesvendanges.com\/wp-content\/uploads\/2023\/12\/lucien-barrot-chateauneuf-du-pape-rouge-2016-magnum-png.png\",\"width\":506,\"height\":1500},{\"@type\":\"WebPage\",\"@id\":\"https:\/\/www.mesvendanges.com\/fr\/boutique\/vins\/chateauneuf-du-pape-magnum-barrot-dne-lucien-2016-150cl\/\",\"url\":\"https:\/\/www.mesvendanges.com\/fr\/boutique\/vins\/chateauneuf-du-pape-magnum-barrot-dne-lucien-2016-150cl\/\",\"name\":\"CH\u00c2TEAUNEUF DU PAPE MAGNUM - Mes Vendanges\",\"isPartOf\":{\"@id\":\"https:\/\/www.mesvendanges.com\/en\/#website\"},\"primaryImageOfPage\":{\"@id\":\"https:\/\/www.mesvendanges.com\/fr\/boutique\/vins\/chateauneuf-du-pape-magnum-barrot-dne-lucien-2016-150cl\/#primaryimage\"},\"datePublished\":\"2022-08-02T13:48:45+00:00\",\"dateModified\":\"2023-12-05T07:57:05+00:00\",\"breadcrumb\":{\"@id\":\"https:\/\/www.mesvendanges.com\/fr\/boutique\/vins\/chateauneuf-du-pape-magnum-barrot-dne-lucien-2016-150cl\/#breadcrumb\"},\"inLanguage\":\"fr-FR\",\"potentialAction\":[{\"@type\":\"ReadAction\",\"target\":[\"https:\/\/www.mesvendanges.com\/fr\/boutique\/vins\/chateauneuf-du-pape-magnum-barrot-dne-lucien-2016-150cl\/\"]}]},{\"@type\":\"BreadcrumbList\",\"@id\":\"https:\/\/www.mesvendanges.com\/fr\/boutique\/vins\/chateauneuf-du-pape-magnum-barrot-dne-lucien-2016-150cl\/#breadcrumb\",\"itemListElement\":[{\"@type\":\"ListItem\",\"position\":1,\"name\":\"Accueil\",\"item\":\"https:\/\/www.mesvendanges.com\/fr\/\"},{\"@type\":\"ListItem\",\"position\":2,\"name\":\"Boutique\",\"item\":\"https:\/\/www.mesvendanges.com\/fr\/boutique\/\"},{\"@type\":\"ListItem\",\"position\":3,\"name\":\"CH\u00c2TEAUNEUF DU PAPE MAGNUM\"}]}]}<\/script>\n<!-- \/ Yoast SEO plugin. -->","yoast_head_json":{"title":"CH\u00c2TEAUNEUF DU PAPE MAGNUM - Mes Vendanges","robots":{"index":"index","follow":"follow","max-snippet":"max-snippet:-1","max-image-preview":"max-image-preview:large","max-video-preview":"max-video-preview:-1"},"canonical":"https:\/\/www.mesvendanges.com\/fr\/boutique\/vins\/chateauneuf-du-pape-magnum-barrot-dne-lucien-2016-150cl\/","og_locale":"fr_FR","og_type":"article","og_title":"CH\u00c2TEAUNEUF DU PAPE MAGNUM - Mes Vendanges","og_description":"Attention, grand mill\u00e9sime ! Voici une bouteille qui pourra rencontrer plusieurs d\u00e9cennies. Avec la densit\u00e9 propre des vins du domaine, ce 2016 est richement dot\u00e9, profond, \u00e9pic\u00e9, plein des senteurs du sud. Une bouteille authentique !","og_url":"https:\/\/www.mesvendanges.com\/fr\/boutique\/vins\/chateauneuf-du-pape-magnum-barrot-dne-lucien-2016-150cl\/","og_site_name":"Mes Vendanges","article_modified_time":"2023-12-05T07:57:05+00:00","og_image":[{"width":506,"height":1500,"url":"https:\/\/www.mesvendanges.com\/wp-content\/uploads\/2023\/12\/lucien-barrot-chateauneuf-du-pape-rouge-2016-magnum-png.png","type":"image\/png"}],"twitter_card":"summary_large_image","schema":{"@context":"https:\/\/schema.org","@graph":[{"@type":"Organization","@id":"https:\/\/www.mesvendanges.com\/en\/#organization","name":"Mes Vendanges","url":"https:\/\/www.mesvendanges.com\/en\/","sameAs":[],"logo":{"@type":"ImageObject","inLanguage":"fr-FR","@id":"https:\/\/www.mesvendanges.com\/en\/#\/schema\/logo\/image\/","url":"https:\/\/www.mesvendanges.com\/wp-content\/uploads\/2022\/02\/logo-mesvendanges.jpg","contentUrl":"https:\/\/www.mesvendanges.com\/wp-content\/uploads\/2022\/02\/logo-mesvendanges.jpg","width":851,"height":260,"caption":"Mes Vendanges"},"image":{"@id":"https:\/\/www.mesvendanges.com\/en\/#\/schema\/logo\/image\/"}},{"@type":"WebSite","@id":"https:\/\/www.mesvendanges.com\/en\/#website","url":"https:\/\/www.mesvendanges.com\/en\/","name":"Mes Vendanges","description":"Des journ\u00e9es enti\u00e8res dans les vignes","publisher":{"@id":"https:\/\/www.mesvendanges.com\/en\/#organization"},"potentialAction":[{"@type":"SearchAction","target":{"@type":"EntryPoint","urlTemplate":"https:\/\/www.mesvendanges.com\/en\/?s={search_term_string}"},"query-input":"required name=search_term_string"}],"inLanguage":"fr-FR"},{"@type":"ImageObject","inLanguage":"fr-FR","@id":"https:\/\/www.mesvendanges.com\/fr\/boutique\/vins\/chateauneuf-du-pape-magnum-barrot-dne-lucien-2016-150cl\/#primaryimage","url":"https:\/\/www.mesvendanges.com\/wp-content\/uploads\/2023\/12\/lucien-barrot-chateauneuf-du-pape-rouge-2016-magnum-png.png","contentUrl":"https:\/\/www.mesvendanges.com\/wp-content\/uploads\/2023\/12\/lucien-barrot-chateauneuf-du-pape-rouge-2016-magnum-png.png","width":506,"height":1500},{"@type":"WebPage","@id":"https:\/\/www.mesvendanges.com\/fr\/boutique\/vins\/chateauneuf-du-pape-magnum-barrot-dne-lucien-2016-150cl\/","url":"https:\/\/www.mesvendanges.com\/fr\/boutique\/vins\/chateauneuf-du-pape-magnum-barrot-dne-lucien-2016-150cl\/","name":"CH\u00c2TEAUNEUF DU PAPE MAGNUM - Mes Vendanges","isPartOf":{"@id":"https:\/\/www.mesvendanges.com\/en\/#website"},"primaryImageOfPage":{"@id":"https:\/\/www.mesvendanges.com\/fr\/boutique\/vins\/chateauneuf-du-pape-magnum-barrot-dne-lucien-2016-150cl\/#primaryimage"},"datePublished":"2022-08-02T13:48:45+00:00","dateModified":"2023-12-05T07:57:05+00:00","breadcrumb":{"@id":"https:\/\/www.mesvendanges.com\/fr\/boutique\/vins\/chateauneuf-du-pape-magnum-barrot-dne-lucien-2016-150cl\/#breadcrumb"},"inLanguage":"fr-FR","potentialAction":[{"@type":"ReadAction","target":["https:\/\/www.mesvendanges.com\/fr\/boutique\/vins\/chateauneuf-du-pape-magnum-barrot-dne-lucien-2016-150cl\/"]}]},{"@type":"BreadcrumbList","@id":"https:\/\/www.mesvendanges.com\/fr\/boutique\/vins\/chateauneuf-du-pape-magnum-barrot-dne-lucien-2016-150cl\/#breadcrumb","itemListElement":[{"@type":"ListItem","position":1,"name":"Accueil","item":"https:\/\/www.mesvendanges.com\/fr\/"},{"@type":"ListItem","position":2,"name":"Boutique","item":"https:\/\/www.mesvendanges.com\/fr\/boutique\/"},{"@type":"ListItem","position":3,"name":"CH\u00c2TEAUNEUF DU PAPE MAGNUM"}]}]}},"_links":{"self":[{"href":"https:\/\/www.mesvendanges.com\/fr\/wp-json\/wp\/v2\/product\/43119"}],"collection":[{"href":"https:\/\/www.mesvendanges.com\/fr\/wp-json\/wp\/v2\/product"}],"about":[{"href":"https:\/\/www.mesvendanges.com\/fr\/wp-json\/wp\/v2\/types\/product"}],"wp:featuredmedia":[{"embeddable":true,"href":"https:\/\/www.mesvendanges.com\/fr\/wp-json\/wp\/v2\/media\/68136"}],"wp:attachment":[{"href":"https:\/\/www.mesvendanges.com\/fr\/wp-json\/wp\/v2\/media?parent=43119"}],"wp:term":[{"taxonomy":"product_cat","embeddable":true,"href":"https:\/\/www.mesvendanges.com\/fr\/wp-json\/wp\/v2\/product_cat?post=43119"},{"taxonomy":"product_tag","embeddable":true,"href":"https:\/\/www.mesvendanges.com\/fr\/wp-json\/wp\/v2\/product_tag?post=43119"}],"curies":[{"name":"wp","href":"https:\/\/api.w.org\/{rel}","templated":true}]}}