{"id":43135,"date":"2022-08-02T15:49:11","date_gmt":"2022-08-02T13:49:11","guid":{"rendered":"https:\/\/www.mesvendanges.com\/shop\/non%20class\u00e9\/la-cote-en-magnum-3\/"},"modified":"2023-12-06T06:24:59","modified_gmt":"2023-12-06T05:24:59","slug":"la-cote-en-magnum-tire-pe-ch-2015-150cl","status":"publish","type":"product","link":"https:\/\/www.mesvendanges.com\/fr\/boutique\/vins\/la-cote-en-magnum-tire-pe-ch-2015-150cl\/","title":{"rendered":"LA COTE en Magnum"},"content":{"rendered":"<p>Cette cuv\u00e9e \u00e9voque la Cote qui monte au domaine,&nbsp;sur laquelle&nbsp; les&nbsp;chevaux&nbsp;fatigu\u00e9es par une longue journ\u00e9e de labeur&nbsp;l\u00e2chaient&nbsp;le&nbsp;pet. Issu de rendements plus faibles que les autres cuv\u00e9es ( 35hl\/ha) et compos\u00e9 pour 60% de merlot et 40% de cabernet franc, cette cuv\u00e9e exprime plus particuli\u00e8rement le beau terroir de Tire P\u00e9. C&#8217;est un vin plus complexe, avec plus de personnalit\u00e9 et qui gagne beaucoup \u00e0 une longue garde. Pour autant les choix du domaine sont toujours pr\u00e9sents, pour notre plus grand bonheur : un beau fruit \u00e9clatant et de la fra\u00eecheur, on peut donc commencer la caisse d\u00e8s \u00e0 pr\u00e9sent.<\/p>\n<div><\/div>\n<div>Cuvaison de 3 \u00e0 4 semaines, puis \u00e9levage de 12 mois en barriques, suivi d&#8217;un affinage en cuve b\u00e9ton de 4 \u00e0 6 mois.<\/div>\n","protected":false},"excerpt":{"rendered":"<p>Cette cuv\u00e9e \u00e9voque la Cote qui monte au domaine,&nbsp;sur laquelle&nbsp; les&nbsp;chevaux&nbsp;fatigu\u00e9es par une longue journ\u00e9e de labeur&nbsp;l\u00e2chaient&nbsp;le&nbsp;pet. Issu de rendements plus faibles que les autres cuv\u00e9es ( 35hl\/ha) et compos\u00e9 pour 60% de merlot et 40% de cabernet franc, cette cuv\u00e9e exprime plus particuli\u00e8rement le beau terroir de Tire P\u00e9. C&#8217;est un vin plus complexe, [&hellip;]<\/p>\n","protected":false},"featured_media":0,"template":"","meta":[],"product_cat":[3736],"product_tag":[],"acf":[],"yoast_head":"<!-- This site is optimized with the Yoast SEO plugin v19.3 - https:\/\/yoast.com\/wordpress\/plugins\/seo\/ -->\n<title>LA COTE en Magnum - Mes Vendanges<\/title>\n<meta name=\"robots\" content=\"index, follow, max-snippet:-1, max-image-preview:large, max-video-preview:-1\" \/>\n<link rel=\"canonical\" href=\"https:\/\/www.mesvendanges.com\/fr\/boutique\/vins\/la-cote-en-magnum-tire-pe-ch-2015-150cl\/\" \/>\n<meta property=\"og:locale\" content=\"fr_FR\" \/>\n<meta property=\"og:type\" content=\"article\" \/>\n<meta property=\"og:title\" content=\"LA COTE en Magnum - Mes Vendanges\" \/>\n<meta property=\"og:description\" content=\"Cette cuv\u00e9e \u00e9voque la Cote qui monte au domaine,&nbsp;sur laquelle&nbsp; les&nbsp;chevaux&nbsp;fatigu\u00e9es par une longue journ\u00e9e de labeur&nbsp;l\u00e2chaient&nbsp;le&nbsp;pet. Issu de rendements plus faibles que les autres cuv\u00e9es ( 35hl\/ha) et compos\u00e9 pour 60% de merlot et 40% de cabernet franc, cette cuv\u00e9e exprime plus particuli\u00e8rement le beau terroir de Tire P\u00e9. C&#8217;est un vin plus complexe, [&hellip;]\" \/>\n<meta property=\"og:url\" content=\"https:\/\/www.mesvendanges.com\/fr\/boutique\/vins\/la-cote-en-magnum-tire-pe-ch-2015-150cl\/\" \/>\n<meta property=\"og:site_name\" content=\"Mes Vendanges\" \/>\n<meta property=\"article:modified_time\" content=\"2023-12-06T05:24:59+00:00\" \/>\n<meta name=\"twitter:card\" content=\"summary_large_image\" \/>\n<meta name=\"twitter:label1\" content=\"Dur\u00e9e de lecture estim\u00e9e\" \/>\n\t<meta name=\"twitter:data1\" content=\"1 minute\" \/>\n<script type=\"application\/ld+json\" class=\"yoast-schema-graph\">{\"@context\":\"https:\/\/schema.org\",\"@graph\":[{\"@type\":\"Organization\",\"@id\":\"https:\/\/www.mesvendanges.com\/en\/#organization\",\"name\":\"Mes Vendanges\",\"url\":\"https:\/\/www.mesvendanges.com\/en\/\",\"sameAs\":[],\"logo\":{\"@type\":\"ImageObject\",\"inLanguage\":\"fr-FR\",\"@id\":\"https:\/\/www.mesvendanges.com\/en\/#\/schema\/logo\/image\/\",\"url\":\"https:\/\/www.mesvendanges.com\/wp-content\/uploads\/2022\/02\/logo-mesvendanges.jpg\",\"contentUrl\":\"https:\/\/www.mesvendanges.com\/wp-content\/uploads\/2022\/02\/logo-mesvendanges.jpg\",\"width\":851,\"height\":260,\"caption\":\"Mes Vendanges\"},\"image\":{\"@id\":\"https:\/\/www.mesvendanges.com\/en\/#\/schema\/logo\/image\/\"}},{\"@type\":\"WebSite\",\"@id\":\"https:\/\/www.mesvendanges.com\/en\/#website\",\"url\":\"https:\/\/www.mesvendanges.com\/en\/\",\"name\":\"Mes Vendanges\",\"description\":\"Des journ\u00e9es enti\u00e8res dans les vignes\",\"publisher\":{\"@id\":\"https:\/\/www.mesvendanges.com\/en\/#organization\"},\"potentialAction\":[{\"@type\":\"SearchAction\",\"target\":{\"@type\":\"EntryPoint\",\"urlTemplate\":\"https:\/\/www.mesvendanges.com\/en\/?s={search_term_string}\"},\"query-input\":\"required name=search_term_string\"}],\"inLanguage\":\"fr-FR\"},{\"@type\":\"WebPage\",\"@id\":\"https:\/\/www.mesvendanges.com\/fr\/boutique\/vins\/la-cote-en-magnum-tire-pe-ch-2015-150cl\/\",\"url\":\"https:\/\/www.mesvendanges.com\/fr\/boutique\/vins\/la-cote-en-magnum-tire-pe-ch-2015-150cl\/\",\"name\":\"LA COTE en Magnum - Mes Vendanges\",\"isPartOf\":{\"@id\":\"https:\/\/www.mesvendanges.com\/en\/#website\"},\"datePublished\":\"2022-08-02T13:49:11+00:00\",\"dateModified\":\"2023-12-06T05:24:59+00:00\",\"breadcrumb\":{\"@id\":\"https:\/\/www.mesvendanges.com\/fr\/boutique\/vins\/la-cote-en-magnum-tire-pe-ch-2015-150cl\/#breadcrumb\"},\"inLanguage\":\"fr-FR\",\"potentialAction\":[{\"@type\":\"ReadAction\",\"target\":[\"https:\/\/www.mesvendanges.com\/fr\/boutique\/vins\/la-cote-en-magnum-tire-pe-ch-2015-150cl\/\"]}]},{\"@type\":\"BreadcrumbList\",\"@id\":\"https:\/\/www.mesvendanges.com\/fr\/boutique\/vins\/la-cote-en-magnum-tire-pe-ch-2015-150cl\/#breadcrumb\",\"itemListElement\":[{\"@type\":\"ListItem\",\"position\":1,\"name\":\"Accueil\",\"item\":\"https:\/\/www.mesvendanges.com\/fr\/\"},{\"@type\":\"ListItem\",\"position\":2,\"name\":\"Boutique\",\"item\":\"https:\/\/www.mesvendanges.com\/fr\/boutique\/\"},{\"@type\":\"ListItem\",\"position\":3,\"name\":\"LA COTE en Magnum\"}]}]}<\/script>\n<!-- \/ Yoast SEO plugin. -->","yoast_head_json":{"title":"LA COTE en Magnum - Mes Vendanges","robots":{"index":"index","follow":"follow","max-snippet":"max-snippet:-1","max-image-preview":"max-image-preview:large","max-video-preview":"max-video-preview:-1"},"canonical":"https:\/\/www.mesvendanges.com\/fr\/boutique\/vins\/la-cote-en-magnum-tire-pe-ch-2015-150cl\/","og_locale":"fr_FR","og_type":"article","og_title":"LA COTE en Magnum - Mes Vendanges","og_description":"Cette cuv\u00e9e \u00e9voque la Cote qui monte au domaine,&nbsp;sur laquelle&nbsp; les&nbsp;chevaux&nbsp;fatigu\u00e9es par une longue journ\u00e9e de labeur&nbsp;l\u00e2chaient&nbsp;le&nbsp;pet. Issu de rendements plus faibles que les autres cuv\u00e9es ( 35hl\/ha) et compos\u00e9 pour 60% de merlot et 40% de cabernet franc, cette cuv\u00e9e exprime plus particuli\u00e8rement le beau terroir de Tire P\u00e9. C&#8217;est un vin plus complexe, [&hellip;]","og_url":"https:\/\/www.mesvendanges.com\/fr\/boutique\/vins\/la-cote-en-magnum-tire-pe-ch-2015-150cl\/","og_site_name":"Mes Vendanges","article_modified_time":"2023-12-06T05:24:59+00:00","twitter_card":"summary_large_image","twitter_misc":{"Dur\u00e9e de lecture estim\u00e9e":"1 minute"},"schema":{"@context":"https:\/\/schema.org","@graph":[{"@type":"Organization","@id":"https:\/\/www.mesvendanges.com\/en\/#organization","name":"Mes Vendanges","url":"https:\/\/www.mesvendanges.com\/en\/","sameAs":[],"logo":{"@type":"ImageObject","inLanguage":"fr-FR","@id":"https:\/\/www.mesvendanges.com\/en\/#\/schema\/logo\/image\/","url":"https:\/\/www.mesvendanges.com\/wp-content\/uploads\/2022\/02\/logo-mesvendanges.jpg","contentUrl":"https:\/\/www.mesvendanges.com\/wp-content\/uploads\/2022\/02\/logo-mesvendanges.jpg","width":851,"height":260,"caption":"Mes Vendanges"},"image":{"@id":"https:\/\/www.mesvendanges.com\/en\/#\/schema\/logo\/image\/"}},{"@type":"WebSite","@id":"https:\/\/www.mesvendanges.com\/en\/#website","url":"https:\/\/www.mesvendanges.com\/en\/","name":"Mes Vendanges","description":"Des journ\u00e9es enti\u00e8res dans les vignes","publisher":{"@id":"https:\/\/www.mesvendanges.com\/en\/#organization"},"potentialAction":[{"@type":"SearchAction","target":{"@type":"EntryPoint","urlTemplate":"https:\/\/www.mesvendanges.com\/en\/?s={search_term_string}"},"query-input":"required name=search_term_string"}],"inLanguage":"fr-FR"},{"@type":"WebPage","@id":"https:\/\/www.mesvendanges.com\/fr\/boutique\/vins\/la-cote-en-magnum-tire-pe-ch-2015-150cl\/","url":"https:\/\/www.mesvendanges.com\/fr\/boutique\/vins\/la-cote-en-magnum-tire-pe-ch-2015-150cl\/","name":"LA COTE en Magnum - Mes Vendanges","isPartOf":{"@id":"https:\/\/www.mesvendanges.com\/en\/#website"},"datePublished":"2022-08-02T13:49:11+00:00","dateModified":"2023-12-06T05:24:59+00:00","breadcrumb":{"@id":"https:\/\/www.mesvendanges.com\/fr\/boutique\/vins\/la-cote-en-magnum-tire-pe-ch-2015-150cl\/#breadcrumb"},"inLanguage":"fr-FR","potentialAction":[{"@type":"ReadAction","target":["https:\/\/www.mesvendanges.com\/fr\/boutique\/vins\/la-cote-en-magnum-tire-pe-ch-2015-150cl\/"]}]},{"@type":"BreadcrumbList","@id":"https:\/\/www.mesvendanges.com\/fr\/boutique\/vins\/la-cote-en-magnum-tire-pe-ch-2015-150cl\/#breadcrumb","itemListElement":[{"@type":"ListItem","position":1,"name":"Accueil","item":"https:\/\/www.mesvendanges.com\/fr\/"},{"@type":"ListItem","position":2,"name":"Boutique","item":"https:\/\/www.mesvendanges.com\/fr\/boutique\/"},{"@type":"ListItem","position":3,"name":"LA COTE en Magnum"}]}]}},"_links":{"self":[{"href":"https:\/\/www.mesvendanges.com\/fr\/wp-json\/wp\/v2\/product\/43135"}],"collection":[{"href":"https:\/\/www.mesvendanges.com\/fr\/wp-json\/wp\/v2\/product"}],"about":[{"href":"https:\/\/www.mesvendanges.com\/fr\/wp-json\/wp\/v2\/types\/product"}],"wp:attachment":[{"href":"https:\/\/www.mesvendanges.com\/fr\/wp-json\/wp\/v2\/media?parent=43135"}],"wp:term":[{"taxonomy":"product_cat","embeddable":true,"href":"https:\/\/www.mesvendanges.com\/fr\/wp-json\/wp\/v2\/product_cat?post=43135"},{"taxonomy":"product_tag","embeddable":true,"href":"https:\/\/www.mesvendanges.com\/fr\/wp-json\/wp\/v2\/product_tag?post=43135"}],"curies":[{"name":"wp","href":"https:\/\/api.w.org\/{rel}","templated":true}]}}