{"id":43147,"date":"2022-08-02T15:49:29","date_gmt":"2022-08-02T13:49:29","guid":{"rendered":"https:\/\/www.mesvendanges.com\/shop\/non%20class\u00e9\/la-nomade-pineau-daunis\/"},"modified":"2023-12-06T06:25:04","modified_gmt":"2023-12-06T05:25:04","slug":"la-nomade-pineau-daunis-tire-pe-ch-2017-75cl","status":"publish","type":"product","link":"https:\/\/www.mesvendanges.com\/fr\/boutique\/vins\/la-nomade-pineau-daunis-tire-pe-ch-2017-75cl\/","title":{"rendered":"LA NOMADE (Pineau d&#8217;Aunis)"},"content":{"rendered":"<p>Attention, OVNI Bordelais et c&#8217;est dire tant il y a peu d&#8217;ovnis \u00e0 Bordeaux. il s&#8217;agit d&#8217;une cuv\u00e9e pur pineau d&#8217;Aunis, vinifi\u00e9 en amphore pendant 16 mois. Un c\u00e9page venu de loin mais qui a su trouver ses marques sur les coteaux du domaines, et surtout gr\u00e2ce aux bons soins de David Barrault. Avis aux amateurs de ce c\u00e9page si particulier, aux senteurs de bouquets anciens, de feuille de tabac, de poivre et de voyage.<\/p>\n","protected":false},"excerpt":{"rendered":"<p>Attention, OVNI Bordelais et c&#8217;est dire tant il y a peu d&#8217;ovnis \u00e0 Bordeaux. il s&#8217;agit d&#8217;une cuv\u00e9e pur pineau d&#8217;Aunis, vinifi\u00e9 en amphore pendant 16 mois. Un c\u00e9page venu de loin mais qui a su trouver ses marques sur les coteaux du domaines, et surtout gr\u00e2ce aux bons soins de David Barrault. Avis aux [&hellip;]<\/p>\n","protected":false},"featured_media":72463,"template":"","meta":[],"product_cat":[3736],"product_tag":[],"acf":[],"yoast_head":"<!-- This site is optimized with the Yoast SEO plugin v19.3 - https:\/\/yoast.com\/wordpress\/plugins\/seo\/ -->\n<title>LA NOMADE (Pineau d&#039;Aunis) - Mes Vendanges<\/title>\n<meta name=\"robots\" content=\"index, follow, max-snippet:-1, max-image-preview:large, max-video-preview:-1\" \/>\n<link rel=\"canonical\" href=\"https:\/\/www.mesvendanges.com\/fr\/boutique\/vins\/la-nomade-pineau-daunis-tire-pe-ch-2017-75cl\/\" \/>\n<meta property=\"og:locale\" content=\"fr_FR\" \/>\n<meta property=\"og:type\" content=\"article\" \/>\n<meta property=\"og:title\" content=\"LA NOMADE (Pineau d&#039;Aunis) - Mes Vendanges\" \/>\n<meta property=\"og:description\" content=\"Attention, OVNI Bordelais et c&#8217;est dire tant il y a peu d&#8217;ovnis \u00e0 Bordeaux. il s&#8217;agit d&#8217;une cuv\u00e9e pur pineau d&#8217;Aunis, vinifi\u00e9 en amphore pendant 16 mois. Un c\u00e9page venu de loin mais qui a su trouver ses marques sur les coteaux du domaines, et surtout gr\u00e2ce aux bons soins de David Barrault. Avis aux [&hellip;]\" \/>\n<meta property=\"og:url\" content=\"https:\/\/www.mesvendanges.com\/fr\/boutique\/vins\/la-nomade-pineau-daunis-tire-pe-ch-2017-75cl\/\" \/>\n<meta property=\"og:site_name\" content=\"Mes Vendanges\" \/>\n<meta property=\"article:modified_time\" content=\"2023-12-06T05:25:04+00:00\" \/>\n<meta property=\"og:image\" content=\"https:\/\/www.mesvendanges.com\/wp-content\/uploads\/2023\/12\/chateau-tire-pe-vin-de-france-la-nomade-2017-png.png\" \/>\n\t<meta property=\"og:image:width\" content=\"441\" \/>\n\t<meta property=\"og:image:height\" content=\"1500\" \/>\n\t<meta property=\"og:image:type\" content=\"image\/png\" \/>\n<meta name=\"twitter:card\" content=\"summary_large_image\" \/>\n<script type=\"application\/ld+json\" class=\"yoast-schema-graph\">{\"@context\":\"https:\/\/schema.org\",\"@graph\":[{\"@type\":\"Organization\",\"@id\":\"https:\/\/www.mesvendanges.com\/en\/#organization\",\"name\":\"Mes Vendanges\",\"url\":\"https:\/\/www.mesvendanges.com\/en\/\",\"sameAs\":[],\"logo\":{\"@type\":\"ImageObject\",\"inLanguage\":\"fr-FR\",\"@id\":\"https:\/\/www.mesvendanges.com\/en\/#\/schema\/logo\/image\/\",\"url\":\"https:\/\/www.mesvendanges.com\/wp-content\/uploads\/2022\/02\/logo-mesvendanges.jpg\",\"contentUrl\":\"https:\/\/www.mesvendanges.com\/wp-content\/uploads\/2022\/02\/logo-mesvendanges.jpg\",\"width\":851,\"height\":260,\"caption\":\"Mes Vendanges\"},\"image\":{\"@id\":\"https:\/\/www.mesvendanges.com\/en\/#\/schema\/logo\/image\/\"}},{\"@type\":\"WebSite\",\"@id\":\"https:\/\/www.mesvendanges.com\/en\/#website\",\"url\":\"https:\/\/www.mesvendanges.com\/en\/\",\"name\":\"Mes Vendanges\",\"description\":\"Des journ\u00e9es enti\u00e8res dans les vignes\",\"publisher\":{\"@id\":\"https:\/\/www.mesvendanges.com\/en\/#organization\"},\"potentialAction\":[{\"@type\":\"SearchAction\",\"target\":{\"@type\":\"EntryPoint\",\"urlTemplate\":\"https:\/\/www.mesvendanges.com\/en\/?s={search_term_string}\"},\"query-input\":\"required name=search_term_string\"}],\"inLanguage\":\"fr-FR\"},{\"@type\":\"ImageObject\",\"inLanguage\":\"fr-FR\",\"@id\":\"https:\/\/www.mesvendanges.com\/fr\/boutique\/vins\/la-nomade-pineau-daunis-tire-pe-ch-2017-75cl\/#primaryimage\",\"url\":\"https:\/\/www.mesvendanges.com\/wp-content\/uploads\/2023\/12\/chateau-tire-pe-vin-de-france-la-nomade-2017-png.png\",\"contentUrl\":\"https:\/\/www.mesvendanges.com\/wp-content\/uploads\/2023\/12\/chateau-tire-pe-vin-de-france-la-nomade-2017-png.png\",\"width\":441,\"height\":1500},{\"@type\":\"WebPage\",\"@id\":\"https:\/\/www.mesvendanges.com\/fr\/boutique\/vins\/la-nomade-pineau-daunis-tire-pe-ch-2017-75cl\/\",\"url\":\"https:\/\/www.mesvendanges.com\/fr\/boutique\/vins\/la-nomade-pineau-daunis-tire-pe-ch-2017-75cl\/\",\"name\":\"LA NOMADE (Pineau d'Aunis) - Mes Vendanges\",\"isPartOf\":{\"@id\":\"https:\/\/www.mesvendanges.com\/en\/#website\"},\"primaryImageOfPage\":{\"@id\":\"https:\/\/www.mesvendanges.com\/fr\/boutique\/vins\/la-nomade-pineau-daunis-tire-pe-ch-2017-75cl\/#primaryimage\"},\"datePublished\":\"2022-08-02T13:49:29+00:00\",\"dateModified\":\"2023-12-06T05:25:04+00:00\",\"breadcrumb\":{\"@id\":\"https:\/\/www.mesvendanges.com\/fr\/boutique\/vins\/la-nomade-pineau-daunis-tire-pe-ch-2017-75cl\/#breadcrumb\"},\"inLanguage\":\"fr-FR\",\"potentialAction\":[{\"@type\":\"ReadAction\",\"target\":[\"https:\/\/www.mesvendanges.com\/fr\/boutique\/vins\/la-nomade-pineau-daunis-tire-pe-ch-2017-75cl\/\"]}]},{\"@type\":\"BreadcrumbList\",\"@id\":\"https:\/\/www.mesvendanges.com\/fr\/boutique\/vins\/la-nomade-pineau-daunis-tire-pe-ch-2017-75cl\/#breadcrumb\",\"itemListElement\":[{\"@type\":\"ListItem\",\"position\":1,\"name\":\"Accueil\",\"item\":\"https:\/\/www.mesvendanges.com\/fr\/\"},{\"@type\":\"ListItem\",\"position\":2,\"name\":\"Boutique\",\"item\":\"https:\/\/www.mesvendanges.com\/fr\/boutique\/\"},{\"@type\":\"ListItem\",\"position\":3,\"name\":\"LA NOMADE (Pineau d&#8217;Aunis)\"}]}]}<\/script>\n<!-- \/ Yoast SEO plugin. -->","yoast_head_json":{"title":"LA NOMADE (Pineau d'Aunis) - Mes Vendanges","robots":{"index":"index","follow":"follow","max-snippet":"max-snippet:-1","max-image-preview":"max-image-preview:large","max-video-preview":"max-video-preview:-1"},"canonical":"https:\/\/www.mesvendanges.com\/fr\/boutique\/vins\/la-nomade-pineau-daunis-tire-pe-ch-2017-75cl\/","og_locale":"fr_FR","og_type":"article","og_title":"LA NOMADE (Pineau d'Aunis) - Mes Vendanges","og_description":"Attention, OVNI Bordelais et c&#8217;est dire tant il y a peu d&#8217;ovnis \u00e0 Bordeaux. il s&#8217;agit d&#8217;une cuv\u00e9e pur pineau d&#8217;Aunis, vinifi\u00e9 en amphore pendant 16 mois. Un c\u00e9page venu de loin mais qui a su trouver ses marques sur les coteaux du domaines, et surtout gr\u00e2ce aux bons soins de David Barrault. Avis aux [&hellip;]","og_url":"https:\/\/www.mesvendanges.com\/fr\/boutique\/vins\/la-nomade-pineau-daunis-tire-pe-ch-2017-75cl\/","og_site_name":"Mes Vendanges","article_modified_time":"2023-12-06T05:25:04+00:00","og_image":[{"width":441,"height":1500,"url":"https:\/\/www.mesvendanges.com\/wp-content\/uploads\/2023\/12\/chateau-tire-pe-vin-de-france-la-nomade-2017-png.png","type":"image\/png"}],"twitter_card":"summary_large_image","schema":{"@context":"https:\/\/schema.org","@graph":[{"@type":"Organization","@id":"https:\/\/www.mesvendanges.com\/en\/#organization","name":"Mes Vendanges","url":"https:\/\/www.mesvendanges.com\/en\/","sameAs":[],"logo":{"@type":"ImageObject","inLanguage":"fr-FR","@id":"https:\/\/www.mesvendanges.com\/en\/#\/schema\/logo\/image\/","url":"https:\/\/www.mesvendanges.com\/wp-content\/uploads\/2022\/02\/logo-mesvendanges.jpg","contentUrl":"https:\/\/www.mesvendanges.com\/wp-content\/uploads\/2022\/02\/logo-mesvendanges.jpg","width":851,"height":260,"caption":"Mes Vendanges"},"image":{"@id":"https:\/\/www.mesvendanges.com\/en\/#\/schema\/logo\/image\/"}},{"@type":"WebSite","@id":"https:\/\/www.mesvendanges.com\/en\/#website","url":"https:\/\/www.mesvendanges.com\/en\/","name":"Mes Vendanges","description":"Des journ\u00e9es enti\u00e8res dans les vignes","publisher":{"@id":"https:\/\/www.mesvendanges.com\/en\/#organization"},"potentialAction":[{"@type":"SearchAction","target":{"@type":"EntryPoint","urlTemplate":"https:\/\/www.mesvendanges.com\/en\/?s={search_term_string}"},"query-input":"required name=search_term_string"}],"inLanguage":"fr-FR"},{"@type":"ImageObject","inLanguage":"fr-FR","@id":"https:\/\/www.mesvendanges.com\/fr\/boutique\/vins\/la-nomade-pineau-daunis-tire-pe-ch-2017-75cl\/#primaryimage","url":"https:\/\/www.mesvendanges.com\/wp-content\/uploads\/2023\/12\/chateau-tire-pe-vin-de-france-la-nomade-2017-png.png","contentUrl":"https:\/\/www.mesvendanges.com\/wp-content\/uploads\/2023\/12\/chateau-tire-pe-vin-de-france-la-nomade-2017-png.png","width":441,"height":1500},{"@type":"WebPage","@id":"https:\/\/www.mesvendanges.com\/fr\/boutique\/vins\/la-nomade-pineau-daunis-tire-pe-ch-2017-75cl\/","url":"https:\/\/www.mesvendanges.com\/fr\/boutique\/vins\/la-nomade-pineau-daunis-tire-pe-ch-2017-75cl\/","name":"LA NOMADE (Pineau d'Aunis) - Mes Vendanges","isPartOf":{"@id":"https:\/\/www.mesvendanges.com\/en\/#website"},"primaryImageOfPage":{"@id":"https:\/\/www.mesvendanges.com\/fr\/boutique\/vins\/la-nomade-pineau-daunis-tire-pe-ch-2017-75cl\/#primaryimage"},"datePublished":"2022-08-02T13:49:29+00:00","dateModified":"2023-12-06T05:25:04+00:00","breadcrumb":{"@id":"https:\/\/www.mesvendanges.com\/fr\/boutique\/vins\/la-nomade-pineau-daunis-tire-pe-ch-2017-75cl\/#breadcrumb"},"inLanguage":"fr-FR","potentialAction":[{"@type":"ReadAction","target":["https:\/\/www.mesvendanges.com\/fr\/boutique\/vins\/la-nomade-pineau-daunis-tire-pe-ch-2017-75cl\/"]}]},{"@type":"BreadcrumbList","@id":"https:\/\/www.mesvendanges.com\/fr\/boutique\/vins\/la-nomade-pineau-daunis-tire-pe-ch-2017-75cl\/#breadcrumb","itemListElement":[{"@type":"ListItem","position":1,"name":"Accueil","item":"https:\/\/www.mesvendanges.com\/fr\/"},{"@type":"ListItem","position":2,"name":"Boutique","item":"https:\/\/www.mesvendanges.com\/fr\/boutique\/"},{"@type":"ListItem","position":3,"name":"LA NOMADE (Pineau d&#8217;Aunis)"}]}]}},"_links":{"self":[{"href":"https:\/\/www.mesvendanges.com\/fr\/wp-json\/wp\/v2\/product\/43147"}],"collection":[{"href":"https:\/\/www.mesvendanges.com\/fr\/wp-json\/wp\/v2\/product"}],"about":[{"href":"https:\/\/www.mesvendanges.com\/fr\/wp-json\/wp\/v2\/types\/product"}],"wp:featuredmedia":[{"embeddable":true,"href":"https:\/\/www.mesvendanges.com\/fr\/wp-json\/wp\/v2\/media\/72463"}],"wp:attachment":[{"href":"https:\/\/www.mesvendanges.com\/fr\/wp-json\/wp\/v2\/media?parent=43147"}],"wp:term":[{"taxonomy":"product_cat","embeddable":true,"href":"https:\/\/www.mesvendanges.com\/fr\/wp-json\/wp\/v2\/product_cat?post=43147"},{"taxonomy":"product_tag","embeddable":true,"href":"https:\/\/www.mesvendanges.com\/fr\/wp-json\/wp\/v2\/product_tag?post=43147"}],"curies":[{"name":"wp","href":"https:\/\/api.w.org\/{rel}","templated":true}]}}