{"id":43191,"date":"2022-08-02T15:50:40","date_gmt":"2022-08-02T13:50:40","guid":{"rendered":"https:\/\/www.mesvendanges.com\/shop\/non%20class\u00e9\/cotes-du-rhone-rose-2\/"},"modified":"2023-12-06T06:53:03","modified_gmt":"2023-12-06T05:53:03","slug":"cotes-du-rhone-rose-trapadis-dne-du-2017-75cl","status":"publish","type":"product","link":"https:\/\/www.mesvendanges.com\/fr\/boutique\/vins\/cotes-du-rhone-rose-trapadis-dne-du-2017-75cl\/","title":{"rendered":"C\u00d4TES DU RH\u00d4NE ROSE"},"content":{"rendered":"<p>Le Ros\u00e9 du domaine de Trapadis ! A l&#8217;image des vins du domaine, ce ros\u00e9 conserve de la fraicheur et de la finesse. La bouche est charnue, parfum\u00e9e, de belle longueur. Un \u00e9levage en barrique lui apporte un beau volume et en fait un parfait ros\u00e9 de gastronomie.<br \/>\nLe domaine du Trapadis est en agriculture biologique certifi\u00e9e<\/p>\n","protected":false},"excerpt":{"rendered":"<p>Le Ros\u00e9 du domaine de Trapadis ! A l&#8217;image des vins du domaine, ce ros\u00e9 conserve de la fraicheur et de la finesse. La bouche est charnue, parfum\u00e9e, de belle longueur. Un \u00e9levage en barrique lui apporte un beau volume et en fait un parfait ros\u00e9 de gastronomie. Le domaine du Trapadis est en agriculture [&hellip;]<\/p>\n","protected":false},"featured_media":0,"template":"","meta":[],"product_cat":[3736],"product_tag":[],"acf":[],"yoast_head":"<!-- This site is optimized with the Yoast SEO plugin v19.3 - https:\/\/yoast.com\/wordpress\/plugins\/seo\/ -->\n<title>C\u00d4TES DU RH\u00d4NE ROSE - Mes Vendanges<\/title>\n<meta name=\"robots\" content=\"index, follow, max-snippet:-1, max-image-preview:large, max-video-preview:-1\" \/>\n<link rel=\"canonical\" href=\"https:\/\/www.mesvendanges.com\/fr\/boutique\/vins\/cotes-du-rhone-rose-trapadis-dne-du-2017-75cl\/\" \/>\n<meta property=\"og:locale\" content=\"fr_FR\" \/>\n<meta property=\"og:type\" content=\"article\" \/>\n<meta property=\"og:title\" content=\"C\u00d4TES DU RH\u00d4NE ROSE - Mes Vendanges\" \/>\n<meta property=\"og:description\" content=\"Le Ros\u00e9 du domaine de Trapadis ! A l&#8217;image des vins du domaine, ce ros\u00e9 conserve de la fraicheur et de la finesse. La bouche est charnue, parfum\u00e9e, de belle longueur. Un \u00e9levage en barrique lui apporte un beau volume et en fait un parfait ros\u00e9 de gastronomie. Le domaine du Trapadis est en agriculture [&hellip;]\" \/>\n<meta property=\"og:url\" content=\"https:\/\/www.mesvendanges.com\/fr\/boutique\/vins\/cotes-du-rhone-rose-trapadis-dne-du-2017-75cl\/\" \/>\n<meta property=\"og:site_name\" content=\"Mes Vendanges\" \/>\n<meta property=\"article:modified_time\" content=\"2023-12-06T05:53:03+00:00\" \/>\n<meta name=\"twitter:card\" content=\"summary_large_image\" \/>\n<script type=\"application\/ld+json\" class=\"yoast-schema-graph\">{\"@context\":\"https:\/\/schema.org\",\"@graph\":[{\"@type\":\"Organization\",\"@id\":\"https:\/\/www.mesvendanges.com\/en\/#organization\",\"name\":\"Mes Vendanges\",\"url\":\"https:\/\/www.mesvendanges.com\/en\/\",\"sameAs\":[],\"logo\":{\"@type\":\"ImageObject\",\"inLanguage\":\"fr-FR\",\"@id\":\"https:\/\/www.mesvendanges.com\/en\/#\/schema\/logo\/image\/\",\"url\":\"https:\/\/www.mesvendanges.com\/wp-content\/uploads\/2022\/02\/logo-mesvendanges.jpg\",\"contentUrl\":\"https:\/\/www.mesvendanges.com\/wp-content\/uploads\/2022\/02\/logo-mesvendanges.jpg\",\"width\":851,\"height\":260,\"caption\":\"Mes Vendanges\"},\"image\":{\"@id\":\"https:\/\/www.mesvendanges.com\/en\/#\/schema\/logo\/image\/\"}},{\"@type\":\"WebSite\",\"@id\":\"https:\/\/www.mesvendanges.com\/en\/#website\",\"url\":\"https:\/\/www.mesvendanges.com\/en\/\",\"name\":\"Mes Vendanges\",\"description\":\"Des journ\u00e9es enti\u00e8res dans les vignes\",\"publisher\":{\"@id\":\"https:\/\/www.mesvendanges.com\/en\/#organization\"},\"potentialAction\":[{\"@type\":\"SearchAction\",\"target\":{\"@type\":\"EntryPoint\",\"urlTemplate\":\"https:\/\/www.mesvendanges.com\/en\/?s={search_term_string}\"},\"query-input\":\"required name=search_term_string\"}],\"inLanguage\":\"fr-FR\"},{\"@type\":\"WebPage\",\"@id\":\"https:\/\/www.mesvendanges.com\/fr\/boutique\/vins\/cotes-du-rhone-rose-trapadis-dne-du-2017-75cl\/\",\"url\":\"https:\/\/www.mesvendanges.com\/fr\/boutique\/vins\/cotes-du-rhone-rose-trapadis-dne-du-2017-75cl\/\",\"name\":\"C\u00d4TES DU RH\u00d4NE ROSE - Mes Vendanges\",\"isPartOf\":{\"@id\":\"https:\/\/www.mesvendanges.com\/en\/#website\"},\"datePublished\":\"2022-08-02T13:50:40+00:00\",\"dateModified\":\"2023-12-06T05:53:03+00:00\",\"breadcrumb\":{\"@id\":\"https:\/\/www.mesvendanges.com\/fr\/boutique\/vins\/cotes-du-rhone-rose-trapadis-dne-du-2017-75cl\/#breadcrumb\"},\"inLanguage\":\"fr-FR\",\"potentialAction\":[{\"@type\":\"ReadAction\",\"target\":[\"https:\/\/www.mesvendanges.com\/fr\/boutique\/vins\/cotes-du-rhone-rose-trapadis-dne-du-2017-75cl\/\"]}]},{\"@type\":\"BreadcrumbList\",\"@id\":\"https:\/\/www.mesvendanges.com\/fr\/boutique\/vins\/cotes-du-rhone-rose-trapadis-dne-du-2017-75cl\/#breadcrumb\",\"itemListElement\":[{\"@type\":\"ListItem\",\"position\":1,\"name\":\"Accueil\",\"item\":\"https:\/\/www.mesvendanges.com\/fr\/\"},{\"@type\":\"ListItem\",\"position\":2,\"name\":\"Boutique\",\"item\":\"https:\/\/www.mesvendanges.com\/fr\/boutique\/\"},{\"@type\":\"ListItem\",\"position\":3,\"name\":\"C\u00d4TES DU RH\u00d4NE ROSE\"}]}]}<\/script>\n<!-- \/ Yoast SEO plugin. -->","yoast_head_json":{"title":"C\u00d4TES DU RH\u00d4NE ROSE - Mes Vendanges","robots":{"index":"index","follow":"follow","max-snippet":"max-snippet:-1","max-image-preview":"max-image-preview:large","max-video-preview":"max-video-preview:-1"},"canonical":"https:\/\/www.mesvendanges.com\/fr\/boutique\/vins\/cotes-du-rhone-rose-trapadis-dne-du-2017-75cl\/","og_locale":"fr_FR","og_type":"article","og_title":"C\u00d4TES DU RH\u00d4NE ROSE - Mes Vendanges","og_description":"Le Ros\u00e9 du domaine de Trapadis ! A l&#8217;image des vins du domaine, ce ros\u00e9 conserve de la fraicheur et de la finesse. La bouche est charnue, parfum\u00e9e, de belle longueur. Un \u00e9levage en barrique lui apporte un beau volume et en fait un parfait ros\u00e9 de gastronomie. Le domaine du Trapadis est en agriculture [&hellip;]","og_url":"https:\/\/www.mesvendanges.com\/fr\/boutique\/vins\/cotes-du-rhone-rose-trapadis-dne-du-2017-75cl\/","og_site_name":"Mes Vendanges","article_modified_time":"2023-12-06T05:53:03+00:00","twitter_card":"summary_large_image","schema":{"@context":"https:\/\/schema.org","@graph":[{"@type":"Organization","@id":"https:\/\/www.mesvendanges.com\/en\/#organization","name":"Mes Vendanges","url":"https:\/\/www.mesvendanges.com\/en\/","sameAs":[],"logo":{"@type":"ImageObject","inLanguage":"fr-FR","@id":"https:\/\/www.mesvendanges.com\/en\/#\/schema\/logo\/image\/","url":"https:\/\/www.mesvendanges.com\/wp-content\/uploads\/2022\/02\/logo-mesvendanges.jpg","contentUrl":"https:\/\/www.mesvendanges.com\/wp-content\/uploads\/2022\/02\/logo-mesvendanges.jpg","width":851,"height":260,"caption":"Mes Vendanges"},"image":{"@id":"https:\/\/www.mesvendanges.com\/en\/#\/schema\/logo\/image\/"}},{"@type":"WebSite","@id":"https:\/\/www.mesvendanges.com\/en\/#website","url":"https:\/\/www.mesvendanges.com\/en\/","name":"Mes Vendanges","description":"Des journ\u00e9es enti\u00e8res dans les vignes","publisher":{"@id":"https:\/\/www.mesvendanges.com\/en\/#organization"},"potentialAction":[{"@type":"SearchAction","target":{"@type":"EntryPoint","urlTemplate":"https:\/\/www.mesvendanges.com\/en\/?s={search_term_string}"},"query-input":"required name=search_term_string"}],"inLanguage":"fr-FR"},{"@type":"WebPage","@id":"https:\/\/www.mesvendanges.com\/fr\/boutique\/vins\/cotes-du-rhone-rose-trapadis-dne-du-2017-75cl\/","url":"https:\/\/www.mesvendanges.com\/fr\/boutique\/vins\/cotes-du-rhone-rose-trapadis-dne-du-2017-75cl\/","name":"C\u00d4TES DU RH\u00d4NE ROSE - Mes Vendanges","isPartOf":{"@id":"https:\/\/www.mesvendanges.com\/en\/#website"},"datePublished":"2022-08-02T13:50:40+00:00","dateModified":"2023-12-06T05:53:03+00:00","breadcrumb":{"@id":"https:\/\/www.mesvendanges.com\/fr\/boutique\/vins\/cotes-du-rhone-rose-trapadis-dne-du-2017-75cl\/#breadcrumb"},"inLanguage":"fr-FR","potentialAction":[{"@type":"ReadAction","target":["https:\/\/www.mesvendanges.com\/fr\/boutique\/vins\/cotes-du-rhone-rose-trapadis-dne-du-2017-75cl\/"]}]},{"@type":"BreadcrumbList","@id":"https:\/\/www.mesvendanges.com\/fr\/boutique\/vins\/cotes-du-rhone-rose-trapadis-dne-du-2017-75cl\/#breadcrumb","itemListElement":[{"@type":"ListItem","position":1,"name":"Accueil","item":"https:\/\/www.mesvendanges.com\/fr\/"},{"@type":"ListItem","position":2,"name":"Boutique","item":"https:\/\/www.mesvendanges.com\/fr\/boutique\/"},{"@type":"ListItem","position":3,"name":"C\u00d4TES DU RH\u00d4NE ROSE"}]}]}},"_links":{"self":[{"href":"https:\/\/www.mesvendanges.com\/fr\/wp-json\/wp\/v2\/product\/43191"}],"collection":[{"href":"https:\/\/www.mesvendanges.com\/fr\/wp-json\/wp\/v2\/product"}],"about":[{"href":"https:\/\/www.mesvendanges.com\/fr\/wp-json\/wp\/v2\/types\/product"}],"wp:attachment":[{"href":"https:\/\/www.mesvendanges.com\/fr\/wp-json\/wp\/v2\/media?parent=43191"}],"wp:term":[{"taxonomy":"product_cat","embeddable":true,"href":"https:\/\/www.mesvendanges.com\/fr\/wp-json\/wp\/v2\/product_cat?post=43191"},{"taxonomy":"product_tag","embeddable":true,"href":"https:\/\/www.mesvendanges.com\/fr\/wp-json\/wp\/v2\/product_tag?post=43191"}],"curies":[{"name":"wp","href":"https:\/\/api.w.org\/{rel}","templated":true}]}}