{"id":43251,"date":"2022-08-02T15:52:17","date_gmt":"2022-08-02T13:52:17","guid":{"rendered":"https:\/\/www.mesvendanges.com\/shop\/non%20class\u00e9\/1er-cru-les-corbeaux\/"},"modified":"2025-11-10T15:32:37","modified_gmt":"2025-11-10T14:32:37","slug":"1er-cru-les-corbeaux-clavelier-bruno-2017-75cl","status":"publish","type":"product","link":"https:\/\/www.mesvendanges.com\/fr\/boutique\/vins\/1er-cru-les-corbeaux-clavelier-bruno-2017-75cl\/","title":{"rendered":"1er Cru LES CORBEAUX"},"content":{"rendered":"<p>Parcelle de 22 ares compos\u00e9e d\u2019une vigne de 35 ans pour les 2\/3 et d\u2019une petite partie de plus de 70 ans. La vigne est situ\u00e9e en pied de coteau en amont de la route des grands crus \u00e0 la sortie du village, juste avant les Mazis-Chambertin. Elle est \u00e9tablie sur dalles calcaires \u00e0 entroques pour sa partie basse.<br \/>\nLoin du caract\u00e8re terrien qu\u2019on pr\u00eate souvent aux crus de ce village, legevrey-chambertin 1er cru Les Corbeaux du domaine profite des \u00e9coulements d\u2019air frais de la combe Lavaux qui apportent \u00e9quilibre, finesse et un c\u00f4t\u00e9 plus a\u00e9rien. Le vin s\u2019exprime toujours avec un beau fruit et beaucoup de pr\u00e9cision dans la trame tannique.<\/p>\n","protected":false},"excerpt":{"rendered":"<p>Parcelle de 22 ares compos\u00e9e d\u2019une vigne de 35 ans pour les 2\/3 et d\u2019une petite partie de plus de 70 ans. La vigne est situ\u00e9e en pied de coteau en amont de la route des grands crus \u00e0 la sortie du village, juste avant les Mazis-Chambertin. Elle est \u00e9tablie sur dalles calcaires \u00e0 entroques [&hellip;]<\/p>\n","protected":false},"featured_media":21708,"template":"","meta":[],"product_cat":[3736],"product_tag":[],"acf":[],"yoast_head":"<!-- This site is optimized with the Yoast SEO plugin v19.3 - https:\/\/yoast.com\/wordpress\/plugins\/seo\/ -->\n<title>1er Cru LES CORBEAUX - Mes Vendanges<\/title>\n<meta name=\"robots\" content=\"index, follow, max-snippet:-1, max-image-preview:large, max-video-preview:-1\" \/>\n<link rel=\"canonical\" href=\"https:\/\/www.mesvendanges.com\/fr\/boutique\/vins\/1er-cru-les-corbeaux-clavelier-bruno-2017-75cl\/\" \/>\n<meta property=\"og:locale\" content=\"fr_FR\" \/>\n<meta property=\"og:type\" content=\"article\" \/>\n<meta property=\"og:title\" content=\"1er Cru LES CORBEAUX - Mes Vendanges\" \/>\n<meta property=\"og:description\" content=\"Parcelle de 22 ares compos\u00e9e d\u2019une vigne de 35 ans pour les 2\/3 et d\u2019une petite partie de plus de 70 ans. La vigne est situ\u00e9e en pied de coteau en amont de la route des grands crus \u00e0 la sortie du village, juste avant les Mazis-Chambertin. Elle est \u00e9tablie sur dalles calcaires \u00e0 entroques [&hellip;]\" \/>\n<meta property=\"og:url\" content=\"https:\/\/www.mesvendanges.com\/fr\/boutique\/vins\/1er-cru-les-corbeaux-clavelier-bruno-2017-75cl\/\" \/>\n<meta property=\"og:site_name\" content=\"Mes Vendanges\" \/>\n<meta property=\"article:modified_time\" content=\"2025-11-10T14:32:37+00:00\" \/>\n<meta property=\"og:image\" content=\"https:\/\/www.mesvendanges.com\/wp-content\/uploads\/2022\/07\/bruno-clavelier-gevrey-chambertin-1er-cru-les-corbeaux-2017-png.png\" \/>\n\t<meta property=\"og:image:width\" content=\"439\" \/>\n\t<meta property=\"og:image:height\" content=\"1500\" \/>\n\t<meta property=\"og:image:type\" content=\"image\/png\" \/>\n<meta name=\"twitter:card\" content=\"summary_large_image\" \/>\n<meta name=\"twitter:label1\" content=\"Dur\u00e9e de lecture estim\u00e9e\" \/>\n\t<meta name=\"twitter:data1\" content=\"1 minute\" \/>\n<script type=\"application\/ld+json\" class=\"yoast-schema-graph\">{\"@context\":\"https:\/\/schema.org\",\"@graph\":[{\"@type\":\"Organization\",\"@id\":\"https:\/\/www.mesvendanges.com\/en\/#organization\",\"name\":\"Mes Vendanges\",\"url\":\"https:\/\/www.mesvendanges.com\/en\/\",\"sameAs\":[],\"logo\":{\"@type\":\"ImageObject\",\"inLanguage\":\"fr-FR\",\"@id\":\"https:\/\/www.mesvendanges.com\/en\/#\/schema\/logo\/image\/\",\"url\":\"https:\/\/www.mesvendanges.com\/wp-content\/uploads\/2022\/02\/logo-mesvendanges.jpg\",\"contentUrl\":\"https:\/\/www.mesvendanges.com\/wp-content\/uploads\/2022\/02\/logo-mesvendanges.jpg\",\"width\":851,\"height\":260,\"caption\":\"Mes Vendanges\"},\"image\":{\"@id\":\"https:\/\/www.mesvendanges.com\/en\/#\/schema\/logo\/image\/\"}},{\"@type\":\"WebSite\",\"@id\":\"https:\/\/www.mesvendanges.com\/en\/#website\",\"url\":\"https:\/\/www.mesvendanges.com\/en\/\",\"name\":\"Mes Vendanges\",\"description\":\"Des journ\u00e9es enti\u00e8res dans les vignes\",\"publisher\":{\"@id\":\"https:\/\/www.mesvendanges.com\/en\/#organization\"},\"potentialAction\":[{\"@type\":\"SearchAction\",\"target\":{\"@type\":\"EntryPoint\",\"urlTemplate\":\"https:\/\/www.mesvendanges.com\/en\/?s={search_term_string}\"},\"query-input\":\"required name=search_term_string\"}],\"inLanguage\":\"fr-FR\"},{\"@type\":\"ImageObject\",\"inLanguage\":\"fr-FR\",\"@id\":\"https:\/\/www.mesvendanges.com\/fr\/boutique\/vins\/1er-cru-les-corbeaux-clavelier-bruno-2017-75cl\/#primaryimage\",\"url\":\"https:\/\/www.mesvendanges.com\/wp-content\/uploads\/2022\/07\/bruno-clavelier-gevrey-chambertin-1er-cru-les-corbeaux-2017-png.png\",\"contentUrl\":\"https:\/\/www.mesvendanges.com\/wp-content\/uploads\/2022\/07\/bruno-clavelier-gevrey-chambertin-1er-cru-les-corbeaux-2017-png.png\",\"width\":439,\"height\":1500},{\"@type\":\"WebPage\",\"@id\":\"https:\/\/www.mesvendanges.com\/fr\/boutique\/vins\/1er-cru-les-corbeaux-clavelier-bruno-2017-75cl\/\",\"url\":\"https:\/\/www.mesvendanges.com\/fr\/boutique\/vins\/1er-cru-les-corbeaux-clavelier-bruno-2017-75cl\/\",\"name\":\"1er Cru LES CORBEAUX - Mes Vendanges\",\"isPartOf\":{\"@id\":\"https:\/\/www.mesvendanges.com\/en\/#website\"},\"primaryImageOfPage\":{\"@id\":\"https:\/\/www.mesvendanges.com\/fr\/boutique\/vins\/1er-cru-les-corbeaux-clavelier-bruno-2017-75cl\/#primaryimage\"},\"datePublished\":\"2022-08-02T13:52:17+00:00\",\"dateModified\":\"2025-11-10T14:32:37+00:00\",\"breadcrumb\":{\"@id\":\"https:\/\/www.mesvendanges.com\/fr\/boutique\/vins\/1er-cru-les-corbeaux-clavelier-bruno-2017-75cl\/#breadcrumb\"},\"inLanguage\":\"fr-FR\",\"potentialAction\":[{\"@type\":\"ReadAction\",\"target\":[\"https:\/\/www.mesvendanges.com\/fr\/boutique\/vins\/1er-cru-les-corbeaux-clavelier-bruno-2017-75cl\/\"]}]},{\"@type\":\"BreadcrumbList\",\"@id\":\"https:\/\/www.mesvendanges.com\/fr\/boutique\/vins\/1er-cru-les-corbeaux-clavelier-bruno-2017-75cl\/#breadcrumb\",\"itemListElement\":[{\"@type\":\"ListItem\",\"position\":1,\"name\":\"Accueil\",\"item\":\"https:\/\/www.mesvendanges.com\/fr\/\"},{\"@type\":\"ListItem\",\"position\":2,\"name\":\"Boutique\",\"item\":\"https:\/\/www.mesvendanges.com\/fr\/boutique\/\"},{\"@type\":\"ListItem\",\"position\":3,\"name\":\"1er Cru LES CORBEAUX\"}]}]}<\/script>\n<!-- \/ Yoast SEO plugin. -->","yoast_head_json":{"title":"1er Cru LES CORBEAUX - Mes Vendanges","robots":{"index":"index","follow":"follow","max-snippet":"max-snippet:-1","max-image-preview":"max-image-preview:large","max-video-preview":"max-video-preview:-1"},"canonical":"https:\/\/www.mesvendanges.com\/fr\/boutique\/vins\/1er-cru-les-corbeaux-clavelier-bruno-2017-75cl\/","og_locale":"fr_FR","og_type":"article","og_title":"1er Cru LES CORBEAUX - Mes Vendanges","og_description":"Parcelle de 22 ares compos\u00e9e d\u2019une vigne de 35 ans pour les 2\/3 et d\u2019une petite partie de plus de 70 ans. La vigne est situ\u00e9e en pied de coteau en amont de la route des grands crus \u00e0 la sortie du village, juste avant les Mazis-Chambertin. Elle est \u00e9tablie sur dalles calcaires \u00e0 entroques [&hellip;]","og_url":"https:\/\/www.mesvendanges.com\/fr\/boutique\/vins\/1er-cru-les-corbeaux-clavelier-bruno-2017-75cl\/","og_site_name":"Mes Vendanges","article_modified_time":"2025-11-10T14:32:37+00:00","og_image":[{"width":439,"height":1500,"url":"https:\/\/www.mesvendanges.com\/wp-content\/uploads\/2022\/07\/bruno-clavelier-gevrey-chambertin-1er-cru-les-corbeaux-2017-png.png","type":"image\/png"}],"twitter_card":"summary_large_image","twitter_misc":{"Dur\u00e9e de lecture estim\u00e9e":"1 minute"},"schema":{"@context":"https:\/\/schema.org","@graph":[{"@type":"Organization","@id":"https:\/\/www.mesvendanges.com\/en\/#organization","name":"Mes Vendanges","url":"https:\/\/www.mesvendanges.com\/en\/","sameAs":[],"logo":{"@type":"ImageObject","inLanguage":"fr-FR","@id":"https:\/\/www.mesvendanges.com\/en\/#\/schema\/logo\/image\/","url":"https:\/\/www.mesvendanges.com\/wp-content\/uploads\/2022\/02\/logo-mesvendanges.jpg","contentUrl":"https:\/\/www.mesvendanges.com\/wp-content\/uploads\/2022\/02\/logo-mesvendanges.jpg","width":851,"height":260,"caption":"Mes Vendanges"},"image":{"@id":"https:\/\/www.mesvendanges.com\/en\/#\/schema\/logo\/image\/"}},{"@type":"WebSite","@id":"https:\/\/www.mesvendanges.com\/en\/#website","url":"https:\/\/www.mesvendanges.com\/en\/","name":"Mes Vendanges","description":"Des journ\u00e9es enti\u00e8res dans les vignes","publisher":{"@id":"https:\/\/www.mesvendanges.com\/en\/#organization"},"potentialAction":[{"@type":"SearchAction","target":{"@type":"EntryPoint","urlTemplate":"https:\/\/www.mesvendanges.com\/en\/?s={search_term_string}"},"query-input":"required name=search_term_string"}],"inLanguage":"fr-FR"},{"@type":"ImageObject","inLanguage":"fr-FR","@id":"https:\/\/www.mesvendanges.com\/fr\/boutique\/vins\/1er-cru-les-corbeaux-clavelier-bruno-2017-75cl\/#primaryimage","url":"https:\/\/www.mesvendanges.com\/wp-content\/uploads\/2022\/07\/bruno-clavelier-gevrey-chambertin-1er-cru-les-corbeaux-2017-png.png","contentUrl":"https:\/\/www.mesvendanges.com\/wp-content\/uploads\/2022\/07\/bruno-clavelier-gevrey-chambertin-1er-cru-les-corbeaux-2017-png.png","width":439,"height":1500},{"@type":"WebPage","@id":"https:\/\/www.mesvendanges.com\/fr\/boutique\/vins\/1er-cru-les-corbeaux-clavelier-bruno-2017-75cl\/","url":"https:\/\/www.mesvendanges.com\/fr\/boutique\/vins\/1er-cru-les-corbeaux-clavelier-bruno-2017-75cl\/","name":"1er Cru LES CORBEAUX - Mes Vendanges","isPartOf":{"@id":"https:\/\/www.mesvendanges.com\/en\/#website"},"primaryImageOfPage":{"@id":"https:\/\/www.mesvendanges.com\/fr\/boutique\/vins\/1er-cru-les-corbeaux-clavelier-bruno-2017-75cl\/#primaryimage"},"datePublished":"2022-08-02T13:52:17+00:00","dateModified":"2025-11-10T14:32:37+00:00","breadcrumb":{"@id":"https:\/\/www.mesvendanges.com\/fr\/boutique\/vins\/1er-cru-les-corbeaux-clavelier-bruno-2017-75cl\/#breadcrumb"},"inLanguage":"fr-FR","potentialAction":[{"@type":"ReadAction","target":["https:\/\/www.mesvendanges.com\/fr\/boutique\/vins\/1er-cru-les-corbeaux-clavelier-bruno-2017-75cl\/"]}]},{"@type":"BreadcrumbList","@id":"https:\/\/www.mesvendanges.com\/fr\/boutique\/vins\/1er-cru-les-corbeaux-clavelier-bruno-2017-75cl\/#breadcrumb","itemListElement":[{"@type":"ListItem","position":1,"name":"Accueil","item":"https:\/\/www.mesvendanges.com\/fr\/"},{"@type":"ListItem","position":2,"name":"Boutique","item":"https:\/\/www.mesvendanges.com\/fr\/boutique\/"},{"@type":"ListItem","position":3,"name":"1er Cru LES CORBEAUX"}]}]}},"_links":{"self":[{"href":"https:\/\/www.mesvendanges.com\/fr\/wp-json\/wp\/v2\/product\/43251"}],"collection":[{"href":"https:\/\/www.mesvendanges.com\/fr\/wp-json\/wp\/v2\/product"}],"about":[{"href":"https:\/\/www.mesvendanges.com\/fr\/wp-json\/wp\/v2\/types\/product"}],"wp:featuredmedia":[{"embeddable":true,"href":"https:\/\/www.mesvendanges.com\/fr\/wp-json\/wp\/v2\/media\/21708"}],"wp:attachment":[{"href":"https:\/\/www.mesvendanges.com\/fr\/wp-json\/wp\/v2\/media?parent=43251"}],"wp:term":[{"taxonomy":"product_cat","embeddable":true,"href":"https:\/\/www.mesvendanges.com\/fr\/wp-json\/wp\/v2\/product_cat?post=43251"},{"taxonomy":"product_tag","embeddable":true,"href":"https:\/\/www.mesvendanges.com\/fr\/wp-json\/wp\/v2\/product_tag?post=43251"}],"curies":[{"name":"wp","href":"https:\/\/api.w.org\/{rel}","templated":true}]}}