{"id":43523,"date":"2022-08-02T15:59:17","date_gmt":"2022-08-02T13:59:17","guid":{"rendered":"https:\/\/www.mesvendanges.com\/shop\/non%20class\u00e9\/terre-et-ciel-6\/"},"modified":"2023-12-06T06:23:36","modified_gmt":"2023-12-06T05:23:36","slug":"terre-et-ciel-thymiopoulos-dne-2017-75cl","status":"publish","type":"product","link":"https:\/\/www.mesvendanges.com\/fr\/boutique\/vins\/terre-et-ciel-thymiopoulos-dne-2017-75cl\/","title":{"rendered":"TERRE ET CIEL"},"content":{"rendered":"<p>C\u00e9page Xinomavro issu des trois parcelles situ\u00e9es au sud de la r\u00e9gion. Vignes de 37ans d\u2019\u00e2ge R\u00e9gion Sud de Naoussa Elevage Elevage en cuve et barrique pendant 18 mois, non filtr\u00e9 G\u00e9ologie Marnes calcaires, schistes, granites et argiles Caract\u00e9ristiques organoleptiques Nez tr\u00e8s complexe sur les notes sous bois (fleurs, truffe), petits fruits rouges tr\u00e8s frais (fraise sauvage, grenade, cornouille, cassis). Bouche d\u2019excellente acidit\u00e9, fra\u00eecheur min\u00e9rale, d\u00e9licatesse du fruit rouge. Grand potentiel de garde Accompagnement Plats gastronomiques de : Gibier, agneau, plats mijot\u00e9s de viande en sauce, champignons, plats truff\u00e9es, fromages affin\u00e9es.<\/p>\n","protected":false},"excerpt":{"rendered":"<p>C\u00e9page Xinomavro issu des trois parcelles situ\u00e9es au sud de la r\u00e9gion. Vignes de 37ans d\u2019\u00e2ge R\u00e9gion Sud de Naoussa Elevage Elevage en cuve et barrique pendant 18 mois, non filtr\u00e9 G\u00e9ologie Marnes calcaires, schistes, granites et argiles Caract\u00e9ristiques organoleptiques Nez tr\u00e8s complexe sur les notes sous bois (fleurs, truffe), petits fruits rouges tr\u00e8s frais [&hellip;]<\/p>\n","protected":false},"featured_media":22010,"template":"","meta":[],"product_cat":[3736],"product_tag":[],"acf":[],"yoast_head":"<!-- This site is optimized with the Yoast SEO plugin v19.3 - https:\/\/yoast.com\/wordpress\/plugins\/seo\/ -->\n<title>TERRE ET CIEL - Mes Vendanges<\/title>\n<meta name=\"robots\" content=\"index, follow, max-snippet:-1, max-image-preview:large, max-video-preview:-1\" \/>\n<link rel=\"canonical\" href=\"https:\/\/www.mesvendanges.com\/fr\/boutique\/vins\/terre-et-ciel-thymiopoulos-dne-2017-75cl\/\" \/>\n<meta property=\"og:locale\" content=\"fr_FR\" \/>\n<meta property=\"og:type\" content=\"article\" \/>\n<meta property=\"og:title\" content=\"TERRE ET CIEL - Mes Vendanges\" \/>\n<meta property=\"og:description\" content=\"C\u00e9page Xinomavro issu des trois parcelles situ\u00e9es au sud de la r\u00e9gion. Vignes de 37ans d\u2019\u00e2ge R\u00e9gion Sud de Naoussa Elevage Elevage en cuve et barrique pendant 18 mois, non filtr\u00e9 G\u00e9ologie Marnes calcaires, schistes, granites et argiles Caract\u00e9ristiques organoleptiques Nez tr\u00e8s complexe sur les notes sous bois (fleurs, truffe), petits fruits rouges tr\u00e8s frais [&hellip;]\" \/>\n<meta property=\"og:url\" content=\"https:\/\/www.mesvendanges.com\/fr\/boutique\/vins\/terre-et-ciel-thymiopoulos-dne-2017-75cl\/\" \/>\n<meta property=\"og:site_name\" content=\"Mes Vendanges\" \/>\n<meta property=\"article:modified_time\" content=\"2023-12-06T05:23:36+00:00\" \/>\n<meta property=\"og:image\" content=\"https:\/\/www.mesvendanges.com\/wp-content\/uploads\/2022\/07\/domaine-thymiopoulos-naoussa-terre-et-ciel-2017-xinomavro-png.png\" \/>\n\t<meta property=\"og:image:width\" content=\"490\" \/>\n\t<meta property=\"og:image:height\" content=\"1500\" \/>\n\t<meta property=\"og:image:type\" content=\"image\/png\" \/>\n<meta name=\"twitter:card\" content=\"summary_large_image\" \/>\n<meta name=\"twitter:label1\" content=\"Dur\u00e9e de lecture estim\u00e9e\" \/>\n\t<meta name=\"twitter:data1\" content=\"1 minute\" \/>\n<script type=\"application\/ld+json\" class=\"yoast-schema-graph\">{\"@context\":\"https:\/\/schema.org\",\"@graph\":[{\"@type\":\"Organization\",\"@id\":\"https:\/\/www.mesvendanges.com\/en\/#organization\",\"name\":\"Mes Vendanges\",\"url\":\"https:\/\/www.mesvendanges.com\/en\/\",\"sameAs\":[],\"logo\":{\"@type\":\"ImageObject\",\"inLanguage\":\"fr-FR\",\"@id\":\"https:\/\/www.mesvendanges.com\/en\/#\/schema\/logo\/image\/\",\"url\":\"https:\/\/www.mesvendanges.com\/wp-content\/uploads\/2022\/02\/logo-mesvendanges.jpg\",\"contentUrl\":\"https:\/\/www.mesvendanges.com\/wp-content\/uploads\/2022\/02\/logo-mesvendanges.jpg\",\"width\":851,\"height\":260,\"caption\":\"Mes Vendanges\"},\"image\":{\"@id\":\"https:\/\/www.mesvendanges.com\/en\/#\/schema\/logo\/image\/\"}},{\"@type\":\"WebSite\",\"@id\":\"https:\/\/www.mesvendanges.com\/en\/#website\",\"url\":\"https:\/\/www.mesvendanges.com\/en\/\",\"name\":\"Mes Vendanges\",\"description\":\"Des journ\u00e9es enti\u00e8res dans les vignes\",\"publisher\":{\"@id\":\"https:\/\/www.mesvendanges.com\/en\/#organization\"},\"potentialAction\":[{\"@type\":\"SearchAction\",\"target\":{\"@type\":\"EntryPoint\",\"urlTemplate\":\"https:\/\/www.mesvendanges.com\/en\/?s={search_term_string}\"},\"query-input\":\"required name=search_term_string\"}],\"inLanguage\":\"fr-FR\"},{\"@type\":\"ImageObject\",\"inLanguage\":\"fr-FR\",\"@id\":\"https:\/\/www.mesvendanges.com\/fr\/boutique\/vins\/terre-et-ciel-thymiopoulos-dne-2017-75cl\/#primaryimage\",\"url\":\"https:\/\/www.mesvendanges.com\/wp-content\/uploads\/2022\/07\/domaine-thymiopoulos-naoussa-terre-et-ciel-2017-xinomavro-png.png\",\"contentUrl\":\"https:\/\/www.mesvendanges.com\/wp-content\/uploads\/2022\/07\/domaine-thymiopoulos-naoussa-terre-et-ciel-2017-xinomavro-png.png\",\"width\":490,\"height\":1500},{\"@type\":\"WebPage\",\"@id\":\"https:\/\/www.mesvendanges.com\/fr\/boutique\/vins\/terre-et-ciel-thymiopoulos-dne-2017-75cl\/\",\"url\":\"https:\/\/www.mesvendanges.com\/fr\/boutique\/vins\/terre-et-ciel-thymiopoulos-dne-2017-75cl\/\",\"name\":\"TERRE ET CIEL - Mes Vendanges\",\"isPartOf\":{\"@id\":\"https:\/\/www.mesvendanges.com\/en\/#website\"},\"primaryImageOfPage\":{\"@id\":\"https:\/\/www.mesvendanges.com\/fr\/boutique\/vins\/terre-et-ciel-thymiopoulos-dne-2017-75cl\/#primaryimage\"},\"datePublished\":\"2022-08-02T13:59:17+00:00\",\"dateModified\":\"2023-12-06T05:23:36+00:00\",\"breadcrumb\":{\"@id\":\"https:\/\/www.mesvendanges.com\/fr\/boutique\/vins\/terre-et-ciel-thymiopoulos-dne-2017-75cl\/#breadcrumb\"},\"inLanguage\":\"fr-FR\",\"potentialAction\":[{\"@type\":\"ReadAction\",\"target\":[\"https:\/\/www.mesvendanges.com\/fr\/boutique\/vins\/terre-et-ciel-thymiopoulos-dne-2017-75cl\/\"]}]},{\"@type\":\"BreadcrumbList\",\"@id\":\"https:\/\/www.mesvendanges.com\/fr\/boutique\/vins\/terre-et-ciel-thymiopoulos-dne-2017-75cl\/#breadcrumb\",\"itemListElement\":[{\"@type\":\"ListItem\",\"position\":1,\"name\":\"Accueil\",\"item\":\"https:\/\/www.mesvendanges.com\/fr\/\"},{\"@type\":\"ListItem\",\"position\":2,\"name\":\"Boutique\",\"item\":\"https:\/\/www.mesvendanges.com\/fr\/boutique\/\"},{\"@type\":\"ListItem\",\"position\":3,\"name\":\"TERRE ET CIEL\"}]}]}<\/script>\n<!-- \/ Yoast SEO plugin. -->","yoast_head_json":{"title":"TERRE ET CIEL - Mes Vendanges","robots":{"index":"index","follow":"follow","max-snippet":"max-snippet:-1","max-image-preview":"max-image-preview:large","max-video-preview":"max-video-preview:-1"},"canonical":"https:\/\/www.mesvendanges.com\/fr\/boutique\/vins\/terre-et-ciel-thymiopoulos-dne-2017-75cl\/","og_locale":"fr_FR","og_type":"article","og_title":"TERRE ET CIEL - Mes Vendanges","og_description":"C\u00e9page Xinomavro issu des trois parcelles situ\u00e9es au sud de la r\u00e9gion. Vignes de 37ans d\u2019\u00e2ge R\u00e9gion Sud de Naoussa Elevage Elevage en cuve et barrique pendant 18 mois, non filtr\u00e9 G\u00e9ologie Marnes calcaires, schistes, granites et argiles Caract\u00e9ristiques organoleptiques Nez tr\u00e8s complexe sur les notes sous bois (fleurs, truffe), petits fruits rouges tr\u00e8s frais [&hellip;]","og_url":"https:\/\/www.mesvendanges.com\/fr\/boutique\/vins\/terre-et-ciel-thymiopoulos-dne-2017-75cl\/","og_site_name":"Mes Vendanges","article_modified_time":"2023-12-06T05:23:36+00:00","og_image":[{"width":490,"height":1500,"url":"https:\/\/www.mesvendanges.com\/wp-content\/uploads\/2022\/07\/domaine-thymiopoulos-naoussa-terre-et-ciel-2017-xinomavro-png.png","type":"image\/png"}],"twitter_card":"summary_large_image","twitter_misc":{"Dur\u00e9e de lecture estim\u00e9e":"1 minute"},"schema":{"@context":"https:\/\/schema.org","@graph":[{"@type":"Organization","@id":"https:\/\/www.mesvendanges.com\/en\/#organization","name":"Mes Vendanges","url":"https:\/\/www.mesvendanges.com\/en\/","sameAs":[],"logo":{"@type":"ImageObject","inLanguage":"fr-FR","@id":"https:\/\/www.mesvendanges.com\/en\/#\/schema\/logo\/image\/","url":"https:\/\/www.mesvendanges.com\/wp-content\/uploads\/2022\/02\/logo-mesvendanges.jpg","contentUrl":"https:\/\/www.mesvendanges.com\/wp-content\/uploads\/2022\/02\/logo-mesvendanges.jpg","width":851,"height":260,"caption":"Mes Vendanges"},"image":{"@id":"https:\/\/www.mesvendanges.com\/en\/#\/schema\/logo\/image\/"}},{"@type":"WebSite","@id":"https:\/\/www.mesvendanges.com\/en\/#website","url":"https:\/\/www.mesvendanges.com\/en\/","name":"Mes Vendanges","description":"Des journ\u00e9es enti\u00e8res dans les vignes","publisher":{"@id":"https:\/\/www.mesvendanges.com\/en\/#organization"},"potentialAction":[{"@type":"SearchAction","target":{"@type":"EntryPoint","urlTemplate":"https:\/\/www.mesvendanges.com\/en\/?s={search_term_string}"},"query-input":"required name=search_term_string"}],"inLanguage":"fr-FR"},{"@type":"ImageObject","inLanguage":"fr-FR","@id":"https:\/\/www.mesvendanges.com\/fr\/boutique\/vins\/terre-et-ciel-thymiopoulos-dne-2017-75cl\/#primaryimage","url":"https:\/\/www.mesvendanges.com\/wp-content\/uploads\/2022\/07\/domaine-thymiopoulos-naoussa-terre-et-ciel-2017-xinomavro-png.png","contentUrl":"https:\/\/www.mesvendanges.com\/wp-content\/uploads\/2022\/07\/domaine-thymiopoulos-naoussa-terre-et-ciel-2017-xinomavro-png.png","width":490,"height":1500},{"@type":"WebPage","@id":"https:\/\/www.mesvendanges.com\/fr\/boutique\/vins\/terre-et-ciel-thymiopoulos-dne-2017-75cl\/","url":"https:\/\/www.mesvendanges.com\/fr\/boutique\/vins\/terre-et-ciel-thymiopoulos-dne-2017-75cl\/","name":"TERRE ET CIEL - Mes Vendanges","isPartOf":{"@id":"https:\/\/www.mesvendanges.com\/en\/#website"},"primaryImageOfPage":{"@id":"https:\/\/www.mesvendanges.com\/fr\/boutique\/vins\/terre-et-ciel-thymiopoulos-dne-2017-75cl\/#primaryimage"},"datePublished":"2022-08-02T13:59:17+00:00","dateModified":"2023-12-06T05:23:36+00:00","breadcrumb":{"@id":"https:\/\/www.mesvendanges.com\/fr\/boutique\/vins\/terre-et-ciel-thymiopoulos-dne-2017-75cl\/#breadcrumb"},"inLanguage":"fr-FR","potentialAction":[{"@type":"ReadAction","target":["https:\/\/www.mesvendanges.com\/fr\/boutique\/vins\/terre-et-ciel-thymiopoulos-dne-2017-75cl\/"]}]},{"@type":"BreadcrumbList","@id":"https:\/\/www.mesvendanges.com\/fr\/boutique\/vins\/terre-et-ciel-thymiopoulos-dne-2017-75cl\/#breadcrumb","itemListElement":[{"@type":"ListItem","position":1,"name":"Accueil","item":"https:\/\/www.mesvendanges.com\/fr\/"},{"@type":"ListItem","position":2,"name":"Boutique","item":"https:\/\/www.mesvendanges.com\/fr\/boutique\/"},{"@type":"ListItem","position":3,"name":"TERRE ET CIEL"}]}]}},"_links":{"self":[{"href":"https:\/\/www.mesvendanges.com\/fr\/wp-json\/wp\/v2\/product\/43523"}],"collection":[{"href":"https:\/\/www.mesvendanges.com\/fr\/wp-json\/wp\/v2\/product"}],"about":[{"href":"https:\/\/www.mesvendanges.com\/fr\/wp-json\/wp\/v2\/types\/product"}],"wp:featuredmedia":[{"embeddable":true,"href":"https:\/\/www.mesvendanges.com\/fr\/wp-json\/wp\/v2\/media\/22010"}],"wp:attachment":[{"href":"https:\/\/www.mesvendanges.com\/fr\/wp-json\/wp\/v2\/media?parent=43523"}],"wp:term":[{"taxonomy":"product_cat","embeddable":true,"href":"https:\/\/www.mesvendanges.com\/fr\/wp-json\/wp\/v2\/product_cat?post=43523"},{"taxonomy":"product_tag","embeddable":true,"href":"https:\/\/www.mesvendanges.com\/fr\/wp-json\/wp\/v2\/product_tag?post=43523"}],"curies":[{"name":"wp","href":"https:\/\/api.w.org\/{rel}","templated":true}]}}