{"id":43761,"date":"2022-08-02T16:05:12","date_gmt":"2022-08-02T14:05:12","guid":{"rendered":"https:\/\/www.mesvendanges.com\/shop\/non%20class\u00e9\/riesling-roxheimer-hollenpfad-trocken-4\/"},"modified":"2023-12-05T17:01:14","modified_gmt":"2023-12-05T16:01:14","slug":"riesling-roxheimer-hollenpfad-trocken-donnhoff-2018-75cl","status":"publish","type":"product","link":"https:\/\/www.mesvendanges.com\/fr\/boutique\/vins\/riesling-roxheimer-hollenpfad-trocken-donnhoff-2018-75cl\/","title":{"rendered":"RIESLING ROXHEIMER H\u00d6LLENPFAD TROCKEN"},"content":{"rendered":"<p>H\u00f6llenpfad (les portes de l&#8217;Enfer) est un tr\u00e8s beau terroir, l\u00e8g\u00e9rement en retrait de la Nahe, le sol d&#8217;une couleur t\u00e8rs rouge semble garder la chaleur des fins de journ\u00e9es, et concentrer les baies.Toujours petites et saines, elles donnent un vin au caract\u00e8re unique, avec une min\u00e9ralit\u00e9 tout \u00e0 la fois piquante et d\u00e9licate, avec un potentiel de garde tr\u00e8s important. Une tr\u00e8s belle expression du domaine.<\/p>\n","protected":false},"excerpt":{"rendered":"<p>H\u00f6llenpfad (les portes de l&#8217;Enfer) est un tr\u00e8s beau terroir, l\u00e8g\u00e9rement en retrait de la Nahe, le sol d&#8217;une couleur t\u00e8rs rouge semble garder la chaleur des fins de journ\u00e9es, et concentrer les baies.Toujours petites et saines, elles donnent un vin au caract\u00e8re unique, avec une min\u00e9ralit\u00e9 tout \u00e0 la fois piquante et d\u00e9licate, avec [&hellip;]<\/p>\n","protected":false},"featured_media":70207,"template":"","meta":[],"product_cat":[3736],"product_tag":[],"acf":[],"yoast_head":"<!-- This site is optimized with the Yoast SEO plugin v19.3 - https:\/\/yoast.com\/wordpress\/plugins\/seo\/ -->\n<title>RIESLING ROXHEIMER H\u00d6LLENPFAD TROCKEN - Mes Vendanges<\/title>\n<meta name=\"robots\" content=\"index, follow, max-snippet:-1, max-image-preview:large, max-video-preview:-1\" \/>\n<link rel=\"canonical\" href=\"https:\/\/www.mesvendanges.com\/fr\/boutique\/vins\/riesling-roxheimer-hollenpfad-trocken-donnhoff-2018-75cl\/\" \/>\n<meta property=\"og:locale\" content=\"fr_FR\" \/>\n<meta property=\"og:type\" content=\"article\" \/>\n<meta property=\"og:title\" content=\"RIESLING ROXHEIMER H\u00d6LLENPFAD TROCKEN - Mes Vendanges\" \/>\n<meta property=\"og:description\" content=\"H\u00f6llenpfad (les portes de l&#8217;Enfer) est un tr\u00e8s beau terroir, l\u00e8g\u00e9rement en retrait de la Nahe, le sol d&#8217;une couleur t\u00e8rs rouge semble garder la chaleur des fins de journ\u00e9es, et concentrer les baies.Toujours petites et saines, elles donnent un vin au caract\u00e8re unique, avec une min\u00e9ralit\u00e9 tout \u00e0 la fois piquante et d\u00e9licate, avec [&hellip;]\" \/>\n<meta property=\"og:url\" content=\"https:\/\/www.mesvendanges.com\/fr\/boutique\/vins\/riesling-roxheimer-hollenpfad-trocken-donnhoff-2018-75cl\/\" \/>\n<meta property=\"og:site_name\" content=\"Mes Vendanges\" \/>\n<meta property=\"article:modified_time\" content=\"2023-12-05T16:01:14+00:00\" \/>\n<meta property=\"og:image\" content=\"https:\/\/www.mesvendanges.com\/wp-content\/uploads\/2023\/12\/weingut-donnhoff-hollenpfad-riesling-trocken-2018-png.png\" \/>\n\t<meta property=\"og:image:width\" content=\"522\" \/>\n\t<meta property=\"og:image:height\" content=\"1500\" \/>\n\t<meta property=\"og:image:type\" content=\"image\/png\" \/>\n<meta name=\"twitter:card\" content=\"summary_large_image\" \/>\n<script type=\"application\/ld+json\" class=\"yoast-schema-graph\">{\"@context\":\"https:\/\/schema.org\",\"@graph\":[{\"@type\":\"Organization\",\"@id\":\"https:\/\/www.mesvendanges.com\/en\/#organization\",\"name\":\"Mes Vendanges\",\"url\":\"https:\/\/www.mesvendanges.com\/en\/\",\"sameAs\":[],\"logo\":{\"@type\":\"ImageObject\",\"inLanguage\":\"fr-FR\",\"@id\":\"https:\/\/www.mesvendanges.com\/en\/#\/schema\/logo\/image\/\",\"url\":\"https:\/\/www.mesvendanges.com\/wp-content\/uploads\/2022\/02\/logo-mesvendanges.jpg\",\"contentUrl\":\"https:\/\/www.mesvendanges.com\/wp-content\/uploads\/2022\/02\/logo-mesvendanges.jpg\",\"width\":851,\"height\":260,\"caption\":\"Mes Vendanges\"},\"image\":{\"@id\":\"https:\/\/www.mesvendanges.com\/en\/#\/schema\/logo\/image\/\"}},{\"@type\":\"WebSite\",\"@id\":\"https:\/\/www.mesvendanges.com\/en\/#website\",\"url\":\"https:\/\/www.mesvendanges.com\/en\/\",\"name\":\"Mes Vendanges\",\"description\":\"Des journ\u00e9es enti\u00e8res dans les vignes\",\"publisher\":{\"@id\":\"https:\/\/www.mesvendanges.com\/en\/#organization\"},\"potentialAction\":[{\"@type\":\"SearchAction\",\"target\":{\"@type\":\"EntryPoint\",\"urlTemplate\":\"https:\/\/www.mesvendanges.com\/en\/?s={search_term_string}\"},\"query-input\":\"required name=search_term_string\"}],\"inLanguage\":\"fr-FR\"},{\"@type\":\"ImageObject\",\"inLanguage\":\"fr-FR\",\"@id\":\"https:\/\/www.mesvendanges.com\/fr\/boutique\/vins\/riesling-roxheimer-hollenpfad-trocken-donnhoff-2018-75cl\/#primaryimage\",\"url\":\"https:\/\/www.mesvendanges.com\/wp-content\/uploads\/2023\/12\/weingut-donnhoff-hollenpfad-riesling-trocken-2018-png.png\",\"contentUrl\":\"https:\/\/www.mesvendanges.com\/wp-content\/uploads\/2023\/12\/weingut-donnhoff-hollenpfad-riesling-trocken-2018-png.png\",\"width\":522,\"height\":1500},{\"@type\":\"WebPage\",\"@id\":\"https:\/\/www.mesvendanges.com\/fr\/boutique\/vins\/riesling-roxheimer-hollenpfad-trocken-donnhoff-2018-75cl\/\",\"url\":\"https:\/\/www.mesvendanges.com\/fr\/boutique\/vins\/riesling-roxheimer-hollenpfad-trocken-donnhoff-2018-75cl\/\",\"name\":\"RIESLING ROXHEIMER H\u00d6LLENPFAD TROCKEN - Mes Vendanges\",\"isPartOf\":{\"@id\":\"https:\/\/www.mesvendanges.com\/en\/#website\"},\"primaryImageOfPage\":{\"@id\":\"https:\/\/www.mesvendanges.com\/fr\/boutique\/vins\/riesling-roxheimer-hollenpfad-trocken-donnhoff-2018-75cl\/#primaryimage\"},\"datePublished\":\"2022-08-02T14:05:12+00:00\",\"dateModified\":\"2023-12-05T16:01:14+00:00\",\"breadcrumb\":{\"@id\":\"https:\/\/www.mesvendanges.com\/fr\/boutique\/vins\/riesling-roxheimer-hollenpfad-trocken-donnhoff-2018-75cl\/#breadcrumb\"},\"inLanguage\":\"fr-FR\",\"potentialAction\":[{\"@type\":\"ReadAction\",\"target\":[\"https:\/\/www.mesvendanges.com\/fr\/boutique\/vins\/riesling-roxheimer-hollenpfad-trocken-donnhoff-2018-75cl\/\"]}]},{\"@type\":\"BreadcrumbList\",\"@id\":\"https:\/\/www.mesvendanges.com\/fr\/boutique\/vins\/riesling-roxheimer-hollenpfad-trocken-donnhoff-2018-75cl\/#breadcrumb\",\"itemListElement\":[{\"@type\":\"ListItem\",\"position\":1,\"name\":\"Accueil\",\"item\":\"https:\/\/www.mesvendanges.com\/fr\/\"},{\"@type\":\"ListItem\",\"position\":2,\"name\":\"Boutique\",\"item\":\"https:\/\/www.mesvendanges.com\/fr\/boutique\/\"},{\"@type\":\"ListItem\",\"position\":3,\"name\":\"RIESLING ROXHEIMER H\u00d6LLENPFAD TROCKEN\"}]}]}<\/script>\n<!-- \/ Yoast SEO plugin. -->","yoast_head_json":{"title":"RIESLING ROXHEIMER H\u00d6LLENPFAD TROCKEN - Mes Vendanges","robots":{"index":"index","follow":"follow","max-snippet":"max-snippet:-1","max-image-preview":"max-image-preview:large","max-video-preview":"max-video-preview:-1"},"canonical":"https:\/\/www.mesvendanges.com\/fr\/boutique\/vins\/riesling-roxheimer-hollenpfad-trocken-donnhoff-2018-75cl\/","og_locale":"fr_FR","og_type":"article","og_title":"RIESLING ROXHEIMER H\u00d6LLENPFAD TROCKEN - Mes Vendanges","og_description":"H\u00f6llenpfad (les portes de l&#8217;Enfer) est un tr\u00e8s beau terroir, l\u00e8g\u00e9rement en retrait de la Nahe, le sol d&#8217;une couleur t\u00e8rs rouge semble garder la chaleur des fins de journ\u00e9es, et concentrer les baies.Toujours petites et saines, elles donnent un vin au caract\u00e8re unique, avec une min\u00e9ralit\u00e9 tout \u00e0 la fois piquante et d\u00e9licate, avec [&hellip;]","og_url":"https:\/\/www.mesvendanges.com\/fr\/boutique\/vins\/riesling-roxheimer-hollenpfad-trocken-donnhoff-2018-75cl\/","og_site_name":"Mes Vendanges","article_modified_time":"2023-12-05T16:01:14+00:00","og_image":[{"width":522,"height":1500,"url":"https:\/\/www.mesvendanges.com\/wp-content\/uploads\/2023\/12\/weingut-donnhoff-hollenpfad-riesling-trocken-2018-png.png","type":"image\/png"}],"twitter_card":"summary_large_image","schema":{"@context":"https:\/\/schema.org","@graph":[{"@type":"Organization","@id":"https:\/\/www.mesvendanges.com\/en\/#organization","name":"Mes Vendanges","url":"https:\/\/www.mesvendanges.com\/en\/","sameAs":[],"logo":{"@type":"ImageObject","inLanguage":"fr-FR","@id":"https:\/\/www.mesvendanges.com\/en\/#\/schema\/logo\/image\/","url":"https:\/\/www.mesvendanges.com\/wp-content\/uploads\/2022\/02\/logo-mesvendanges.jpg","contentUrl":"https:\/\/www.mesvendanges.com\/wp-content\/uploads\/2022\/02\/logo-mesvendanges.jpg","width":851,"height":260,"caption":"Mes Vendanges"},"image":{"@id":"https:\/\/www.mesvendanges.com\/en\/#\/schema\/logo\/image\/"}},{"@type":"WebSite","@id":"https:\/\/www.mesvendanges.com\/en\/#website","url":"https:\/\/www.mesvendanges.com\/en\/","name":"Mes Vendanges","description":"Des journ\u00e9es enti\u00e8res dans les vignes","publisher":{"@id":"https:\/\/www.mesvendanges.com\/en\/#organization"},"potentialAction":[{"@type":"SearchAction","target":{"@type":"EntryPoint","urlTemplate":"https:\/\/www.mesvendanges.com\/en\/?s={search_term_string}"},"query-input":"required name=search_term_string"}],"inLanguage":"fr-FR"},{"@type":"ImageObject","inLanguage":"fr-FR","@id":"https:\/\/www.mesvendanges.com\/fr\/boutique\/vins\/riesling-roxheimer-hollenpfad-trocken-donnhoff-2018-75cl\/#primaryimage","url":"https:\/\/www.mesvendanges.com\/wp-content\/uploads\/2023\/12\/weingut-donnhoff-hollenpfad-riesling-trocken-2018-png.png","contentUrl":"https:\/\/www.mesvendanges.com\/wp-content\/uploads\/2023\/12\/weingut-donnhoff-hollenpfad-riesling-trocken-2018-png.png","width":522,"height":1500},{"@type":"WebPage","@id":"https:\/\/www.mesvendanges.com\/fr\/boutique\/vins\/riesling-roxheimer-hollenpfad-trocken-donnhoff-2018-75cl\/","url":"https:\/\/www.mesvendanges.com\/fr\/boutique\/vins\/riesling-roxheimer-hollenpfad-trocken-donnhoff-2018-75cl\/","name":"RIESLING ROXHEIMER H\u00d6LLENPFAD TROCKEN - Mes Vendanges","isPartOf":{"@id":"https:\/\/www.mesvendanges.com\/en\/#website"},"primaryImageOfPage":{"@id":"https:\/\/www.mesvendanges.com\/fr\/boutique\/vins\/riesling-roxheimer-hollenpfad-trocken-donnhoff-2018-75cl\/#primaryimage"},"datePublished":"2022-08-02T14:05:12+00:00","dateModified":"2023-12-05T16:01:14+00:00","breadcrumb":{"@id":"https:\/\/www.mesvendanges.com\/fr\/boutique\/vins\/riesling-roxheimer-hollenpfad-trocken-donnhoff-2018-75cl\/#breadcrumb"},"inLanguage":"fr-FR","potentialAction":[{"@type":"ReadAction","target":["https:\/\/www.mesvendanges.com\/fr\/boutique\/vins\/riesling-roxheimer-hollenpfad-trocken-donnhoff-2018-75cl\/"]}]},{"@type":"BreadcrumbList","@id":"https:\/\/www.mesvendanges.com\/fr\/boutique\/vins\/riesling-roxheimer-hollenpfad-trocken-donnhoff-2018-75cl\/#breadcrumb","itemListElement":[{"@type":"ListItem","position":1,"name":"Accueil","item":"https:\/\/www.mesvendanges.com\/fr\/"},{"@type":"ListItem","position":2,"name":"Boutique","item":"https:\/\/www.mesvendanges.com\/fr\/boutique\/"},{"@type":"ListItem","position":3,"name":"RIESLING ROXHEIMER H\u00d6LLENPFAD TROCKEN"}]}]}},"_links":{"self":[{"href":"https:\/\/www.mesvendanges.com\/fr\/wp-json\/wp\/v2\/product\/43761"}],"collection":[{"href":"https:\/\/www.mesvendanges.com\/fr\/wp-json\/wp\/v2\/product"}],"about":[{"href":"https:\/\/www.mesvendanges.com\/fr\/wp-json\/wp\/v2\/types\/product"}],"wp:featuredmedia":[{"embeddable":true,"href":"https:\/\/www.mesvendanges.com\/fr\/wp-json\/wp\/v2\/media\/70207"}],"wp:attachment":[{"href":"https:\/\/www.mesvendanges.com\/fr\/wp-json\/wp\/v2\/media?parent=43761"}],"wp:term":[{"taxonomy":"product_cat","embeddable":true,"href":"https:\/\/www.mesvendanges.com\/fr\/wp-json\/wp\/v2\/product_cat?post=43761"},{"taxonomy":"product_tag","embeddable":true,"href":"https:\/\/www.mesvendanges.com\/fr\/wp-json\/wp\/v2\/product_tag?post=43761"}],"curies":[{"name":"wp","href":"https:\/\/api.w.org\/{rel}","templated":true}]}}