{"id":44061,"date":"2022-08-02T16:12:52","date_gmt":"2022-08-02T14:12:52","guid":{"rendered":"https:\/\/www.mesvendanges.com\/shop\/non%20class\u00e9\/cotes-de-francs-2\/"},"modified":"2024-01-02T10:34:29","modified_gmt":"2024-01-02T09:34:29","slug":"cotes-de-francs-marsau-ch-2015-75cl","status":"publish","type":"product","link":"https:\/\/www.mesvendanges.com\/fr\/boutique\/vins\/cotes-de-francs-marsau-ch-2015-75cl\/","title":{"rendered":"COTES DE FRANCS"},"content":{"rendered":"<p>Petite p\u00e9pite des appellations dites  de la Rive-Droite, le Ch\u00e2teau Marsau se situe sur un magnifique plateau sur les hauteurs des c\u00f4tes de Francs. 13 hectares d&#8217;un seul tenant entour\u00e9s de champs et de bois, un cadre presque champ\u00eatre et si rare de nos jours dans les r\u00e9gions viticole Terroir d&#8217;argile et merlot  \u00abvivant\u00bb  permettent de produire une vin qui privil\u00e9gie la finesse, le d\u00e9li\u00e9, et une grande finesse de tanins, tr\u00e8s loin de l&#8217;esth\u00e9tique des supers cuv\u00e9es bois\u00e9es et des alcools saturants. Le travail de la vigne est aujourd&#8217;hui conduit en agriculture biologique, avec un soin tout particulier apport\u00e9 \u00e0 la vie de vigne et de ses auxiliaires. De petits rendements, une maturit\u00e9 juste des baies, et c&#8217;est les vendanges. En cave les cuvaisons sont conduites en douceur, cherchant toujours \u00e0 privil\u00e9gier la finesse des tanins plut\u00f4t que la puissance. Puis un \u00e9levage de 12 mois en barriques. Au final des vins frais, aux saveurs douces, pos\u00e9es et une bouche \u00e0 la belle allonge, sans exc\u00e8s, salivante!<\/p>\n","protected":false},"excerpt":{"rendered":"<p>Petite p\u00e9pite des appellations dites de la Rive-Droite, le Ch\u00e2teau Marsau se situe sur un magnifique plateau sur les hauteurs des c\u00f4tes de Francs. 13 hectares d&#8217;un seul tenant entour\u00e9s de champs et de bois, un cadre presque champ\u00eatre et si rare de nos jours dans les r\u00e9gions viticole Terroir d&#8217;argile et merlot \u00abvivant\u00bb permettent [&hellip;]<\/p>\n","protected":false},"featured_media":71429,"template":"","meta":[],"product_cat":[3736],"product_tag":[],"acf":[],"yoast_head":"<!-- This site is optimized with the Yoast SEO plugin v19.3 - https:\/\/yoast.com\/wordpress\/plugins\/seo\/ -->\n<title>COTES DE FRANCS - Mes Vendanges<\/title>\n<meta name=\"robots\" content=\"index, follow, max-snippet:-1, max-image-preview:large, max-video-preview:-1\" \/>\n<link rel=\"canonical\" href=\"https:\/\/www.mesvendanges.com\/fr\/boutique\/vins\/cotes-de-francs-marsau-ch-2015-75cl\/\" \/>\n<meta property=\"og:locale\" content=\"fr_FR\" \/>\n<meta property=\"og:type\" content=\"article\" \/>\n<meta property=\"og:title\" content=\"COTES DE FRANCS - Mes Vendanges\" \/>\n<meta property=\"og:description\" content=\"Petite p\u00e9pite des appellations dites de la Rive-Droite, le Ch\u00e2teau Marsau se situe sur un magnifique plateau sur les hauteurs des c\u00f4tes de Francs. 13 hectares d&#8217;un seul tenant entour\u00e9s de champs et de bois, un cadre presque champ\u00eatre et si rare de nos jours dans les r\u00e9gions viticole Terroir d&#8217;argile et merlot \u00abvivant\u00bb permettent [&hellip;]\" \/>\n<meta property=\"og:url\" content=\"https:\/\/www.mesvendanges.com\/fr\/boutique\/vins\/cotes-de-francs-marsau-ch-2015-75cl\/\" \/>\n<meta property=\"og:site_name\" content=\"Mes Vendanges\" \/>\n<meta property=\"article:modified_time\" content=\"2024-01-02T09:34:29+00:00\" \/>\n<meta property=\"og:image\" content=\"https:\/\/www.mesvendanges.com\/wp-content\/uploads\/2023\/12\/chateau-marsau-famille-chadronnier-cotes-de-bordeaux-francs-rouge-2015.png\" \/>\n\t<meta property=\"og:image:width\" content=\"600\" \/>\n\t<meta property=\"og:image:height\" content=\"1500\" \/>\n\t<meta property=\"og:image:type\" content=\"image\/png\" \/>\n<meta name=\"twitter:card\" content=\"summary_large_image\" \/>\n<meta name=\"twitter:label1\" content=\"Dur\u00e9e de lecture estim\u00e9e\" \/>\n\t<meta name=\"twitter:data1\" content=\"1 minute\" \/>\n<script type=\"application\/ld+json\" class=\"yoast-schema-graph\">{\"@context\":\"https:\/\/schema.org\",\"@graph\":[{\"@type\":\"Organization\",\"@id\":\"https:\/\/www.mesvendanges.com\/en\/#organization\",\"name\":\"Mes Vendanges\",\"url\":\"https:\/\/www.mesvendanges.com\/en\/\",\"sameAs\":[],\"logo\":{\"@type\":\"ImageObject\",\"inLanguage\":\"fr-FR\",\"@id\":\"https:\/\/www.mesvendanges.com\/en\/#\/schema\/logo\/image\/\",\"url\":\"https:\/\/www.mesvendanges.com\/wp-content\/uploads\/2022\/02\/logo-mesvendanges.jpg\",\"contentUrl\":\"https:\/\/www.mesvendanges.com\/wp-content\/uploads\/2022\/02\/logo-mesvendanges.jpg\",\"width\":851,\"height\":260,\"caption\":\"Mes Vendanges\"},\"image\":{\"@id\":\"https:\/\/www.mesvendanges.com\/en\/#\/schema\/logo\/image\/\"}},{\"@type\":\"WebSite\",\"@id\":\"https:\/\/www.mesvendanges.com\/en\/#website\",\"url\":\"https:\/\/www.mesvendanges.com\/en\/\",\"name\":\"Mes Vendanges\",\"description\":\"Des journ\u00e9es enti\u00e8res dans les vignes\",\"publisher\":{\"@id\":\"https:\/\/www.mesvendanges.com\/en\/#organization\"},\"potentialAction\":[{\"@type\":\"SearchAction\",\"target\":{\"@type\":\"EntryPoint\",\"urlTemplate\":\"https:\/\/www.mesvendanges.com\/en\/?s={search_term_string}\"},\"query-input\":\"required name=search_term_string\"}],\"inLanguage\":\"fr-FR\"},{\"@type\":\"ImageObject\",\"inLanguage\":\"fr-FR\",\"@id\":\"https:\/\/www.mesvendanges.com\/fr\/boutique\/vins\/cotes-de-francs-marsau-ch-2015-75cl\/#primaryimage\",\"url\":\"https:\/\/www.mesvendanges.com\/wp-content\/uploads\/2023\/12\/chateau-marsau-famille-chadronnier-cotes-de-bordeaux-francs-rouge-2015.png\",\"contentUrl\":\"https:\/\/www.mesvendanges.com\/wp-content\/uploads\/2023\/12\/chateau-marsau-famille-chadronnier-cotes-de-bordeaux-francs-rouge-2015.png\",\"width\":600,\"height\":1500},{\"@type\":\"WebPage\",\"@id\":\"https:\/\/www.mesvendanges.com\/fr\/boutique\/vins\/cotes-de-francs-marsau-ch-2015-75cl\/\",\"url\":\"https:\/\/www.mesvendanges.com\/fr\/boutique\/vins\/cotes-de-francs-marsau-ch-2015-75cl\/\",\"name\":\"COTES DE FRANCS - Mes Vendanges\",\"isPartOf\":{\"@id\":\"https:\/\/www.mesvendanges.com\/en\/#website\"},\"primaryImageOfPage\":{\"@id\":\"https:\/\/www.mesvendanges.com\/fr\/boutique\/vins\/cotes-de-francs-marsau-ch-2015-75cl\/#primaryimage\"},\"datePublished\":\"2022-08-02T14:12:52+00:00\",\"dateModified\":\"2024-01-02T09:34:29+00:00\",\"breadcrumb\":{\"@id\":\"https:\/\/www.mesvendanges.com\/fr\/boutique\/vins\/cotes-de-francs-marsau-ch-2015-75cl\/#breadcrumb\"},\"inLanguage\":\"fr-FR\",\"potentialAction\":[{\"@type\":\"ReadAction\",\"target\":[\"https:\/\/www.mesvendanges.com\/fr\/boutique\/vins\/cotes-de-francs-marsau-ch-2015-75cl\/\"]}]},{\"@type\":\"BreadcrumbList\",\"@id\":\"https:\/\/www.mesvendanges.com\/fr\/boutique\/vins\/cotes-de-francs-marsau-ch-2015-75cl\/#breadcrumb\",\"itemListElement\":[{\"@type\":\"ListItem\",\"position\":1,\"name\":\"Accueil\",\"item\":\"https:\/\/www.mesvendanges.com\/fr\/\"},{\"@type\":\"ListItem\",\"position\":2,\"name\":\"Boutique\",\"item\":\"https:\/\/www.mesvendanges.com\/fr\/boutique\/\"},{\"@type\":\"ListItem\",\"position\":3,\"name\":\"COTES DE FRANCS\"}]}]}<\/script>\n<!-- \/ Yoast SEO plugin. -->","yoast_head_json":{"title":"COTES DE FRANCS - Mes Vendanges","robots":{"index":"index","follow":"follow","max-snippet":"max-snippet:-1","max-image-preview":"max-image-preview:large","max-video-preview":"max-video-preview:-1"},"canonical":"https:\/\/www.mesvendanges.com\/fr\/boutique\/vins\/cotes-de-francs-marsau-ch-2015-75cl\/","og_locale":"fr_FR","og_type":"article","og_title":"COTES DE FRANCS - Mes Vendanges","og_description":"Petite p\u00e9pite des appellations dites de la Rive-Droite, le Ch\u00e2teau Marsau se situe sur un magnifique plateau sur les hauteurs des c\u00f4tes de Francs. 13 hectares d&#8217;un seul tenant entour\u00e9s de champs et de bois, un cadre presque champ\u00eatre et si rare de nos jours dans les r\u00e9gions viticole Terroir d&#8217;argile et merlot \u00abvivant\u00bb permettent [&hellip;]","og_url":"https:\/\/www.mesvendanges.com\/fr\/boutique\/vins\/cotes-de-francs-marsau-ch-2015-75cl\/","og_site_name":"Mes Vendanges","article_modified_time":"2024-01-02T09:34:29+00:00","og_image":[{"width":600,"height":1500,"url":"https:\/\/www.mesvendanges.com\/wp-content\/uploads\/2023\/12\/chateau-marsau-famille-chadronnier-cotes-de-bordeaux-francs-rouge-2015.png","type":"image\/png"}],"twitter_card":"summary_large_image","twitter_misc":{"Dur\u00e9e de lecture estim\u00e9e":"1 minute"},"schema":{"@context":"https:\/\/schema.org","@graph":[{"@type":"Organization","@id":"https:\/\/www.mesvendanges.com\/en\/#organization","name":"Mes Vendanges","url":"https:\/\/www.mesvendanges.com\/en\/","sameAs":[],"logo":{"@type":"ImageObject","inLanguage":"fr-FR","@id":"https:\/\/www.mesvendanges.com\/en\/#\/schema\/logo\/image\/","url":"https:\/\/www.mesvendanges.com\/wp-content\/uploads\/2022\/02\/logo-mesvendanges.jpg","contentUrl":"https:\/\/www.mesvendanges.com\/wp-content\/uploads\/2022\/02\/logo-mesvendanges.jpg","width":851,"height":260,"caption":"Mes Vendanges"},"image":{"@id":"https:\/\/www.mesvendanges.com\/en\/#\/schema\/logo\/image\/"}},{"@type":"WebSite","@id":"https:\/\/www.mesvendanges.com\/en\/#website","url":"https:\/\/www.mesvendanges.com\/en\/","name":"Mes Vendanges","description":"Des journ\u00e9es enti\u00e8res dans les vignes","publisher":{"@id":"https:\/\/www.mesvendanges.com\/en\/#organization"},"potentialAction":[{"@type":"SearchAction","target":{"@type":"EntryPoint","urlTemplate":"https:\/\/www.mesvendanges.com\/en\/?s={search_term_string}"},"query-input":"required name=search_term_string"}],"inLanguage":"fr-FR"},{"@type":"ImageObject","inLanguage":"fr-FR","@id":"https:\/\/www.mesvendanges.com\/fr\/boutique\/vins\/cotes-de-francs-marsau-ch-2015-75cl\/#primaryimage","url":"https:\/\/www.mesvendanges.com\/wp-content\/uploads\/2023\/12\/chateau-marsau-famille-chadronnier-cotes-de-bordeaux-francs-rouge-2015.png","contentUrl":"https:\/\/www.mesvendanges.com\/wp-content\/uploads\/2023\/12\/chateau-marsau-famille-chadronnier-cotes-de-bordeaux-francs-rouge-2015.png","width":600,"height":1500},{"@type":"WebPage","@id":"https:\/\/www.mesvendanges.com\/fr\/boutique\/vins\/cotes-de-francs-marsau-ch-2015-75cl\/","url":"https:\/\/www.mesvendanges.com\/fr\/boutique\/vins\/cotes-de-francs-marsau-ch-2015-75cl\/","name":"COTES DE FRANCS - Mes Vendanges","isPartOf":{"@id":"https:\/\/www.mesvendanges.com\/en\/#website"},"primaryImageOfPage":{"@id":"https:\/\/www.mesvendanges.com\/fr\/boutique\/vins\/cotes-de-francs-marsau-ch-2015-75cl\/#primaryimage"},"datePublished":"2022-08-02T14:12:52+00:00","dateModified":"2024-01-02T09:34:29+00:00","breadcrumb":{"@id":"https:\/\/www.mesvendanges.com\/fr\/boutique\/vins\/cotes-de-francs-marsau-ch-2015-75cl\/#breadcrumb"},"inLanguage":"fr-FR","potentialAction":[{"@type":"ReadAction","target":["https:\/\/www.mesvendanges.com\/fr\/boutique\/vins\/cotes-de-francs-marsau-ch-2015-75cl\/"]}]},{"@type":"BreadcrumbList","@id":"https:\/\/www.mesvendanges.com\/fr\/boutique\/vins\/cotes-de-francs-marsau-ch-2015-75cl\/#breadcrumb","itemListElement":[{"@type":"ListItem","position":1,"name":"Accueil","item":"https:\/\/www.mesvendanges.com\/fr\/"},{"@type":"ListItem","position":2,"name":"Boutique","item":"https:\/\/www.mesvendanges.com\/fr\/boutique\/"},{"@type":"ListItem","position":3,"name":"COTES DE FRANCS"}]}]}},"_links":{"self":[{"href":"https:\/\/www.mesvendanges.com\/fr\/wp-json\/wp\/v2\/product\/44061"}],"collection":[{"href":"https:\/\/www.mesvendanges.com\/fr\/wp-json\/wp\/v2\/product"}],"about":[{"href":"https:\/\/www.mesvendanges.com\/fr\/wp-json\/wp\/v2\/types\/product"}],"wp:featuredmedia":[{"embeddable":true,"href":"https:\/\/www.mesvendanges.com\/fr\/wp-json\/wp\/v2\/media\/71429"}],"wp:attachment":[{"href":"https:\/\/www.mesvendanges.com\/fr\/wp-json\/wp\/v2\/media?parent=44061"}],"wp:term":[{"taxonomy":"product_cat","embeddable":true,"href":"https:\/\/www.mesvendanges.com\/fr\/wp-json\/wp\/v2\/product_cat?post=44061"},{"taxonomy":"product_tag","embeddable":true,"href":"https:\/\/www.mesvendanges.com\/fr\/wp-json\/wp\/v2\/product_tag?post=44061"}],"curies":[{"name":"wp","href":"https:\/\/api.w.org\/{rel}","templated":true}]}}