{"id":44283,"date":"2022-08-02T16:18:12","date_gmt":"2022-08-02T14:18:12","guid":{"rendered":"https:\/\/www.mesvendanges.com\/shop\/non%20class\u00e9\/authentis-02-polyvalent-france-livraison-offerte\/"},"modified":"2026-03-12T10:29:26","modified_gmt":"2026-03-12T09:29:26","slug":"authentis-02-polyvalent-spiegelau-42cl","status":"publish","type":"product","link":"https:\/\/www.mesvendanges.com\/fr\/boutique\/epicerie-et-accessoires\/authentis-02-polyvalent-spiegelau-42cl\/","title":{"rendered":"AUTHENTIS 02 POLYVALENT"},"content":{"rendered":"<p>Le verre Authentis 02 est, pour nous, le verre par excellence. Totalement polyvalent, on peut tout aussi bien y d\u00e9guster des vins blans, des vins rouges, des vins vieux, de forts jeunes, des vins de structure, comme des vins tout en dentelle.<br \/>\nSon format en fait un verre tr\u00e8s agr\u00e9able \u00e0 table, ni trop grand, ni trop petit, ce qu&#8217;il faut pour un d\u00e9licieux repas autour d&#8217;une bonne bouteille (ou plus!) <\/p>\n<p>ref 4400182<br \/>\ncontenance : 42cl<br \/>\ntaille : 21cm<\/p>\n","protected":false},"excerpt":{"rendered":"<p>Le verre Authentis 02 est, pour nous, le verre par excellence. Totalement polyvalent, on peut tout aussi bien y d\u00e9guster des vins blans, des vins rouges, des vins vieux, de forts jeunes, des vins de structure, comme des vins tout en dentelle. Son format en fait un verre tr\u00e8s agr\u00e9able \u00e0 table, ni trop grand, [&hellip;]<\/p>\n","protected":false},"featured_media":22712,"template":"","meta":[],"product_cat":[3737],"product_tag":[],"acf":[],"yoast_head":"<!-- This site is optimized with the Yoast SEO plugin v19.3 - https:\/\/yoast.com\/wordpress\/plugins\/seo\/ -->\n<title>AUTHENTIS 02 POLYVALENT - Mes Vendanges<\/title>\n<meta name=\"robots\" content=\"index, follow, max-snippet:-1, max-image-preview:large, max-video-preview:-1\" \/>\n<link rel=\"canonical\" href=\"https:\/\/www.mesvendanges.com\/fr\/boutique\/epicerie-et-accessoires\/authentis-02-polyvalent-spiegelau-42cl\/\" \/>\n<meta property=\"og:locale\" content=\"fr_FR\" \/>\n<meta property=\"og:type\" content=\"article\" \/>\n<meta property=\"og:title\" content=\"AUTHENTIS 02 POLYVALENT - Mes Vendanges\" \/>\n<meta property=\"og:description\" content=\"Le verre Authentis 02 est, pour nous, le verre par excellence. Totalement polyvalent, on peut tout aussi bien y d\u00e9guster des vins blans, des vins rouges, des vins vieux, de forts jeunes, des vins de structure, comme des vins tout en dentelle. Son format en fait un verre tr\u00e8s agr\u00e9able \u00e0 table, ni trop grand, [&hellip;]\" \/>\n<meta property=\"og:url\" content=\"https:\/\/www.mesvendanges.com\/fr\/boutique\/epicerie-et-accessoires\/authentis-02-polyvalent-spiegelau-42cl\/\" \/>\n<meta property=\"og:site_name\" content=\"Mes Vendanges\" \/>\n<meta property=\"article:modified_time\" content=\"2026-03-12T09:29:26+00:00\" \/>\n<meta property=\"og:image\" content=\"https:\/\/www.mesvendanges.com\/wp-content\/uploads\/2022\/07\/spiegelau-authentis-polyvalent-02-4400182-jpg.jpg\" \/>\n\t<meta property=\"og:image:width\" content=\"1040\" \/>\n\t<meta property=\"og:image:height\" content=\"1040\" \/>\n\t<meta property=\"og:image:type\" content=\"image\/jpeg\" \/>\n<meta name=\"twitter:card\" content=\"summary_large_image\" \/>\n<meta name=\"twitter:label1\" content=\"Dur\u00e9e de lecture estim\u00e9e\" \/>\n\t<meta name=\"twitter:data1\" content=\"1 minute\" \/>\n<script type=\"application\/ld+json\" class=\"yoast-schema-graph\">{\"@context\":\"https:\/\/schema.org\",\"@graph\":[{\"@type\":\"Organization\",\"@id\":\"https:\/\/www.mesvendanges.com\/en\/#organization\",\"name\":\"Mes Vendanges\",\"url\":\"https:\/\/www.mesvendanges.com\/en\/\",\"sameAs\":[],\"logo\":{\"@type\":\"ImageObject\",\"inLanguage\":\"fr-FR\",\"@id\":\"https:\/\/www.mesvendanges.com\/en\/#\/schema\/logo\/image\/\",\"url\":\"https:\/\/www.mesvendanges.com\/wp-content\/uploads\/2022\/02\/logo-mesvendanges.jpg\",\"contentUrl\":\"https:\/\/www.mesvendanges.com\/wp-content\/uploads\/2022\/02\/logo-mesvendanges.jpg\",\"width\":851,\"height\":260,\"caption\":\"Mes Vendanges\"},\"image\":{\"@id\":\"https:\/\/www.mesvendanges.com\/en\/#\/schema\/logo\/image\/\"}},{\"@type\":\"WebSite\",\"@id\":\"https:\/\/www.mesvendanges.com\/en\/#website\",\"url\":\"https:\/\/www.mesvendanges.com\/en\/\",\"name\":\"Mes Vendanges\",\"description\":\"Des journ\u00e9es enti\u00e8res dans les vignes\",\"publisher\":{\"@id\":\"https:\/\/www.mesvendanges.com\/en\/#organization\"},\"potentialAction\":[{\"@type\":\"SearchAction\",\"target\":{\"@type\":\"EntryPoint\",\"urlTemplate\":\"https:\/\/www.mesvendanges.com\/en\/?s={search_term_string}\"},\"query-input\":\"required name=search_term_string\"}],\"inLanguage\":\"fr-FR\"},{\"@type\":\"ImageObject\",\"inLanguage\":\"fr-FR\",\"@id\":\"https:\/\/www.mesvendanges.com\/fr\/boutique\/epicerie-et-accessoires\/authentis-02-polyvalent-spiegelau-42cl\/#primaryimage\",\"url\":\"https:\/\/www.mesvendanges.com\/wp-content\/uploads\/2022\/07\/spiegelau-authentis-polyvalent-02-4400182-jpg.jpg\",\"contentUrl\":\"https:\/\/www.mesvendanges.com\/wp-content\/uploads\/2022\/07\/spiegelau-authentis-polyvalent-02-4400182-jpg.jpg\",\"width\":1040,\"height\":1040},{\"@type\":\"WebPage\",\"@id\":\"https:\/\/www.mesvendanges.com\/fr\/boutique\/epicerie-et-accessoires\/authentis-02-polyvalent-spiegelau-42cl\/\",\"url\":\"https:\/\/www.mesvendanges.com\/fr\/boutique\/epicerie-et-accessoires\/authentis-02-polyvalent-spiegelau-42cl\/\",\"name\":\"AUTHENTIS 02 POLYVALENT - Mes Vendanges\",\"isPartOf\":{\"@id\":\"https:\/\/www.mesvendanges.com\/en\/#website\"},\"primaryImageOfPage\":{\"@id\":\"https:\/\/www.mesvendanges.com\/fr\/boutique\/epicerie-et-accessoires\/authentis-02-polyvalent-spiegelau-42cl\/#primaryimage\"},\"datePublished\":\"2022-08-02T14:18:12+00:00\",\"dateModified\":\"2026-03-12T09:29:26+00:00\",\"breadcrumb\":{\"@id\":\"https:\/\/www.mesvendanges.com\/fr\/boutique\/epicerie-et-accessoires\/authentis-02-polyvalent-spiegelau-42cl\/#breadcrumb\"},\"inLanguage\":\"fr-FR\",\"potentialAction\":[{\"@type\":\"ReadAction\",\"target\":[\"https:\/\/www.mesvendanges.com\/fr\/boutique\/epicerie-et-accessoires\/authentis-02-polyvalent-spiegelau-42cl\/\"]}]},{\"@type\":\"BreadcrumbList\",\"@id\":\"https:\/\/www.mesvendanges.com\/fr\/boutique\/epicerie-et-accessoires\/authentis-02-polyvalent-spiegelau-42cl\/#breadcrumb\",\"itemListElement\":[{\"@type\":\"ListItem\",\"position\":1,\"name\":\"Accueil\",\"item\":\"https:\/\/www.mesvendanges.com\/fr\/\"},{\"@type\":\"ListItem\",\"position\":2,\"name\":\"Boutique\",\"item\":\"https:\/\/www.mesvendanges.com\/fr\/boutique\/\"},{\"@type\":\"ListItem\",\"position\":3,\"name\":\"AUTHENTIS 02 POLYVALENT\"}]}]}<\/script>\n<!-- \/ Yoast SEO plugin. -->","yoast_head_json":{"title":"AUTHENTIS 02 POLYVALENT - Mes Vendanges","robots":{"index":"index","follow":"follow","max-snippet":"max-snippet:-1","max-image-preview":"max-image-preview:large","max-video-preview":"max-video-preview:-1"},"canonical":"https:\/\/www.mesvendanges.com\/fr\/boutique\/epicerie-et-accessoires\/authentis-02-polyvalent-spiegelau-42cl\/","og_locale":"fr_FR","og_type":"article","og_title":"AUTHENTIS 02 POLYVALENT - Mes Vendanges","og_description":"Le verre Authentis 02 est, pour nous, le verre par excellence. Totalement polyvalent, on peut tout aussi bien y d\u00e9guster des vins blans, des vins rouges, des vins vieux, de forts jeunes, des vins de structure, comme des vins tout en dentelle. Son format en fait un verre tr\u00e8s agr\u00e9able \u00e0 table, ni trop grand, [&hellip;]","og_url":"https:\/\/www.mesvendanges.com\/fr\/boutique\/epicerie-et-accessoires\/authentis-02-polyvalent-spiegelau-42cl\/","og_site_name":"Mes Vendanges","article_modified_time":"2026-03-12T09:29:26+00:00","og_image":[{"width":1040,"height":1040,"url":"https:\/\/www.mesvendanges.com\/wp-content\/uploads\/2022\/07\/spiegelau-authentis-polyvalent-02-4400182-jpg.jpg","type":"image\/jpeg"}],"twitter_card":"summary_large_image","twitter_misc":{"Dur\u00e9e de lecture estim\u00e9e":"1 minute"},"schema":{"@context":"https:\/\/schema.org","@graph":[{"@type":"Organization","@id":"https:\/\/www.mesvendanges.com\/en\/#organization","name":"Mes Vendanges","url":"https:\/\/www.mesvendanges.com\/en\/","sameAs":[],"logo":{"@type":"ImageObject","inLanguage":"fr-FR","@id":"https:\/\/www.mesvendanges.com\/en\/#\/schema\/logo\/image\/","url":"https:\/\/www.mesvendanges.com\/wp-content\/uploads\/2022\/02\/logo-mesvendanges.jpg","contentUrl":"https:\/\/www.mesvendanges.com\/wp-content\/uploads\/2022\/02\/logo-mesvendanges.jpg","width":851,"height":260,"caption":"Mes Vendanges"},"image":{"@id":"https:\/\/www.mesvendanges.com\/en\/#\/schema\/logo\/image\/"}},{"@type":"WebSite","@id":"https:\/\/www.mesvendanges.com\/en\/#website","url":"https:\/\/www.mesvendanges.com\/en\/","name":"Mes Vendanges","description":"Des journ\u00e9es enti\u00e8res dans les vignes","publisher":{"@id":"https:\/\/www.mesvendanges.com\/en\/#organization"},"potentialAction":[{"@type":"SearchAction","target":{"@type":"EntryPoint","urlTemplate":"https:\/\/www.mesvendanges.com\/en\/?s={search_term_string}"},"query-input":"required name=search_term_string"}],"inLanguage":"fr-FR"},{"@type":"ImageObject","inLanguage":"fr-FR","@id":"https:\/\/www.mesvendanges.com\/fr\/boutique\/epicerie-et-accessoires\/authentis-02-polyvalent-spiegelau-42cl\/#primaryimage","url":"https:\/\/www.mesvendanges.com\/wp-content\/uploads\/2022\/07\/spiegelau-authentis-polyvalent-02-4400182-jpg.jpg","contentUrl":"https:\/\/www.mesvendanges.com\/wp-content\/uploads\/2022\/07\/spiegelau-authentis-polyvalent-02-4400182-jpg.jpg","width":1040,"height":1040},{"@type":"WebPage","@id":"https:\/\/www.mesvendanges.com\/fr\/boutique\/epicerie-et-accessoires\/authentis-02-polyvalent-spiegelau-42cl\/","url":"https:\/\/www.mesvendanges.com\/fr\/boutique\/epicerie-et-accessoires\/authentis-02-polyvalent-spiegelau-42cl\/","name":"AUTHENTIS 02 POLYVALENT - Mes Vendanges","isPartOf":{"@id":"https:\/\/www.mesvendanges.com\/en\/#website"},"primaryImageOfPage":{"@id":"https:\/\/www.mesvendanges.com\/fr\/boutique\/epicerie-et-accessoires\/authentis-02-polyvalent-spiegelau-42cl\/#primaryimage"},"datePublished":"2022-08-02T14:18:12+00:00","dateModified":"2026-03-12T09:29:26+00:00","breadcrumb":{"@id":"https:\/\/www.mesvendanges.com\/fr\/boutique\/epicerie-et-accessoires\/authentis-02-polyvalent-spiegelau-42cl\/#breadcrumb"},"inLanguage":"fr-FR","potentialAction":[{"@type":"ReadAction","target":["https:\/\/www.mesvendanges.com\/fr\/boutique\/epicerie-et-accessoires\/authentis-02-polyvalent-spiegelau-42cl\/"]}]},{"@type":"BreadcrumbList","@id":"https:\/\/www.mesvendanges.com\/fr\/boutique\/epicerie-et-accessoires\/authentis-02-polyvalent-spiegelau-42cl\/#breadcrumb","itemListElement":[{"@type":"ListItem","position":1,"name":"Accueil","item":"https:\/\/www.mesvendanges.com\/fr\/"},{"@type":"ListItem","position":2,"name":"Boutique","item":"https:\/\/www.mesvendanges.com\/fr\/boutique\/"},{"@type":"ListItem","position":3,"name":"AUTHENTIS 02 POLYVALENT"}]}]}},"_links":{"self":[{"href":"https:\/\/www.mesvendanges.com\/fr\/wp-json\/wp\/v2\/product\/44283"}],"collection":[{"href":"https:\/\/www.mesvendanges.com\/fr\/wp-json\/wp\/v2\/product"}],"about":[{"href":"https:\/\/www.mesvendanges.com\/fr\/wp-json\/wp\/v2\/types\/product"}],"wp:featuredmedia":[{"embeddable":true,"href":"https:\/\/www.mesvendanges.com\/fr\/wp-json\/wp\/v2\/media\/22712"}],"wp:attachment":[{"href":"https:\/\/www.mesvendanges.com\/fr\/wp-json\/wp\/v2\/media?parent=44283"}],"wp:term":[{"taxonomy":"product_cat","embeddable":true,"href":"https:\/\/www.mesvendanges.com\/fr\/wp-json\/wp\/v2\/product_cat?post=44283"},{"taxonomy":"product_tag","embeddable":true,"href":"https:\/\/www.mesvendanges.com\/fr\/wp-json\/wp\/v2\/product_tag?post=44283"}],"curies":[{"name":"wp","href":"https:\/\/api.w.org\/{rel}","templated":true}]}}