{"id":44943,"date":"2022-08-02T16:36:38","date_gmt":"2022-08-02T14:36:38","guid":{"rendered":"https:\/\/www.mesvendanges.com\/shop\/non%20class\u00e9\/ansata-2\/"},"modified":"2023-12-05T21:55:17","modified_gmt":"2023-12-05T20:55:17","slug":"ansata-kreydenweiss-dne-marc-2015-75cl","status":"publish","type":"product","link":"https:\/\/www.mesvendanges.com\/fr\/boutique\/vins\/ansata-kreydenweiss-dne-marc-2015-75cl\/","title":{"rendered":"ANSATA"},"content":{"rendered":"<p>Ansata est un vin de trame, de texture. C&#8217;est un vin droit. La bouche est nette, sans ostentation, avec une belle longueur et beaucoup de fraicheur, une bouche qui appelle la table, une viande charnue et dense. Un vin qui \u00e9volue aussi tr\u00e8s bien sur une dizaine d&#8217;ann\u00e9e, une expression \u00e9l\u00e9gante et pr\u00e9cise des beaux terroirs autour de N\u00eemes, malheureusement trop rarement travaill\u00e9s \u00e0 leur juste valeur !<\/p>\n<p>C\u00e9pages : syrah (35 ans), grenache (70 ans), merlot (25 ans)<br \/>Superficie : 2.50 hectares Rendement moyen de 28 hecto\/hectare<\/p>\n","protected":false},"excerpt":{"rendered":"<p>Ansata est un vin de trame, de texture. C&#8217;est un vin droit. La bouche est nette, sans ostentation, avec une belle longueur et beaucoup de fraicheur, une bouche qui appelle la table, une viande charnue et dense. Un vin qui \u00e9volue aussi tr\u00e8s bien sur une dizaine d&#8217;ann\u00e9e, une expression \u00e9l\u00e9gante et pr\u00e9cise des beaux [&hellip;]<\/p>\n","protected":false},"featured_media":25174,"template":"","meta":[],"product_cat":[3736],"product_tag":[],"acf":[],"yoast_head":"<!-- This site is optimized with the Yoast SEO plugin v19.3 - https:\/\/yoast.com\/wordpress\/plugins\/seo\/ -->\n<title>ANSATA - Mes Vendanges<\/title>\n<meta name=\"robots\" content=\"index, follow, max-snippet:-1, max-image-preview:large, max-video-preview:-1\" \/>\n<link rel=\"canonical\" href=\"https:\/\/www.mesvendanges.com\/fr\/boutique\/vins\/ansata-kreydenweiss-dne-marc-2015-75cl\/\" \/>\n<meta property=\"og:locale\" content=\"fr_FR\" \/>\n<meta property=\"og:type\" content=\"article\" \/>\n<meta property=\"og:title\" content=\"ANSATA - Mes Vendanges\" \/>\n<meta property=\"og:description\" content=\"Ansata est un vin de trame, de texture. C&#8217;est un vin droit. La bouche est nette, sans ostentation, avec une belle longueur et beaucoup de fraicheur, une bouche qui appelle la table, une viande charnue et dense. Un vin qui \u00e9volue aussi tr\u00e8s bien sur une dizaine d&#8217;ann\u00e9e, une expression \u00e9l\u00e9gante et pr\u00e9cise des beaux [&hellip;]\" \/>\n<meta property=\"og:url\" content=\"https:\/\/www.mesvendanges.com\/fr\/boutique\/vins\/ansata-kreydenweiss-dne-marc-2015-75cl\/\" \/>\n<meta property=\"og:site_name\" content=\"Mes Vendanges\" \/>\n<meta property=\"article:modified_time\" content=\"2023-12-05T20:55:17+00:00\" \/>\n<meta property=\"og:image\" content=\"https:\/\/www.mesvendanges.com\/wp-content\/uploads\/2022\/07\/domaine-kreydenweiss-ansata-vin-de-pays-du-gard-rouge-2015-png.png\" \/>\n\t<meta property=\"og:image:width\" content=\"468\" \/>\n\t<meta property=\"og:image:height\" content=\"1500\" \/>\n\t<meta property=\"og:image:type\" content=\"image\/png\" \/>\n<meta name=\"twitter:card\" content=\"summary_large_image\" \/>\n<script type=\"application\/ld+json\" class=\"yoast-schema-graph\">{\"@context\":\"https:\/\/schema.org\",\"@graph\":[{\"@type\":\"Organization\",\"@id\":\"https:\/\/www.mesvendanges.com\/en\/#organization\",\"name\":\"Mes Vendanges\",\"url\":\"https:\/\/www.mesvendanges.com\/en\/\",\"sameAs\":[],\"logo\":{\"@type\":\"ImageObject\",\"inLanguage\":\"fr-FR\",\"@id\":\"https:\/\/www.mesvendanges.com\/en\/#\/schema\/logo\/image\/\",\"url\":\"https:\/\/www.mesvendanges.com\/wp-content\/uploads\/2022\/02\/logo-mesvendanges.jpg\",\"contentUrl\":\"https:\/\/www.mesvendanges.com\/wp-content\/uploads\/2022\/02\/logo-mesvendanges.jpg\",\"width\":851,\"height\":260,\"caption\":\"Mes Vendanges\"},\"image\":{\"@id\":\"https:\/\/www.mesvendanges.com\/en\/#\/schema\/logo\/image\/\"}},{\"@type\":\"WebSite\",\"@id\":\"https:\/\/www.mesvendanges.com\/en\/#website\",\"url\":\"https:\/\/www.mesvendanges.com\/en\/\",\"name\":\"Mes Vendanges\",\"description\":\"Des journ\u00e9es enti\u00e8res dans les vignes\",\"publisher\":{\"@id\":\"https:\/\/www.mesvendanges.com\/en\/#organization\"},\"potentialAction\":[{\"@type\":\"SearchAction\",\"target\":{\"@type\":\"EntryPoint\",\"urlTemplate\":\"https:\/\/www.mesvendanges.com\/en\/?s={search_term_string}\"},\"query-input\":\"required name=search_term_string\"}],\"inLanguage\":\"fr-FR\"},{\"@type\":\"ImageObject\",\"inLanguage\":\"fr-FR\",\"@id\":\"https:\/\/www.mesvendanges.com\/fr\/boutique\/vins\/ansata-kreydenweiss-dne-marc-2015-75cl\/#primaryimage\",\"url\":\"https:\/\/www.mesvendanges.com\/wp-content\/uploads\/2022\/07\/domaine-kreydenweiss-ansata-vin-de-pays-du-gard-rouge-2015-png.png\",\"contentUrl\":\"https:\/\/www.mesvendanges.com\/wp-content\/uploads\/2022\/07\/domaine-kreydenweiss-ansata-vin-de-pays-du-gard-rouge-2015-png.png\",\"width\":468,\"height\":1500},{\"@type\":\"WebPage\",\"@id\":\"https:\/\/www.mesvendanges.com\/fr\/boutique\/vins\/ansata-kreydenweiss-dne-marc-2015-75cl\/\",\"url\":\"https:\/\/www.mesvendanges.com\/fr\/boutique\/vins\/ansata-kreydenweiss-dne-marc-2015-75cl\/\",\"name\":\"ANSATA - Mes Vendanges\",\"isPartOf\":{\"@id\":\"https:\/\/www.mesvendanges.com\/en\/#website\"},\"primaryImageOfPage\":{\"@id\":\"https:\/\/www.mesvendanges.com\/fr\/boutique\/vins\/ansata-kreydenweiss-dne-marc-2015-75cl\/#primaryimage\"},\"datePublished\":\"2022-08-02T14:36:38+00:00\",\"dateModified\":\"2023-12-05T20:55:17+00:00\",\"breadcrumb\":{\"@id\":\"https:\/\/www.mesvendanges.com\/fr\/boutique\/vins\/ansata-kreydenweiss-dne-marc-2015-75cl\/#breadcrumb\"},\"inLanguage\":\"fr-FR\",\"potentialAction\":[{\"@type\":\"ReadAction\",\"target\":[\"https:\/\/www.mesvendanges.com\/fr\/boutique\/vins\/ansata-kreydenweiss-dne-marc-2015-75cl\/\"]}]},{\"@type\":\"BreadcrumbList\",\"@id\":\"https:\/\/www.mesvendanges.com\/fr\/boutique\/vins\/ansata-kreydenweiss-dne-marc-2015-75cl\/#breadcrumb\",\"itemListElement\":[{\"@type\":\"ListItem\",\"position\":1,\"name\":\"Accueil\",\"item\":\"https:\/\/www.mesvendanges.com\/fr\/\"},{\"@type\":\"ListItem\",\"position\":2,\"name\":\"Boutique\",\"item\":\"https:\/\/www.mesvendanges.com\/fr\/boutique\/\"},{\"@type\":\"ListItem\",\"position\":3,\"name\":\"ANSATA\"}]}]}<\/script>\n<!-- \/ Yoast SEO plugin. -->","yoast_head_json":{"title":"ANSATA - Mes Vendanges","robots":{"index":"index","follow":"follow","max-snippet":"max-snippet:-1","max-image-preview":"max-image-preview:large","max-video-preview":"max-video-preview:-1"},"canonical":"https:\/\/www.mesvendanges.com\/fr\/boutique\/vins\/ansata-kreydenweiss-dne-marc-2015-75cl\/","og_locale":"fr_FR","og_type":"article","og_title":"ANSATA - Mes Vendanges","og_description":"Ansata est un vin de trame, de texture. C&#8217;est un vin droit. La bouche est nette, sans ostentation, avec une belle longueur et beaucoup de fraicheur, une bouche qui appelle la table, une viande charnue et dense. Un vin qui \u00e9volue aussi tr\u00e8s bien sur une dizaine d&#8217;ann\u00e9e, une expression \u00e9l\u00e9gante et pr\u00e9cise des beaux [&hellip;]","og_url":"https:\/\/www.mesvendanges.com\/fr\/boutique\/vins\/ansata-kreydenweiss-dne-marc-2015-75cl\/","og_site_name":"Mes Vendanges","article_modified_time":"2023-12-05T20:55:17+00:00","og_image":[{"width":468,"height":1500,"url":"https:\/\/www.mesvendanges.com\/wp-content\/uploads\/2022\/07\/domaine-kreydenweiss-ansata-vin-de-pays-du-gard-rouge-2015-png.png","type":"image\/png"}],"twitter_card":"summary_large_image","schema":{"@context":"https:\/\/schema.org","@graph":[{"@type":"Organization","@id":"https:\/\/www.mesvendanges.com\/en\/#organization","name":"Mes Vendanges","url":"https:\/\/www.mesvendanges.com\/en\/","sameAs":[],"logo":{"@type":"ImageObject","inLanguage":"fr-FR","@id":"https:\/\/www.mesvendanges.com\/en\/#\/schema\/logo\/image\/","url":"https:\/\/www.mesvendanges.com\/wp-content\/uploads\/2022\/02\/logo-mesvendanges.jpg","contentUrl":"https:\/\/www.mesvendanges.com\/wp-content\/uploads\/2022\/02\/logo-mesvendanges.jpg","width":851,"height":260,"caption":"Mes Vendanges"},"image":{"@id":"https:\/\/www.mesvendanges.com\/en\/#\/schema\/logo\/image\/"}},{"@type":"WebSite","@id":"https:\/\/www.mesvendanges.com\/en\/#website","url":"https:\/\/www.mesvendanges.com\/en\/","name":"Mes Vendanges","description":"Des journ\u00e9es enti\u00e8res dans les vignes","publisher":{"@id":"https:\/\/www.mesvendanges.com\/en\/#organization"},"potentialAction":[{"@type":"SearchAction","target":{"@type":"EntryPoint","urlTemplate":"https:\/\/www.mesvendanges.com\/en\/?s={search_term_string}"},"query-input":"required name=search_term_string"}],"inLanguage":"fr-FR"},{"@type":"ImageObject","inLanguage":"fr-FR","@id":"https:\/\/www.mesvendanges.com\/fr\/boutique\/vins\/ansata-kreydenweiss-dne-marc-2015-75cl\/#primaryimage","url":"https:\/\/www.mesvendanges.com\/wp-content\/uploads\/2022\/07\/domaine-kreydenweiss-ansata-vin-de-pays-du-gard-rouge-2015-png.png","contentUrl":"https:\/\/www.mesvendanges.com\/wp-content\/uploads\/2022\/07\/domaine-kreydenweiss-ansata-vin-de-pays-du-gard-rouge-2015-png.png","width":468,"height":1500},{"@type":"WebPage","@id":"https:\/\/www.mesvendanges.com\/fr\/boutique\/vins\/ansata-kreydenweiss-dne-marc-2015-75cl\/","url":"https:\/\/www.mesvendanges.com\/fr\/boutique\/vins\/ansata-kreydenweiss-dne-marc-2015-75cl\/","name":"ANSATA - Mes Vendanges","isPartOf":{"@id":"https:\/\/www.mesvendanges.com\/en\/#website"},"primaryImageOfPage":{"@id":"https:\/\/www.mesvendanges.com\/fr\/boutique\/vins\/ansata-kreydenweiss-dne-marc-2015-75cl\/#primaryimage"},"datePublished":"2022-08-02T14:36:38+00:00","dateModified":"2023-12-05T20:55:17+00:00","breadcrumb":{"@id":"https:\/\/www.mesvendanges.com\/fr\/boutique\/vins\/ansata-kreydenweiss-dne-marc-2015-75cl\/#breadcrumb"},"inLanguage":"fr-FR","potentialAction":[{"@type":"ReadAction","target":["https:\/\/www.mesvendanges.com\/fr\/boutique\/vins\/ansata-kreydenweiss-dne-marc-2015-75cl\/"]}]},{"@type":"BreadcrumbList","@id":"https:\/\/www.mesvendanges.com\/fr\/boutique\/vins\/ansata-kreydenweiss-dne-marc-2015-75cl\/#breadcrumb","itemListElement":[{"@type":"ListItem","position":1,"name":"Accueil","item":"https:\/\/www.mesvendanges.com\/fr\/"},{"@type":"ListItem","position":2,"name":"Boutique","item":"https:\/\/www.mesvendanges.com\/fr\/boutique\/"},{"@type":"ListItem","position":3,"name":"ANSATA"}]}]}},"_links":{"self":[{"href":"https:\/\/www.mesvendanges.com\/fr\/wp-json\/wp\/v2\/product\/44943"}],"collection":[{"href":"https:\/\/www.mesvendanges.com\/fr\/wp-json\/wp\/v2\/product"}],"about":[{"href":"https:\/\/www.mesvendanges.com\/fr\/wp-json\/wp\/v2\/types\/product"}],"wp:featuredmedia":[{"embeddable":true,"href":"https:\/\/www.mesvendanges.com\/fr\/wp-json\/wp\/v2\/media\/25174"}],"wp:attachment":[{"href":"https:\/\/www.mesvendanges.com\/fr\/wp-json\/wp\/v2\/media?parent=44943"}],"wp:term":[{"taxonomy":"product_cat","embeddable":true,"href":"https:\/\/www.mesvendanges.com\/fr\/wp-json\/wp\/v2\/product_cat?post=44943"},{"taxonomy":"product_tag","embeddable":true,"href":"https:\/\/www.mesvendanges.com\/fr\/wp-json\/wp\/v2\/product_tag?post=44943"}],"curies":[{"name":"wp","href":"https:\/\/api.w.org\/{rel}","templated":true}]}}