{"id":44961,"date":"2022-08-02T16:37:07","date_gmt":"2022-08-02T14:37:07","guid":{"rendered":"https:\/\/www.mesvendanges.com\/shop\/non%20class\u00e9\/verdea-nature\/"},"modified":"2023-12-05T21:54:00","modified_gmt":"2023-12-05T20:54:00","slug":"verdea-nature-kefalinos-dne-2018-75cl","status":"publish","type":"product","link":"https:\/\/www.mesvendanges.com\/fr\/boutique\/vins\/verdea-nature-kefalinos-dne-2018-75cl\/","title":{"rendered":"VERDEA NATURE"},"content":{"rendered":"<p>Ce vin est issu de vieilles vignes de diff\u00e9rents c\u00e9pages autochtones de l&#8217;\u00eele de Zante (Zakintos). Les parcelles sont situ\u00e9es \u00e0 850m d&#8217;altitude sur des sols profonds de calcaire blanc. Le vin est \u00e9lev\u00e9 de mani\u00e8re naturelle pendant 10 mois en barrique (pas de bois neuf). Son expression est \u00e0 la fois florale, expressive, et aussi min\u00e9rale, caillouteuse. En bouche on retrouve cette amplitude, un caract\u00e8re sph\u00e9rique, qui vibre d&#8217;une tensoin caillouteuse, tr\u00e8s calcaire. Une petite merveille d&#8217;\u00e9quilibre.<\/p>\n","protected":false},"excerpt":{"rendered":"<p>Ce vin est issu de vieilles vignes de diff\u00e9rents c\u00e9pages autochtones de l&#8217;\u00eele de Zante (Zakintos). Les parcelles sont situ\u00e9es \u00e0 850m d&#8217;altitude sur des sols profonds de calcaire blanc. Le vin est \u00e9lev\u00e9 de mani\u00e8re naturelle pendant 10 mois en barrique (pas de bois neuf). Son expression est \u00e0 la fois florale, expressive, et [&hellip;]<\/p>\n","protected":false},"featured_media":25198,"template":"","meta":[],"product_cat":[3736],"product_tag":[],"acf":[],"yoast_head":"<!-- This site is optimized with the Yoast SEO plugin v19.3 - https:\/\/yoast.com\/wordpress\/plugins\/seo\/ -->\n<title>VERDEA NATURE - Mes Vendanges<\/title>\n<meta name=\"robots\" content=\"index, follow, max-snippet:-1, max-image-preview:large, max-video-preview:-1\" \/>\n<link rel=\"canonical\" href=\"https:\/\/www.mesvendanges.com\/fr\/boutique\/vins\/verdea-nature-kefalinos-dne-2018-75cl\/\" \/>\n<meta property=\"og:locale\" content=\"fr_FR\" \/>\n<meta property=\"og:type\" content=\"article\" \/>\n<meta property=\"og:title\" content=\"VERDEA NATURE - Mes Vendanges\" \/>\n<meta property=\"og:description\" content=\"Ce vin est issu de vieilles vignes de diff\u00e9rents c\u00e9pages autochtones de l&#8217;\u00eele de Zante (Zakintos). Les parcelles sont situ\u00e9es \u00e0 850m d&#8217;altitude sur des sols profonds de calcaire blanc. Le vin est \u00e9lev\u00e9 de mani\u00e8re naturelle pendant 10 mois en barrique (pas de bois neuf). Son expression est \u00e0 la fois florale, expressive, et [&hellip;]\" \/>\n<meta property=\"og:url\" content=\"https:\/\/www.mesvendanges.com\/fr\/boutique\/vins\/verdea-nature-kefalinos-dne-2018-75cl\/\" \/>\n<meta property=\"og:site_name\" content=\"Mes Vendanges\" \/>\n<meta property=\"article:modified_time\" content=\"2023-12-05T20:54:00+00:00\" \/>\n<meta property=\"og:image\" content=\"https:\/\/www.mesvendanges.com\/wp-content\/uploads\/2022\/07\/domaine-kefalinos-verdea-blanc-2018-grece-png.png\" \/>\n\t<meta property=\"og:image:width\" content=\"422\" \/>\n\t<meta property=\"og:image:height\" content=\"1500\" \/>\n\t<meta property=\"og:image:type\" content=\"image\/png\" \/>\n<meta name=\"twitter:card\" content=\"summary_large_image\" \/>\n<script type=\"application\/ld+json\" class=\"yoast-schema-graph\">{\"@context\":\"https:\/\/schema.org\",\"@graph\":[{\"@type\":\"Organization\",\"@id\":\"https:\/\/www.mesvendanges.com\/en\/#organization\",\"name\":\"Mes Vendanges\",\"url\":\"https:\/\/www.mesvendanges.com\/en\/\",\"sameAs\":[],\"logo\":{\"@type\":\"ImageObject\",\"inLanguage\":\"fr-FR\",\"@id\":\"https:\/\/www.mesvendanges.com\/en\/#\/schema\/logo\/image\/\",\"url\":\"https:\/\/www.mesvendanges.com\/wp-content\/uploads\/2022\/02\/logo-mesvendanges.jpg\",\"contentUrl\":\"https:\/\/www.mesvendanges.com\/wp-content\/uploads\/2022\/02\/logo-mesvendanges.jpg\",\"width\":851,\"height\":260,\"caption\":\"Mes Vendanges\"},\"image\":{\"@id\":\"https:\/\/www.mesvendanges.com\/en\/#\/schema\/logo\/image\/\"}},{\"@type\":\"WebSite\",\"@id\":\"https:\/\/www.mesvendanges.com\/en\/#website\",\"url\":\"https:\/\/www.mesvendanges.com\/en\/\",\"name\":\"Mes Vendanges\",\"description\":\"Des journ\u00e9es enti\u00e8res dans les vignes\",\"publisher\":{\"@id\":\"https:\/\/www.mesvendanges.com\/en\/#organization\"},\"potentialAction\":[{\"@type\":\"SearchAction\",\"target\":{\"@type\":\"EntryPoint\",\"urlTemplate\":\"https:\/\/www.mesvendanges.com\/en\/?s={search_term_string}\"},\"query-input\":\"required name=search_term_string\"}],\"inLanguage\":\"fr-FR\"},{\"@type\":\"ImageObject\",\"inLanguage\":\"fr-FR\",\"@id\":\"https:\/\/www.mesvendanges.com\/fr\/boutique\/vins\/verdea-nature-kefalinos-dne-2018-75cl\/#primaryimage\",\"url\":\"https:\/\/www.mesvendanges.com\/wp-content\/uploads\/2022\/07\/domaine-kefalinos-verdea-blanc-2018-grece-png.png\",\"contentUrl\":\"https:\/\/www.mesvendanges.com\/wp-content\/uploads\/2022\/07\/domaine-kefalinos-verdea-blanc-2018-grece-png.png\",\"width\":422,\"height\":1500},{\"@type\":\"WebPage\",\"@id\":\"https:\/\/www.mesvendanges.com\/fr\/boutique\/vins\/verdea-nature-kefalinos-dne-2018-75cl\/\",\"url\":\"https:\/\/www.mesvendanges.com\/fr\/boutique\/vins\/verdea-nature-kefalinos-dne-2018-75cl\/\",\"name\":\"VERDEA NATURE - Mes Vendanges\",\"isPartOf\":{\"@id\":\"https:\/\/www.mesvendanges.com\/en\/#website\"},\"primaryImageOfPage\":{\"@id\":\"https:\/\/www.mesvendanges.com\/fr\/boutique\/vins\/verdea-nature-kefalinos-dne-2018-75cl\/#primaryimage\"},\"datePublished\":\"2022-08-02T14:37:07+00:00\",\"dateModified\":\"2023-12-05T20:54:00+00:00\",\"breadcrumb\":{\"@id\":\"https:\/\/www.mesvendanges.com\/fr\/boutique\/vins\/verdea-nature-kefalinos-dne-2018-75cl\/#breadcrumb\"},\"inLanguage\":\"fr-FR\",\"potentialAction\":[{\"@type\":\"ReadAction\",\"target\":[\"https:\/\/www.mesvendanges.com\/fr\/boutique\/vins\/verdea-nature-kefalinos-dne-2018-75cl\/\"]}]},{\"@type\":\"BreadcrumbList\",\"@id\":\"https:\/\/www.mesvendanges.com\/fr\/boutique\/vins\/verdea-nature-kefalinos-dne-2018-75cl\/#breadcrumb\",\"itemListElement\":[{\"@type\":\"ListItem\",\"position\":1,\"name\":\"Accueil\",\"item\":\"https:\/\/www.mesvendanges.com\/fr\/\"},{\"@type\":\"ListItem\",\"position\":2,\"name\":\"Boutique\",\"item\":\"https:\/\/www.mesvendanges.com\/fr\/boutique\/\"},{\"@type\":\"ListItem\",\"position\":3,\"name\":\"VERDEA NATURE\"}]}]}<\/script>\n<!-- \/ Yoast SEO plugin. -->","yoast_head_json":{"title":"VERDEA NATURE - Mes Vendanges","robots":{"index":"index","follow":"follow","max-snippet":"max-snippet:-1","max-image-preview":"max-image-preview:large","max-video-preview":"max-video-preview:-1"},"canonical":"https:\/\/www.mesvendanges.com\/fr\/boutique\/vins\/verdea-nature-kefalinos-dne-2018-75cl\/","og_locale":"fr_FR","og_type":"article","og_title":"VERDEA NATURE - Mes Vendanges","og_description":"Ce vin est issu de vieilles vignes de diff\u00e9rents c\u00e9pages autochtones de l&#8217;\u00eele de Zante (Zakintos). Les parcelles sont situ\u00e9es \u00e0 850m d&#8217;altitude sur des sols profonds de calcaire blanc. Le vin est \u00e9lev\u00e9 de mani\u00e8re naturelle pendant 10 mois en barrique (pas de bois neuf). Son expression est \u00e0 la fois florale, expressive, et [&hellip;]","og_url":"https:\/\/www.mesvendanges.com\/fr\/boutique\/vins\/verdea-nature-kefalinos-dne-2018-75cl\/","og_site_name":"Mes Vendanges","article_modified_time":"2023-12-05T20:54:00+00:00","og_image":[{"width":422,"height":1500,"url":"https:\/\/www.mesvendanges.com\/wp-content\/uploads\/2022\/07\/domaine-kefalinos-verdea-blanc-2018-grece-png.png","type":"image\/png"}],"twitter_card":"summary_large_image","schema":{"@context":"https:\/\/schema.org","@graph":[{"@type":"Organization","@id":"https:\/\/www.mesvendanges.com\/en\/#organization","name":"Mes Vendanges","url":"https:\/\/www.mesvendanges.com\/en\/","sameAs":[],"logo":{"@type":"ImageObject","inLanguage":"fr-FR","@id":"https:\/\/www.mesvendanges.com\/en\/#\/schema\/logo\/image\/","url":"https:\/\/www.mesvendanges.com\/wp-content\/uploads\/2022\/02\/logo-mesvendanges.jpg","contentUrl":"https:\/\/www.mesvendanges.com\/wp-content\/uploads\/2022\/02\/logo-mesvendanges.jpg","width":851,"height":260,"caption":"Mes Vendanges"},"image":{"@id":"https:\/\/www.mesvendanges.com\/en\/#\/schema\/logo\/image\/"}},{"@type":"WebSite","@id":"https:\/\/www.mesvendanges.com\/en\/#website","url":"https:\/\/www.mesvendanges.com\/en\/","name":"Mes Vendanges","description":"Des journ\u00e9es enti\u00e8res dans les vignes","publisher":{"@id":"https:\/\/www.mesvendanges.com\/en\/#organization"},"potentialAction":[{"@type":"SearchAction","target":{"@type":"EntryPoint","urlTemplate":"https:\/\/www.mesvendanges.com\/en\/?s={search_term_string}"},"query-input":"required name=search_term_string"}],"inLanguage":"fr-FR"},{"@type":"ImageObject","inLanguage":"fr-FR","@id":"https:\/\/www.mesvendanges.com\/fr\/boutique\/vins\/verdea-nature-kefalinos-dne-2018-75cl\/#primaryimage","url":"https:\/\/www.mesvendanges.com\/wp-content\/uploads\/2022\/07\/domaine-kefalinos-verdea-blanc-2018-grece-png.png","contentUrl":"https:\/\/www.mesvendanges.com\/wp-content\/uploads\/2022\/07\/domaine-kefalinos-verdea-blanc-2018-grece-png.png","width":422,"height":1500},{"@type":"WebPage","@id":"https:\/\/www.mesvendanges.com\/fr\/boutique\/vins\/verdea-nature-kefalinos-dne-2018-75cl\/","url":"https:\/\/www.mesvendanges.com\/fr\/boutique\/vins\/verdea-nature-kefalinos-dne-2018-75cl\/","name":"VERDEA NATURE - Mes Vendanges","isPartOf":{"@id":"https:\/\/www.mesvendanges.com\/en\/#website"},"primaryImageOfPage":{"@id":"https:\/\/www.mesvendanges.com\/fr\/boutique\/vins\/verdea-nature-kefalinos-dne-2018-75cl\/#primaryimage"},"datePublished":"2022-08-02T14:37:07+00:00","dateModified":"2023-12-05T20:54:00+00:00","breadcrumb":{"@id":"https:\/\/www.mesvendanges.com\/fr\/boutique\/vins\/verdea-nature-kefalinos-dne-2018-75cl\/#breadcrumb"},"inLanguage":"fr-FR","potentialAction":[{"@type":"ReadAction","target":["https:\/\/www.mesvendanges.com\/fr\/boutique\/vins\/verdea-nature-kefalinos-dne-2018-75cl\/"]}]},{"@type":"BreadcrumbList","@id":"https:\/\/www.mesvendanges.com\/fr\/boutique\/vins\/verdea-nature-kefalinos-dne-2018-75cl\/#breadcrumb","itemListElement":[{"@type":"ListItem","position":1,"name":"Accueil","item":"https:\/\/www.mesvendanges.com\/fr\/"},{"@type":"ListItem","position":2,"name":"Boutique","item":"https:\/\/www.mesvendanges.com\/fr\/boutique\/"},{"@type":"ListItem","position":3,"name":"VERDEA NATURE"}]}]}},"_links":{"self":[{"href":"https:\/\/www.mesvendanges.com\/fr\/wp-json\/wp\/v2\/product\/44961"}],"collection":[{"href":"https:\/\/www.mesvendanges.com\/fr\/wp-json\/wp\/v2\/product"}],"about":[{"href":"https:\/\/www.mesvendanges.com\/fr\/wp-json\/wp\/v2\/types\/product"}],"wp:featuredmedia":[{"embeddable":true,"href":"https:\/\/www.mesvendanges.com\/fr\/wp-json\/wp\/v2\/media\/25198"}],"wp:attachment":[{"href":"https:\/\/www.mesvendanges.com\/fr\/wp-json\/wp\/v2\/media?parent=44961"}],"wp:term":[{"taxonomy":"product_cat","embeddable":true,"href":"https:\/\/www.mesvendanges.com\/fr\/wp-json\/wp\/v2\/product_cat?post=44961"},{"taxonomy":"product_tag","embeddable":true,"href":"https:\/\/www.mesvendanges.com\/fr\/wp-json\/wp\/v2\/product_tag?post=44961"}],"curies":[{"name":"wp","href":"https:\/\/api.w.org\/{rel}","templated":true}]}}