{"id":44971,"date":"2022-08-02T16:37:26","date_gmt":"2022-08-02T14:37:26","guid":{"rendered":"https:\/\/www.mesvendanges.com\/shop\/non%20class\u00e9\/malagousia-nature\/"},"modified":"2025-12-06T17:16:53","modified_gmt":"2025-12-06T16:16:53","slug":"malagousia-nature-tetramythos-dne-2019-75cl","status":"publish","type":"product","link":"https:\/\/www.mesvendanges.com\/fr\/boutique\/vins\/malagousia-nature-tetramythos-dne-2019-75cl\/","title":{"rendered":"MALAGOUSIA NATURE"},"content":{"rendered":"<p>Le c\u00e9page Malagousia avait pratiquement disparu de Gr\u00e8ce. C&#8217;est seulement depuis quelques ann\u00e9es qu&#8217;il revient sur le devant de la sc\u00e8ne, gr\u00e2ce \u00e0 des domaines comme notamment  Tetramythos. Ce c\u00e9page typique du vignoble hellenique se caract\u00e8rise par sa puissance aromatique, son fort caract\u00e8re et sa bouche de tr\u00e8s belle tenue. Vinifi\u00e9 ici de mani\u00e8re naturelle, avec une mac\u00e9ration pelliculaire puis un \u00e9levage en cuve pendant 8 mois, il pr\u00e9sente une forte personnalit\u00e9 avec une aromatique tr\u00e8s marqu\u00e9es par les herbes sauvages, un floral montagnard (les vignes sont \u00e0 750m d&#8217;altitude). La bouche est dense, savoureuse, avec une forte pr\u00e9sence tactile. Le calcaire coquill\u00e9 du terroir porte la finale, salivante \u00e0 souhait !<\/p>\n","protected":false},"excerpt":{"rendered":"<p>Le c\u00e9page Malagousia avait pratiquement disparu de Gr\u00e8ce. C&#8217;est seulement depuis quelques ann\u00e9es qu&#8217;il revient sur le devant de la sc\u00e8ne, gr\u00e2ce \u00e0 des domaines comme notamment Tetramythos. Ce c\u00e9page typique du vignoble hellenique se caract\u00e8rise par sa puissance aromatique, son fort caract\u00e8re et sa bouche de tr\u00e8s belle tenue. Vinifi\u00e9 ici de mani\u00e8re naturelle, [&hellip;]<\/p>\n","protected":false},"featured_media":87858,"template":"","meta":[],"product_cat":[3736],"product_tag":[],"acf":[],"yoast_head":"<!-- This site is optimized with the Yoast SEO plugin v19.3 - https:\/\/yoast.com\/wordpress\/plugins\/seo\/ -->\n<title>MALAGOUSIA NATURE - Mes Vendanges<\/title>\n<meta name=\"robots\" content=\"index, follow, max-snippet:-1, max-image-preview:large, max-video-preview:-1\" \/>\n<link rel=\"canonical\" href=\"https:\/\/www.mesvendanges.com\/fr\/boutique\/vins\/malagousia-nature-tetramythos-dne-2019-75cl\/\" \/>\n<meta property=\"og:locale\" content=\"fr_FR\" \/>\n<meta property=\"og:type\" content=\"article\" \/>\n<meta property=\"og:title\" content=\"MALAGOUSIA NATURE - Mes Vendanges\" \/>\n<meta property=\"og:description\" content=\"Le c\u00e9page Malagousia avait pratiquement disparu de Gr\u00e8ce. C&#8217;est seulement depuis quelques ann\u00e9es qu&#8217;il revient sur le devant de la sc\u00e8ne, gr\u00e2ce \u00e0 des domaines comme notamment Tetramythos. Ce c\u00e9page typique du vignoble hellenique se caract\u00e8rise par sa puissance aromatique, son fort caract\u00e8re et sa bouche de tr\u00e8s belle tenue. Vinifi\u00e9 ici de mani\u00e8re naturelle, [&hellip;]\" \/>\n<meta property=\"og:url\" content=\"https:\/\/www.mesvendanges.com\/fr\/boutique\/vins\/malagousia-nature-tetramythos-dne-2019-75cl\/\" \/>\n<meta property=\"og:site_name\" content=\"Mes Vendanges\" \/>\n<meta property=\"article:modified_time\" content=\"2025-12-06T16:16:53+00:00\" \/>\n<meta property=\"og:image\" content=\"https:\/\/www.mesvendanges.com\/wp-content\/uploads\/2025\/05\/tetramythos-grece-malagousia-blanc-nature-2019-png.png\" \/>\n\t<meta property=\"og:image:width\" content=\"402\" \/>\n\t<meta property=\"og:image:height\" content=\"1500\" \/>\n\t<meta property=\"og:image:type\" content=\"image\/png\" \/>\n<meta name=\"twitter:card\" content=\"summary_large_image\" \/>\n<meta name=\"twitter:label1\" content=\"Dur\u00e9e de lecture estim\u00e9e\" \/>\n\t<meta name=\"twitter:data1\" content=\"1 minute\" \/>\n<script type=\"application\/ld+json\" class=\"yoast-schema-graph\">{\"@context\":\"https:\/\/schema.org\",\"@graph\":[{\"@type\":\"Organization\",\"@id\":\"https:\/\/www.mesvendanges.com\/en\/#organization\",\"name\":\"Mes Vendanges\",\"url\":\"https:\/\/www.mesvendanges.com\/en\/\",\"sameAs\":[],\"logo\":{\"@type\":\"ImageObject\",\"inLanguage\":\"fr-FR\",\"@id\":\"https:\/\/www.mesvendanges.com\/en\/#\/schema\/logo\/image\/\",\"url\":\"https:\/\/www.mesvendanges.com\/wp-content\/uploads\/2022\/02\/logo-mesvendanges.jpg\",\"contentUrl\":\"https:\/\/www.mesvendanges.com\/wp-content\/uploads\/2022\/02\/logo-mesvendanges.jpg\",\"width\":851,\"height\":260,\"caption\":\"Mes Vendanges\"},\"image\":{\"@id\":\"https:\/\/www.mesvendanges.com\/en\/#\/schema\/logo\/image\/\"}},{\"@type\":\"WebSite\",\"@id\":\"https:\/\/www.mesvendanges.com\/en\/#website\",\"url\":\"https:\/\/www.mesvendanges.com\/en\/\",\"name\":\"Mes Vendanges\",\"description\":\"Des journ\u00e9es enti\u00e8res dans les vignes\",\"publisher\":{\"@id\":\"https:\/\/www.mesvendanges.com\/en\/#organization\"},\"potentialAction\":[{\"@type\":\"SearchAction\",\"target\":{\"@type\":\"EntryPoint\",\"urlTemplate\":\"https:\/\/www.mesvendanges.com\/en\/?s={search_term_string}\"},\"query-input\":\"required name=search_term_string\"}],\"inLanguage\":\"fr-FR\"},{\"@type\":\"ImageObject\",\"inLanguage\":\"fr-FR\",\"@id\":\"https:\/\/www.mesvendanges.com\/fr\/boutique\/vins\/malagousia-nature-tetramythos-dne-2019-75cl\/#primaryimage\",\"url\":\"https:\/\/www.mesvendanges.com\/wp-content\/uploads\/2025\/05\/tetramythos-grece-malagousia-blanc-nature-2019-png.png\",\"contentUrl\":\"https:\/\/www.mesvendanges.com\/wp-content\/uploads\/2025\/05\/tetramythos-grece-malagousia-blanc-nature-2019-png.png\",\"width\":402,\"height\":1500},{\"@type\":\"WebPage\",\"@id\":\"https:\/\/www.mesvendanges.com\/fr\/boutique\/vins\/malagousia-nature-tetramythos-dne-2019-75cl\/\",\"url\":\"https:\/\/www.mesvendanges.com\/fr\/boutique\/vins\/malagousia-nature-tetramythos-dne-2019-75cl\/\",\"name\":\"MALAGOUSIA NATURE - Mes Vendanges\",\"isPartOf\":{\"@id\":\"https:\/\/www.mesvendanges.com\/en\/#website\"},\"primaryImageOfPage\":{\"@id\":\"https:\/\/www.mesvendanges.com\/fr\/boutique\/vins\/malagousia-nature-tetramythos-dne-2019-75cl\/#primaryimage\"},\"datePublished\":\"2022-08-02T14:37:26+00:00\",\"dateModified\":\"2025-12-06T16:16:53+00:00\",\"breadcrumb\":{\"@id\":\"https:\/\/www.mesvendanges.com\/fr\/boutique\/vins\/malagousia-nature-tetramythos-dne-2019-75cl\/#breadcrumb\"},\"inLanguage\":\"fr-FR\",\"potentialAction\":[{\"@type\":\"ReadAction\",\"target\":[\"https:\/\/www.mesvendanges.com\/fr\/boutique\/vins\/malagousia-nature-tetramythos-dne-2019-75cl\/\"]}]},{\"@type\":\"BreadcrumbList\",\"@id\":\"https:\/\/www.mesvendanges.com\/fr\/boutique\/vins\/malagousia-nature-tetramythos-dne-2019-75cl\/#breadcrumb\",\"itemListElement\":[{\"@type\":\"ListItem\",\"position\":1,\"name\":\"Accueil\",\"item\":\"https:\/\/www.mesvendanges.com\/fr\/\"},{\"@type\":\"ListItem\",\"position\":2,\"name\":\"Boutique\",\"item\":\"https:\/\/www.mesvendanges.com\/fr\/boutique\/\"},{\"@type\":\"ListItem\",\"position\":3,\"name\":\"MALAGOUSIA NATURE\"}]}]}<\/script>\n<!-- \/ Yoast SEO plugin. -->","yoast_head_json":{"title":"MALAGOUSIA NATURE - Mes Vendanges","robots":{"index":"index","follow":"follow","max-snippet":"max-snippet:-1","max-image-preview":"max-image-preview:large","max-video-preview":"max-video-preview:-1"},"canonical":"https:\/\/www.mesvendanges.com\/fr\/boutique\/vins\/malagousia-nature-tetramythos-dne-2019-75cl\/","og_locale":"fr_FR","og_type":"article","og_title":"MALAGOUSIA NATURE - Mes Vendanges","og_description":"Le c\u00e9page Malagousia avait pratiquement disparu de Gr\u00e8ce. C&#8217;est seulement depuis quelques ann\u00e9es qu&#8217;il revient sur le devant de la sc\u00e8ne, gr\u00e2ce \u00e0 des domaines comme notamment Tetramythos. Ce c\u00e9page typique du vignoble hellenique se caract\u00e8rise par sa puissance aromatique, son fort caract\u00e8re et sa bouche de tr\u00e8s belle tenue. Vinifi\u00e9 ici de mani\u00e8re naturelle, [&hellip;]","og_url":"https:\/\/www.mesvendanges.com\/fr\/boutique\/vins\/malagousia-nature-tetramythos-dne-2019-75cl\/","og_site_name":"Mes Vendanges","article_modified_time":"2025-12-06T16:16:53+00:00","og_image":[{"width":402,"height":1500,"url":"https:\/\/www.mesvendanges.com\/wp-content\/uploads\/2025\/05\/tetramythos-grece-malagousia-blanc-nature-2019-png.png","type":"image\/png"}],"twitter_card":"summary_large_image","twitter_misc":{"Dur\u00e9e de lecture estim\u00e9e":"1 minute"},"schema":{"@context":"https:\/\/schema.org","@graph":[{"@type":"Organization","@id":"https:\/\/www.mesvendanges.com\/en\/#organization","name":"Mes Vendanges","url":"https:\/\/www.mesvendanges.com\/en\/","sameAs":[],"logo":{"@type":"ImageObject","inLanguage":"fr-FR","@id":"https:\/\/www.mesvendanges.com\/en\/#\/schema\/logo\/image\/","url":"https:\/\/www.mesvendanges.com\/wp-content\/uploads\/2022\/02\/logo-mesvendanges.jpg","contentUrl":"https:\/\/www.mesvendanges.com\/wp-content\/uploads\/2022\/02\/logo-mesvendanges.jpg","width":851,"height":260,"caption":"Mes Vendanges"},"image":{"@id":"https:\/\/www.mesvendanges.com\/en\/#\/schema\/logo\/image\/"}},{"@type":"WebSite","@id":"https:\/\/www.mesvendanges.com\/en\/#website","url":"https:\/\/www.mesvendanges.com\/en\/","name":"Mes Vendanges","description":"Des journ\u00e9es enti\u00e8res dans les vignes","publisher":{"@id":"https:\/\/www.mesvendanges.com\/en\/#organization"},"potentialAction":[{"@type":"SearchAction","target":{"@type":"EntryPoint","urlTemplate":"https:\/\/www.mesvendanges.com\/en\/?s={search_term_string}"},"query-input":"required name=search_term_string"}],"inLanguage":"fr-FR"},{"@type":"ImageObject","inLanguage":"fr-FR","@id":"https:\/\/www.mesvendanges.com\/fr\/boutique\/vins\/malagousia-nature-tetramythos-dne-2019-75cl\/#primaryimage","url":"https:\/\/www.mesvendanges.com\/wp-content\/uploads\/2025\/05\/tetramythos-grece-malagousia-blanc-nature-2019-png.png","contentUrl":"https:\/\/www.mesvendanges.com\/wp-content\/uploads\/2025\/05\/tetramythos-grece-malagousia-blanc-nature-2019-png.png","width":402,"height":1500},{"@type":"WebPage","@id":"https:\/\/www.mesvendanges.com\/fr\/boutique\/vins\/malagousia-nature-tetramythos-dne-2019-75cl\/","url":"https:\/\/www.mesvendanges.com\/fr\/boutique\/vins\/malagousia-nature-tetramythos-dne-2019-75cl\/","name":"MALAGOUSIA NATURE - Mes Vendanges","isPartOf":{"@id":"https:\/\/www.mesvendanges.com\/en\/#website"},"primaryImageOfPage":{"@id":"https:\/\/www.mesvendanges.com\/fr\/boutique\/vins\/malagousia-nature-tetramythos-dne-2019-75cl\/#primaryimage"},"datePublished":"2022-08-02T14:37:26+00:00","dateModified":"2025-12-06T16:16:53+00:00","breadcrumb":{"@id":"https:\/\/www.mesvendanges.com\/fr\/boutique\/vins\/malagousia-nature-tetramythos-dne-2019-75cl\/#breadcrumb"},"inLanguage":"fr-FR","potentialAction":[{"@type":"ReadAction","target":["https:\/\/www.mesvendanges.com\/fr\/boutique\/vins\/malagousia-nature-tetramythos-dne-2019-75cl\/"]}]},{"@type":"BreadcrumbList","@id":"https:\/\/www.mesvendanges.com\/fr\/boutique\/vins\/malagousia-nature-tetramythos-dne-2019-75cl\/#breadcrumb","itemListElement":[{"@type":"ListItem","position":1,"name":"Accueil","item":"https:\/\/www.mesvendanges.com\/fr\/"},{"@type":"ListItem","position":2,"name":"Boutique","item":"https:\/\/www.mesvendanges.com\/fr\/boutique\/"},{"@type":"ListItem","position":3,"name":"MALAGOUSIA NATURE"}]}]}},"_links":{"self":[{"href":"https:\/\/www.mesvendanges.com\/fr\/wp-json\/wp\/v2\/product\/44971"}],"collection":[{"href":"https:\/\/www.mesvendanges.com\/fr\/wp-json\/wp\/v2\/product"}],"about":[{"href":"https:\/\/www.mesvendanges.com\/fr\/wp-json\/wp\/v2\/types\/product"}],"wp:featuredmedia":[{"embeddable":true,"href":"https:\/\/www.mesvendanges.com\/fr\/wp-json\/wp\/v2\/media\/87858"}],"wp:attachment":[{"href":"https:\/\/www.mesvendanges.com\/fr\/wp-json\/wp\/v2\/media?parent=44971"}],"wp:term":[{"taxonomy":"product_cat","embeddable":true,"href":"https:\/\/www.mesvendanges.com\/fr\/wp-json\/wp\/v2\/product_cat?post=44971"},{"taxonomy":"product_tag","embeddable":true,"href":"https:\/\/www.mesvendanges.com\/fr\/wp-json\/wp\/v2\/product_tag?post=44971"}],"curies":[{"name":"wp","href":"https:\/\/api.w.org\/{rel}","templated":true}]}}