{"id":45013,"date":"2022-08-02T16:38:38","date_gmt":"2022-08-02T14:38:38","guid":{"rendered":"https:\/\/www.mesvendanges.com\/shop\/non%20class\u00e9\/saint-agnes-7\/"},"modified":"2023-12-05T17:55:17","modified_gmt":"2023-12-05T16:55:17","slug":"saint-agnes-ermitage-pic-saint-loup-2017-75cl","status":"publish","type":"product","link":"https:\/\/www.mesvendanges.com\/fr\/boutique\/vins\/saint-agnes-ermitage-pic-saint-loup-2017-75cl\/","title":{"rendered":"SAINT-AGNES"},"content":{"rendered":"<p>La couleur est pourpre avec des reflets violac\u00e9s. Le nez laisse appara\u00eetre des notes de garrigue, d\u2019olive noire, de pruneaux, d\u2019\u00e9pices et de tabac. La bouche est ample et \u00e9quilibr\u00e9e, on retrouve les notes de&nbsp;pruneaux, de tabac, de cacao et de grain de caf\u00e9. Belle amplitude en&nbsp;bouche avec des tanins d\u2019une belle finesse. <\/p>\n<p>Typicit\u00e9 du sol : Argilo-calcaire; argile blanche et calcaire dur; Milieu de coteaux<br \/>\nRendements : 30 hl\/h<br \/>\nVinification : M\u00e9thode traditionnelle; Egrappage; Cuvaison : 35 jours<br \/>\nElevage : &nbsp; Foudre et barrique entre 12 et 14 mois<\/p>\n","protected":false},"excerpt":{"rendered":"<p>La couleur est pourpre avec des reflets violac\u00e9s. Le nez laisse appara\u00eetre des notes de garrigue, d\u2019olive noire, de pruneaux, d\u2019\u00e9pices et de tabac. La bouche est ample et \u00e9quilibr\u00e9e, on retrouve les notes de&nbsp;pruneaux, de tabac, de cacao et de grain de caf\u00e9. Belle amplitude en&nbsp;bouche avec des tanins d\u2019une belle finesse. Typicit\u00e9 du [&hellip;]<\/p>\n","protected":false},"featured_media":70253,"template":"","meta":[],"product_cat":[3736],"product_tag":[],"acf":[],"yoast_head":"<!-- This site is optimized with the Yoast SEO plugin v19.3 - https:\/\/yoast.com\/wordpress\/plugins\/seo\/ -->\n<title>SAINT-AGNES - Mes Vendanges<\/title>\n<meta name=\"robots\" content=\"index, follow, max-snippet:-1, max-image-preview:large, max-video-preview:-1\" \/>\n<link rel=\"canonical\" href=\"https:\/\/www.mesvendanges.com\/fr\/boutique\/vins\/saint-agnes-ermitage-pic-saint-loup-2017-75cl\/\" \/>\n<meta property=\"og:locale\" content=\"fr_FR\" \/>\n<meta property=\"og:type\" content=\"article\" \/>\n<meta property=\"og:title\" content=\"SAINT-AGNES - Mes Vendanges\" \/>\n<meta property=\"og:description\" content=\"La couleur est pourpre avec des reflets violac\u00e9s. Le nez laisse appara\u00eetre des notes de garrigue, d\u2019olive noire, de pruneaux, d\u2019\u00e9pices et de tabac. La bouche est ample et \u00e9quilibr\u00e9e, on retrouve les notes de&nbsp;pruneaux, de tabac, de cacao et de grain de caf\u00e9. Belle amplitude en&nbsp;bouche avec des tanins d\u2019une belle finesse. Typicit\u00e9 du [&hellip;]\" \/>\n<meta property=\"og:url\" content=\"https:\/\/www.mesvendanges.com\/fr\/boutique\/vins\/saint-agnes-ermitage-pic-saint-loup-2017-75cl\/\" \/>\n<meta property=\"og:site_name\" content=\"Mes Vendanges\" \/>\n<meta property=\"article:modified_time\" content=\"2023-12-05T16:55:17+00:00\" \/>\n<meta property=\"og:image\" content=\"https:\/\/www.mesvendanges.com\/wp-content\/uploads\/2023\/12\/ermitage-du-pic-saint-loup-cuvee-sainte-agnes-pic-saint-loup-rouge-2017.png\" \/>\n\t<meta property=\"og:image:width\" content=\"461\" \/>\n\t<meta property=\"og:image:height\" content=\"1500\" \/>\n\t<meta property=\"og:image:type\" content=\"image\/png\" \/>\n<meta name=\"twitter:card\" content=\"summary_large_image\" \/>\n<script type=\"application\/ld+json\" class=\"yoast-schema-graph\">{\"@context\":\"https:\/\/schema.org\",\"@graph\":[{\"@type\":\"Organization\",\"@id\":\"https:\/\/www.mesvendanges.com\/en\/#organization\",\"name\":\"Mes Vendanges\",\"url\":\"https:\/\/www.mesvendanges.com\/en\/\",\"sameAs\":[],\"logo\":{\"@type\":\"ImageObject\",\"inLanguage\":\"fr-FR\",\"@id\":\"https:\/\/www.mesvendanges.com\/en\/#\/schema\/logo\/image\/\",\"url\":\"https:\/\/www.mesvendanges.com\/wp-content\/uploads\/2022\/02\/logo-mesvendanges.jpg\",\"contentUrl\":\"https:\/\/www.mesvendanges.com\/wp-content\/uploads\/2022\/02\/logo-mesvendanges.jpg\",\"width\":851,\"height\":260,\"caption\":\"Mes Vendanges\"},\"image\":{\"@id\":\"https:\/\/www.mesvendanges.com\/en\/#\/schema\/logo\/image\/\"}},{\"@type\":\"WebSite\",\"@id\":\"https:\/\/www.mesvendanges.com\/en\/#website\",\"url\":\"https:\/\/www.mesvendanges.com\/en\/\",\"name\":\"Mes Vendanges\",\"description\":\"Des journ\u00e9es enti\u00e8res dans les vignes\",\"publisher\":{\"@id\":\"https:\/\/www.mesvendanges.com\/en\/#organization\"},\"potentialAction\":[{\"@type\":\"SearchAction\",\"target\":{\"@type\":\"EntryPoint\",\"urlTemplate\":\"https:\/\/www.mesvendanges.com\/en\/?s={search_term_string}\"},\"query-input\":\"required name=search_term_string\"}],\"inLanguage\":\"fr-FR\"},{\"@type\":\"ImageObject\",\"inLanguage\":\"fr-FR\",\"@id\":\"https:\/\/www.mesvendanges.com\/fr\/boutique\/vins\/saint-agnes-ermitage-pic-saint-loup-2017-75cl\/#primaryimage\",\"url\":\"https:\/\/www.mesvendanges.com\/wp-content\/uploads\/2023\/12\/ermitage-du-pic-saint-loup-cuvee-sainte-agnes-pic-saint-loup-rouge-2017.png\",\"contentUrl\":\"https:\/\/www.mesvendanges.com\/wp-content\/uploads\/2023\/12\/ermitage-du-pic-saint-loup-cuvee-sainte-agnes-pic-saint-loup-rouge-2017.png\",\"width\":461,\"height\":1500},{\"@type\":\"WebPage\",\"@id\":\"https:\/\/www.mesvendanges.com\/fr\/boutique\/vins\/saint-agnes-ermitage-pic-saint-loup-2017-75cl\/\",\"url\":\"https:\/\/www.mesvendanges.com\/fr\/boutique\/vins\/saint-agnes-ermitage-pic-saint-loup-2017-75cl\/\",\"name\":\"SAINT-AGNES - Mes Vendanges\",\"isPartOf\":{\"@id\":\"https:\/\/www.mesvendanges.com\/en\/#website\"},\"primaryImageOfPage\":{\"@id\":\"https:\/\/www.mesvendanges.com\/fr\/boutique\/vins\/saint-agnes-ermitage-pic-saint-loup-2017-75cl\/#primaryimage\"},\"datePublished\":\"2022-08-02T14:38:38+00:00\",\"dateModified\":\"2023-12-05T16:55:17+00:00\",\"breadcrumb\":{\"@id\":\"https:\/\/www.mesvendanges.com\/fr\/boutique\/vins\/saint-agnes-ermitage-pic-saint-loup-2017-75cl\/#breadcrumb\"},\"inLanguage\":\"fr-FR\",\"potentialAction\":[{\"@type\":\"ReadAction\",\"target\":[\"https:\/\/www.mesvendanges.com\/fr\/boutique\/vins\/saint-agnes-ermitage-pic-saint-loup-2017-75cl\/\"]}]},{\"@type\":\"BreadcrumbList\",\"@id\":\"https:\/\/www.mesvendanges.com\/fr\/boutique\/vins\/saint-agnes-ermitage-pic-saint-loup-2017-75cl\/#breadcrumb\",\"itemListElement\":[{\"@type\":\"ListItem\",\"position\":1,\"name\":\"Accueil\",\"item\":\"https:\/\/www.mesvendanges.com\/fr\/\"},{\"@type\":\"ListItem\",\"position\":2,\"name\":\"Boutique\",\"item\":\"https:\/\/www.mesvendanges.com\/fr\/boutique\/\"},{\"@type\":\"ListItem\",\"position\":3,\"name\":\"SAINT-AGNES\"}]}]}<\/script>\n<!-- \/ Yoast SEO plugin. -->","yoast_head_json":{"title":"SAINT-AGNES - Mes Vendanges","robots":{"index":"index","follow":"follow","max-snippet":"max-snippet:-1","max-image-preview":"max-image-preview:large","max-video-preview":"max-video-preview:-1"},"canonical":"https:\/\/www.mesvendanges.com\/fr\/boutique\/vins\/saint-agnes-ermitage-pic-saint-loup-2017-75cl\/","og_locale":"fr_FR","og_type":"article","og_title":"SAINT-AGNES - Mes Vendanges","og_description":"La couleur est pourpre avec des reflets violac\u00e9s. Le nez laisse appara\u00eetre des notes de garrigue, d\u2019olive noire, de pruneaux, d\u2019\u00e9pices et de tabac. La bouche est ample et \u00e9quilibr\u00e9e, on retrouve les notes de&nbsp;pruneaux, de tabac, de cacao et de grain de caf\u00e9. Belle amplitude en&nbsp;bouche avec des tanins d\u2019une belle finesse. Typicit\u00e9 du [&hellip;]","og_url":"https:\/\/www.mesvendanges.com\/fr\/boutique\/vins\/saint-agnes-ermitage-pic-saint-loup-2017-75cl\/","og_site_name":"Mes Vendanges","article_modified_time":"2023-12-05T16:55:17+00:00","og_image":[{"width":461,"height":1500,"url":"https:\/\/www.mesvendanges.com\/wp-content\/uploads\/2023\/12\/ermitage-du-pic-saint-loup-cuvee-sainte-agnes-pic-saint-loup-rouge-2017.png","type":"image\/png"}],"twitter_card":"summary_large_image","schema":{"@context":"https:\/\/schema.org","@graph":[{"@type":"Organization","@id":"https:\/\/www.mesvendanges.com\/en\/#organization","name":"Mes Vendanges","url":"https:\/\/www.mesvendanges.com\/en\/","sameAs":[],"logo":{"@type":"ImageObject","inLanguage":"fr-FR","@id":"https:\/\/www.mesvendanges.com\/en\/#\/schema\/logo\/image\/","url":"https:\/\/www.mesvendanges.com\/wp-content\/uploads\/2022\/02\/logo-mesvendanges.jpg","contentUrl":"https:\/\/www.mesvendanges.com\/wp-content\/uploads\/2022\/02\/logo-mesvendanges.jpg","width":851,"height":260,"caption":"Mes Vendanges"},"image":{"@id":"https:\/\/www.mesvendanges.com\/en\/#\/schema\/logo\/image\/"}},{"@type":"WebSite","@id":"https:\/\/www.mesvendanges.com\/en\/#website","url":"https:\/\/www.mesvendanges.com\/en\/","name":"Mes Vendanges","description":"Des journ\u00e9es enti\u00e8res dans les vignes","publisher":{"@id":"https:\/\/www.mesvendanges.com\/en\/#organization"},"potentialAction":[{"@type":"SearchAction","target":{"@type":"EntryPoint","urlTemplate":"https:\/\/www.mesvendanges.com\/en\/?s={search_term_string}"},"query-input":"required name=search_term_string"}],"inLanguage":"fr-FR"},{"@type":"ImageObject","inLanguage":"fr-FR","@id":"https:\/\/www.mesvendanges.com\/fr\/boutique\/vins\/saint-agnes-ermitage-pic-saint-loup-2017-75cl\/#primaryimage","url":"https:\/\/www.mesvendanges.com\/wp-content\/uploads\/2023\/12\/ermitage-du-pic-saint-loup-cuvee-sainte-agnes-pic-saint-loup-rouge-2017.png","contentUrl":"https:\/\/www.mesvendanges.com\/wp-content\/uploads\/2023\/12\/ermitage-du-pic-saint-loup-cuvee-sainte-agnes-pic-saint-loup-rouge-2017.png","width":461,"height":1500},{"@type":"WebPage","@id":"https:\/\/www.mesvendanges.com\/fr\/boutique\/vins\/saint-agnes-ermitage-pic-saint-loup-2017-75cl\/","url":"https:\/\/www.mesvendanges.com\/fr\/boutique\/vins\/saint-agnes-ermitage-pic-saint-loup-2017-75cl\/","name":"SAINT-AGNES - Mes Vendanges","isPartOf":{"@id":"https:\/\/www.mesvendanges.com\/en\/#website"},"primaryImageOfPage":{"@id":"https:\/\/www.mesvendanges.com\/fr\/boutique\/vins\/saint-agnes-ermitage-pic-saint-loup-2017-75cl\/#primaryimage"},"datePublished":"2022-08-02T14:38:38+00:00","dateModified":"2023-12-05T16:55:17+00:00","breadcrumb":{"@id":"https:\/\/www.mesvendanges.com\/fr\/boutique\/vins\/saint-agnes-ermitage-pic-saint-loup-2017-75cl\/#breadcrumb"},"inLanguage":"fr-FR","potentialAction":[{"@type":"ReadAction","target":["https:\/\/www.mesvendanges.com\/fr\/boutique\/vins\/saint-agnes-ermitage-pic-saint-loup-2017-75cl\/"]}]},{"@type":"BreadcrumbList","@id":"https:\/\/www.mesvendanges.com\/fr\/boutique\/vins\/saint-agnes-ermitage-pic-saint-loup-2017-75cl\/#breadcrumb","itemListElement":[{"@type":"ListItem","position":1,"name":"Accueil","item":"https:\/\/www.mesvendanges.com\/fr\/"},{"@type":"ListItem","position":2,"name":"Boutique","item":"https:\/\/www.mesvendanges.com\/fr\/boutique\/"},{"@type":"ListItem","position":3,"name":"SAINT-AGNES"}]}]}},"_links":{"self":[{"href":"https:\/\/www.mesvendanges.com\/fr\/wp-json\/wp\/v2\/product\/45013"}],"collection":[{"href":"https:\/\/www.mesvendanges.com\/fr\/wp-json\/wp\/v2\/product"}],"about":[{"href":"https:\/\/www.mesvendanges.com\/fr\/wp-json\/wp\/v2\/types\/product"}],"wp:featuredmedia":[{"embeddable":true,"href":"https:\/\/www.mesvendanges.com\/fr\/wp-json\/wp\/v2\/media\/70253"}],"wp:attachment":[{"href":"https:\/\/www.mesvendanges.com\/fr\/wp-json\/wp\/v2\/media?parent=45013"}],"wp:term":[{"taxonomy":"product_cat","embeddable":true,"href":"https:\/\/www.mesvendanges.com\/fr\/wp-json\/wp\/v2\/product_cat?post=45013"},{"taxonomy":"product_tag","embeddable":true,"href":"https:\/\/www.mesvendanges.com\/fr\/wp-json\/wp\/v2\/product_tag?post=45013"}],"curies":[{"name":"wp","href":"https:\/\/api.w.org\/{rel}","templated":true}]}}