{"id":45019,"date":"2022-08-02T16:38:50","date_gmt":"2022-08-02T14:38:50","guid":{"rendered":"https:\/\/www.mesvendanges.com\/shop\/non%20class\u00e9\/bruocsella-lambic-3-ans-dage-2017-2018\/"},"modified":"2023-12-05T11:16:51","modified_gmt":"2023-12-05T10:16:51","slug":"bruocsella-lambic-3-ans-dage-2017-2018-cantillon-nm-75cl","status":"publish","type":"product","link":"https:\/\/www.mesvendanges.com\/fr\/boutique\/vins\/bruocsella-lambic-3-ans-dage-2017-2018-cantillon-nm-75cl\/","title":{"rendered":"BRUOCSELLA LAMBIC 3 ANS D&#8217;AGE 2017-2018"},"content":{"rendered":"<p>Le Lambic Grand Cru Bruocsella Cantillon, est un lambic m\u00fbri trois ans en f\u00fbts de ch\u00eane et s\u00e9lectionn\u00e9 pour ses qualit\u00e9s exceptionnelles de robe, de bouquet et d&#8217;ar\u00f4me. <\/p>\n<p>Il s&#8217;agit ici d&#8217;un assemblage de 2016 et de 2017<\/p>\n<p>De sa teinte jaune-dor\u00e9, lumineuse, l\u00e9g\u00e8rement ambr\u00e9e, de son ar\u00f4me de pomme et de miel m\u00eal\u00e9s, le Grand Cru Bruocsella tire ses principaux pouvoirs de s\u00e9duction. <\/p>\n<p>Ses qualit\u00e9s gustatives tiennent \u00e0 son caract\u00e8re brut, son acidit\u00e9 douce persque imperceptible. <\/p>\n<p>Sa longue conservation conf\u00e8re \u00e0 son bouquet de fines nuances de pain grill\u00e9 qui l&#8217;apparente, selon certains, au c\u00e9page blanc bourguignon &#8220;Chardonnay&#8221;. <\/p>\n<p>Il rehausse de ses subtilit\u00e9s tous les plats \u00e9tuv\u00e9s, souligne discr\u00e8tement le go\u00fbt du poisson et des crustac\u00e9s, soutient de sa robustesse les charcuteries les plus parfum\u00e9es. Il est fabuleux en contrepoint de la choucroute. <\/p>\n<p>Cette bi\u00e8re est unique au monde. Sa fermentation est spontan\u00e9e, sans adjonction de levure et r\u00e9sulte de l&#8217;action de micro-organismes. <\/p>\n<p>Apr\u00e8s avoir vieilli trois ans en f\u00fbts de ch\u00eane, son vineux, sa finesse et ses ar\u00f4mes nous font oublier que le Grand Cru Bruocsella Cantillon fait partie du monde de la bi\u00e8re. Ce vieux lambic est embouteill\u00e9 tel quel, sans adjuvant. <\/p>\n<p>Le Grand Cru Bruocsella Cantillon est une bi\u00e8re de tr\u00e8s longue conservation au go\u00fbt \u00e9volutif. Nous conseillons de d\u00e9guster ce vieux Lambic dans des verres \u00e0 vin (type d\u00e9gustation)<\/p>\n","protected":false},"excerpt":{"rendered":"<p>Le Lambic Grand Cru Bruocsella Cantillon, est un lambic m\u00fbri trois ans en f\u00fbts de ch\u00eane et s\u00e9lectionn\u00e9 pour ses qualit\u00e9s exceptionnelles de robe, de bouquet et d&#8217;ar\u00f4me. Il s&#8217;agit ici d&#8217;un assemblage de 2016 et de 2017 De sa teinte jaune-dor\u00e9, lumineuse, l\u00e9g\u00e8rement ambr\u00e9e, de son ar\u00f4me de pomme et de miel m\u00eal\u00e9s, le [&hellip;]<\/p>\n","protected":false},"featured_media":0,"template":"","meta":[],"product_cat":[3736],"product_tag":[],"acf":[],"yoast_head":"<!-- This site is optimized with the Yoast SEO plugin v19.3 - https:\/\/yoast.com\/wordpress\/plugins\/seo\/ -->\n<title>BRUOCSELLA LAMBIC 3 ANS D&#039;AGE 2017-2018 - Mes Vendanges<\/title>\n<meta name=\"robots\" content=\"index, follow, max-snippet:-1, max-image-preview:large, max-video-preview:-1\" \/>\n<link rel=\"canonical\" href=\"https:\/\/www.mesvendanges.com\/fr\/boutique\/vins\/bruocsella-lambic-3-ans-dage-2017-2018-cantillon-nm-75cl\/\" \/>\n<meta property=\"og:locale\" content=\"fr_FR\" \/>\n<meta property=\"og:type\" content=\"article\" \/>\n<meta property=\"og:title\" content=\"BRUOCSELLA LAMBIC 3 ANS D&#039;AGE 2017-2018 - Mes Vendanges\" \/>\n<meta property=\"og:description\" content=\"Le Lambic Grand Cru Bruocsella Cantillon, est un lambic m\u00fbri trois ans en f\u00fbts de ch\u00eane et s\u00e9lectionn\u00e9 pour ses qualit\u00e9s exceptionnelles de robe, de bouquet et d&#8217;ar\u00f4me. Il s&#8217;agit ici d&#8217;un assemblage de 2016 et de 2017 De sa teinte jaune-dor\u00e9, lumineuse, l\u00e9g\u00e8rement ambr\u00e9e, de son ar\u00f4me de pomme et de miel m\u00eal\u00e9s, le [&hellip;]\" \/>\n<meta property=\"og:url\" content=\"https:\/\/www.mesvendanges.com\/fr\/boutique\/vins\/bruocsella-lambic-3-ans-dage-2017-2018-cantillon-nm-75cl\/\" \/>\n<meta property=\"og:site_name\" content=\"Mes Vendanges\" \/>\n<meta property=\"article:modified_time\" content=\"2023-12-05T10:16:51+00:00\" \/>\n<meta name=\"twitter:card\" content=\"summary_large_image\" \/>\n<meta name=\"twitter:label1\" content=\"Dur\u00e9e de lecture estim\u00e9e\" \/>\n\t<meta name=\"twitter:data1\" content=\"1 minute\" \/>\n<script type=\"application\/ld+json\" class=\"yoast-schema-graph\">{\"@context\":\"https:\/\/schema.org\",\"@graph\":[{\"@type\":\"Organization\",\"@id\":\"https:\/\/www.mesvendanges.com\/en\/#organization\",\"name\":\"Mes Vendanges\",\"url\":\"https:\/\/www.mesvendanges.com\/en\/\",\"sameAs\":[],\"logo\":{\"@type\":\"ImageObject\",\"inLanguage\":\"fr-FR\",\"@id\":\"https:\/\/www.mesvendanges.com\/en\/#\/schema\/logo\/image\/\",\"url\":\"https:\/\/www.mesvendanges.com\/wp-content\/uploads\/2022\/02\/logo-mesvendanges.jpg\",\"contentUrl\":\"https:\/\/www.mesvendanges.com\/wp-content\/uploads\/2022\/02\/logo-mesvendanges.jpg\",\"width\":851,\"height\":260,\"caption\":\"Mes Vendanges\"},\"image\":{\"@id\":\"https:\/\/www.mesvendanges.com\/en\/#\/schema\/logo\/image\/\"}},{\"@type\":\"WebSite\",\"@id\":\"https:\/\/www.mesvendanges.com\/en\/#website\",\"url\":\"https:\/\/www.mesvendanges.com\/en\/\",\"name\":\"Mes Vendanges\",\"description\":\"Des journ\u00e9es enti\u00e8res dans les vignes\",\"publisher\":{\"@id\":\"https:\/\/www.mesvendanges.com\/en\/#organization\"},\"potentialAction\":[{\"@type\":\"SearchAction\",\"target\":{\"@type\":\"EntryPoint\",\"urlTemplate\":\"https:\/\/www.mesvendanges.com\/en\/?s={search_term_string}\"},\"query-input\":\"required name=search_term_string\"}],\"inLanguage\":\"fr-FR\"},{\"@type\":\"WebPage\",\"@id\":\"https:\/\/www.mesvendanges.com\/fr\/boutique\/vins\/bruocsella-lambic-3-ans-dage-2017-2018-cantillon-nm-75cl\/\",\"url\":\"https:\/\/www.mesvendanges.com\/fr\/boutique\/vins\/bruocsella-lambic-3-ans-dage-2017-2018-cantillon-nm-75cl\/\",\"name\":\"BRUOCSELLA LAMBIC 3 ANS D'AGE 2017-2018 - Mes Vendanges\",\"isPartOf\":{\"@id\":\"https:\/\/www.mesvendanges.com\/en\/#website\"},\"datePublished\":\"2022-08-02T14:38:50+00:00\",\"dateModified\":\"2023-12-05T10:16:51+00:00\",\"breadcrumb\":{\"@id\":\"https:\/\/www.mesvendanges.com\/fr\/boutique\/vins\/bruocsella-lambic-3-ans-dage-2017-2018-cantillon-nm-75cl\/#breadcrumb\"},\"inLanguage\":\"fr-FR\",\"potentialAction\":[{\"@type\":\"ReadAction\",\"target\":[\"https:\/\/www.mesvendanges.com\/fr\/boutique\/vins\/bruocsella-lambic-3-ans-dage-2017-2018-cantillon-nm-75cl\/\"]}]},{\"@type\":\"BreadcrumbList\",\"@id\":\"https:\/\/www.mesvendanges.com\/fr\/boutique\/vins\/bruocsella-lambic-3-ans-dage-2017-2018-cantillon-nm-75cl\/#breadcrumb\",\"itemListElement\":[{\"@type\":\"ListItem\",\"position\":1,\"name\":\"Accueil\",\"item\":\"https:\/\/www.mesvendanges.com\/fr\/\"},{\"@type\":\"ListItem\",\"position\":2,\"name\":\"Boutique\",\"item\":\"https:\/\/www.mesvendanges.com\/fr\/boutique\/\"},{\"@type\":\"ListItem\",\"position\":3,\"name\":\"BRUOCSELLA LAMBIC 3 ANS D&#8217;AGE 2017-2018\"}]}]}<\/script>\n<!-- \/ Yoast SEO plugin. -->","yoast_head_json":{"title":"BRUOCSELLA LAMBIC 3 ANS D'AGE 2017-2018 - Mes Vendanges","robots":{"index":"index","follow":"follow","max-snippet":"max-snippet:-1","max-image-preview":"max-image-preview:large","max-video-preview":"max-video-preview:-1"},"canonical":"https:\/\/www.mesvendanges.com\/fr\/boutique\/vins\/bruocsella-lambic-3-ans-dage-2017-2018-cantillon-nm-75cl\/","og_locale":"fr_FR","og_type":"article","og_title":"BRUOCSELLA LAMBIC 3 ANS D'AGE 2017-2018 - Mes Vendanges","og_description":"Le Lambic Grand Cru Bruocsella Cantillon, est un lambic m\u00fbri trois ans en f\u00fbts de ch\u00eane et s\u00e9lectionn\u00e9 pour ses qualit\u00e9s exceptionnelles de robe, de bouquet et d&#8217;ar\u00f4me. Il s&#8217;agit ici d&#8217;un assemblage de 2016 et de 2017 De sa teinte jaune-dor\u00e9, lumineuse, l\u00e9g\u00e8rement ambr\u00e9e, de son ar\u00f4me de pomme et de miel m\u00eal\u00e9s, le [&hellip;]","og_url":"https:\/\/www.mesvendanges.com\/fr\/boutique\/vins\/bruocsella-lambic-3-ans-dage-2017-2018-cantillon-nm-75cl\/","og_site_name":"Mes Vendanges","article_modified_time":"2023-12-05T10:16:51+00:00","twitter_card":"summary_large_image","twitter_misc":{"Dur\u00e9e de lecture estim\u00e9e":"1 minute"},"schema":{"@context":"https:\/\/schema.org","@graph":[{"@type":"Organization","@id":"https:\/\/www.mesvendanges.com\/en\/#organization","name":"Mes Vendanges","url":"https:\/\/www.mesvendanges.com\/en\/","sameAs":[],"logo":{"@type":"ImageObject","inLanguage":"fr-FR","@id":"https:\/\/www.mesvendanges.com\/en\/#\/schema\/logo\/image\/","url":"https:\/\/www.mesvendanges.com\/wp-content\/uploads\/2022\/02\/logo-mesvendanges.jpg","contentUrl":"https:\/\/www.mesvendanges.com\/wp-content\/uploads\/2022\/02\/logo-mesvendanges.jpg","width":851,"height":260,"caption":"Mes Vendanges"},"image":{"@id":"https:\/\/www.mesvendanges.com\/en\/#\/schema\/logo\/image\/"}},{"@type":"WebSite","@id":"https:\/\/www.mesvendanges.com\/en\/#website","url":"https:\/\/www.mesvendanges.com\/en\/","name":"Mes Vendanges","description":"Des journ\u00e9es enti\u00e8res dans les vignes","publisher":{"@id":"https:\/\/www.mesvendanges.com\/en\/#organization"},"potentialAction":[{"@type":"SearchAction","target":{"@type":"EntryPoint","urlTemplate":"https:\/\/www.mesvendanges.com\/en\/?s={search_term_string}"},"query-input":"required name=search_term_string"}],"inLanguage":"fr-FR"},{"@type":"WebPage","@id":"https:\/\/www.mesvendanges.com\/fr\/boutique\/vins\/bruocsella-lambic-3-ans-dage-2017-2018-cantillon-nm-75cl\/","url":"https:\/\/www.mesvendanges.com\/fr\/boutique\/vins\/bruocsella-lambic-3-ans-dage-2017-2018-cantillon-nm-75cl\/","name":"BRUOCSELLA LAMBIC 3 ANS D'AGE 2017-2018 - Mes Vendanges","isPartOf":{"@id":"https:\/\/www.mesvendanges.com\/en\/#website"},"datePublished":"2022-08-02T14:38:50+00:00","dateModified":"2023-12-05T10:16:51+00:00","breadcrumb":{"@id":"https:\/\/www.mesvendanges.com\/fr\/boutique\/vins\/bruocsella-lambic-3-ans-dage-2017-2018-cantillon-nm-75cl\/#breadcrumb"},"inLanguage":"fr-FR","potentialAction":[{"@type":"ReadAction","target":["https:\/\/www.mesvendanges.com\/fr\/boutique\/vins\/bruocsella-lambic-3-ans-dage-2017-2018-cantillon-nm-75cl\/"]}]},{"@type":"BreadcrumbList","@id":"https:\/\/www.mesvendanges.com\/fr\/boutique\/vins\/bruocsella-lambic-3-ans-dage-2017-2018-cantillon-nm-75cl\/#breadcrumb","itemListElement":[{"@type":"ListItem","position":1,"name":"Accueil","item":"https:\/\/www.mesvendanges.com\/fr\/"},{"@type":"ListItem","position":2,"name":"Boutique","item":"https:\/\/www.mesvendanges.com\/fr\/boutique\/"},{"@type":"ListItem","position":3,"name":"BRUOCSELLA LAMBIC 3 ANS D&#8217;AGE 2017-2018"}]}]}},"_links":{"self":[{"href":"https:\/\/www.mesvendanges.com\/fr\/wp-json\/wp\/v2\/product\/45019"}],"collection":[{"href":"https:\/\/www.mesvendanges.com\/fr\/wp-json\/wp\/v2\/product"}],"about":[{"href":"https:\/\/www.mesvendanges.com\/fr\/wp-json\/wp\/v2\/types\/product"}],"wp:attachment":[{"href":"https:\/\/www.mesvendanges.com\/fr\/wp-json\/wp\/v2\/media?parent=45019"}],"wp:term":[{"taxonomy":"product_cat","embeddable":true,"href":"https:\/\/www.mesvendanges.com\/fr\/wp-json\/wp\/v2\/product_cat?post=45019"},{"taxonomy":"product_tag","embeddable":true,"href":"https:\/\/www.mesvendanges.com\/fr\/wp-json\/wp\/v2\/product_tag?post=45019"}],"curies":[{"name":"wp","href":"https:\/\/api.w.org\/{rel}","templated":true}]}}