{"id":45559,"date":"2022-08-02T16:54:34","date_gmt":"2022-08-02T14:54:34","guid":{"rendered":"https:\/\/www.mesvendanges.com\/shop\/non%20class\u00e9\/domaine-des-lises-9\/"},"modified":"2026-03-24T13:26:34","modified_gmt":"2026-03-24T12:26:34","slug":"domaine-des-lises-alain-graillot-2018-75cl","status":"publish","type":"product","link":"https:\/\/www.mesvendanges.com\/fr\/boutique\/vins\/domaine-des-lises-alain-graillot-2018-75cl\/","title":{"rendered":"DOMAINE DES LISES"},"content":{"rendered":"<p>Le Domaine des Lises est un crozes-hermitage \u00e9labor\u00e9 par Maxime Graillot, le fils d&#8217;Alain Graillot. Si Maxime travaille les vignes des deux domaines de la m\u00eame mani\u00e8re, il a choisi pour le Domaine des Lises, \u00e0 la diff\u00e9rence du domaine Alain Graillot, d&#8217;\u00e9grapper totalement la vendange. Le r\u00e9sultat est bien entendu totalement diff\u00e9rent, avec un vin plus a\u00e9rien, plus floral et f\u00e9minin, un vin aussi plus pr\u00e8s \u00e0 boire dans sa jeunesse. En tout cas un vin d&#8217;une belle tension, digeste, \u00e0 la finale fraiche et pr\u00e9cise!<\/p>\n","protected":false},"excerpt":{"rendered":"<p>Le Domaine des Lises est un crozes-hermitage \u00e9labor\u00e9 par Maxime Graillot, le fils d&#8217;Alain Graillot. Si Maxime travaille les vignes des deux domaines de la m\u00eame mani\u00e8re, il a choisi pour le Domaine des Lises, \u00e0 la diff\u00e9rence du domaine Alain Graillot, d&#8217;\u00e9grapper totalement la vendange. Le r\u00e9sultat est bien entendu totalement diff\u00e9rent, avec un [&hellip;]<\/p>\n","protected":false},"featured_media":45557,"template":"","meta":[],"product_cat":[3736],"product_tag":[],"acf":[],"yoast_head":"<!-- This site is optimized with the Yoast SEO plugin v19.3 - https:\/\/yoast.com\/wordpress\/plugins\/seo\/ -->\n<title>DOMAINE DES LISES - Mes Vendanges<\/title>\n<meta name=\"robots\" content=\"index, follow, max-snippet:-1, max-image-preview:large, max-video-preview:-1\" \/>\n<link rel=\"canonical\" href=\"https:\/\/www.mesvendanges.com\/fr\/boutique\/vins\/domaine-des-lises-alain-graillot-2018-75cl\/\" \/>\n<meta property=\"og:locale\" content=\"fr_FR\" \/>\n<meta property=\"og:type\" content=\"article\" \/>\n<meta property=\"og:title\" content=\"DOMAINE DES LISES - Mes Vendanges\" \/>\n<meta property=\"og:description\" content=\"Le Domaine des Lises est un crozes-hermitage \u00e9labor\u00e9 par Maxime Graillot, le fils d&#8217;Alain Graillot. Si Maxime travaille les vignes des deux domaines de la m\u00eame mani\u00e8re, il a choisi pour le Domaine des Lises, \u00e0 la diff\u00e9rence du domaine Alain Graillot, d&#8217;\u00e9grapper totalement la vendange. Le r\u00e9sultat est bien entendu totalement diff\u00e9rent, avec un [&hellip;]\" \/>\n<meta property=\"og:url\" content=\"https:\/\/www.mesvendanges.com\/fr\/boutique\/vins\/domaine-des-lises-alain-graillot-2018-75cl\/\" \/>\n<meta property=\"og:site_name\" content=\"Mes Vendanges\" \/>\n<meta property=\"article:modified_time\" content=\"2026-03-24T12:26:34+00:00\" \/>\n<meta property=\"og:image\" content=\"https:\/\/www.mesvendanges.com\/wp-content\/uploads\/2022\/08\/graillot-dne-alain-domaine-des-lises-crozes-hermitage-2018-75cl-rouge-png.png\" \/>\n\t<meta property=\"og:image:width\" content=\"409\" \/>\n\t<meta property=\"og:image:height\" content=\"1500\" \/>\n\t<meta property=\"og:image:type\" content=\"image\/png\" \/>\n<meta name=\"twitter:card\" content=\"summary_large_image\" \/>\n<script type=\"application\/ld+json\" class=\"yoast-schema-graph\">{\"@context\":\"https:\/\/schema.org\",\"@graph\":[{\"@type\":\"Organization\",\"@id\":\"https:\/\/www.mesvendanges.com\/en\/#organization\",\"name\":\"Mes Vendanges\",\"url\":\"https:\/\/www.mesvendanges.com\/en\/\",\"sameAs\":[],\"logo\":{\"@type\":\"ImageObject\",\"inLanguage\":\"fr-FR\",\"@id\":\"https:\/\/www.mesvendanges.com\/en\/#\/schema\/logo\/image\/\",\"url\":\"https:\/\/www.mesvendanges.com\/wp-content\/uploads\/2022\/02\/logo-mesvendanges.jpg\",\"contentUrl\":\"https:\/\/www.mesvendanges.com\/wp-content\/uploads\/2022\/02\/logo-mesvendanges.jpg\",\"width\":851,\"height\":260,\"caption\":\"Mes Vendanges\"},\"image\":{\"@id\":\"https:\/\/www.mesvendanges.com\/en\/#\/schema\/logo\/image\/\"}},{\"@type\":\"WebSite\",\"@id\":\"https:\/\/www.mesvendanges.com\/en\/#website\",\"url\":\"https:\/\/www.mesvendanges.com\/en\/\",\"name\":\"Mes Vendanges\",\"description\":\"Des journ\u00e9es enti\u00e8res dans les vignes\",\"publisher\":{\"@id\":\"https:\/\/www.mesvendanges.com\/en\/#organization\"},\"potentialAction\":[{\"@type\":\"SearchAction\",\"target\":{\"@type\":\"EntryPoint\",\"urlTemplate\":\"https:\/\/www.mesvendanges.com\/en\/?s={search_term_string}\"},\"query-input\":\"required name=search_term_string\"}],\"inLanguage\":\"fr-FR\"},{\"@type\":\"ImageObject\",\"inLanguage\":\"fr-FR\",\"@id\":\"https:\/\/www.mesvendanges.com\/fr\/boutique\/vins\/domaine-des-lises-alain-graillot-2018-75cl\/#primaryimage\",\"url\":\"https:\/\/www.mesvendanges.com\/wp-content\/uploads\/2022\/08\/graillot-dne-alain-domaine-des-lises-crozes-hermitage-2018-75cl-rouge-png.png\",\"contentUrl\":\"https:\/\/www.mesvendanges.com\/wp-content\/uploads\/2022\/08\/graillot-dne-alain-domaine-des-lises-crozes-hermitage-2018-75cl-rouge-png.png\",\"width\":409,\"height\":1500},{\"@type\":\"WebPage\",\"@id\":\"https:\/\/www.mesvendanges.com\/fr\/boutique\/vins\/domaine-des-lises-alain-graillot-2018-75cl\/\",\"url\":\"https:\/\/www.mesvendanges.com\/fr\/boutique\/vins\/domaine-des-lises-alain-graillot-2018-75cl\/\",\"name\":\"DOMAINE DES LISES - Mes Vendanges\",\"isPartOf\":{\"@id\":\"https:\/\/www.mesvendanges.com\/en\/#website\"},\"primaryImageOfPage\":{\"@id\":\"https:\/\/www.mesvendanges.com\/fr\/boutique\/vins\/domaine-des-lises-alain-graillot-2018-75cl\/#primaryimage\"},\"datePublished\":\"2022-08-02T14:54:34+00:00\",\"dateModified\":\"2026-03-24T12:26:34+00:00\",\"breadcrumb\":{\"@id\":\"https:\/\/www.mesvendanges.com\/fr\/boutique\/vins\/domaine-des-lises-alain-graillot-2018-75cl\/#breadcrumb\"},\"inLanguage\":\"fr-FR\",\"potentialAction\":[{\"@type\":\"ReadAction\",\"target\":[\"https:\/\/www.mesvendanges.com\/fr\/boutique\/vins\/domaine-des-lises-alain-graillot-2018-75cl\/\"]}]},{\"@type\":\"BreadcrumbList\",\"@id\":\"https:\/\/www.mesvendanges.com\/fr\/boutique\/vins\/domaine-des-lises-alain-graillot-2018-75cl\/#breadcrumb\",\"itemListElement\":[{\"@type\":\"ListItem\",\"position\":1,\"name\":\"Accueil\",\"item\":\"https:\/\/www.mesvendanges.com\/fr\/\"},{\"@type\":\"ListItem\",\"position\":2,\"name\":\"Boutique\",\"item\":\"https:\/\/www.mesvendanges.com\/fr\/boutique\/\"},{\"@type\":\"ListItem\",\"position\":3,\"name\":\"DOMAINE DES LISES\"}]}]}<\/script>\n<!-- \/ Yoast SEO plugin. -->","yoast_head_json":{"title":"DOMAINE DES LISES - Mes Vendanges","robots":{"index":"index","follow":"follow","max-snippet":"max-snippet:-1","max-image-preview":"max-image-preview:large","max-video-preview":"max-video-preview:-1"},"canonical":"https:\/\/www.mesvendanges.com\/fr\/boutique\/vins\/domaine-des-lises-alain-graillot-2018-75cl\/","og_locale":"fr_FR","og_type":"article","og_title":"DOMAINE DES LISES - Mes Vendanges","og_description":"Le Domaine des Lises est un crozes-hermitage \u00e9labor\u00e9 par Maxime Graillot, le fils d&#8217;Alain Graillot. Si Maxime travaille les vignes des deux domaines de la m\u00eame mani\u00e8re, il a choisi pour le Domaine des Lises, \u00e0 la diff\u00e9rence du domaine Alain Graillot, d&#8217;\u00e9grapper totalement la vendange. Le r\u00e9sultat est bien entendu totalement diff\u00e9rent, avec un [&hellip;]","og_url":"https:\/\/www.mesvendanges.com\/fr\/boutique\/vins\/domaine-des-lises-alain-graillot-2018-75cl\/","og_site_name":"Mes Vendanges","article_modified_time":"2026-03-24T12:26:34+00:00","og_image":[{"width":409,"height":1500,"url":"https:\/\/www.mesvendanges.com\/wp-content\/uploads\/2022\/08\/graillot-dne-alain-domaine-des-lises-crozes-hermitage-2018-75cl-rouge-png.png","type":"image\/png"}],"twitter_card":"summary_large_image","schema":{"@context":"https:\/\/schema.org","@graph":[{"@type":"Organization","@id":"https:\/\/www.mesvendanges.com\/en\/#organization","name":"Mes Vendanges","url":"https:\/\/www.mesvendanges.com\/en\/","sameAs":[],"logo":{"@type":"ImageObject","inLanguage":"fr-FR","@id":"https:\/\/www.mesvendanges.com\/en\/#\/schema\/logo\/image\/","url":"https:\/\/www.mesvendanges.com\/wp-content\/uploads\/2022\/02\/logo-mesvendanges.jpg","contentUrl":"https:\/\/www.mesvendanges.com\/wp-content\/uploads\/2022\/02\/logo-mesvendanges.jpg","width":851,"height":260,"caption":"Mes Vendanges"},"image":{"@id":"https:\/\/www.mesvendanges.com\/en\/#\/schema\/logo\/image\/"}},{"@type":"WebSite","@id":"https:\/\/www.mesvendanges.com\/en\/#website","url":"https:\/\/www.mesvendanges.com\/en\/","name":"Mes Vendanges","description":"Des journ\u00e9es enti\u00e8res dans les vignes","publisher":{"@id":"https:\/\/www.mesvendanges.com\/en\/#organization"},"potentialAction":[{"@type":"SearchAction","target":{"@type":"EntryPoint","urlTemplate":"https:\/\/www.mesvendanges.com\/en\/?s={search_term_string}"},"query-input":"required name=search_term_string"}],"inLanguage":"fr-FR"},{"@type":"ImageObject","inLanguage":"fr-FR","@id":"https:\/\/www.mesvendanges.com\/fr\/boutique\/vins\/domaine-des-lises-alain-graillot-2018-75cl\/#primaryimage","url":"https:\/\/www.mesvendanges.com\/wp-content\/uploads\/2022\/08\/graillot-dne-alain-domaine-des-lises-crozes-hermitage-2018-75cl-rouge-png.png","contentUrl":"https:\/\/www.mesvendanges.com\/wp-content\/uploads\/2022\/08\/graillot-dne-alain-domaine-des-lises-crozes-hermitage-2018-75cl-rouge-png.png","width":409,"height":1500},{"@type":"WebPage","@id":"https:\/\/www.mesvendanges.com\/fr\/boutique\/vins\/domaine-des-lises-alain-graillot-2018-75cl\/","url":"https:\/\/www.mesvendanges.com\/fr\/boutique\/vins\/domaine-des-lises-alain-graillot-2018-75cl\/","name":"DOMAINE DES LISES - Mes Vendanges","isPartOf":{"@id":"https:\/\/www.mesvendanges.com\/en\/#website"},"primaryImageOfPage":{"@id":"https:\/\/www.mesvendanges.com\/fr\/boutique\/vins\/domaine-des-lises-alain-graillot-2018-75cl\/#primaryimage"},"datePublished":"2022-08-02T14:54:34+00:00","dateModified":"2026-03-24T12:26:34+00:00","breadcrumb":{"@id":"https:\/\/www.mesvendanges.com\/fr\/boutique\/vins\/domaine-des-lises-alain-graillot-2018-75cl\/#breadcrumb"},"inLanguage":"fr-FR","potentialAction":[{"@type":"ReadAction","target":["https:\/\/www.mesvendanges.com\/fr\/boutique\/vins\/domaine-des-lises-alain-graillot-2018-75cl\/"]}]},{"@type":"BreadcrumbList","@id":"https:\/\/www.mesvendanges.com\/fr\/boutique\/vins\/domaine-des-lises-alain-graillot-2018-75cl\/#breadcrumb","itemListElement":[{"@type":"ListItem","position":1,"name":"Accueil","item":"https:\/\/www.mesvendanges.com\/fr\/"},{"@type":"ListItem","position":2,"name":"Boutique","item":"https:\/\/www.mesvendanges.com\/fr\/boutique\/"},{"@type":"ListItem","position":3,"name":"DOMAINE DES LISES"}]}]}},"_links":{"self":[{"href":"https:\/\/www.mesvendanges.com\/fr\/wp-json\/wp\/v2\/product\/45559"}],"collection":[{"href":"https:\/\/www.mesvendanges.com\/fr\/wp-json\/wp\/v2\/product"}],"about":[{"href":"https:\/\/www.mesvendanges.com\/fr\/wp-json\/wp\/v2\/types\/product"}],"wp:featuredmedia":[{"embeddable":true,"href":"https:\/\/www.mesvendanges.com\/fr\/wp-json\/wp\/v2\/media\/45557"}],"wp:attachment":[{"href":"https:\/\/www.mesvendanges.com\/fr\/wp-json\/wp\/v2\/media?parent=45559"}],"wp:term":[{"taxonomy":"product_cat","embeddable":true,"href":"https:\/\/www.mesvendanges.com\/fr\/wp-json\/wp\/v2\/product_cat?post=45559"},{"taxonomy":"product_tag","embeddable":true,"href":"https:\/\/www.mesvendanges.com\/fr\/wp-json\/wp\/v2\/product_tag?post=45559"}],"curies":[{"name":"wp","href":"https:\/\/api.w.org\/{rel}","templated":true}]}}